{"id":82191,"date":"2024-01-18T10:45:16","date_gmt":"2024-01-18T08:45:16","guid":{"rendered":"https:\/\/www.pavb.lt\/?page_id=82191"},"modified":"2025-07-10T10:38:00","modified_gmt":"2025-07-10T07:38:00","slug":"exposition-bee-granaries","status":"publish","type":"page","link":"https:\/\/www.pavb.lt\/en\/services\/for-visitors\/spaces\/exposition-bee-granaries\/","title":{"rendered":"Exposition\u00a0&#8220;Bee granaries&#8221;"},"content":{"rendered":"\n<p>Respublikos g. 14<\/p>\n\n\n\n<p>It is a space where you will find an interactive and engaging exposition revealing the personality, activities and values of the enlightened cultural and public figure, writer Gabriel\u0117 Petkevi\u010dait\u0117-Bit\u0117. A separate and valuable part of the exposition is a treasure of the old publications kept in the library.<\/p>\n\n\n\n<p>The exposition is open to visitors (up to 15 persons) during the library&#8217;s opening hours. Please register in advance by phone +370 45 50 20 39 or by e-mail <a href=\"mailto:ekskursijos@pavb.lt\" target=\"_blank\" rel=\"noreferrer noopener\">ekskursijos@pavb.lt<\/a><\/p>\n\n\n\n<figure class=\"wp-block-gallery has-nested-images columns-default is-cropped wp-block-gallery-1 is-layout-flex wp-block-gallery-is-layout-flex\">\n<figure class=\"wp-block-image size-large\"><img loading=\"lazy\" decoding=\"async\" width=\"1024\" height=\"682\" data-attachment-id=\"83301\" data-permalink=\"https:\/\/www.pavb.lt\/en\/services\/for-visitors\/spaces\/exposition-bee-granaries\/attachment\/01\/\" data-orig-file=\"https:\/\/www.pavb.lt\/wp-content\/uploads\/2024\/02\/01.jpg\" data-orig-size=\"1280,853\" data-comments-opened=\"0\" data-image-meta=\"{&quot;aperture&quot;:&quot;5&quot;,&quot;credit&quot;:&quot;&quot;,&quot;camera&quot;:&quot;Canon EOS R6m2&quot;,&quot;caption&quot;:&quot;&quot;,&quot;created_timestamp&quot;:&quot;1705592724&quot;,&quot;copyright&quot;:&quot;&quot;,&quot;focal_length&quot;:&quot;24&quot;,&quot;iso&quot;:&quot;5000&quot;,&quot;shutter_speed&quot;:&quot;0.01&quot;,&quot;title&quot;:&quot;&quot;,&quot;orientation&quot;:&quot;1&quot;}\" data-image-title=\"01\" data-image-description=\"\" data-image-caption=\"\" data-large-file=\"https:\/\/www.pavb.lt\/wp-content\/uploads\/2024\/02\/01-1024x682.jpg\" data-id=\"83301\" src=\"https:\/\/www.pavb.lt\/wp-content\/uploads\/2024\/02\/01-1024x682.jpg\" alt=\"\" class=\"wp-image-83301\" srcset=\"https:\/\/www.pavb.lt\/wp-content\/uploads\/2024\/02\/01-1024x682.jpg 1024w, https:\/\/www.pavb.lt\/wp-content\/uploads\/2024\/02\/01-300x200.jpg 300w, https:\/\/www.pavb.lt\/wp-content\/uploads\/2024\/02\/01-768x512.jpg 768w, https:\/\/www.pavb.lt\/wp-content\/uploads\/2024\/02\/01.jpg 1280w\" sizes=\"auto, (max-width: 1024px) 100vw, 1024px\" \/><\/figure>\n\n\n\n<figure class=\"wp-block-image size-large\"><img loading=\"lazy\" decoding=\"async\" width=\"1024\" height=\"682\" data-attachment-id=\"83302\" data-permalink=\"https:\/\/www.pavb.lt\/en\/services\/for-visitors\/spaces\/exposition-bee-granaries\/attachment\/03\/\" data-orig-file=\"https:\/\/www.pavb.lt\/wp-content\/uploads\/2024\/02\/03.jpg\" data-orig-size=\"1280,853\" data-comments-opened=\"0\" data-image-meta=\"{&quot;aperture&quot;:&quot;5.6&quot;,&quot;credit&quot;:&quot;&quot;,&quot;camera&quot;:&quot;Canon EOS R6m2&quot;,&quot;caption&quot;:&quot;&quot;,&quot;created_timestamp&quot;:&quot;1705594524&quot;,&quot;copyright&quot;:&quot;&quot;,&quot;focal_length&quot;:&quot;24&quot;,&quot;iso&quot;:&quot;4000&quot;,&quot;shutter_speed&quot;:&quot;0.0125&quot;,&quot;title&quot;:&quot;&quot;,&quot;orientation&quot;:&quot;1&quot;}\" data-image-title=\"03\" data-image-description=\"\" data-image-caption=\"\" data-large-file=\"https:\/\/www.pavb.lt\/wp-content\/uploads\/2024\/02\/03-1024x682.jpg\" data-id=\"83302\" src=\"https:\/\/www.pavb.lt\/wp-content\/uploads\/2024\/02\/03-1024x682.jpg\" alt=\"\" class=\"wp-image-83302\" srcset=\"https:\/\/www.pavb.lt\/wp-content\/uploads\/2024\/02\/03-1024x682.jpg 1024w, https:\/\/www.pavb.lt\/wp-content\/uploads\/2024\/02\/03-300x200.jpg 300w, https:\/\/www.pavb.lt\/wp-content\/uploads\/2024\/02\/03-768x512.jpg 768w, https:\/\/www.pavb.lt\/wp-content\/uploads\/2024\/02\/03.jpg 1280w\" sizes=\"auto, (max-width: 1024px) 100vw, 1024px\" \/><\/figure>\n\n\n\n<figure class=\"wp-block-image size-large\"><img loading=\"lazy\" decoding=\"async\" width=\"1024\" height=\"682\" data-attachment-id=\"83305\" data-permalink=\"https:\/\/www.pavb.lt\/en\/services\/for-visitors\/spaces\/exposition-bee-granaries\/attachment\/02\/\" data-orig-file=\"https:\/\/www.pavb.lt\/wp-content\/uploads\/2024\/02\/02.jpg\" data-orig-size=\"1280,853\" data-comments-opened=\"0\" data-image-meta=\"{&quot;aperture&quot;:&quot;5.6&quot;,&quot;credit&quot;:&quot;&quot;,&quot;camera&quot;:&quot;Canon EOS R6m2&quot;,&quot;caption&quot;:&quot;&quot;,&quot;created_timestamp&quot;:&quot;1705594481&quot;,&quot;copyright&quot;:&quot;&quot;,&quot;focal_length&quot;:&quot;24&quot;,&quot;iso&quot;:&quot;4000&quot;,&quot;shutter_speed&quot;:&quot;0.0125&quot;,&quot;title&quot;:&quot;&quot;,&quot;orientation&quot;:&quot;1&quot;}\" data-image-title=\"02\" data-image-description=\"\" data-image-caption=\"\" data-large-file=\"https:\/\/www.pavb.lt\/wp-content\/uploads\/2024\/02\/02-1024x682.jpg\" data-id=\"83305\" src=\"https:\/\/www.pavb.lt\/wp-content\/uploads\/2024\/02\/02-1024x682.jpg\" alt=\"\" class=\"wp-image-83305\" srcset=\"https:\/\/www.pavb.lt\/wp-content\/uploads\/2024\/02\/02-1024x682.jpg 1024w, https:\/\/www.pavb.lt\/wp-content\/uploads\/2024\/02\/02-300x200.jpg 300w, https:\/\/www.pavb.lt\/wp-content\/uploads\/2024\/02\/02-768x512.jpg 768w, https:\/\/www.pavb.lt\/wp-content\/uploads\/2024\/02\/02.jpg 1280w\" sizes=\"auto, (max-width: 1024px) 100vw, 1024px\" \/><\/figure>\n<\/figure>\n","protected":false},"excerpt":{"rendered":"<p>Respublikos g. 14 It is a space where you will find an interactive and engaging exposition revealing the personality, activities and values of the enlightened cultural and public figure, writer Gabriel\u0117 Petkevi\u010dait\u0117-Bit\u0117. A separate and valuable part of the exposition is a treasure of the old publications kept in the library. The exposition is open&#8230;.. <a class=\"moretag\" href=\"https:\/\/www.pavb.lt\/en\/services\/for-visitors\/spaces\/exposition-bee-granaries\/\">Read More<\/a><\/p>\n","protected":false},"author":12,"featured_media":0,"parent":5654,"menu_order":11,"comment_status":"closed","ping_status":"closed","template":"","meta":{"_acf_changed":false,"footnotes":""},"class_list":["post-82191","page","type-page","status-publish","hentry"],"acf":[],"yoast_head":"<!-- This site is optimized with the Yoast SEO plugin v27.4 - https:\/\/yoast.com\/product\/yoast-seo-wordpress\/ -->\n<title>Exposition\u00a0&quot;Bee granaries&quot; - Panevezys County Gabriele Petkevicaite-Bite Public Library<\/title>\n<meta name=\"robots\" content=\"index, follow, max-snippet:-1, max-image-preview:large, max-video-preview:-1\" \/>\n<link rel=\"canonical\" href=\"https:\/\/www.pavb.lt\/en\/services\/for-visitors\/spaces\/exposition-bee-granaries\/\" \/>\n<meta property=\"og:locale\" content=\"en_US\" \/>\n<meta property=\"og:type\" content=\"article\" \/>\n<meta property=\"og:title\" content=\"Exposition\u00a0&quot;Bee granaries&quot; - Panevezys County Gabriele Petkevicaite-Bite Public Library\" \/>\n<meta property=\"og:description\" content=\"Respublikos g. 14 It is a space where you will find an interactive and engaging exposition revealing the personality, activities and values of the enlightened cultural and public figure, writer Gabriel\u0117 Petkevi\u010dait\u0117-Bit\u0117. A separate and valuable part of the exposition is a treasure of the old publications kept in the library. The exposition is open..... Read More\" \/>\n<meta property=\"og:url\" content=\"https:\/\/www.pavb.lt\/en\/services\/for-visitors\/spaces\/exposition-bee-granaries\/\" \/>\n<meta property=\"og:site_name\" content=\"Panevezys County Gabriele Petkevicaite-Bite Public Library\" \/>\n<meta property=\"article:modified_time\" content=\"2025-07-10T07:38:00+00:00\" \/>\n<meta property=\"og:image\" content=\"https:\/\/www.pavb.lt\/wp-content\/uploads\/2024\/02\/01.jpg\" \/>\n\t<meta property=\"og:image:width\" content=\"1280\" \/>\n\t<meta property=\"og:image:height\" content=\"853\" \/>\n\t<meta property=\"og:image:type\" content=\"image\/jpeg\" \/>\n<meta name=\"twitter:card\" content=\"summary_large_image\" \/>\n<script type=\"application\/ld+json\" class=\"yoast-schema-graph\">{\"@context\":\"https:\\\/\\\/schema.org\",\"@graph\":[{\"@type\":\"WebPage\",\"@id\":\"https:\\\/\\\/www.pavb.lt\\\/en\\\/services\\\/for-visitors\\\/spaces\\\/exposition-bee-granaries\\\/\",\"url\":\"https:\\\/\\\/www.pavb.lt\\\/en\\\/services\\\/for-visitors\\\/spaces\\\/exposition-bee-granaries\\\/\",\"name\":\"Exposition\u00a0\\\"Bee granaries\\\" - Panevezys County Gabriele Petkevicaite-Bite Public Library\",\"isPartOf\":{\"@id\":\"https:\\\/\\\/www.pavb.lt\\\/en\\\/#website\"},\"primaryImageOfPage\":{\"@id\":\"https:\\\/\\\/www.pavb.lt\\\/en\\\/services\\\/for-visitors\\\/spaces\\\/exposition-bee-granaries\\\/#primaryimage\"},\"image\":{\"@id\":\"https:\\\/\\\/www.pavb.lt\\\/en\\\/services\\\/for-visitors\\\/spaces\\\/exposition-bee-granaries\\\/#primaryimage\"},\"thumbnailUrl\":\"https:\\\/\\\/www.pavb.lt\\\/wp-content\\\/uploads\\\/2024\\\/02\\\/01-1024x682.jpg\",\"datePublished\":\"2024-01-18T08:45:16+00:00\",\"dateModified\":\"2025-07-10T07:38:00+00:00\",\"breadcrumb\":{\"@id\":\"https:\\\/\\\/www.pavb.lt\\\/en\\\/services\\\/for-visitors\\\/spaces\\\/exposition-bee-granaries\\\/#breadcrumb\"},\"inLanguage\":\"en-US\",\"potentialAction\":[{\"@type\":\"ReadAction\",\"target\":[\"https:\\\/\\\/www.pavb.lt\\\/en\\\/services\\\/for-visitors\\\/spaces\\\/exposition-bee-granaries\\\/\"]}]},{\"@type\":\"ImageObject\",\"inLanguage\":\"en-US\",\"@id\":\"https:\\\/\\\/www.pavb.lt\\\/en\\\/services\\\/for-visitors\\\/spaces\\\/exposition-bee-granaries\\\/#primaryimage\",\"url\":\"https:\\\/\\\/www.pavb.lt\\\/wp-content\\\/uploads\\\/2024\\\/02\\\/01-1024x682.jpg\",\"contentUrl\":\"https:\\\/\\\/www.pavb.lt\\\/wp-content\\\/uploads\\\/2024\\\/02\\\/01-1024x682.jpg\"},{\"@type\":\"BreadcrumbList\",\"@id\":\"https:\\\/\\\/www.pavb.lt\\\/en\\\/services\\\/for-visitors\\\/spaces\\\/exposition-bee-granaries\\\/#breadcrumb\",\"itemListElement\":[{\"@type\":\"ListItem\",\"position\":1,\"name\":\"Home\",\"item\":\"https:\\\/\\\/www.pavb.lt\\\/en\\\/\"},{\"@type\":\"ListItem\",\"position\":2,\"name\":\"Services\",\"item\":\"https:\\\/\\\/www.pavb.lt\\\/en\\\/services\\\/\"},{\"@type\":\"ListItem\",\"position\":3,\"name\":\"For Visitors\",\"item\":\"https:\\\/\\\/www.pavb.lt\\\/en\\\/services\\\/for-visitors\\\/\"},{\"@type\":\"ListItem\",\"position\":4,\"name\":\"Spaces\",\"item\":\"https:\\\/\\\/www.pavb.lt\\\/en\\\/services\\\/for-visitors\\\/spaces\\\/\"},{\"@type\":\"ListItem\",\"position\":5,\"name\":\"Exposition\u00a0&#8222;Bee granaries&#8221;\"}]},{\"@type\":\"WebSite\",\"@id\":\"https:\\\/\\\/www.pavb.lt\\\/en\\\/#website\",\"url\":\"https:\\\/\\\/www.pavb.lt\\\/en\\\/\",\"name\":\"Panevezys County Gabriele Petkevicaite-Bite Public Library\",\"description\":\"Here is your Library!\",\"publisher\":{\"@id\":\"https:\\\/\\\/www.pavb.lt\\\/en\\\/#organization\"},\"potentialAction\":[{\"@type\":\"SearchAction\",\"target\":{\"@type\":\"EntryPoint\",\"urlTemplate\":\"https:\\\/\\\/www.pavb.lt\\\/en\\\/?s={search_term_string}\"},\"query-input\":{\"@type\":\"PropertyValueSpecification\",\"valueRequired\":true,\"valueName\":\"search_term_string\"}}],\"inLanguage\":\"en-US\"},{\"@type\":\"Organization\",\"@id\":\"https:\\\/\\\/www.pavb.lt\\\/en\\\/#organization\",\"name\":\"Panev\u0117\u017eio apskrities Gabriel\u0117s Petkevi\u010dait\u0117s-Bit\u0117s vie\u0161oji biblioteka\",\"url\":\"https:\\\/\\\/www.pavb.lt\\\/en\\\/\",\"logo\":{\"@type\":\"ImageObject\",\"inLanguage\":\"en-US\",\"@id\":\"https:\\\/\\\/www.pavb.lt\\\/en\\\/#\\\/schema\\\/logo\\\/image\\\/\",\"url\":\"https:\\\/\\\/www.pavb.lt\\\/wp-content\\\/uploads\\\/2017\\\/11\\\/pavb-logo.png\",\"contentUrl\":\"https:\\\/\\\/www.pavb.lt\\\/wp-content\\\/uploads\\\/2017\\\/11\\\/pavb-logo.png\",\"width\":512,\"height\":512,\"caption\":\"Panev\u0117\u017eio apskrities Gabriel\u0117s Petkevi\u010dait\u0117s-Bit\u0117s vie\u0161oji biblioteka\"},\"image\":{\"@id\":\"https:\\\/\\\/www.pavb.lt\\\/en\\\/#\\\/schema\\\/logo\\\/image\\\/\"}}]}<\/script>\n<!-- \/ Yoast SEO plugin. -->","yoast_head_json":{"title":"Exposition\u00a0\"Bee granaries\" - Panevezys County Gabriele Petkevicaite-Bite Public Library","robots":{"index":"index","follow":"follow","max-snippet":"max-snippet:-1","max-image-preview":"max-image-preview:large","max-video-preview":"max-video-preview:-1"},"canonical":"https:\/\/www.pavb.lt\/en\/services\/for-visitors\/spaces\/exposition-bee-granaries\/","og_locale":"en_US","og_type":"article","og_title":"Exposition\u00a0\"Bee granaries\" - Panevezys County Gabriele Petkevicaite-Bite Public Library","og_description":"Respublikos g. 14 It is a space where you will find an interactive and engaging exposition revealing the personality, activities and values of the enlightened cultural and public figure, writer Gabriel\u0117 Petkevi\u010dait\u0117-Bit\u0117. A separate and valuable part of the exposition is a treasure of the old publications kept in the library. The exposition is open..... Read More","og_url":"https:\/\/www.pavb.lt\/en\/services\/for-visitors\/spaces\/exposition-bee-granaries\/","og_site_name":"Panevezys County Gabriele Petkevicaite-Bite Public Library","article_modified_time":"2025-07-10T07:38:00+00:00","og_image":[{"width":1280,"height":853,"url":"https:\/\/www.pavb.lt\/wp-content\/uploads\/2024\/02\/01.jpg","type":"image\/jpeg"}],"twitter_card":"summary_large_image","schema":{"@context":"https:\/\/schema.org","@graph":[{"@type":"WebPage","@id":"https:\/\/www.pavb.lt\/en\/services\/for-visitors\/spaces\/exposition-bee-granaries\/","url":"https:\/\/www.pavb.lt\/en\/services\/for-visitors\/spaces\/exposition-bee-granaries\/","name":"Exposition\u00a0\"Bee granaries\" - Panevezys County Gabriele Petkevicaite-Bite Public Library","isPartOf":{"@id":"https:\/\/www.pavb.lt\/en\/#website"},"primaryImageOfPage":{"@id":"https:\/\/www.pavb.lt\/en\/services\/for-visitors\/spaces\/exposition-bee-granaries\/#primaryimage"},"image":{"@id":"https:\/\/www.pavb.lt\/en\/services\/for-visitors\/spaces\/exposition-bee-granaries\/#primaryimage"},"thumbnailUrl":"https:\/\/www.pavb.lt\/wp-content\/uploads\/2024\/02\/01-1024x682.jpg","datePublished":"2024-01-18T08:45:16+00:00","dateModified":"2025-07-10T07:38:00+00:00","breadcrumb":{"@id":"https:\/\/www.pavb.lt\/en\/services\/for-visitors\/spaces\/exposition-bee-granaries\/#breadcrumb"},"inLanguage":"en-US","potentialAction":[{"@type":"ReadAction","target":["https:\/\/www.pavb.lt\/en\/services\/for-visitors\/spaces\/exposition-bee-granaries\/"]}]},{"@type":"ImageObject","inLanguage":"en-US","@id":"https:\/\/www.pavb.lt\/en\/services\/for-visitors\/spaces\/exposition-bee-granaries\/#primaryimage","url":"https:\/\/www.pavb.lt\/wp-content\/uploads\/2024\/02\/01-1024x682.jpg","contentUrl":"https:\/\/www.pavb.lt\/wp-content\/uploads\/2024\/02\/01-1024x682.jpg"},{"@type":"BreadcrumbList","@id":"https:\/\/www.pavb.lt\/en\/services\/for-visitors\/spaces\/exposition-bee-granaries\/#breadcrumb","itemListElement":[{"@type":"ListItem","position":1,"name":"Home","item":"https:\/\/www.pavb.lt\/en\/"},{"@type":"ListItem","position":2,"name":"Services","item":"https:\/\/www.pavb.lt\/en\/services\/"},{"@type":"ListItem","position":3,"name":"For Visitors","item":"https:\/\/www.pavb.lt\/en\/services\/for-visitors\/"},{"@type":"ListItem","position":4,"name":"Spaces","item":"https:\/\/www.pavb.lt\/en\/services\/for-visitors\/spaces\/"},{"@type":"ListItem","position":5,"name":"Exposition\u00a0&#8222;Bee granaries&#8221;"}]},{"@type":"WebSite","@id":"https:\/\/www.pavb.lt\/en\/#website","url":"https:\/\/www.pavb.lt\/en\/","name":"Panevezys County Gabriele Petkevicaite-Bite Public Library","description":"Here is your Library!","publisher":{"@id":"https:\/\/www.pavb.lt\/en\/#organization"},"potentialAction":[{"@type":"SearchAction","target":{"@type":"EntryPoint","urlTemplate":"https:\/\/www.pavb.lt\/en\/?s={search_term_string}"},"query-input":{"@type":"PropertyValueSpecification","valueRequired":true,"valueName":"search_term_string"}}],"inLanguage":"en-US"},{"@type":"Organization","@id":"https:\/\/www.pavb.lt\/en\/#organization","name":"Panev\u0117\u017eio apskrities Gabriel\u0117s Petkevi\u010dait\u0117s-Bit\u0117s vie\u0161oji biblioteka","url":"https:\/\/www.pavb.lt\/en\/","logo":{"@type":"ImageObject","inLanguage":"en-US","@id":"https:\/\/www.pavb.lt\/en\/#\/schema\/logo\/image\/","url":"https:\/\/www.pavb.lt\/wp-content\/uploads\/2017\/11\/pavb-logo.png","contentUrl":"https:\/\/www.pavb.lt\/wp-content\/uploads\/2017\/11\/pavb-logo.png","width":512,"height":512,"caption":"Panev\u0117\u017eio apskrities Gabriel\u0117s Petkevi\u010dait\u0117s-Bit\u0117s vie\u0161oji biblioteka"},"image":{"@id":"https:\/\/www.pavb.lt\/en\/#\/schema\/logo\/image\/"}}]}},"jetpack_sharing_enabled":true,"_links":{"self":[{"href":"https:\/\/www.pavb.lt\/en\/wp-json\/wp\/v2\/pages\/82191","targetHints":{"allow":["GET"]}}],"collection":[{"href":"https:\/\/www.pavb.lt\/en\/wp-json\/wp\/v2\/pages"}],"about":[{"href":"https:\/\/www.pavb.lt\/en\/wp-json\/wp\/v2\/types\/page"}],"author":[{"embeddable":true,"href":"https:\/\/www.pavb.lt\/en\/wp-json\/wp\/v2\/users\/12"}],"replies":[{"embeddable":true,"href":"https:\/\/www.pavb.lt\/en\/wp-json\/wp\/v2\/comments?post=82191"}],"version-history":[{"count":1,"href":"https:\/\/www.pavb.lt\/en\/wp-json\/wp\/v2\/pages\/82191\/revisions"}],"predecessor-version":[{"id":170396,"href":"https:\/\/www.pavb.lt\/en\/wp-json\/wp\/v2\/pages\/82191\/revisions\/170396"}],"up":[{"embeddable":true,"href":"https:\/\/www.pavb.lt\/en\/wp-json\/wp\/v2\/pages\/5654"}],"wp:attachment":[{"href":"https:\/\/www.pavb.lt\/en\/wp-json\/wp\/v2\/media?parent=82191"}],"curies":[{"name":"wp","href":"https:\/\/api.w.org\/{rel}","templated":true}]}}