{"id":6517,"date":"2019-04-12T13:39:05","date_gmt":"2019-04-12T10:39:05","guid":{"rendered":"https:\/\/www.pavb.lt\/?page_id=6517"},"modified":"2019-04-17T09:17:54","modified_gmt":"2019-04-17T06:17:54","slug":"discovering-the-region","status":"publish","type":"page","link":"https:\/\/www.pavb.lt\/en\/panevezys-region-heritage\/main-information\/discovering-the-region\/","title":{"rendered":"Discovering the Region"},"content":{"rendered":"\n<p><strong>Panev\u0117\u017eys Region <\/strong><strong>Virtually<\/strong><\/p>\n\n\n\n<p>In 2015 Panev\u0117\u017eys County Gabriel\u0117\nPetkevi\u010dait\u0117-Bit\u0117 Public Library, Department of Region&#8217;s\nCultural Heritage Dissemination carried out a project \u201ePanev\u0117\u017eio kra\u0161to kult\u016bra\nvirtualiame lobyne\u201c (\u201cVirtual Treasure of Panev\u0117\u017eys Culture\u201c). The\nproject resulted in a website \u201ePanev\u0117\u017eio kra\u0161tas virtualiai\u201d (\u201cPanev\u0117\u017eys Region\nVirtually\u201d) which represents and actualizes virtual heritage of Panev\u0117\u017eys\nregion.<\/p>\n\n\n\n<p>The library\u2019s\nDepartment of Region&#8217;s Cultural Heritage Dissemination and other Lithuanian memorial\ninstitutions have gathered unique and valuable cultural heritage documents\nabout Panev\u0117\u017eys region. Some of these documents had already been digitalized\nand published virtually. All this material used to be dispersed throughout\ndifferent places, but now it will be easily accessible from one website \u201ePanev\u0117\u017eio kra\u0161tas virtualiai\u201c (\u201cPanev\u0117\u017eys\nRegion Virtually\u201d).<\/p>\n\n\n\n<p>The rich\ncontent of this website include:<\/p>\n\n\n\n<ul class=\"wp-block-list\"><li>virtual exhibitions of Panev\u0117\u017eys and its\npeople,<\/li><li>historical articles from the series \u201eIstorijos puslapiai\u201c (\u201cPages\nof History\u201d)<\/li><li>virtual sculpture gallery \u201eSkulpt\u016bros vie\u0161osiose Panev\u0117\u017eio\nerdv\u0117se\u201c (\u201cSculptures in Public Places of Panev\u0117\u017eys\u201c),<\/li><li>calendar of important dates, <\/li><li>and others.<\/li><\/ul>\n\n\n\n<p>This website\nis a real treasure for those who are interested in Panev\u0117\u017eys, its culture, and\nhistory. <\/p>\n\n\n\n<p>You will find\nthis website at <a href=\"https:\/\/paneveziokrastas.pavb.lt\/\">https:\/\/paneveziokrastas.pavb.lt\/<\/a><\/p>\n","protected":false},"excerpt":{"rendered":"<p>Panev\u0117\u017eys Region Virtually In 2015 Panev\u0117\u017eys County Gabriel\u0117 Petkevi\u010dait\u0117-Bit\u0117 Public Library, Department of Region&#8217;s Cultural Heritage Dissemination carried out a project \u201ePanev\u0117\u017eio kra\u0161to kult\u016bra virtualiame lobyne\u201c (\u201cVirtual Treasure of Panev\u0117\u017eys Culture\u201c). The project resulted in a website \u201ePanev\u0117\u017eio kra\u0161tas virtualiai\u201d (\u201cPanev\u0117\u017eys Region Virtually\u201d) which represents and actualizes virtual heritage of Panev\u0117\u017eys region. The library\u2019s Department&#8230;.. <a class=\"moretag\" href=\"https:\/\/www.pavb.lt\/en\/panevezys-region-heritage\/main-information\/discovering-the-region\/\">Read More<\/a><\/p>\n","protected":false},"author":1,"featured_media":0,"parent":6508,"menu_order":4,"comment_status":"closed","ping_status":"closed","template":"","meta":{"_acf_changed":false,"footnotes":""},"class_list":["post-6517","page","type-page","status-publish","hentry"],"acf":[],"yoast_head":"<!-- This site is optimized with the Yoast SEO plugin v27.3 - https:\/\/yoast.com\/product\/yoast-seo-wordpress\/ -->\n<title>Discovering the Region - Panevezys County Gabriele Petkevicaite-Bite Public Library<\/title>\n<meta name=\"robots\" content=\"index, follow, max-snippet:-1, max-image-preview:large, max-video-preview:-1\" \/>\n<link rel=\"canonical\" href=\"https:\/\/www.pavb.lt\/en\/panevezys-region-heritage\/main-information\/discovering-the-region\/\" \/>\n<meta property=\"og:locale\" content=\"en_US\" \/>\n<meta property=\"og:type\" content=\"article\" \/>\n<meta property=\"og:title\" content=\"Discovering the Region - Panevezys County Gabriele Petkevicaite-Bite Public Library\" \/>\n<meta property=\"og:description\" content=\"Panev\u0117\u017eys Region Virtually In 2015 Panev\u0117\u017eys County Gabriel\u0117 Petkevi\u010dait\u0117-Bit\u0117 Public Library, Department of Region&#8217;s Cultural Heritage Dissemination carried out a project \u201ePanev\u0117\u017eio kra\u0161to kult\u016bra virtualiame lobyne\u201c (\u201cVirtual Treasure of Panev\u0117\u017eys Culture\u201c). The project resulted in a website \u201ePanev\u0117\u017eio kra\u0161tas virtualiai\u201d (\u201cPanev\u0117\u017eys Region Virtually\u201d) which represents and actualizes virtual heritage of Panev\u0117\u017eys region. The library\u2019s Department..... Read More\" \/>\n<meta property=\"og:url\" content=\"https:\/\/www.pavb.lt\/en\/panevezys-region-heritage\/main-information\/discovering-the-region\/\" \/>\n<meta property=\"og:site_name\" content=\"Panevezys County Gabriele Petkevicaite-Bite Public Library\" \/>\n<meta property=\"article:modified_time\" content=\"2019-04-17T06:17:54+00:00\" \/>\n<meta name=\"twitter:card\" content=\"summary_large_image\" \/>\n<script type=\"application\/ld+json\" class=\"yoast-schema-graph\">{\"@context\":\"https:\\\/\\\/schema.org\",\"@graph\":[{\"@type\":\"WebPage\",\"@id\":\"https:\\\/\\\/www.pavb.lt\\\/en\\\/panevezys-region-heritage\\\/main-information\\\/discovering-the-region\\\/\",\"url\":\"https:\\\/\\\/www.pavb.lt\\\/en\\\/panevezys-region-heritage\\\/main-information\\\/discovering-the-region\\\/\",\"name\":\"Discovering the Region - Panevezys County Gabriele Petkevicaite-Bite Public Library\",\"isPartOf\":{\"@id\":\"https:\\\/\\\/www.pavb.lt\\\/en\\\/#website\"},\"datePublished\":\"2019-04-12T10:39:05+00:00\",\"dateModified\":\"2019-04-17T06:17:54+00:00\",\"breadcrumb\":{\"@id\":\"https:\\\/\\\/www.pavb.lt\\\/en\\\/panevezys-region-heritage\\\/main-information\\\/discovering-the-region\\\/#breadcrumb\"},\"inLanguage\":\"en-US\",\"potentialAction\":[{\"@type\":\"ReadAction\",\"target\":[\"https:\\\/\\\/www.pavb.lt\\\/en\\\/panevezys-region-heritage\\\/main-information\\\/discovering-the-region\\\/\"]}]},{\"@type\":\"BreadcrumbList\",\"@id\":\"https:\\\/\\\/www.pavb.lt\\\/en\\\/panevezys-region-heritage\\\/main-information\\\/discovering-the-region\\\/#breadcrumb\",\"itemListElement\":[{\"@type\":\"ListItem\",\"position\":1,\"name\":\"Home\",\"item\":\"https:\\\/\\\/www.pavb.lt\\\/en\\\/\"},{\"@type\":\"ListItem\",\"position\":2,\"name\":\"Panev\u0117\u017eys Region Cultural Heritage\",\"item\":\"https:\\\/\\\/www.pavb.lt\\\/en\\\/panevezys-region-heritage\\\/\"},{\"@type\":\"ListItem\",\"position\":3,\"name\":\"Main information\",\"item\":\"https:\\\/\\\/www.pavb.lt\\\/en\\\/panevezys-region-heritage\\\/main-information\\\/\"},{\"@type\":\"ListItem\",\"position\":4,\"name\":\"Discovering the Region\"}]},{\"@type\":\"WebSite\",\"@id\":\"https:\\\/\\\/www.pavb.lt\\\/en\\\/#website\",\"url\":\"https:\\\/\\\/www.pavb.lt\\\/en\\\/\",\"name\":\"Panevezys County Gabriele Petkevicaite-Bite Public Library\",\"description\":\"Here is your Library!\",\"publisher\":{\"@id\":\"https:\\\/\\\/www.pavb.lt\\\/en\\\/#organization\"},\"potentialAction\":[{\"@type\":\"SearchAction\",\"target\":{\"@type\":\"EntryPoint\",\"urlTemplate\":\"https:\\\/\\\/www.pavb.lt\\\/en\\\/?s={search_term_string}\"},\"query-input\":{\"@type\":\"PropertyValueSpecification\",\"valueRequired\":true,\"valueName\":\"search_term_string\"}}],\"inLanguage\":\"en-US\"},{\"@type\":\"Organization\",\"@id\":\"https:\\\/\\\/www.pavb.lt\\\/en\\\/#organization\",\"name\":\"Panev\u0117\u017eio apskrities Gabriel\u0117s Petkevi\u010dait\u0117s-Bit\u0117s vie\u0161oji biblioteka\",\"url\":\"https:\\\/\\\/www.pavb.lt\\\/en\\\/\",\"logo\":{\"@type\":\"ImageObject\",\"inLanguage\":\"en-US\",\"@id\":\"https:\\\/\\\/www.pavb.lt\\\/en\\\/#\\\/schema\\\/logo\\\/image\\\/\",\"url\":\"https:\\\/\\\/www.pavb.lt\\\/wp-content\\\/uploads\\\/2017\\\/11\\\/pavb-logo.png\",\"contentUrl\":\"https:\\\/\\\/www.pavb.lt\\\/wp-content\\\/uploads\\\/2017\\\/11\\\/pavb-logo.png\",\"width\":512,\"height\":512,\"caption\":\"Panev\u0117\u017eio apskrities Gabriel\u0117s Petkevi\u010dait\u0117s-Bit\u0117s vie\u0161oji biblioteka\"},\"image\":{\"@id\":\"https:\\\/\\\/www.pavb.lt\\\/en\\\/#\\\/schema\\\/logo\\\/image\\\/\"}}]}<\/script>\n<!-- \/ Yoast SEO plugin. -->","yoast_head_json":{"title":"Discovering the Region - Panevezys County Gabriele Petkevicaite-Bite Public Library","robots":{"index":"index","follow":"follow","max-snippet":"max-snippet:-1","max-image-preview":"max-image-preview:large","max-video-preview":"max-video-preview:-1"},"canonical":"https:\/\/www.pavb.lt\/en\/panevezys-region-heritage\/main-information\/discovering-the-region\/","og_locale":"en_US","og_type":"article","og_title":"Discovering the Region - Panevezys County Gabriele Petkevicaite-Bite Public Library","og_description":"Panev\u0117\u017eys Region Virtually In 2015 Panev\u0117\u017eys County Gabriel\u0117 Petkevi\u010dait\u0117-Bit\u0117 Public Library, Department of Region&#8217;s Cultural Heritage Dissemination carried out a project \u201ePanev\u0117\u017eio kra\u0161to kult\u016bra virtualiame lobyne\u201c (\u201cVirtual Treasure of Panev\u0117\u017eys Culture\u201c). The project resulted in a website \u201ePanev\u0117\u017eio kra\u0161tas virtualiai\u201d (\u201cPanev\u0117\u017eys Region Virtually\u201d) which represents and actualizes virtual heritage of Panev\u0117\u017eys region. The library\u2019s Department..... Read More","og_url":"https:\/\/www.pavb.lt\/en\/panevezys-region-heritage\/main-information\/discovering-the-region\/","og_site_name":"Panevezys County Gabriele Petkevicaite-Bite Public Library","article_modified_time":"2019-04-17T06:17:54+00:00","twitter_card":"summary_large_image","schema":{"@context":"https:\/\/schema.org","@graph":[{"@type":"WebPage","@id":"https:\/\/www.pavb.lt\/en\/panevezys-region-heritage\/main-information\/discovering-the-region\/","url":"https:\/\/www.pavb.lt\/en\/panevezys-region-heritage\/main-information\/discovering-the-region\/","name":"Discovering the Region - Panevezys County Gabriele Petkevicaite-Bite Public Library","isPartOf":{"@id":"https:\/\/www.pavb.lt\/en\/#website"},"datePublished":"2019-04-12T10:39:05+00:00","dateModified":"2019-04-17T06:17:54+00:00","breadcrumb":{"@id":"https:\/\/www.pavb.lt\/en\/panevezys-region-heritage\/main-information\/discovering-the-region\/#breadcrumb"},"inLanguage":"en-US","potentialAction":[{"@type":"ReadAction","target":["https:\/\/www.pavb.lt\/en\/panevezys-region-heritage\/main-information\/discovering-the-region\/"]}]},{"@type":"BreadcrumbList","@id":"https:\/\/www.pavb.lt\/en\/panevezys-region-heritage\/main-information\/discovering-the-region\/#breadcrumb","itemListElement":[{"@type":"ListItem","position":1,"name":"Home","item":"https:\/\/www.pavb.lt\/en\/"},{"@type":"ListItem","position":2,"name":"Panev\u0117\u017eys Region Cultural Heritage","item":"https:\/\/www.pavb.lt\/en\/panevezys-region-heritage\/"},{"@type":"ListItem","position":3,"name":"Main information","item":"https:\/\/www.pavb.lt\/en\/panevezys-region-heritage\/main-information\/"},{"@type":"ListItem","position":4,"name":"Discovering the Region"}]},{"@type":"WebSite","@id":"https:\/\/www.pavb.lt\/en\/#website","url":"https:\/\/www.pavb.lt\/en\/","name":"Panevezys County Gabriele Petkevicaite-Bite Public Library","description":"Here is your Library!","publisher":{"@id":"https:\/\/www.pavb.lt\/en\/#organization"},"potentialAction":[{"@type":"SearchAction","target":{"@type":"EntryPoint","urlTemplate":"https:\/\/www.pavb.lt\/en\/?s={search_term_string}"},"query-input":{"@type":"PropertyValueSpecification","valueRequired":true,"valueName":"search_term_string"}}],"inLanguage":"en-US"},{"@type":"Organization","@id":"https:\/\/www.pavb.lt\/en\/#organization","name":"Panev\u0117\u017eio apskrities Gabriel\u0117s Petkevi\u010dait\u0117s-Bit\u0117s vie\u0161oji biblioteka","url":"https:\/\/www.pavb.lt\/en\/","logo":{"@type":"ImageObject","inLanguage":"en-US","@id":"https:\/\/www.pavb.lt\/en\/#\/schema\/logo\/image\/","url":"https:\/\/www.pavb.lt\/wp-content\/uploads\/2017\/11\/pavb-logo.png","contentUrl":"https:\/\/www.pavb.lt\/wp-content\/uploads\/2017\/11\/pavb-logo.png","width":512,"height":512,"caption":"Panev\u0117\u017eio apskrities Gabriel\u0117s Petkevi\u010dait\u0117s-Bit\u0117s vie\u0161oji biblioteka"},"image":{"@id":"https:\/\/www.pavb.lt\/en\/#\/schema\/logo\/image\/"}}]}},"jetpack_sharing_enabled":true,"_links":{"self":[{"href":"https:\/\/www.pavb.lt\/en\/wp-json\/wp\/v2\/pages\/6517","targetHints":{"allow":["GET"]}}],"collection":[{"href":"https:\/\/www.pavb.lt\/en\/wp-json\/wp\/v2\/pages"}],"about":[{"href":"https:\/\/www.pavb.lt\/en\/wp-json\/wp\/v2\/types\/page"}],"author":[{"embeddable":true,"href":"https:\/\/www.pavb.lt\/en\/wp-json\/wp\/v2\/users\/1"}],"replies":[{"embeddable":true,"href":"https:\/\/www.pavb.lt\/en\/wp-json\/wp\/v2\/comments?post=6517"}],"version-history":[{"count":0,"href":"https:\/\/www.pavb.lt\/en\/wp-json\/wp\/v2\/pages\/6517\/revisions"}],"up":[{"embeddable":true,"href":"https:\/\/www.pavb.lt\/en\/wp-json\/wp\/v2\/pages\/6508"}],"wp:attachment":[{"href":"https:\/\/www.pavb.lt\/en\/wp-json\/wp\/v2\/media?parent=6517"}],"curies":[{"name":"wp","href":"https:\/\/api.w.org\/{rel}","templated":true}]}}