{"id":6514,"date":"2019-04-12T13:38:30","date_gmt":"2019-04-12T10:38:30","guid":{"rendered":"https:\/\/www.pavb.lt\/?page_id=6514"},"modified":"2019-04-18T15:29:49","modified_gmt":"2019-04-18T12:29:49","slug":"digitalised-cultural-heritage-of-panevezys-region","status":"publish","type":"page","link":"https:\/\/www.pavb.lt\/en\/panevezys-region-heritage\/main-information\/digitalised-cultural-heritage-of-panevezys-region\/","title":{"rendered":"Digital Cultural Heritage of Panev\u0117\u017eys Region"},"content":{"rendered":"\n<p>In 2010 the library became a\npartner in a national project \u201cThe Development of electronic heritage system\u201d (\u201eVirtualaus\nelektroninio paveldo sistemos pl\u0117tra\u201c) and acquired the equipment needed for digitalization\nof its cultural heritage. <\/p>\n\n\n\n<p>A special department was\nestablished to prepare the library\u2019s digitalization strategy and to create open\naccess digital archive of Panev\u0117\u017eys cultural heritage. <\/p>\n\n\n\n<p>Due to its IT, necessary\nprograms, and a team of qualified specialists, the library has become digitalisation\ncompetence centre of the region. It has the following functions:<\/p>\n\n\n\n<ul class=\"wp-block-list\"><li>to coordinate digitalisation processes in the region\u2019s\nlibraries, train specialists and provide methodological assistance;<\/li><li>to provide cultural heritage digitalisation services\nto the region\u2019s libraries;<\/li><li>to create regional digital collection and to integrate\nits content into the system of Lithuania\u2019s virtual cultural heritage <a href=\"http:\/\/www.epaveldas.lt\">www.epaveldas.lt<\/a>. <\/li><\/ul>\n","protected":false},"excerpt":{"rendered":"<p>In 2010 the library became a partner in a national project \u201cThe Development of electronic heritage system\u201d (\u201eVirtualaus elektroninio paveldo sistemos pl\u0117tra\u201c) and acquired the equipment needed for digitalization of its cultural heritage. A special department was established to prepare the library\u2019s digitalization strategy and to create open access digital archive of Panev\u0117\u017eys cultural heritage&#8230;&#8230; <a class=\"moretag\" href=\"https:\/\/www.pavb.lt\/en\/panevezys-region-heritage\/main-information\/digitalised-cultural-heritage-of-panevezys-region\/\">Read More<\/a><\/p>\n","protected":false},"author":1,"featured_media":0,"parent":6508,"menu_order":3,"comment_status":"closed","ping_status":"closed","template":"","meta":{"_acf_changed":false,"footnotes":""},"class_list":["post-6514","page","type-page","status-publish","hentry"],"acf":[],"yoast_head":"<!-- This site is optimized with the Yoast SEO plugin v27.3 - https:\/\/yoast.com\/product\/yoast-seo-wordpress\/ -->\n<title>Digital Cultural Heritage of Panev\u0117\u017eys Region - Panevezys County Gabriele Petkevicaite-Bite Public Library<\/title>\n<meta name=\"robots\" content=\"index, follow, max-snippet:-1, max-image-preview:large, max-video-preview:-1\" \/>\n<link rel=\"canonical\" href=\"https:\/\/www.pavb.lt\/en\/panevezys-region-heritage\/main-information\/digitalised-cultural-heritage-of-panevezys-region\/\" \/>\n<meta property=\"og:locale\" content=\"en_US\" \/>\n<meta property=\"og:type\" content=\"article\" \/>\n<meta property=\"og:title\" content=\"Digital Cultural Heritage of Panev\u0117\u017eys Region - Panevezys County Gabriele Petkevicaite-Bite Public Library\" \/>\n<meta property=\"og:description\" content=\"In 2010 the library became a partner in a national project \u201cThe Development of electronic heritage system\u201d (\u201eVirtualaus elektroninio paveldo sistemos pl\u0117tra\u201c) and acquired the equipment needed for digitalization of its cultural heritage. A special department was established to prepare the library\u2019s digitalization strategy and to create open access digital archive of Panev\u0117\u017eys cultural heritage...... Read More\" \/>\n<meta property=\"og:url\" content=\"https:\/\/www.pavb.lt\/en\/panevezys-region-heritage\/main-information\/digitalised-cultural-heritage-of-panevezys-region\/\" \/>\n<meta property=\"og:site_name\" content=\"Panevezys County Gabriele Petkevicaite-Bite Public Library\" \/>\n<meta property=\"article:modified_time\" content=\"2019-04-18T12:29:49+00:00\" \/>\n<meta name=\"twitter:card\" content=\"summary_large_image\" \/>\n<script type=\"application\/ld+json\" class=\"yoast-schema-graph\">{\"@context\":\"https:\\\/\\\/schema.org\",\"@graph\":[{\"@type\":\"WebPage\",\"@id\":\"https:\\\/\\\/www.pavb.lt\\\/en\\\/panevezys-region-heritage\\\/main-information\\\/digitalised-cultural-heritage-of-panevezys-region\\\/\",\"url\":\"https:\\\/\\\/www.pavb.lt\\\/en\\\/panevezys-region-heritage\\\/main-information\\\/digitalised-cultural-heritage-of-panevezys-region\\\/\",\"name\":\"Digital Cultural Heritage of Panev\u0117\u017eys Region - Panevezys County Gabriele Petkevicaite-Bite Public Library\",\"isPartOf\":{\"@id\":\"https:\\\/\\\/www.pavb.lt\\\/en\\\/#website\"},\"datePublished\":\"2019-04-12T10:38:30+00:00\",\"dateModified\":\"2019-04-18T12:29:49+00:00\",\"breadcrumb\":{\"@id\":\"https:\\\/\\\/www.pavb.lt\\\/en\\\/panevezys-region-heritage\\\/main-information\\\/digitalised-cultural-heritage-of-panevezys-region\\\/#breadcrumb\"},\"inLanguage\":\"en-US\",\"potentialAction\":[{\"@type\":\"ReadAction\",\"target\":[\"https:\\\/\\\/www.pavb.lt\\\/en\\\/panevezys-region-heritage\\\/main-information\\\/digitalised-cultural-heritage-of-panevezys-region\\\/\"]}]},{\"@type\":\"BreadcrumbList\",\"@id\":\"https:\\\/\\\/www.pavb.lt\\\/en\\\/panevezys-region-heritage\\\/main-information\\\/digitalised-cultural-heritage-of-panevezys-region\\\/#breadcrumb\",\"itemListElement\":[{\"@type\":\"ListItem\",\"position\":1,\"name\":\"Home\",\"item\":\"https:\\\/\\\/www.pavb.lt\\\/en\\\/\"},{\"@type\":\"ListItem\",\"position\":2,\"name\":\"Panev\u0117\u017eys Region Cultural Heritage\",\"item\":\"https:\\\/\\\/www.pavb.lt\\\/en\\\/panevezys-region-heritage\\\/\"},{\"@type\":\"ListItem\",\"position\":3,\"name\":\"Main information\",\"item\":\"https:\\\/\\\/www.pavb.lt\\\/en\\\/panevezys-region-heritage\\\/main-information\\\/\"},{\"@type\":\"ListItem\",\"position\":4,\"name\":\"Digital Cultural Heritage of Panev\u0117\u017eys Region\"}]},{\"@type\":\"WebSite\",\"@id\":\"https:\\\/\\\/www.pavb.lt\\\/en\\\/#website\",\"url\":\"https:\\\/\\\/www.pavb.lt\\\/en\\\/\",\"name\":\"Panevezys County Gabriele Petkevicaite-Bite Public Library\",\"description\":\"Here is your Library!\",\"publisher\":{\"@id\":\"https:\\\/\\\/www.pavb.lt\\\/en\\\/#organization\"},\"potentialAction\":[{\"@type\":\"SearchAction\",\"target\":{\"@type\":\"EntryPoint\",\"urlTemplate\":\"https:\\\/\\\/www.pavb.lt\\\/en\\\/?s={search_term_string}\"},\"query-input\":{\"@type\":\"PropertyValueSpecification\",\"valueRequired\":true,\"valueName\":\"search_term_string\"}}],\"inLanguage\":\"en-US\"},{\"@type\":\"Organization\",\"@id\":\"https:\\\/\\\/www.pavb.lt\\\/en\\\/#organization\",\"name\":\"Panev\u0117\u017eio apskrities Gabriel\u0117s Petkevi\u010dait\u0117s-Bit\u0117s vie\u0161oji biblioteka\",\"url\":\"https:\\\/\\\/www.pavb.lt\\\/en\\\/\",\"logo\":{\"@type\":\"ImageObject\",\"inLanguage\":\"en-US\",\"@id\":\"https:\\\/\\\/www.pavb.lt\\\/en\\\/#\\\/schema\\\/logo\\\/image\\\/\",\"url\":\"https:\\\/\\\/www.pavb.lt\\\/wp-content\\\/uploads\\\/2017\\\/11\\\/pavb-logo.png\",\"contentUrl\":\"https:\\\/\\\/www.pavb.lt\\\/wp-content\\\/uploads\\\/2017\\\/11\\\/pavb-logo.png\",\"width\":512,\"height\":512,\"caption\":\"Panev\u0117\u017eio apskrities Gabriel\u0117s Petkevi\u010dait\u0117s-Bit\u0117s vie\u0161oji biblioteka\"},\"image\":{\"@id\":\"https:\\\/\\\/www.pavb.lt\\\/en\\\/#\\\/schema\\\/logo\\\/image\\\/\"}}]}<\/script>\n<!-- \/ Yoast SEO plugin. -->","yoast_head_json":{"title":"Digital Cultural Heritage of Panev\u0117\u017eys Region - Panevezys County Gabriele Petkevicaite-Bite Public Library","robots":{"index":"index","follow":"follow","max-snippet":"max-snippet:-1","max-image-preview":"max-image-preview:large","max-video-preview":"max-video-preview:-1"},"canonical":"https:\/\/www.pavb.lt\/en\/panevezys-region-heritage\/main-information\/digitalised-cultural-heritage-of-panevezys-region\/","og_locale":"en_US","og_type":"article","og_title":"Digital Cultural Heritage of Panev\u0117\u017eys Region - Panevezys County Gabriele Petkevicaite-Bite Public Library","og_description":"In 2010 the library became a partner in a national project \u201cThe Development of electronic heritage system\u201d (\u201eVirtualaus elektroninio paveldo sistemos pl\u0117tra\u201c) and acquired the equipment needed for digitalization of its cultural heritage. A special department was established to prepare the library\u2019s digitalization strategy and to create open access digital archive of Panev\u0117\u017eys cultural heritage...... Read More","og_url":"https:\/\/www.pavb.lt\/en\/panevezys-region-heritage\/main-information\/digitalised-cultural-heritage-of-panevezys-region\/","og_site_name":"Panevezys County Gabriele Petkevicaite-Bite Public Library","article_modified_time":"2019-04-18T12:29:49+00:00","twitter_card":"summary_large_image","schema":{"@context":"https:\/\/schema.org","@graph":[{"@type":"WebPage","@id":"https:\/\/www.pavb.lt\/en\/panevezys-region-heritage\/main-information\/digitalised-cultural-heritage-of-panevezys-region\/","url":"https:\/\/www.pavb.lt\/en\/panevezys-region-heritage\/main-information\/digitalised-cultural-heritage-of-panevezys-region\/","name":"Digital Cultural Heritage of Panev\u0117\u017eys Region - Panevezys County Gabriele Petkevicaite-Bite Public Library","isPartOf":{"@id":"https:\/\/www.pavb.lt\/en\/#website"},"datePublished":"2019-04-12T10:38:30+00:00","dateModified":"2019-04-18T12:29:49+00:00","breadcrumb":{"@id":"https:\/\/www.pavb.lt\/en\/panevezys-region-heritage\/main-information\/digitalised-cultural-heritage-of-panevezys-region\/#breadcrumb"},"inLanguage":"en-US","potentialAction":[{"@type":"ReadAction","target":["https:\/\/www.pavb.lt\/en\/panevezys-region-heritage\/main-information\/digitalised-cultural-heritage-of-panevezys-region\/"]}]},{"@type":"BreadcrumbList","@id":"https:\/\/www.pavb.lt\/en\/panevezys-region-heritage\/main-information\/digitalised-cultural-heritage-of-panevezys-region\/#breadcrumb","itemListElement":[{"@type":"ListItem","position":1,"name":"Home","item":"https:\/\/www.pavb.lt\/en\/"},{"@type":"ListItem","position":2,"name":"Panev\u0117\u017eys Region Cultural Heritage","item":"https:\/\/www.pavb.lt\/en\/panevezys-region-heritage\/"},{"@type":"ListItem","position":3,"name":"Main information","item":"https:\/\/www.pavb.lt\/en\/panevezys-region-heritage\/main-information\/"},{"@type":"ListItem","position":4,"name":"Digital Cultural Heritage of Panev\u0117\u017eys Region"}]},{"@type":"WebSite","@id":"https:\/\/www.pavb.lt\/en\/#website","url":"https:\/\/www.pavb.lt\/en\/","name":"Panevezys County Gabriele Petkevicaite-Bite Public Library","description":"Here is your Library!","publisher":{"@id":"https:\/\/www.pavb.lt\/en\/#organization"},"potentialAction":[{"@type":"SearchAction","target":{"@type":"EntryPoint","urlTemplate":"https:\/\/www.pavb.lt\/en\/?s={search_term_string}"},"query-input":{"@type":"PropertyValueSpecification","valueRequired":true,"valueName":"search_term_string"}}],"inLanguage":"en-US"},{"@type":"Organization","@id":"https:\/\/www.pavb.lt\/en\/#organization","name":"Panev\u0117\u017eio apskrities Gabriel\u0117s Petkevi\u010dait\u0117s-Bit\u0117s vie\u0161oji biblioteka","url":"https:\/\/www.pavb.lt\/en\/","logo":{"@type":"ImageObject","inLanguage":"en-US","@id":"https:\/\/www.pavb.lt\/en\/#\/schema\/logo\/image\/","url":"https:\/\/www.pavb.lt\/wp-content\/uploads\/2017\/11\/pavb-logo.png","contentUrl":"https:\/\/www.pavb.lt\/wp-content\/uploads\/2017\/11\/pavb-logo.png","width":512,"height":512,"caption":"Panev\u0117\u017eio apskrities Gabriel\u0117s Petkevi\u010dait\u0117s-Bit\u0117s vie\u0161oji biblioteka"},"image":{"@id":"https:\/\/www.pavb.lt\/en\/#\/schema\/logo\/image\/"}}]}},"jetpack_sharing_enabled":true,"_links":{"self":[{"href":"https:\/\/www.pavb.lt\/en\/wp-json\/wp\/v2\/pages\/6514","targetHints":{"allow":["GET"]}}],"collection":[{"href":"https:\/\/www.pavb.lt\/en\/wp-json\/wp\/v2\/pages"}],"about":[{"href":"https:\/\/www.pavb.lt\/en\/wp-json\/wp\/v2\/types\/page"}],"author":[{"embeddable":true,"href":"https:\/\/www.pavb.lt\/en\/wp-json\/wp\/v2\/users\/1"}],"replies":[{"embeddable":true,"href":"https:\/\/www.pavb.lt\/en\/wp-json\/wp\/v2\/comments?post=6514"}],"version-history":[{"count":0,"href":"https:\/\/www.pavb.lt\/en\/wp-json\/wp\/v2\/pages\/6514\/revisions"}],"up":[{"embeddable":true,"href":"https:\/\/www.pavb.lt\/en\/wp-json\/wp\/v2\/pages\/6508"}],"wp:attachment":[{"href":"https:\/\/www.pavb.lt\/en\/wp-json\/wp\/v2\/media?parent=6514"}],"curies":[{"name":"wp","href":"https:\/\/api.w.org\/{rel}","templated":true}]}}