{"id":6505,"date":"2019-02-12T08:41:43","date_gmt":"2019-02-12T06:41:43","guid":{"rendered":"https:\/\/www.pavb.lt\/?page_id=6505"},"modified":"2024-01-18T15:23:57","modified_gmt":"2024-01-18T13:23:57","slug":"personalities","status":"publish","type":"page","link":"https:\/\/www.pavb.lt\/en\/panevezys-region-heritage\/main-information\/personalities\/","title":{"rendered":"Personalities"},"content":{"rendered":"\n<p><strong><a href=\"https:\/\/www.pavb.lt\/wp-content\/uploads\/2019\/02\/Gabriel\u0117-Petkevi\u010dait\u0117-Bit\u0117.-1890-m.-LLTI-MB-Apl.-394-Inv.-Nr.-11170.jpg\"><img loading=\"lazy\" decoding=\"async\" data-attachment-id=\"1528\" data-permalink=\"https:\/\/www.pavb.lt\/en\/panevezys-region-heritage\/main-information\/personalities\/gabriele-petkevicaite-bite-1890-m-llti-mb-apl-394-inv-nr-11170-2\/\" data-orig-file=\"https:\/\/www.pavb.lt\/wp-content\/uploads\/2019\/02\/Gabriel\u0117-Petkevi\u010dait\u0117-Bit\u0117.-1890-m.-LLTI-MB-Apl.-394-Inv.-Nr.-11170.jpg\" data-orig-size=\"243,412\" data-comments-opened=\"0\" data-image-meta=\"{&quot;aperture&quot;:&quot;0&quot;,&quot;credit&quot;:&quot;&quot;,&quot;camera&quot;:&quot;&quot;,&quot;caption&quot;:&quot;&quot;,&quot;created_timestamp&quot;:&quot;0&quot;,&quot;copyright&quot;:&quot;&quot;,&quot;focal_length&quot;:&quot;0&quot;,&quot;iso&quot;:&quot;0&quot;,&quot;shutter_speed&quot;:&quot;0&quot;,&quot;title&quot;:&quot;&quot;,&quot;orientation&quot;:&quot;0&quot;}\" data-image-title=\"Gabriel\u0117-Petkevi\u010dait\u0117-Bit\u0117.-1890-m.-LLTI-MB-Apl.-394-Inv.-Nr.-11170\" data-image-description=\"\" data-image-caption=\"\" data-large-file=\"https:\/\/www.pavb.lt\/wp-content\/uploads\/2019\/02\/Gabriel\u0117-Petkevi\u010dait\u0117-Bit\u0117.-1890-m.-LLTI-MB-Apl.-394-Inv.-Nr.-11170.jpg\" class=\"alignleft size-medium wp-image-1528\" src=\"https:\/\/www.pavb.lt\/wp-content\/uploads\/2019\/02\/Gabriel\u0117-Petkevi\u010dait\u0117-Bit\u0117.-1890-m.-LLTI-MB-Apl.-394-Inv.-Nr.-11170-177x300.jpg\" alt=\"Gabriel\u0117-Petkevi\u010dait\u0117-Bit\u0117.-1890-m.-LLTI-MB-Apl.-394-Inv.-Nr.-11170\" width=\"177\" height=\"300\" srcset=\"https:\/\/www.pavb.lt\/wp-content\/uploads\/2019\/02\/Gabriel\u0117-Petkevi\u010dait\u0117-Bit\u0117.-1890-m.-LLTI-MB-Apl.-394-Inv.-Nr.-11170-177x300.jpg 177w, https:\/\/www.pavb.lt\/wp-content\/uploads\/2019\/02\/Gabriel\u0117-Petkevi\u010dait\u0117-Bit\u0117.-1890-m.-LLTI-MB-Apl.-394-Inv.-Nr.-11170.jpg 243w\" sizes=\"auto, (max-width: 177px) 100vw, 177px\" \/><\/a>Gabriel\u0117 Petkevi\u010dait\u0117-Bit\u0117<\/strong><\/p>\n\n\n\n<p>Born March 30, 1861 in Puzini\u0161kis\n(Panev\u0117\u017eys dist.) \u2013 died June 14, 1943 in Panev\u0117\u017eys.<\/p>\n\n\n\n<p>G. Petkevi\u010dait\u0117-Bit\u0117 was a writer, publicist, teacher, public figure,\nphilanthropist. Since 1914 she lived in Panev\u0117\u017eys and in\nPuzini\u0161kis, from 1919 to 1924 she taught in Panev\u0117\u017eys boys\u2019 gymnasium. From 1920 to 1922 G.\nPetkevi\u010dait\u0117-Bit\u0117 was a member of Constituent Assembly of Lithuania and a\nchairperson of its first meeting. She wrote short stories, plays, and a novel\nas well as memoirs and various articles. <\/p>\n\n\n\n<p>In 1929 the writer was awarded with the 3<sup>rd<\/sup>\ndegree Order of the Lithuanian Grand Duke Gediminas, in 1936 with the 1<sup>st<\/sup>\ndegree Order of the Lithuanian Grand Duke Gediminas. G. Petkevi\u010dait\u0117-Bit\u0117 was\nannounced the honorary citizen of Panev\u0117\u017eys and Panev\u0117\u017eys district in 2011.<\/p>\n\n\n\n<p>In 1989 Panev\u0117\u017eys public library was given Gabriel\u0117\nPetkevi\u010dait\u0117-Bit\u0117\u2019s name (now Panev\u0117\u017eys County Gabriel\u0117 Petkevi\u010dait\u0117-Bit\u0117\nPublic Library). <\/p>\n\n\n\n<p><a href=\"https:\/\/paneveziokrastas.pavb.lt\/virtuali-fotoparoda\/gabriele-petkevicaite-bite-2\/\" target=\"_blank\" rel=\"noreferrer noopener\" aria-label=\"Virtual exhibition Gabriel\u0117 Petkevi\u010dait\u0117-Bit\u0117 (atidaroma naujame nar\u0161ykl\u0117s skirtuke)\">Virtual exhibition Gabriel\u0117 Petkevi\u010dait\u0117-Bit\u0117<\/a><\/p>\n\n\n\n<p><strong><a href=\"https:\/\/www.pavb.lt\/wp-content\/uploads\/2019\/07\/Kazimieras-Barenas.jpg\"><img loading=\"lazy\" decoding=\"async\" data-attachment-id=\"10258\" data-permalink=\"https:\/\/www.pavb.lt\/en\/panevezys-region-heritage\/main-information\/personalities\/kazimieras-barenas-3-2\/\" data-orig-file=\"https:\/\/www.pavb.lt\/wp-content\/uploads\/2019\/07\/Kazimieras-Barenas.jpg\" data-orig-size=\"630,636\" data-comments-opened=\"0\" data-image-meta=\"{&quot;aperture&quot;:&quot;0&quot;,&quot;credit&quot;:&quot;&quot;,&quot;camera&quot;:&quot;&quot;,&quot;caption&quot;:&quot;&quot;,&quot;created_timestamp&quot;:&quot;0&quot;,&quot;copyright&quot;:&quot;&quot;,&quot;focal_length&quot;:&quot;0&quot;,&quot;iso&quot;:&quot;0&quot;,&quot;shutter_speed&quot;:&quot;0&quot;,&quot;title&quot;:&quot;&quot;,&quot;orientation&quot;:&quot;0&quot;}\" data-image-title=\"Kazimieras Barenas\" data-image-description=\"\" data-image-caption=\"\" data-large-file=\"https:\/\/www.pavb.lt\/wp-content\/uploads\/2019\/07\/Kazimieras-Barenas.jpg\" class=\"alignleft size-medium wp-image-10258\" src=\"https:\/\/www.pavb.lt\/wp-content\/uploads\/2019\/07\/Kazimieras-Barenas-297x300.jpg\" alt=\"\" width=\"297\" height=\"300\" srcset=\"https:\/\/www.pavb.lt\/wp-content\/uploads\/2019\/07\/Kazimieras-Barenas-297x300.jpg 297w, https:\/\/www.pavb.lt\/wp-content\/uploads\/2019\/07\/Kazimieras-Barenas.jpg 630w\" sizes=\"auto, (max-width: 297px) 100vw, 297px\" \/><\/a>Kazimieras Bar\u0117nas<\/strong><\/p>\n\n\n\n<p>Born January 12, 1908 in Stanioniai (Panev\u0117\u017eys dist.)\n\u2013 died March 17, 2006 in London (Great Britain).<\/p>\n\n\n\n<p>K. Bar\u0117nas was a writer, editor, and publisher. In\n1944 he moved West and worked in various German, later English press offices.\nHe was the head of the publishing house \u201cNidos knyg\u0173 klubas\u201d, published and\nedited literary magazine \u201cPradalg\u0117s\u201d. K. Bar\u0117nas published a few collections of\nshort stories as well as a couple of novels, he was the editor of the book\n\u201cBritanijos lietuviai\u201d (\u201cBritain\u2019s Lithuanians\u201d).<\/p>\n\n\n\n<p>In 1997 the writer was awarded with the 4<sup>th<\/sup>\ndegree Order of the Lithuanian Grand Duke Gediminas. <\/p>\n\n\n\n<p>K. Bar\u0117nas gifted his personal library and manuscript\narchive to Panev\u0117\u017eys county Gabriel\u0117 Petkevi\u010dait\u0117-Bit\u0117 Public Library. In 2007,\nfollowing Marija and Kazimieras Bar\u0117nas\u2019 wish to encourage young talented\nwriters, the library established Kazimieras Bar\u0117nas\u2019 Literary Prize. The award\nceremony is held in the library every year. <\/p>\n\n\n\n<p><strong><a href=\"https:\/\/www.pavb.lt\/wp-content\/uploads\/2020\/01\/Miltinis.jpg\"><img loading=\"lazy\" decoding=\"async\" data-attachment-id=\"18618\" data-permalink=\"https:\/\/www.pavb.lt\/en\/panevezys-region-heritage\/main-information\/personalities\/miltinis\/\" data-orig-file=\"https:\/\/www.pavb.lt\/wp-content\/uploads\/2020\/01\/Miltinis.jpg\" data-orig-size=\"1012,1200\" data-comments-opened=\"0\" data-image-meta=\"{&quot;aperture&quot;:&quot;0&quot;,&quot;credit&quot;:&quot;&quot;,&quot;camera&quot;:&quot;&quot;,&quot;caption&quot;:&quot;&quot;,&quot;created_timestamp&quot;:&quot;0&quot;,&quot;copyright&quot;:&quot;&quot;,&quot;focal_length&quot;:&quot;0&quot;,&quot;iso&quot;:&quot;0&quot;,&quot;shutter_speed&quot;:&quot;0&quot;,&quot;title&quot;:&quot;&quot;,&quot;orientation&quot;:&quot;0&quot;}\" data-image-title=\"Juozas Miltinis\" data-image-description=\"\" data-image-caption=\"\" data-large-file=\"https:\/\/www.pavb.lt\/wp-content\/uploads\/2020\/01\/Miltinis-864x1024.jpg\" class=\"alignleft size-medium wp-image-18618\" src=\"https:\/\/www.pavb.lt\/wp-content\/uploads\/2020\/01\/Miltinis-253x300.jpg\" alt=\"Juozas Miltinis\" width=\"253\" height=\"300\" srcset=\"https:\/\/www.pavb.lt\/wp-content\/uploads\/2020\/01\/Miltinis-253x300.jpg 253w, https:\/\/www.pavb.lt\/wp-content\/uploads\/2020\/01\/Miltinis-864x1024.jpg 864w, https:\/\/www.pavb.lt\/wp-content\/uploads\/2020\/01\/Miltinis-768x911.jpg 768w, https:\/\/www.pavb.lt\/wp-content\/uploads\/2020\/01\/Miltinis.jpg 1012w\" sizes=\"auto, (max-width: 253px) 100vw, 253px\" \/><\/a>Juozas Miltinis<\/strong><\/p>\n\n\n\n<p>Born September 3, 1907 in Dabikin\u0117 (Akmen\u0117 dist.) \u2013\ndied July 13, 1994 in Panev\u0117\u017eys.<\/p>\n\n\n\n<p>J. Miltinis was theater and cinema actor, theater\ndirector, who created intellectual, philosophical theater. He established\nPanev\u0117\u017eys Drama Theater and during 1940\u20131980 was its art director, senior stage\ndirector, and the head of acting studio. He directed around 80 plays.<\/p>\n\n\n\n<p>In 1980 the director was announced the honorary\ncitizen of Panev\u0117\u017eys, in 1994 he was awarded with the Order of the Lithuanian\nGrand Duke Gediminas, and in 1995 with the France\u2019s Order of Chivalry of Art\nand Letters (Ordre des Arts et des\nLettres).<\/p>\n\n\n\n<p>According to the will J. Miltinis left his apartment, art collection, personal library, and manuscript to Panev\u0117\u017eys County Gabriel\u0117 Petkevi\u010dait\u0117-Bit\u0117 Public library. In 1996 the library established Juozas Miltinis Heritage Study Center. It is called Juozas Miltinis Memorial Apartment now. Memorial Apartment boasts Juozas Miltinis fund, which was included in Lithuanian National Register \u201cPasaulio atmintis\u201d and announced to be of national significance. <\/p>\n\n\n\n<p><a href=\"http:\/\/www.miltinis.lt\/\" target=\"_blank\" rel=\"noreferrer noopener\" aria-label=\"Digital Juozas Miltinis archive (atidaroma naujame nar\u0161ykl\u0117s skirtuke)\">Digital Juozas Miltinis archive<\/a><\/p>\n\n\n\n<p><strong><a href=\"https:\/\/www.pavb.lt\/wp-content\/uploads\/2019\/02\/Juozas-Urb\u0161ys.jpg\"><img loading=\"lazy\" decoding=\"async\" data-attachment-id=\"1616\" data-permalink=\"https:\/\/www.pavb.lt\/en\/panevezys-region-heritage\/main-information\/personalities\/juozas-urbsys-2\/\" data-orig-file=\"https:\/\/www.pavb.lt\/wp-content\/uploads\/2019\/02\/Juozas-Urb\u0161ys.jpg\" data-orig-size=\"846,1200\" data-comments-opened=\"0\" data-image-meta=\"{&quot;aperture&quot;:&quot;0&quot;,&quot;credit&quot;:&quot;&quot;,&quot;camera&quot;:&quot;&quot;,&quot;caption&quot;:&quot;&quot;,&quot;created_timestamp&quot;:&quot;0&quot;,&quot;copyright&quot;:&quot;&quot;,&quot;focal_length&quot;:&quot;0&quot;,&quot;iso&quot;:&quot;0&quot;,&quot;shutter_speed&quot;:&quot;0&quot;,&quot;title&quot;:&quot;&quot;,&quot;orientation&quot;:&quot;0&quot;}\" data-image-title=\"Juozas-Urb\u0161ys\" data-image-description=\"\" data-image-caption=\"\" data-large-file=\"https:\/\/www.pavb.lt\/wp-content\/uploads\/2019\/02\/Juozas-Urb\u0161ys-722x1024.jpg\" class=\"alignleft size-medium wp-image-1616\" src=\"https:\/\/www.pavb.lt\/wp-content\/uploads\/2019\/02\/Juozas-Urb\u0161ys-212x300.jpg\" alt=\"Juozas Urb\u0161ys\" width=\"212\" height=\"300\" srcset=\"https:\/\/www.pavb.lt\/wp-content\/uploads\/2019\/02\/Juozas-Urb\u0161ys-212x300.jpg 212w, https:\/\/www.pavb.lt\/wp-content\/uploads\/2019\/02\/Juozas-Urb\u0161ys-768x1089.jpg 768w, https:\/\/www.pavb.lt\/wp-content\/uploads\/2019\/02\/Juozas-Urb\u0161ys-722x1024.jpg 722w, https:\/\/www.pavb.lt\/wp-content\/uploads\/2019\/02\/Juozas-Urb\u0161ys.jpg 846w\" sizes=\"auto, (max-width: 212px) 100vw, 212px\" \/><\/a>Juozas Urb\u0161ys <\/strong><\/p>\n\n\n\n<p>Born March 13, 1896 in \u0160eteniai (K\u0117daini\u0173 dist.) \u2013\ndied April 30, 1991 in Kaunas. <\/p>\n\n\n\n<p>J. Urb\u0161ys was a public figure, diplomat, soldier, and translator.\nFrom 1922 to 1934 he was working as a diplomat in Berlin, Paris, Riga. From\n1938 to 1940 he was the Minister of Foreign Affairs of Lithuania, from 1941 to 1956\nJ. Urb\u0161ys was held in exile by Soviets. <\/p>\n\n\n\n<p>Since 1921 J. Urb\u0161ys worked in Lithuanian and foreign\npress, wrote articles on politics, social issues, and culture. He translated\nliterary works from French language, published his own memoirs.<\/p>\n\n\n\n<p>In 1928 J. Urb\u0161ys was awarded with the 4<sup>th<\/sup>\ndegree Order of the Lithuanian Grand Duke Gediminas, in 1936 with the 2<sup>nd<\/sup>\ndegree Order of the Lithuanian Grand Duke Gediminas, in 1932 with the 4<sup>th<\/sup>\ndegree Order of Vytautas Magnus. In addition to that, he received orders and\nmedals from Estonia, Latvia, Sweden, France, Chile, and Vatican.<\/p>\n\n\n\n<p>In 2009, March 16 Juozas\nUrb\u0161ys Social Thinking and Culture Centre, belonging to Panev\u0117\u017eys\nCounty Gabriel\u0117 Petkevi\u010dait\u0117-Bit\u0117 Public Library, was established in Zaos\u0117\nfarmsted (\u010ci\u016br\u0173 village, Panev\u0117\u017eys dist.).<\/p>\n","protected":false},"excerpt":{"rendered":"<p>Gabriel\u0117 Petkevi\u010dait\u0117-Bit\u0117 Born March 30, 1861 in Puzini\u0161kis (Panev\u0117\u017eys dist.) \u2013 died June 14, 1943 in Panev\u0117\u017eys. G. Petkevi\u010dait\u0117-Bit\u0117 was a writer, publicist, teacher, public figure, philanthropist. Since 1914 she lived in Panev\u0117\u017eys and in Puzini\u0161kis, from 1919 to 1924 she taught in Panev\u0117\u017eys boys\u2019 gymnasium. From 1920 to 1922 G. Petkevi\u010dait\u0117-Bit\u0117 was a member&#8230;.. <a class=\"moretag\" href=\"https:\/\/www.pavb.lt\/en\/panevezys-region-heritage\/main-information\/personalities\/\">Read More<\/a><\/p>\n","protected":false},"author":1,"featured_media":0,"parent":6508,"menu_order":1,"comment_status":"closed","ping_status":"closed","template":"","meta":{"_acf_changed":false,"footnotes":""},"class_list":["post-6505","page","type-page","status-publish","hentry"],"acf":[],"yoast_head":"<!-- This site is optimized with the Yoast SEO plugin v27.3 - https:\/\/yoast.com\/product\/yoast-seo-wordpress\/ -->\n<title>Personalities - Panevezys County Gabriele Petkevicaite-Bite Public Library<\/title>\n<meta name=\"robots\" content=\"index, follow, max-snippet:-1, max-image-preview:large, max-video-preview:-1\" \/>\n<link rel=\"canonical\" href=\"https:\/\/www.pavb.lt\/en\/panevezys-region-heritage\/main-information\/personalities\/\" \/>\n<meta property=\"og:locale\" content=\"en_US\" \/>\n<meta property=\"og:type\" content=\"article\" \/>\n<meta property=\"og:title\" content=\"Personalities - Panevezys County Gabriele Petkevicaite-Bite Public Library\" \/>\n<meta property=\"og:description\" content=\"Gabriel\u0117 Petkevi\u010dait\u0117-Bit\u0117 Born March 30, 1861 in Puzini\u0161kis (Panev\u0117\u017eys dist.) \u2013 died June 14, 1943 in Panev\u0117\u017eys. G. Petkevi\u010dait\u0117-Bit\u0117 was a writer, publicist, teacher, public figure, philanthropist. Since 1914 she lived in Panev\u0117\u017eys and in Puzini\u0161kis, from 1919 to 1924 she taught in Panev\u0117\u017eys boys\u2019 gymnasium. From 1920 to 1922 G. Petkevi\u010dait\u0117-Bit\u0117 was a member..... Read More\" \/>\n<meta property=\"og:url\" content=\"https:\/\/www.pavb.lt\/en\/panevezys-region-heritage\/main-information\/personalities\/\" \/>\n<meta property=\"og:site_name\" content=\"Panevezys County Gabriele Petkevicaite-Bite Public Library\" \/>\n<meta property=\"article:modified_time\" content=\"2024-01-18T13:23:57+00:00\" \/>\n<meta property=\"og:image\" content=\"https:\/\/www.pavb.lt\/wp-content\/uploads\/2019\/07\/Kazimieras-Barenas-297x300.jpg\" \/>\n<meta name=\"twitter:card\" content=\"summary_large_image\" \/>\n<script type=\"application\/ld+json\" class=\"yoast-schema-graph\">{\"@context\":\"https:\\\/\\\/schema.org\",\"@graph\":[{\"@type\":\"WebPage\",\"@id\":\"https:\\\/\\\/www.pavb.lt\\\/en\\\/panevezys-region-heritage\\\/main-information\\\/personalities\\\/\",\"url\":\"https:\\\/\\\/www.pavb.lt\\\/en\\\/panevezys-region-heritage\\\/main-information\\\/personalities\\\/\",\"name\":\"Personalities - Panevezys County Gabriele Petkevicaite-Bite Public Library\",\"isPartOf\":{\"@id\":\"https:\\\/\\\/www.pavb.lt\\\/en\\\/#website\"},\"primaryImageOfPage\":{\"@id\":\"https:\\\/\\\/www.pavb.lt\\\/en\\\/panevezys-region-heritage\\\/main-information\\\/personalities\\\/#primaryimage\"},\"image\":{\"@id\":\"https:\\\/\\\/www.pavb.lt\\\/en\\\/panevezys-region-heritage\\\/main-information\\\/personalities\\\/#primaryimage\"},\"thumbnailUrl\":\"https:\\\/\\\/www.pavb.lt\\\/wp-content\\\/uploads\\\/2019\\\/07\\\/Kazimieras-Barenas-297x300.jpg\",\"datePublished\":\"2019-02-12T06:41:43+00:00\",\"dateModified\":\"2024-01-18T13:23:57+00:00\",\"breadcrumb\":{\"@id\":\"https:\\\/\\\/www.pavb.lt\\\/en\\\/panevezys-region-heritage\\\/main-information\\\/personalities\\\/#breadcrumb\"},\"inLanguage\":\"en-US\",\"potentialAction\":[{\"@type\":\"ReadAction\",\"target\":[\"https:\\\/\\\/www.pavb.lt\\\/en\\\/panevezys-region-heritage\\\/main-information\\\/personalities\\\/\"]}]},{\"@type\":\"ImageObject\",\"inLanguage\":\"en-US\",\"@id\":\"https:\\\/\\\/www.pavb.lt\\\/en\\\/panevezys-region-heritage\\\/main-information\\\/personalities\\\/#primaryimage\",\"url\":\"https:\\\/\\\/www.pavb.lt\\\/wp-content\\\/uploads\\\/2019\\\/07\\\/Kazimieras-Barenas-297x300.jpg\",\"contentUrl\":\"https:\\\/\\\/www.pavb.lt\\\/wp-content\\\/uploads\\\/2019\\\/07\\\/Kazimieras-Barenas-297x300.jpg\"},{\"@type\":\"BreadcrumbList\",\"@id\":\"https:\\\/\\\/www.pavb.lt\\\/en\\\/panevezys-region-heritage\\\/main-information\\\/personalities\\\/#breadcrumb\",\"itemListElement\":[{\"@type\":\"ListItem\",\"position\":1,\"name\":\"Home\",\"item\":\"https:\\\/\\\/www.pavb.lt\\\/en\\\/\"},{\"@type\":\"ListItem\",\"position\":2,\"name\":\"Panev\u0117\u017eys Region Cultural Heritage\",\"item\":\"https:\\\/\\\/www.pavb.lt\\\/en\\\/panevezys-region-heritage\\\/\"},{\"@type\":\"ListItem\",\"position\":3,\"name\":\"Main information\",\"item\":\"https:\\\/\\\/www.pavb.lt\\\/en\\\/panevezys-region-heritage\\\/main-information\\\/\"},{\"@type\":\"ListItem\",\"position\":4,\"name\":\"Personalities\"}]},{\"@type\":\"WebSite\",\"@id\":\"https:\\\/\\\/www.pavb.lt\\\/en\\\/#website\",\"url\":\"https:\\\/\\\/www.pavb.lt\\\/en\\\/\",\"name\":\"Panevezys County Gabriele Petkevicaite-Bite Public Library\",\"description\":\"Here is your Library!\",\"publisher\":{\"@id\":\"https:\\\/\\\/www.pavb.lt\\\/en\\\/#organization\"},\"potentialAction\":[{\"@type\":\"SearchAction\",\"target\":{\"@type\":\"EntryPoint\",\"urlTemplate\":\"https:\\\/\\\/www.pavb.lt\\\/en\\\/?s={search_term_string}\"},\"query-input\":{\"@type\":\"PropertyValueSpecification\",\"valueRequired\":true,\"valueName\":\"search_term_string\"}}],\"inLanguage\":\"en-US\"},{\"@type\":\"Organization\",\"@id\":\"https:\\\/\\\/www.pavb.lt\\\/en\\\/#organization\",\"name\":\"Panev\u0117\u017eio apskrities Gabriel\u0117s Petkevi\u010dait\u0117s-Bit\u0117s vie\u0161oji biblioteka\",\"url\":\"https:\\\/\\\/www.pavb.lt\\\/en\\\/\",\"logo\":{\"@type\":\"ImageObject\",\"inLanguage\":\"en-US\",\"@id\":\"https:\\\/\\\/www.pavb.lt\\\/en\\\/#\\\/schema\\\/logo\\\/image\\\/\",\"url\":\"https:\\\/\\\/www.pavb.lt\\\/wp-content\\\/uploads\\\/2017\\\/11\\\/pavb-logo.png\",\"contentUrl\":\"https:\\\/\\\/www.pavb.lt\\\/wp-content\\\/uploads\\\/2017\\\/11\\\/pavb-logo.png\",\"width\":512,\"height\":512,\"caption\":\"Panev\u0117\u017eio apskrities Gabriel\u0117s Petkevi\u010dait\u0117s-Bit\u0117s vie\u0161oji biblioteka\"},\"image\":{\"@id\":\"https:\\\/\\\/www.pavb.lt\\\/en\\\/#\\\/schema\\\/logo\\\/image\\\/\"}}]}<\/script>\n<!-- \/ Yoast SEO plugin. -->","yoast_head_json":{"title":"Personalities - Panevezys County Gabriele Petkevicaite-Bite Public Library","robots":{"index":"index","follow":"follow","max-snippet":"max-snippet:-1","max-image-preview":"max-image-preview:large","max-video-preview":"max-video-preview:-1"},"canonical":"https:\/\/www.pavb.lt\/en\/panevezys-region-heritage\/main-information\/personalities\/","og_locale":"en_US","og_type":"article","og_title":"Personalities - Panevezys County Gabriele Petkevicaite-Bite Public Library","og_description":"Gabriel\u0117 Petkevi\u010dait\u0117-Bit\u0117 Born March 30, 1861 in Puzini\u0161kis (Panev\u0117\u017eys dist.) \u2013 died June 14, 1943 in Panev\u0117\u017eys. G. Petkevi\u010dait\u0117-Bit\u0117 was a writer, publicist, teacher, public figure, philanthropist. Since 1914 she lived in Panev\u0117\u017eys and in Puzini\u0161kis, from 1919 to 1924 she taught in Panev\u0117\u017eys boys\u2019 gymnasium. From 1920 to 1922 G. Petkevi\u010dait\u0117-Bit\u0117 was a member..... Read More","og_url":"https:\/\/www.pavb.lt\/en\/panevezys-region-heritage\/main-information\/personalities\/","og_site_name":"Panevezys County Gabriele Petkevicaite-Bite Public Library","article_modified_time":"2024-01-18T13:23:57+00:00","og_image":[{"url":"https:\/\/www.pavb.lt\/wp-content\/uploads\/2019\/07\/Kazimieras-Barenas-297x300.jpg","type":"","width":"","height":""}],"twitter_card":"summary_large_image","schema":{"@context":"https:\/\/schema.org","@graph":[{"@type":"WebPage","@id":"https:\/\/www.pavb.lt\/en\/panevezys-region-heritage\/main-information\/personalities\/","url":"https:\/\/www.pavb.lt\/en\/panevezys-region-heritage\/main-information\/personalities\/","name":"Personalities - Panevezys County Gabriele Petkevicaite-Bite Public Library","isPartOf":{"@id":"https:\/\/www.pavb.lt\/en\/#website"},"primaryImageOfPage":{"@id":"https:\/\/www.pavb.lt\/en\/panevezys-region-heritage\/main-information\/personalities\/#primaryimage"},"image":{"@id":"https:\/\/www.pavb.lt\/en\/panevezys-region-heritage\/main-information\/personalities\/#primaryimage"},"thumbnailUrl":"https:\/\/www.pavb.lt\/wp-content\/uploads\/2019\/07\/Kazimieras-Barenas-297x300.jpg","datePublished":"2019-02-12T06:41:43+00:00","dateModified":"2024-01-18T13:23:57+00:00","breadcrumb":{"@id":"https:\/\/www.pavb.lt\/en\/panevezys-region-heritage\/main-information\/personalities\/#breadcrumb"},"inLanguage":"en-US","potentialAction":[{"@type":"ReadAction","target":["https:\/\/www.pavb.lt\/en\/panevezys-region-heritage\/main-information\/personalities\/"]}]},{"@type":"ImageObject","inLanguage":"en-US","@id":"https:\/\/www.pavb.lt\/en\/panevezys-region-heritage\/main-information\/personalities\/#primaryimage","url":"https:\/\/www.pavb.lt\/wp-content\/uploads\/2019\/07\/Kazimieras-Barenas-297x300.jpg","contentUrl":"https:\/\/www.pavb.lt\/wp-content\/uploads\/2019\/07\/Kazimieras-Barenas-297x300.jpg"},{"@type":"BreadcrumbList","@id":"https:\/\/www.pavb.lt\/en\/panevezys-region-heritage\/main-information\/personalities\/#breadcrumb","itemListElement":[{"@type":"ListItem","position":1,"name":"Home","item":"https:\/\/www.pavb.lt\/en\/"},{"@type":"ListItem","position":2,"name":"Panev\u0117\u017eys Region Cultural Heritage","item":"https:\/\/www.pavb.lt\/en\/panevezys-region-heritage\/"},{"@type":"ListItem","position":3,"name":"Main information","item":"https:\/\/www.pavb.lt\/en\/panevezys-region-heritage\/main-information\/"},{"@type":"ListItem","position":4,"name":"Personalities"}]},{"@type":"WebSite","@id":"https:\/\/www.pavb.lt\/en\/#website","url":"https:\/\/www.pavb.lt\/en\/","name":"Panevezys County Gabriele Petkevicaite-Bite Public Library","description":"Here is your Library!","publisher":{"@id":"https:\/\/www.pavb.lt\/en\/#organization"},"potentialAction":[{"@type":"SearchAction","target":{"@type":"EntryPoint","urlTemplate":"https:\/\/www.pavb.lt\/en\/?s={search_term_string}"},"query-input":{"@type":"PropertyValueSpecification","valueRequired":true,"valueName":"search_term_string"}}],"inLanguage":"en-US"},{"@type":"Organization","@id":"https:\/\/www.pavb.lt\/en\/#organization","name":"Panev\u0117\u017eio apskrities Gabriel\u0117s Petkevi\u010dait\u0117s-Bit\u0117s vie\u0161oji biblioteka","url":"https:\/\/www.pavb.lt\/en\/","logo":{"@type":"ImageObject","inLanguage":"en-US","@id":"https:\/\/www.pavb.lt\/en\/#\/schema\/logo\/image\/","url":"https:\/\/www.pavb.lt\/wp-content\/uploads\/2017\/11\/pavb-logo.png","contentUrl":"https:\/\/www.pavb.lt\/wp-content\/uploads\/2017\/11\/pavb-logo.png","width":512,"height":512,"caption":"Panev\u0117\u017eio apskrities Gabriel\u0117s Petkevi\u010dait\u0117s-Bit\u0117s vie\u0161oji biblioteka"},"image":{"@id":"https:\/\/www.pavb.lt\/en\/#\/schema\/logo\/image\/"}}]}},"jetpack_sharing_enabled":true,"_links":{"self":[{"href":"https:\/\/www.pavb.lt\/en\/wp-json\/wp\/v2\/pages\/6505","targetHints":{"allow":["GET"]}}],"collection":[{"href":"https:\/\/www.pavb.lt\/en\/wp-json\/wp\/v2\/pages"}],"about":[{"href":"https:\/\/www.pavb.lt\/en\/wp-json\/wp\/v2\/types\/page"}],"author":[{"embeddable":true,"href":"https:\/\/www.pavb.lt\/en\/wp-json\/wp\/v2\/users\/1"}],"replies":[{"embeddable":true,"href":"https:\/\/www.pavb.lt\/en\/wp-json\/wp\/v2\/comments?post=6505"}],"version-history":[{"count":0,"href":"https:\/\/www.pavb.lt\/en\/wp-json\/wp\/v2\/pages\/6505\/revisions"}],"up":[{"embeddable":true,"href":"https:\/\/www.pavb.lt\/en\/wp-json\/wp\/v2\/pages\/6508"}],"wp:attachment":[{"href":"https:\/\/www.pavb.lt\/en\/wp-json\/wp\/v2\/media?parent=6505"}],"curies":[{"name":"wp","href":"https:\/\/api.w.org\/{rel}","templated":true}]}}