{"id":629,"date":"2018-12-13T12:05:11","date_gmt":"2018-12-13T10:05:11","guid":{"rendered":"https:\/\/www.pavb.lt\/?page_id=629"},"modified":"2019-03-26T08:59:09","modified_gmt":"2019-03-26T06:59:09","slug":"photo-gallery","status":"publish","type":"page","link":"https:\/\/www.pavb.lt\/en\/panevezio-apskrities-gabrieles-petkevicaites-bites-viesoji-biblioteka\/photo-gallery\/","title":{"rendered":"Photo gallery"},"content":{"rendered":"\n<ul class=\"wp-block-gallery columns-4 is-cropped wp-block-gallery-1 is-layout-flex wp-block-gallery-is-layout-flex\"><li class=\"blocks-gallery-item\"><figure><img loading=\"lazy\" decoding=\"async\" width=\"900\" height=\"416\" data-attachment-id=\"478\" data-permalink=\"https:\/\/www.pavb.lt\/en\/ad-astra-apdovanojimai-15-2\/\" data-orig-file=\"https:\/\/www.pavb.lt\/wp-content\/uploads\/2018\/05\/ad-astra-apdovanojimai-15.jpg\" data-orig-size=\"900,416\" data-comments-opened=\"0\" data-image-meta=\"{&quot;aperture&quot;:&quot;0&quot;,&quot;credit&quot;:&quot;&quot;,&quot;camera&quot;:&quot;&quot;,&quot;caption&quot;:&quot;&quot;,&quot;created_timestamp&quot;:&quot;0&quot;,&quot;copyright&quot;:&quot;&quot;,&quot;focal_length&quot;:&quot;0&quot;,&quot;iso&quot;:&quot;0&quot;,&quot;shutter_speed&quot;:&quot;0&quot;,&quot;title&quot;:&quot;&quot;,&quot;orientation&quot;:&quot;0&quot;}\" data-image-title=\"\u201eAd astra\u201c apdovanojimai\" data-image-description=\"\" data-image-caption=\"\" data-large-file=\"https:\/\/www.pavb.lt\/wp-content\/uploads\/2018\/05\/ad-astra-apdovanojimai-15.jpg\" src=\"https:\/\/www.pavb.lt\/wp-content\/uploads\/2018\/05\/ad-astra-apdovanojimai-15.jpg\" alt=\"\u201eAd astra\u201c apdovanojimai\" data-id=\"478\" data-link=\"https:\/\/www.pavb.lt\/en\/ad-astra-apdovanojimai-15-2\/\" class=\"wp-image-478\" srcset=\"https:\/\/www.pavb.lt\/wp-content\/uploads\/2018\/05\/ad-astra-apdovanojimai-15.jpg 900w, https:\/\/www.pavb.lt\/wp-content\/uploads\/2018\/05\/ad-astra-apdovanojimai-15-300x139.jpg 300w, https:\/\/www.pavb.lt\/wp-content\/uploads\/2018\/05\/ad-astra-apdovanojimai-15-768x355.jpg 768w\" sizes=\"auto, (max-width: 900px) 100vw, 900px\" \/><\/figure><\/li><li class=\"blocks-gallery-item\"><figure><img loading=\"lazy\" decoding=\"async\" width=\"900\" height=\"572\" data-attachment-id=\"472\" data-permalink=\"https:\/\/www.pavb.lt\/en\/ad-astra-apdovanojimai-10-2\/\" data-orig-file=\"https:\/\/www.pavb.lt\/wp-content\/uploads\/2018\/05\/ad-astra-apdovanojimai-10.jpg\" data-orig-size=\"900,572\" data-comments-opened=\"0\" data-image-meta=\"{&quot;aperture&quot;:&quot;0&quot;,&quot;credit&quot;:&quot;&quot;,&quot;camera&quot;:&quot;&quot;,&quot;caption&quot;:&quot;&quot;,&quot;created_timestamp&quot;:&quot;0&quot;,&quot;copyright&quot;:&quot;&quot;,&quot;focal_length&quot;:&quot;0&quot;,&quot;iso&quot;:&quot;0&quot;,&quot;shutter_speed&quot;:&quot;0&quot;,&quot;title&quot;:&quot;&quot;,&quot;orientation&quot;:&quot;0&quot;}\" data-image-title=\"\u201eAd astra\u201c apdovanojimai\" data-image-description=\"\" data-image-caption=\"\" data-large-file=\"https:\/\/www.pavb.lt\/wp-content\/uploads\/2018\/05\/ad-astra-apdovanojimai-10.jpg\" src=\"https:\/\/www.pavb.lt\/wp-content\/uploads\/2018\/05\/ad-astra-apdovanojimai-10.jpg\" alt=\"\u201eAd astra\u201c apdovanojimai\" data-id=\"472\" data-link=\"https:\/\/www.pavb.lt\/en\/ad-astra-apdovanojimai-10-2\/\" class=\"wp-image-472\" srcset=\"https:\/\/www.pavb.lt\/wp-content\/uploads\/2018\/05\/ad-astra-apdovanojimai-10.jpg 900w, https:\/\/www.pavb.lt\/wp-content\/uploads\/2018\/05\/ad-astra-apdovanojimai-10-300x191.jpg 300w, https:\/\/www.pavb.lt\/wp-content\/uploads\/2018\/05\/ad-astra-apdovanojimai-10-768x488.jpg 768w\" sizes=\"auto, (max-width: 900px) 100vw, 900px\" \/><\/figure><\/li><li class=\"blocks-gallery-item\"><figure><img loading=\"lazy\" decoding=\"async\" width=\"900\" height=\"506\" data-attachment-id=\"482\" data-permalink=\"https:\/\/www.pavb.lt\/en\/ad-astra-apdovanojimai-20-2\/\" data-orig-file=\"https:\/\/www.pavb.lt\/wp-content\/uploads\/2018\/05\/ad-astra-apdovanojimai-20.jpg\" data-orig-size=\"900,506\" data-comments-opened=\"0\" data-image-meta=\"{&quot;aperture&quot;:&quot;0&quot;,&quot;credit&quot;:&quot;&quot;,&quot;camera&quot;:&quot;&quot;,&quot;caption&quot;:&quot;&quot;,&quot;created_timestamp&quot;:&quot;0&quot;,&quot;copyright&quot;:&quot;&quot;,&quot;focal_length&quot;:&quot;0&quot;,&quot;iso&quot;:&quot;0&quot;,&quot;shutter_speed&quot;:&quot;0&quot;,&quot;title&quot;:&quot;&quot;,&quot;orientation&quot;:&quot;0&quot;}\" data-image-title=\"\u201eAd astra\u201c awards\" data-image-description=\"\" data-image-caption=\"&lt;p&gt;\u201eAd Astra\u201c apdovanojimai 2018 m.&lt;\/p&gt;\n\" data-large-file=\"https:\/\/www.pavb.lt\/wp-content\/uploads\/2018\/05\/ad-astra-apdovanojimai-20.jpg\" src=\"https:\/\/www.pavb.lt\/wp-content\/uploads\/2018\/05\/ad-astra-apdovanojimai-20.jpg\" alt=\"\u201eAd astra\u201c awards\" data-id=\"482\" data-link=\"https:\/\/www.pavb.lt\/en\/ad-astra-apdovanojimai-20-2\/\" class=\"wp-image-482\" srcset=\"https:\/\/www.pavb.lt\/wp-content\/uploads\/2018\/05\/ad-astra-apdovanojimai-20.jpg 900w, https:\/\/www.pavb.lt\/wp-content\/uploads\/2018\/05\/ad-astra-apdovanojimai-20-300x169.jpg 300w, https:\/\/www.pavb.lt\/wp-content\/uploads\/2018\/05\/ad-astra-apdovanojimai-20-768x432.jpg 768w\" sizes=\"auto, (max-width: 900px) 100vw, 900px\" \/><\/figure><\/li><li class=\"blocks-gallery-item\"><figure><img loading=\"lazy\" decoding=\"async\" width=\"506\" height=\"900\" data-attachment-id=\"476\" data-permalink=\"https:\/\/www.pavb.lt\/en\/ad-astra-apdovanojimai-16-2\/\" data-orig-file=\"https:\/\/www.pavb.lt\/wp-content\/uploads\/2018\/05\/ad-astra-apdovanojimai-16.jpg\" data-orig-size=\"506,900\" data-comments-opened=\"0\" data-image-meta=\"{&quot;aperture&quot;:&quot;0&quot;,&quot;credit&quot;:&quot;&quot;,&quot;camera&quot;:&quot;&quot;,&quot;caption&quot;:&quot;&quot;,&quot;created_timestamp&quot;:&quot;0&quot;,&quot;copyright&quot;:&quot;&quot;,&quot;focal_length&quot;:&quot;0&quot;,&quot;iso&quot;:&quot;0&quot;,&quot;shutter_speed&quot;:&quot;0&quot;,&quot;title&quot;:&quot;&quot;,&quot;orientation&quot;:&quot;0&quot;}\" data-image-title=\"\u201eAd astra\u201c apdovanojimai\" data-image-description=\"\" data-image-caption=\"\" data-large-file=\"https:\/\/www.pavb.lt\/wp-content\/uploads\/2018\/05\/ad-astra-apdovanojimai-16.jpg\" src=\"https:\/\/www.pavb.lt\/wp-content\/uploads\/2018\/05\/ad-astra-apdovanojimai-16.jpg\" alt=\"\" data-id=\"476\" data-link=\"https:\/\/www.pavb.lt\/en\/ad-astra-apdovanojimai-16-2\/\" class=\"wp-image-476\" srcset=\"https:\/\/www.pavb.lt\/wp-content\/uploads\/2018\/05\/ad-astra-apdovanojimai-16.jpg 506w, https:\/\/www.pavb.lt\/wp-content\/uploads\/2018\/05\/ad-astra-apdovanojimai-16-169x300.jpg 169w\" sizes=\"auto, (max-width: 506px) 100vw, 506px\" \/><\/figure><\/li><li class=\"blocks-gallery-item\"><figure><img loading=\"lazy\" decoding=\"async\" width=\"900\" height=\"606\" data-attachment-id=\"479\" data-permalink=\"https:\/\/www.pavb.lt\/en\/ad-astra-apdovanojimai-17-2\/\" data-orig-file=\"https:\/\/www.pavb.lt\/wp-content\/uploads\/2018\/05\/ad-astra-apdovanojimai-17.jpg\" data-orig-size=\"900,606\" data-comments-opened=\"0\" data-image-meta=\"{&quot;aperture&quot;:&quot;0&quot;,&quot;credit&quot;:&quot;&quot;,&quot;camera&quot;:&quot;&quot;,&quot;caption&quot;:&quot;&quot;,&quot;created_timestamp&quot;:&quot;0&quot;,&quot;copyright&quot;:&quot;&quot;,&quot;focal_length&quot;:&quot;0&quot;,&quot;iso&quot;:&quot;0&quot;,&quot;shutter_speed&quot;:&quot;0&quot;,&quot;title&quot;:&quot;&quot;,&quot;orientation&quot;:&quot;0&quot;}\" data-image-title=\"\u201eAd astra\u201c apdovanojimai\" data-image-description=\"\" data-image-caption=\"\" data-large-file=\"https:\/\/www.pavb.lt\/wp-content\/uploads\/2018\/05\/ad-astra-apdovanojimai-17.jpg\" src=\"https:\/\/www.pavb.lt\/wp-content\/uploads\/2018\/05\/ad-astra-apdovanojimai-17.jpg\" alt=\"\" data-id=\"479\" data-link=\"https:\/\/www.pavb.lt\/en\/ad-astra-apdovanojimai-17-2\/\" class=\"wp-image-479\" srcset=\"https:\/\/www.pavb.lt\/wp-content\/uploads\/2018\/05\/ad-astra-apdovanojimai-17.jpg 900w, https:\/\/www.pavb.lt\/wp-content\/uploads\/2018\/05\/ad-astra-apdovanojimai-17-300x202.jpg 300w, https:\/\/www.pavb.lt\/wp-content\/uploads\/2018\/05\/ad-astra-apdovanojimai-17-768x517.jpg 768w\" sizes=\"auto, (max-width: 900px) 100vw, 900px\" \/><\/figure><\/li><li class=\"blocks-gallery-item\"><figure><img loading=\"lazy\" decoding=\"async\" width=\"900\" height=\"506\" data-attachment-id=\"465\" data-permalink=\"https:\/\/www.pavb.lt\/en\/ad-astra-apdovanojimai-02-2\/\" data-orig-file=\"https:\/\/www.pavb.lt\/wp-content\/uploads\/2018\/05\/ad-astra-apdovanojimai-02.jpg\" data-orig-size=\"900,506\" data-comments-opened=\"0\" data-image-meta=\"{&quot;aperture&quot;:&quot;0&quot;,&quot;credit&quot;:&quot;&quot;,&quot;camera&quot;:&quot;&quot;,&quot;caption&quot;:&quot;&quot;,&quot;created_timestamp&quot;:&quot;0&quot;,&quot;copyright&quot;:&quot;&quot;,&quot;focal_length&quot;:&quot;0&quot;,&quot;iso&quot;:&quot;0&quot;,&quot;shutter_speed&quot;:&quot;0&quot;,&quot;title&quot;:&quot;&quot;,&quot;orientation&quot;:&quot;0&quot;}\" data-image-title=\"\u201eAd astra\u201c apdovanojimai\" data-image-description=\"\" data-image-caption=\"\" data-large-file=\"https:\/\/www.pavb.lt\/wp-content\/uploads\/2018\/05\/ad-astra-apdovanojimai-02.jpg\" src=\"https:\/\/www.pavb.lt\/wp-content\/uploads\/2018\/05\/ad-astra-apdovanojimai-02.jpg\" alt=\"\" data-id=\"465\" data-link=\"https:\/\/www.pavb.lt\/en\/ad-astra-apdovanojimai-02-2\/\" class=\"wp-image-465\" srcset=\"https:\/\/www.pavb.lt\/wp-content\/uploads\/2018\/05\/ad-astra-apdovanojimai-02.jpg 900w, https:\/\/www.pavb.lt\/wp-content\/uploads\/2018\/05\/ad-astra-apdovanojimai-02-300x169.jpg 300w, https:\/\/www.pavb.lt\/wp-content\/uploads\/2018\/05\/ad-astra-apdovanojimai-02-768x432.jpg 768w\" sizes=\"auto, (max-width: 900px) 100vw, 900px\" \/><\/figure><\/li><li class=\"blocks-gallery-item\"><figure><img loading=\"lazy\" decoding=\"async\" width=\"900\" height=\"508\" data-attachment-id=\"480\" data-permalink=\"https:\/\/www.pavb.lt\/en\/ad-astra-apdovanojimai-19-2\/\" data-orig-file=\"https:\/\/www.pavb.lt\/wp-content\/uploads\/2018\/05\/ad-astra-apdovanojimai-19.jpg\" data-orig-size=\"900,508\" data-comments-opened=\"0\" data-image-meta=\"{&quot;aperture&quot;:&quot;0&quot;,&quot;credit&quot;:&quot;&quot;,&quot;camera&quot;:&quot;&quot;,&quot;caption&quot;:&quot;&quot;,&quot;created_timestamp&quot;:&quot;0&quot;,&quot;copyright&quot;:&quot;&quot;,&quot;focal_length&quot;:&quot;0&quot;,&quot;iso&quot;:&quot;0&quot;,&quot;shutter_speed&quot;:&quot;0&quot;,&quot;title&quot;:&quot;&quot;,&quot;orientation&quot;:&quot;0&quot;}\" data-image-title=\"\u201eAd astra\u201c apdovanojimai\" data-image-description=\"\" data-image-caption=\"\" data-large-file=\"https:\/\/www.pavb.lt\/wp-content\/uploads\/2018\/05\/ad-astra-apdovanojimai-19.jpg\" src=\"https:\/\/www.pavb.lt\/wp-content\/uploads\/2018\/05\/ad-astra-apdovanojimai-19.jpg\" alt=\"\" data-id=\"480\" data-link=\"https:\/\/www.pavb.lt\/en\/ad-astra-apdovanojimai-19-2\/\" class=\"wp-image-480\" srcset=\"https:\/\/www.pavb.lt\/wp-content\/uploads\/2018\/05\/ad-astra-apdovanojimai-19.jpg 900w, https:\/\/www.pavb.lt\/wp-content\/uploads\/2018\/05\/ad-astra-apdovanojimai-19-300x169.jpg 300w, https:\/\/www.pavb.lt\/wp-content\/uploads\/2018\/05\/ad-astra-apdovanojimai-19-768x433.jpg 768w\" sizes=\"auto, (max-width: 900px) 100vw, 900px\" \/><\/figure><\/li><li class=\"blocks-gallery-item\"><figure><img loading=\"lazy\" decoding=\"async\" width=\"900\" height=\"506\" data-attachment-id=\"467\" data-permalink=\"https:\/\/www.pavb.lt\/en\/ad-astra-apdovanojimai-05-2\/\" data-orig-file=\"https:\/\/www.pavb.lt\/wp-content\/uploads\/2018\/05\/ad-astra-apdovanojimai-05.jpg\" data-orig-size=\"900,506\" data-comments-opened=\"0\" data-image-meta=\"{&quot;aperture&quot;:&quot;0&quot;,&quot;credit&quot;:&quot;&quot;,&quot;camera&quot;:&quot;&quot;,&quot;caption&quot;:&quot;&quot;,&quot;created_timestamp&quot;:&quot;0&quot;,&quot;copyright&quot;:&quot;&quot;,&quot;focal_length&quot;:&quot;0&quot;,&quot;iso&quot;:&quot;0&quot;,&quot;shutter_speed&quot;:&quot;0&quot;,&quot;title&quot;:&quot;&quot;,&quot;orientation&quot;:&quot;0&quot;}\" data-image-title=\"\u201eAd astra\u201c awards\" data-image-description=\"\" data-image-caption=\"\" data-large-file=\"https:\/\/www.pavb.lt\/wp-content\/uploads\/2018\/05\/ad-astra-apdovanojimai-05.jpg\" src=\"https:\/\/www.pavb.lt\/wp-content\/uploads\/2018\/05\/ad-astra-apdovanojimai-05.jpg\" alt=\"\u201eAd astra\u201c awards\" data-id=\"467\" data-link=\"https:\/\/www.pavb.lt\/en\/ad-astra-apdovanojimai-05-2\/\" class=\"wp-image-467\" srcset=\"https:\/\/www.pavb.lt\/wp-content\/uploads\/2018\/05\/ad-astra-apdovanojimai-05.jpg 900w, https:\/\/www.pavb.lt\/wp-content\/uploads\/2018\/05\/ad-astra-apdovanojimai-05-300x169.jpg 300w, https:\/\/www.pavb.lt\/wp-content\/uploads\/2018\/05\/ad-astra-apdovanojimai-05-768x432.jpg 768w\" sizes=\"auto, (max-width: 900px) 100vw, 900px\" \/><\/figure><\/li><\/ul>\n\n\n\n<p style=\"text-align:right\"><a href=\"\/?page_id=2161\">More information<\/a><\/p>\n","protected":false},"excerpt":{"rendered":"<p>More information<\/p>\n","protected":false},"author":1,"featured_media":0,"parent":453,"menu_order":0,"comment_status":"closed","ping_status":"closed","template":"","meta":{"_acf_changed":false,"footnotes":""},"class_list":["post-629","page","type-page","status-publish","hentry"],"acf":[],"yoast_head":"<!-- This site is optimized with the Yoast SEO plugin v27.5 - https:\/\/yoast.com\/product\/yoast-seo-wordpress\/ -->\n<title>Photo gallery - Panevezys County Gabriele Petkevicaite-Bite Public Library<\/title>\n<meta name=\"robots\" content=\"index, follow, max-snippet:-1, max-image-preview:large, max-video-preview:-1\" \/>\n<link rel=\"canonical\" href=\"https:\/\/www.pavb.lt\/en\/panevezio-apskrities-gabrieles-petkevicaites-bites-viesoji-biblioteka\/photo-gallery\/\" \/>\n<meta property=\"og:locale\" content=\"en_US\" \/>\n<meta property=\"og:type\" content=\"article\" \/>\n<meta property=\"og:title\" content=\"Photo gallery - Panevezys County Gabriele Petkevicaite-Bite Public Library\" \/>\n<meta property=\"og:description\" content=\"More information\" \/>\n<meta property=\"og:url\" content=\"https:\/\/www.pavb.lt\/en\/panevezio-apskrities-gabrieles-petkevicaites-bites-viesoji-biblioteka\/photo-gallery\/\" \/>\n<meta property=\"og:site_name\" content=\"Panevezys County Gabriele Petkevicaite-Bite Public Library\" \/>\n<meta property=\"article:modified_time\" content=\"2019-03-26T06:59:09+00:00\" \/>\n<meta property=\"og:image\" content=\"https:\/\/www.pavb.lt\/wp-content\/uploads\/2018\/05\/ad-astra-apdovanojimai-15.jpg\" \/>\n\t<meta property=\"og:image:width\" content=\"900\" \/>\n\t<meta property=\"og:image:height\" content=\"416\" \/>\n\t<meta property=\"og:image:type\" content=\"image\/jpeg\" \/>\n<meta name=\"twitter:card\" content=\"summary_large_image\" \/>\n<script type=\"application\/ld+json\" class=\"yoast-schema-graph\">{\"@context\":\"https:\\\/\\\/schema.org\",\"@graph\":[{\"@type\":\"WebPage\",\"@id\":\"https:\\\/\\\/www.pavb.lt\\\/en\\\/panevezio-apskrities-gabrieles-petkevicaites-bites-viesoji-biblioteka\\\/photo-gallery\\\/\",\"url\":\"https:\\\/\\\/www.pavb.lt\\\/en\\\/panevezio-apskrities-gabrieles-petkevicaites-bites-viesoji-biblioteka\\\/photo-gallery\\\/\",\"name\":\"Photo gallery - Panevezys County Gabriele Petkevicaite-Bite Public Library\",\"isPartOf\":{\"@id\":\"https:\\\/\\\/www.pavb.lt\\\/en\\\/#website\"},\"primaryImageOfPage\":{\"@id\":\"https:\\\/\\\/www.pavb.lt\\\/en\\\/panevezio-apskrities-gabrieles-petkevicaites-bites-viesoji-biblioteka\\\/photo-gallery\\\/#primaryimage\"},\"image\":{\"@id\":\"https:\\\/\\\/www.pavb.lt\\\/en\\\/panevezio-apskrities-gabrieles-petkevicaites-bites-viesoji-biblioteka\\\/photo-gallery\\\/#primaryimage\"},\"thumbnailUrl\":\"https:\\\/\\\/www.pavb.lt\\\/wp-content\\\/uploads\\\/2018\\\/05\\\/ad-astra-apdovanojimai-15.jpg\",\"datePublished\":\"2018-12-13T10:05:11+00:00\",\"dateModified\":\"2019-03-26T06:59:09+00:00\",\"breadcrumb\":{\"@id\":\"https:\\\/\\\/www.pavb.lt\\\/en\\\/panevezio-apskrities-gabrieles-petkevicaites-bites-viesoji-biblioteka\\\/photo-gallery\\\/#breadcrumb\"},\"inLanguage\":\"en-US\",\"potentialAction\":[{\"@type\":\"ReadAction\",\"target\":[\"https:\\\/\\\/www.pavb.lt\\\/en\\\/panevezio-apskrities-gabrieles-petkevicaites-bites-viesoji-biblioteka\\\/photo-gallery\\\/\"]}]},{\"@type\":\"ImageObject\",\"inLanguage\":\"en-US\",\"@id\":\"https:\\\/\\\/www.pavb.lt\\\/en\\\/panevezio-apskrities-gabrieles-petkevicaites-bites-viesoji-biblioteka\\\/photo-gallery\\\/#primaryimage\",\"url\":\"https:\\\/\\\/www.pavb.lt\\\/wp-content\\\/uploads\\\/2018\\\/05\\\/ad-astra-apdovanojimai-15.jpg\",\"contentUrl\":\"https:\\\/\\\/www.pavb.lt\\\/wp-content\\\/uploads\\\/2018\\\/05\\\/ad-astra-apdovanojimai-15.jpg\"},{\"@type\":\"BreadcrumbList\",\"@id\":\"https:\\\/\\\/www.pavb.lt\\\/en\\\/panevezio-apskrities-gabrieles-petkevicaites-bites-viesoji-biblioteka\\\/photo-gallery\\\/#breadcrumb\",\"itemListElement\":[{\"@type\":\"ListItem\",\"position\":1,\"name\":\"Home\",\"item\":\"https:\\\/\\\/www.pavb.lt\\\/en\\\/\"},{\"@type\":\"ListItem\",\"position\":2,\"name\":\"Panev\u0117\u017eys County Gabriel\u0117 Petkevi\u010dait\u0117-Bit\u0117 Public Library\",\"item\":\"https:\\\/\\\/www.pavb.lt\\\/en\\\/\"},{\"@type\":\"ListItem\",\"position\":3,\"name\":\"Photo gallery\"}]},{\"@type\":\"WebSite\",\"@id\":\"https:\\\/\\\/www.pavb.lt\\\/en\\\/#website\",\"url\":\"https:\\\/\\\/www.pavb.lt\\\/en\\\/\",\"name\":\"Panevezys County Gabriele Petkevicaite-Bite Public Library\",\"description\":\"Here is your Library!\",\"publisher\":{\"@id\":\"https:\\\/\\\/www.pavb.lt\\\/en\\\/#organization\"},\"potentialAction\":[{\"@type\":\"SearchAction\",\"target\":{\"@type\":\"EntryPoint\",\"urlTemplate\":\"https:\\\/\\\/www.pavb.lt\\\/en\\\/?s={search_term_string}\"},\"query-input\":{\"@type\":\"PropertyValueSpecification\",\"valueRequired\":true,\"valueName\":\"search_term_string\"}}],\"inLanguage\":\"en-US\"},{\"@type\":\"Organization\",\"@id\":\"https:\\\/\\\/www.pavb.lt\\\/en\\\/#organization\",\"name\":\"Panev\u0117\u017eio apskrities Gabriel\u0117s Petkevi\u010dait\u0117s-Bit\u0117s vie\u0161oji biblioteka\",\"url\":\"https:\\\/\\\/www.pavb.lt\\\/en\\\/\",\"logo\":{\"@type\":\"ImageObject\",\"inLanguage\":\"en-US\",\"@id\":\"https:\\\/\\\/www.pavb.lt\\\/en\\\/#\\\/schema\\\/logo\\\/image\\\/\",\"url\":\"https:\\\/\\\/www.pavb.lt\\\/wp-content\\\/uploads\\\/2017\\\/11\\\/pavb-logo.png\",\"contentUrl\":\"https:\\\/\\\/www.pavb.lt\\\/wp-content\\\/uploads\\\/2017\\\/11\\\/pavb-logo.png\",\"width\":512,\"height\":512,\"caption\":\"Panev\u0117\u017eio apskrities Gabriel\u0117s Petkevi\u010dait\u0117s-Bit\u0117s vie\u0161oji biblioteka\"},\"image\":{\"@id\":\"https:\\\/\\\/www.pavb.lt\\\/en\\\/#\\\/schema\\\/logo\\\/image\\\/\"}}]}<\/script>\n<!-- \/ Yoast SEO plugin. -->","yoast_head_json":{"title":"Photo gallery - Panevezys County Gabriele Petkevicaite-Bite Public Library","robots":{"index":"index","follow":"follow","max-snippet":"max-snippet:-1","max-image-preview":"max-image-preview:large","max-video-preview":"max-video-preview:-1"},"canonical":"https:\/\/www.pavb.lt\/en\/panevezio-apskrities-gabrieles-petkevicaites-bites-viesoji-biblioteka\/photo-gallery\/","og_locale":"en_US","og_type":"article","og_title":"Photo gallery - Panevezys County Gabriele Petkevicaite-Bite Public Library","og_description":"More information","og_url":"https:\/\/www.pavb.lt\/en\/panevezio-apskrities-gabrieles-petkevicaites-bites-viesoji-biblioteka\/photo-gallery\/","og_site_name":"Panevezys County Gabriele Petkevicaite-Bite Public Library","article_modified_time":"2019-03-26T06:59:09+00:00","og_image":[{"width":900,"height":416,"url":"https:\/\/www.pavb.lt\/wp-content\/uploads\/2018\/05\/ad-astra-apdovanojimai-15.jpg","type":"image\/jpeg"}],"twitter_card":"summary_large_image","schema":{"@context":"https:\/\/schema.org","@graph":[{"@type":"WebPage","@id":"https:\/\/www.pavb.lt\/en\/panevezio-apskrities-gabrieles-petkevicaites-bites-viesoji-biblioteka\/photo-gallery\/","url":"https:\/\/www.pavb.lt\/en\/panevezio-apskrities-gabrieles-petkevicaites-bites-viesoji-biblioteka\/photo-gallery\/","name":"Photo gallery - Panevezys County Gabriele Petkevicaite-Bite Public Library","isPartOf":{"@id":"https:\/\/www.pavb.lt\/en\/#website"},"primaryImageOfPage":{"@id":"https:\/\/www.pavb.lt\/en\/panevezio-apskrities-gabrieles-petkevicaites-bites-viesoji-biblioteka\/photo-gallery\/#primaryimage"},"image":{"@id":"https:\/\/www.pavb.lt\/en\/panevezio-apskrities-gabrieles-petkevicaites-bites-viesoji-biblioteka\/photo-gallery\/#primaryimage"},"thumbnailUrl":"https:\/\/www.pavb.lt\/wp-content\/uploads\/2018\/05\/ad-astra-apdovanojimai-15.jpg","datePublished":"2018-12-13T10:05:11+00:00","dateModified":"2019-03-26T06:59:09+00:00","breadcrumb":{"@id":"https:\/\/www.pavb.lt\/en\/panevezio-apskrities-gabrieles-petkevicaites-bites-viesoji-biblioteka\/photo-gallery\/#breadcrumb"},"inLanguage":"en-US","potentialAction":[{"@type":"ReadAction","target":["https:\/\/www.pavb.lt\/en\/panevezio-apskrities-gabrieles-petkevicaites-bites-viesoji-biblioteka\/photo-gallery\/"]}]},{"@type":"ImageObject","inLanguage":"en-US","@id":"https:\/\/www.pavb.lt\/en\/panevezio-apskrities-gabrieles-petkevicaites-bites-viesoji-biblioteka\/photo-gallery\/#primaryimage","url":"https:\/\/www.pavb.lt\/wp-content\/uploads\/2018\/05\/ad-astra-apdovanojimai-15.jpg","contentUrl":"https:\/\/www.pavb.lt\/wp-content\/uploads\/2018\/05\/ad-astra-apdovanojimai-15.jpg"},{"@type":"BreadcrumbList","@id":"https:\/\/www.pavb.lt\/en\/panevezio-apskrities-gabrieles-petkevicaites-bites-viesoji-biblioteka\/photo-gallery\/#breadcrumb","itemListElement":[{"@type":"ListItem","position":1,"name":"Home","item":"https:\/\/www.pavb.lt\/en\/"},{"@type":"ListItem","position":2,"name":"Panev\u0117\u017eys County Gabriel\u0117 Petkevi\u010dait\u0117-Bit\u0117 Public Library","item":"https:\/\/www.pavb.lt\/en\/"},{"@type":"ListItem","position":3,"name":"Photo gallery"}]},{"@type":"WebSite","@id":"https:\/\/www.pavb.lt\/en\/#website","url":"https:\/\/www.pavb.lt\/en\/","name":"Panevezys County Gabriele Petkevicaite-Bite Public Library","description":"Here is your Library!","publisher":{"@id":"https:\/\/www.pavb.lt\/en\/#organization"},"potentialAction":[{"@type":"SearchAction","target":{"@type":"EntryPoint","urlTemplate":"https:\/\/www.pavb.lt\/en\/?s={search_term_string}"},"query-input":{"@type":"PropertyValueSpecification","valueRequired":true,"valueName":"search_term_string"}}],"inLanguage":"en-US"},{"@type":"Organization","@id":"https:\/\/www.pavb.lt\/en\/#organization","name":"Panev\u0117\u017eio apskrities Gabriel\u0117s Petkevi\u010dait\u0117s-Bit\u0117s vie\u0161oji biblioteka","url":"https:\/\/www.pavb.lt\/en\/","logo":{"@type":"ImageObject","inLanguage":"en-US","@id":"https:\/\/www.pavb.lt\/en\/#\/schema\/logo\/image\/","url":"https:\/\/www.pavb.lt\/wp-content\/uploads\/2017\/11\/pavb-logo.png","contentUrl":"https:\/\/www.pavb.lt\/wp-content\/uploads\/2017\/11\/pavb-logo.png","width":512,"height":512,"caption":"Panev\u0117\u017eio apskrities Gabriel\u0117s Petkevi\u010dait\u0117s-Bit\u0117s vie\u0161oji biblioteka"},"image":{"@id":"https:\/\/www.pavb.lt\/en\/#\/schema\/logo\/image\/"}}]}},"jetpack_sharing_enabled":true,"_links":{"self":[{"href":"https:\/\/www.pavb.lt\/en\/wp-json\/wp\/v2\/pages\/629","targetHints":{"allow":["GET"]}}],"collection":[{"href":"https:\/\/www.pavb.lt\/en\/wp-json\/wp\/v2\/pages"}],"about":[{"href":"https:\/\/www.pavb.lt\/en\/wp-json\/wp\/v2\/types\/page"}],"author":[{"embeddable":true,"href":"https:\/\/www.pavb.lt\/en\/wp-json\/wp\/v2\/users\/1"}],"replies":[{"embeddable":true,"href":"https:\/\/www.pavb.lt\/en\/wp-json\/wp\/v2\/comments?post=629"}],"version-history":[{"count":0,"href":"https:\/\/www.pavb.lt\/en\/wp-json\/wp\/v2\/pages\/629\/revisions"}],"up":[{"embeddable":true,"href":"https:\/\/www.pavb.lt\/en\/wp-json\/wp\/v2\/pages\/453"}],"wp:attachment":[{"href":"https:\/\/www.pavb.lt\/en\/wp-json\/wp\/v2\/media?parent=629"}],"curies":[{"name":"wp","href":"https:\/\/api.w.org\/{rel}","templated":true}]}}