{"id":62432,"date":"2022-11-03T09:44:10","date_gmt":"2022-11-03T07:44:10","guid":{"rendered":"https:\/\/www.pavb.lt\/?page_id=62432"},"modified":"2022-11-14T14:32:28","modified_gmt":"2022-11-14T12:32:28","slug":"cookie-policy-for-pavb-lt-website","status":"publish","type":"page","link":"https:\/\/www.pavb.lt\/en\/administrative-information\/personal-data-protection\/cookie-policy-for-pavb-lt-website\/","title":{"rendered":"Cookie Policy for pavb.lt website"},"content":{"rendered":"\n<h2 class=\"wp-block-heading\">What is a cookie?<\/h2>\n\n\n\n<p>A cookie is a small piece of information that is sent to your computer or other device (such as a mobile phone) when you browse the respective website and is stored in your browser. A cookie is sent to your computer or other device to save data so that the company responsible for setting it can recover and update it.<\/p>\n\n\n\n<h2 class=\"wp-block-heading\">Do all cookies have the same function?<\/h2>\n\n\n\n<p>No, there are different types of cookies and different ways of using them. Cookie files can be classified according to their purpose, storage time and location on the website.<\/p>\n\n\n\n<h2 class=\"wp-block-heading\">How to change cookie settings?<\/h2>\n\n\n\n<p>You can accept cookies or reject certain cookies at any time by changing your browser settings.<\/p>\n\n\n\n<p>If you want cookies not to be saved on your computer or other device, you can choose to receive a notification before saving any cookie in your browser settings. You can also configure your browser so that it immediately rejects all or some cookies, deletes cookies that have already been saved on your computer or other device. Please note that in this case you will need to select settings separately for each browser and device you use.<\/p>\n\n\n\n<p>Each browser has its own way of setting parameters. If necessary, use the help function of the browser to select the correct settings.<\/p>\n\n\n\n<h2 class=\"wp-block-heading\">Description of cookie files used on the website of Panev\u0117\u017eys County Gabriel\u0117 Petkevi\u010dait\u0117-Bit\u0117 Public Library<\/h2>\n\n\n\n<figure class=\"wp-block-table\"><table><thead><tr><th>Cookie name<\/th><th>Description<\/th><th>Expiry date<\/th><th>Data used<\/th><\/tr><\/thead><tbody><tr><td>_ga<\/td><td>\u201eGoogle Analytics\u201c: collects data about how visitors use the website. Cookies collect data in anonymous form, including the number of visitors to the website, where the visitors came from, what pages they visited.<\/td><td>2 years<\/td><td>Unique ID number<\/td><\/tr><tr><td>_gid<\/td><td>\u201eGoogle Analytics\u201c: collects data about how visitors use the website. Cookies collect data in anonymous form, including the number of visitors to the website, where the visitors came from, what pages they visited.<\/td><td>24 hours<\/td><td>Unique ID number<\/td><\/tr><tr><td>gat_gtag_UA<em>{kodas}<\/em><\/td><td>\u201eGoogle Analytics\u201c \u2013 is used to limit the number of requests.<\/td><td>1 minute<\/td><td>Unique ID number<\/td><\/tr><tr><td>TawkConnectionTime<\/td><td>\u201eTawkTo\u201c chat controller cookie.<\/td><td>Disappears after closing the browser<\/td><td>Number<\/td><\/tr><tr><td>twk_idm_key<\/td><td>\u201eTawkTo\u201c chat controller cookie.<\/td><td>Disappears after closing the browser<\/td><td>Unique ID number<\/td><\/tr><tr><td>wp-wpml_current_language<\/td><td>Saves the current language.<\/td><td>Disappears after closing the browser<\/td><td>Language code<\/td><\/tr><tr><td>pavb_consent_accept<\/td><td>Acceptance of cookie policy.<\/td><td>1 year<\/td><td>A line of text<\/td><\/tr><\/tbody><\/table><\/figure>\n","protected":false},"excerpt":{"rendered":"<p>What is a cookie? A cookie is a small piece of information that is sent to your computer or other device (such as a mobile phone) when you browse the respective website and is stored in your browser. A cookie is sent to your computer or other device to save data so that the company&#8230;.. <a class=\"moretag\" href=\"https:\/\/www.pavb.lt\/en\/administrative-information\/personal-data-protection\/cookie-policy-for-pavb-lt-website\/\">Read More<\/a><\/p>\n","protected":false},"author":1,"featured_media":0,"parent":59724,"menu_order":0,"comment_status":"closed","ping_status":"closed","template":"","meta":{"_acf_changed":false,"footnotes":""},"class_list":["post-62432","page","type-page","status-publish","hentry"],"acf":[],"yoast_head":"<!-- This site is optimized with the Yoast SEO plugin v27.3 - https:\/\/yoast.com\/product\/yoast-seo-wordpress\/ -->\n<title>Cookie Policy for pavb.lt website - Panevezys County Gabriele Petkevicaite-Bite Public Library<\/title>\n<meta name=\"robots\" content=\"index, follow, max-snippet:-1, max-image-preview:large, max-video-preview:-1\" \/>\n<link rel=\"canonical\" href=\"https:\/\/www.pavb.lt\/en\/administrative-information\/personal-data-protection\/cookie-policy-for-pavb-lt-website\/\" \/>\n<meta property=\"og:locale\" content=\"en_US\" \/>\n<meta property=\"og:type\" content=\"article\" \/>\n<meta property=\"og:title\" content=\"Cookie Policy for pavb.lt website - Panevezys County Gabriele Petkevicaite-Bite Public Library\" \/>\n<meta property=\"og:description\" content=\"What is a cookie? A cookie is a small piece of information that is sent to your computer or other device (such as a mobile phone) when you browse the respective website and is stored in your browser. A cookie is sent to your computer or other device to save data so that the company..... Read More\" \/>\n<meta property=\"og:url\" content=\"https:\/\/www.pavb.lt\/en\/administrative-information\/personal-data-protection\/cookie-policy-for-pavb-lt-website\/\" \/>\n<meta property=\"og:site_name\" content=\"Panevezys County Gabriele Petkevicaite-Bite Public Library\" \/>\n<meta property=\"article:modified_time\" content=\"2022-11-14T12:32:28+00:00\" \/>\n<meta name=\"twitter:card\" content=\"summary_large_image\" \/>\n<script type=\"application\/ld+json\" class=\"yoast-schema-graph\">{\"@context\":\"https:\\\/\\\/schema.org\",\"@graph\":[{\"@type\":\"WebPage\",\"@id\":\"https:\\\/\\\/www.pavb.lt\\\/en\\\/administrative-information\\\/personal-data-protection\\\/cookie-policy-for-pavb-lt-website\\\/\",\"url\":\"https:\\\/\\\/www.pavb.lt\\\/en\\\/administrative-information\\\/personal-data-protection\\\/cookie-policy-for-pavb-lt-website\\\/\",\"name\":\"Cookie Policy for pavb.lt website - Panevezys County Gabriele Petkevicaite-Bite Public Library\",\"isPartOf\":{\"@id\":\"https:\\\/\\\/www.pavb.lt\\\/en\\\/#website\"},\"datePublished\":\"2022-11-03T07:44:10+00:00\",\"dateModified\":\"2022-11-14T12:32:28+00:00\",\"breadcrumb\":{\"@id\":\"https:\\\/\\\/www.pavb.lt\\\/en\\\/administrative-information\\\/personal-data-protection\\\/cookie-policy-for-pavb-lt-website\\\/#breadcrumb\"},\"inLanguage\":\"en-US\",\"potentialAction\":[{\"@type\":\"ReadAction\",\"target\":[\"https:\\\/\\\/www.pavb.lt\\\/en\\\/administrative-information\\\/personal-data-protection\\\/cookie-policy-for-pavb-lt-website\\\/\"]}]},{\"@type\":\"BreadcrumbList\",\"@id\":\"https:\\\/\\\/www.pavb.lt\\\/en\\\/administrative-information\\\/personal-data-protection\\\/cookie-policy-for-pavb-lt-website\\\/#breadcrumb\",\"itemListElement\":[{\"@type\":\"ListItem\",\"position\":1,\"name\":\"Home\",\"item\":\"https:\\\/\\\/www.pavb.lt\\\/en\\\/\"},{\"@type\":\"ListItem\",\"position\":2,\"name\":\"Administrative information\",\"item\":\"https:\\\/\\\/www.pavb.lt\\\/en\\\/administrative-information\\\/\"},{\"@type\":\"ListItem\",\"position\":3,\"name\":\"Personal Data Protection\",\"item\":\"https:\\\/\\\/www.pavb.lt\\\/en\\\/administrative-information\\\/personal-data-protection\\\/\"},{\"@type\":\"ListItem\",\"position\":4,\"name\":\"Cookie Policy for pavb.lt website\"}]},{\"@type\":\"WebSite\",\"@id\":\"https:\\\/\\\/www.pavb.lt\\\/en\\\/#website\",\"url\":\"https:\\\/\\\/www.pavb.lt\\\/en\\\/\",\"name\":\"Panevezys County Gabriele Petkevicaite-Bite Public Library\",\"description\":\"Here is your Library!\",\"publisher\":{\"@id\":\"https:\\\/\\\/www.pavb.lt\\\/en\\\/#organization\"},\"potentialAction\":[{\"@type\":\"SearchAction\",\"target\":{\"@type\":\"EntryPoint\",\"urlTemplate\":\"https:\\\/\\\/www.pavb.lt\\\/en\\\/?s={search_term_string}\"},\"query-input\":{\"@type\":\"PropertyValueSpecification\",\"valueRequired\":true,\"valueName\":\"search_term_string\"}}],\"inLanguage\":\"en-US\"},{\"@type\":\"Organization\",\"@id\":\"https:\\\/\\\/www.pavb.lt\\\/en\\\/#organization\",\"name\":\"Panev\u0117\u017eio apskrities Gabriel\u0117s Petkevi\u010dait\u0117s-Bit\u0117s vie\u0161oji biblioteka\",\"url\":\"https:\\\/\\\/www.pavb.lt\\\/en\\\/\",\"logo\":{\"@type\":\"ImageObject\",\"inLanguage\":\"en-US\",\"@id\":\"https:\\\/\\\/www.pavb.lt\\\/en\\\/#\\\/schema\\\/logo\\\/image\\\/\",\"url\":\"https:\\\/\\\/www.pavb.lt\\\/wp-content\\\/uploads\\\/2017\\\/11\\\/pavb-logo.png\",\"contentUrl\":\"https:\\\/\\\/www.pavb.lt\\\/wp-content\\\/uploads\\\/2017\\\/11\\\/pavb-logo.png\",\"width\":512,\"height\":512,\"caption\":\"Panev\u0117\u017eio apskrities Gabriel\u0117s Petkevi\u010dait\u0117s-Bit\u0117s vie\u0161oji biblioteka\"},\"image\":{\"@id\":\"https:\\\/\\\/www.pavb.lt\\\/en\\\/#\\\/schema\\\/logo\\\/image\\\/\"}}]}<\/script>\n<!-- \/ Yoast SEO plugin. -->","yoast_head_json":{"title":"Cookie Policy for pavb.lt website - Panevezys County Gabriele Petkevicaite-Bite Public Library","robots":{"index":"index","follow":"follow","max-snippet":"max-snippet:-1","max-image-preview":"max-image-preview:large","max-video-preview":"max-video-preview:-1"},"canonical":"https:\/\/www.pavb.lt\/en\/administrative-information\/personal-data-protection\/cookie-policy-for-pavb-lt-website\/","og_locale":"en_US","og_type":"article","og_title":"Cookie Policy for pavb.lt website - Panevezys County Gabriele Petkevicaite-Bite Public Library","og_description":"What is a cookie? A cookie is a small piece of information that is sent to your computer or other device (such as a mobile phone) when you browse the respective website and is stored in your browser. A cookie is sent to your computer or other device to save data so that the company..... Read More","og_url":"https:\/\/www.pavb.lt\/en\/administrative-information\/personal-data-protection\/cookie-policy-for-pavb-lt-website\/","og_site_name":"Panevezys County Gabriele Petkevicaite-Bite Public Library","article_modified_time":"2022-11-14T12:32:28+00:00","twitter_card":"summary_large_image","schema":{"@context":"https:\/\/schema.org","@graph":[{"@type":"WebPage","@id":"https:\/\/www.pavb.lt\/en\/administrative-information\/personal-data-protection\/cookie-policy-for-pavb-lt-website\/","url":"https:\/\/www.pavb.lt\/en\/administrative-information\/personal-data-protection\/cookie-policy-for-pavb-lt-website\/","name":"Cookie Policy for pavb.lt website - Panevezys County Gabriele Petkevicaite-Bite Public Library","isPartOf":{"@id":"https:\/\/www.pavb.lt\/en\/#website"},"datePublished":"2022-11-03T07:44:10+00:00","dateModified":"2022-11-14T12:32:28+00:00","breadcrumb":{"@id":"https:\/\/www.pavb.lt\/en\/administrative-information\/personal-data-protection\/cookie-policy-for-pavb-lt-website\/#breadcrumb"},"inLanguage":"en-US","potentialAction":[{"@type":"ReadAction","target":["https:\/\/www.pavb.lt\/en\/administrative-information\/personal-data-protection\/cookie-policy-for-pavb-lt-website\/"]}]},{"@type":"BreadcrumbList","@id":"https:\/\/www.pavb.lt\/en\/administrative-information\/personal-data-protection\/cookie-policy-for-pavb-lt-website\/#breadcrumb","itemListElement":[{"@type":"ListItem","position":1,"name":"Home","item":"https:\/\/www.pavb.lt\/en\/"},{"@type":"ListItem","position":2,"name":"Administrative information","item":"https:\/\/www.pavb.lt\/en\/administrative-information\/"},{"@type":"ListItem","position":3,"name":"Personal Data Protection","item":"https:\/\/www.pavb.lt\/en\/administrative-information\/personal-data-protection\/"},{"@type":"ListItem","position":4,"name":"Cookie Policy for pavb.lt website"}]},{"@type":"WebSite","@id":"https:\/\/www.pavb.lt\/en\/#website","url":"https:\/\/www.pavb.lt\/en\/","name":"Panevezys County Gabriele Petkevicaite-Bite Public Library","description":"Here is your Library!","publisher":{"@id":"https:\/\/www.pavb.lt\/en\/#organization"},"potentialAction":[{"@type":"SearchAction","target":{"@type":"EntryPoint","urlTemplate":"https:\/\/www.pavb.lt\/en\/?s={search_term_string}"},"query-input":{"@type":"PropertyValueSpecification","valueRequired":true,"valueName":"search_term_string"}}],"inLanguage":"en-US"},{"@type":"Organization","@id":"https:\/\/www.pavb.lt\/en\/#organization","name":"Panev\u0117\u017eio apskrities Gabriel\u0117s Petkevi\u010dait\u0117s-Bit\u0117s vie\u0161oji biblioteka","url":"https:\/\/www.pavb.lt\/en\/","logo":{"@type":"ImageObject","inLanguage":"en-US","@id":"https:\/\/www.pavb.lt\/en\/#\/schema\/logo\/image\/","url":"https:\/\/www.pavb.lt\/wp-content\/uploads\/2017\/11\/pavb-logo.png","contentUrl":"https:\/\/www.pavb.lt\/wp-content\/uploads\/2017\/11\/pavb-logo.png","width":512,"height":512,"caption":"Panev\u0117\u017eio apskrities Gabriel\u0117s Petkevi\u010dait\u0117s-Bit\u0117s vie\u0161oji biblioteka"},"image":{"@id":"https:\/\/www.pavb.lt\/en\/#\/schema\/logo\/image\/"}}]}},"jetpack_sharing_enabled":true,"_links":{"self":[{"href":"https:\/\/www.pavb.lt\/en\/wp-json\/wp\/v2\/pages\/62432","targetHints":{"allow":["GET"]}}],"collection":[{"href":"https:\/\/www.pavb.lt\/en\/wp-json\/wp\/v2\/pages"}],"about":[{"href":"https:\/\/www.pavb.lt\/en\/wp-json\/wp\/v2\/types\/page"}],"author":[{"embeddable":true,"href":"https:\/\/www.pavb.lt\/en\/wp-json\/wp\/v2\/users\/1"}],"replies":[{"embeddable":true,"href":"https:\/\/www.pavb.lt\/en\/wp-json\/wp\/v2\/comments?post=62432"}],"version-history":[{"count":0,"href":"https:\/\/www.pavb.lt\/en\/wp-json\/wp\/v2\/pages\/62432\/revisions"}],"up":[{"embeddable":true,"href":"https:\/\/www.pavb.lt\/en\/wp-json\/wp\/v2\/pages\/59724"}],"wp:attachment":[{"href":"https:\/\/www.pavb.lt\/en\/wp-json\/wp\/v2\/media?parent=62432"}],"curies":[{"name":"wp","href":"https:\/\/api.w.org\/{rel}","templated":true}]}}