{"id":59728,"date":"2022-09-02T15:49:55","date_gmt":"2022-09-02T12:49:55","guid":{"rendered":"https:\/\/www.pavb.lt\/?page_id=59728"},"modified":"2022-09-02T16:00:53","modified_gmt":"2022-09-02T13:00:53","slug":"draugoteka-game-privacy-policy","status":"publish","type":"page","link":"https:\/\/www.pavb.lt\/en\/administrative-information\/personal-data-protection\/draugoteka-game-privacy-policy\/","title":{"rendered":"&#8220;Draugoteka&#8221; Game Privacy Policy"},"content":{"rendered":"\n<p>At mobile application \u201eDraugoteka\u201c one of our main priorities is the privacy of our users. This Privacy Policy document contains types of information that is collected and recorded by \u201eDraugoteka\u201c and how we use it.<\/p>\n\n\n\n<p>If you have additional questions or require more information about our Privacy Policy, do not hesitate to contact us.<\/p>\n\n\n\n<h2 class=\"wp-block-heading\">General Data Protection Regulation (GDPR)<\/h2>\n\n\n\n<p>We are a Data Controller of your information.<\/p>\n\n\n\n<p>If you are a resident of the European Economic Area (EEA), you have certain data protection rights. If you wish to be informed what Personal Information we hold about you and if you want it to be removed from our systems, please contact us.<\/p>\n\n\n\n<p>In certain circumstances, you have the following data protection rights:<\/p>\n\n\n\n<ul class=\"wp-block-list\"><li>The right to access, update or to delete the information we have on you.<\/li><li>The right of rectification.<\/li><li>The right to object.<\/li><li>The right of restriction.<\/li><li>The right to data portability<\/li><li>The right to withdraw consent<\/li><\/ul>\n\n\n\n<h2 class=\"wp-block-heading\">Third Party Privacy Policies<\/h2>\n\n\n\n<p>While using the aplication you maybe rederected to a third party website. \u201eDraugoteka\u201c Privacy Policy does not apply to other advertisers or websites. Thus, we are advising you to consult the respective Privacy Policies of these third-party ad servers for more detailed information. It may include their practices and instructions about how to opt-out of certain options.<\/p>\n\n\n\n<p>You can choose to disable cookies through your individual browser options. To know more detailed information about cookie management with specific web browsers, it can be found at the browsers&#8217; respective websites.<\/p>\n\n\n\n<p>We do not share any data with third parties.<\/p>\n\n\n\n<h2 class=\"wp-block-heading\">Children&#8217;s Information<\/h2>\n\n\n\n<p>Another part of our priority is adding protection for children while using the internet. We encourage parents and guardians to observe, participate in, and\/or monitor and guide their online activity.<\/p>\n\n\n\n<p>\u201eDraugoteka\u201c does not knowingly collect any Personal Identifiable Information from children under the age of 13. If you think that your child provided this kind of information on our website, we strongly encourage you to contact us immediately and we will do our best efforts to promptly remove such information from our records.Information collected Mobile application \u201eDraugoteka\u201c does not collect any user\u2019s data or information about the user as well as device information.<\/p>\n\n\n\n<h2 class=\"wp-block-heading\">Online Privacy Policy Only<\/h2>\n\n\n\n<p>Our Privacy Policy applies only to our online activities and is valid for users of our app with regards to the information that they shared and\/or collect in \u201eDraugoteka\u201c. This policy is not applicable to any information collected offline or via channels other than this application.<\/p>\n\n\n\n<h2 class=\"wp-block-heading\">Consent<\/h2>\n\n\n\n<p>By using our application, you hereby consent to our Privacy Policy and agree to its terms.<\/p>\n\n\n\n<p>You can contact us by email: info@pavb.lt<\/p>\n","protected":false},"excerpt":{"rendered":"<p>At mobile application \u201eDraugoteka\u201c one of our main priorities is the privacy of our users. This Privacy Policy document contains types of information that is collected and recorded by \u201eDraugoteka\u201c and how we use it. If you have additional questions or require more information about our Privacy Policy, do not hesitate to contact us. General&#8230;.. <a class=\"moretag\" href=\"https:\/\/www.pavb.lt\/en\/administrative-information\/personal-data-protection\/draugoteka-game-privacy-policy\/\">Read More<\/a><\/p>\n","protected":false},"author":1,"featured_media":0,"parent":59724,"menu_order":12,"comment_status":"closed","ping_status":"closed","template":"","meta":{"_acf_changed":false,"footnotes":""},"class_list":["post-59728","page","type-page","status-publish","hentry"],"acf":[],"yoast_head":"<!-- This site is optimized with the Yoast SEO plugin v27.3 - https:\/\/yoast.com\/product\/yoast-seo-wordpress\/ -->\n<title>&quot;Draugoteka&quot; Game Privacy Policy - Panevezys County Gabriele Petkevicaite-Bite Public Library<\/title>\n<meta name=\"robots\" content=\"index, follow, max-snippet:-1, max-image-preview:large, max-video-preview:-1\" \/>\n<link rel=\"canonical\" href=\"https:\/\/www.pavb.lt\/en\/administrative-information\/personal-data-protection\/draugoteka-game-privacy-policy\/\" \/>\n<meta property=\"og:locale\" content=\"en_US\" \/>\n<meta property=\"og:type\" content=\"article\" \/>\n<meta property=\"og:title\" content=\"&quot;Draugoteka&quot; Game Privacy Policy - Panevezys County Gabriele Petkevicaite-Bite Public Library\" \/>\n<meta property=\"og:description\" content=\"At mobile application \u201eDraugoteka\u201c one of our main priorities is the privacy of our users. This Privacy Policy document contains types of information that is collected and recorded by \u201eDraugoteka\u201c and how we use it. If you have additional questions or require more information about our Privacy Policy, do not hesitate to contact us. General..... Read More\" \/>\n<meta property=\"og:url\" content=\"https:\/\/www.pavb.lt\/en\/administrative-information\/personal-data-protection\/draugoteka-game-privacy-policy\/\" \/>\n<meta property=\"og:site_name\" content=\"Panevezys County Gabriele Petkevicaite-Bite Public Library\" \/>\n<meta property=\"article:modified_time\" content=\"2022-09-02T13:00:53+00:00\" \/>\n<meta name=\"twitter:card\" content=\"summary_large_image\" \/>\n<script type=\"application\/ld+json\" class=\"yoast-schema-graph\">{\"@context\":\"https:\\\/\\\/schema.org\",\"@graph\":[{\"@type\":\"WebPage\",\"@id\":\"https:\\\/\\\/www.pavb.lt\\\/en\\\/administrative-information\\\/personal-data-protection\\\/draugoteka-game-privacy-policy\\\/\",\"url\":\"https:\\\/\\\/www.pavb.lt\\\/en\\\/administrative-information\\\/personal-data-protection\\\/draugoteka-game-privacy-policy\\\/\",\"name\":\"\\\"Draugoteka\\\" Game Privacy Policy - Panevezys County Gabriele Petkevicaite-Bite Public Library\",\"isPartOf\":{\"@id\":\"https:\\\/\\\/www.pavb.lt\\\/en\\\/#website\"},\"datePublished\":\"2022-09-02T12:49:55+00:00\",\"dateModified\":\"2022-09-02T13:00:53+00:00\",\"breadcrumb\":{\"@id\":\"https:\\\/\\\/www.pavb.lt\\\/en\\\/administrative-information\\\/personal-data-protection\\\/draugoteka-game-privacy-policy\\\/#breadcrumb\"},\"inLanguage\":\"en-US\",\"potentialAction\":[{\"@type\":\"ReadAction\",\"target\":[\"https:\\\/\\\/www.pavb.lt\\\/en\\\/administrative-information\\\/personal-data-protection\\\/draugoteka-game-privacy-policy\\\/\"]}]},{\"@type\":\"BreadcrumbList\",\"@id\":\"https:\\\/\\\/www.pavb.lt\\\/en\\\/administrative-information\\\/personal-data-protection\\\/draugoteka-game-privacy-policy\\\/#breadcrumb\",\"itemListElement\":[{\"@type\":\"ListItem\",\"position\":1,\"name\":\"Home\",\"item\":\"https:\\\/\\\/www.pavb.lt\\\/en\\\/\"},{\"@type\":\"ListItem\",\"position\":2,\"name\":\"Administrative information\",\"item\":\"https:\\\/\\\/www.pavb.lt\\\/en\\\/administrative-information\\\/\"},{\"@type\":\"ListItem\",\"position\":3,\"name\":\"Personal Data Protection\",\"item\":\"https:\\\/\\\/www.pavb.lt\\\/en\\\/administrative-information\\\/personal-data-protection\\\/\"},{\"@type\":\"ListItem\",\"position\":4,\"name\":\"&#8222;Draugoteka&#8221; Game Privacy Policy\"}]},{\"@type\":\"WebSite\",\"@id\":\"https:\\\/\\\/www.pavb.lt\\\/en\\\/#website\",\"url\":\"https:\\\/\\\/www.pavb.lt\\\/en\\\/\",\"name\":\"Panevezys County Gabriele Petkevicaite-Bite Public Library\",\"description\":\"Here is your Library!\",\"publisher\":{\"@id\":\"https:\\\/\\\/www.pavb.lt\\\/en\\\/#organization\"},\"potentialAction\":[{\"@type\":\"SearchAction\",\"target\":{\"@type\":\"EntryPoint\",\"urlTemplate\":\"https:\\\/\\\/www.pavb.lt\\\/en\\\/?s={search_term_string}\"},\"query-input\":{\"@type\":\"PropertyValueSpecification\",\"valueRequired\":true,\"valueName\":\"search_term_string\"}}],\"inLanguage\":\"en-US\"},{\"@type\":\"Organization\",\"@id\":\"https:\\\/\\\/www.pavb.lt\\\/en\\\/#organization\",\"name\":\"Panev\u0117\u017eio apskrities Gabriel\u0117s Petkevi\u010dait\u0117s-Bit\u0117s vie\u0161oji biblioteka\",\"url\":\"https:\\\/\\\/www.pavb.lt\\\/en\\\/\",\"logo\":{\"@type\":\"ImageObject\",\"inLanguage\":\"en-US\",\"@id\":\"https:\\\/\\\/www.pavb.lt\\\/en\\\/#\\\/schema\\\/logo\\\/image\\\/\",\"url\":\"https:\\\/\\\/www.pavb.lt\\\/wp-content\\\/uploads\\\/2017\\\/11\\\/pavb-logo.png\",\"contentUrl\":\"https:\\\/\\\/www.pavb.lt\\\/wp-content\\\/uploads\\\/2017\\\/11\\\/pavb-logo.png\",\"width\":512,\"height\":512,\"caption\":\"Panev\u0117\u017eio apskrities Gabriel\u0117s Petkevi\u010dait\u0117s-Bit\u0117s vie\u0161oji biblioteka\"},\"image\":{\"@id\":\"https:\\\/\\\/www.pavb.lt\\\/en\\\/#\\\/schema\\\/logo\\\/image\\\/\"}}]}<\/script>\n<!-- \/ Yoast SEO plugin. -->","yoast_head_json":{"title":"\"Draugoteka\" Game Privacy Policy - Panevezys County Gabriele Petkevicaite-Bite Public Library","robots":{"index":"index","follow":"follow","max-snippet":"max-snippet:-1","max-image-preview":"max-image-preview:large","max-video-preview":"max-video-preview:-1"},"canonical":"https:\/\/www.pavb.lt\/en\/administrative-information\/personal-data-protection\/draugoteka-game-privacy-policy\/","og_locale":"en_US","og_type":"article","og_title":"\"Draugoteka\" Game Privacy Policy - Panevezys County Gabriele Petkevicaite-Bite Public Library","og_description":"At mobile application \u201eDraugoteka\u201c one of our main priorities is the privacy of our users. This Privacy Policy document contains types of information that is collected and recorded by \u201eDraugoteka\u201c and how we use it. If you have additional questions or require more information about our Privacy Policy, do not hesitate to contact us. General..... Read More","og_url":"https:\/\/www.pavb.lt\/en\/administrative-information\/personal-data-protection\/draugoteka-game-privacy-policy\/","og_site_name":"Panevezys County Gabriele Petkevicaite-Bite Public Library","article_modified_time":"2022-09-02T13:00:53+00:00","twitter_card":"summary_large_image","schema":{"@context":"https:\/\/schema.org","@graph":[{"@type":"WebPage","@id":"https:\/\/www.pavb.lt\/en\/administrative-information\/personal-data-protection\/draugoteka-game-privacy-policy\/","url":"https:\/\/www.pavb.lt\/en\/administrative-information\/personal-data-protection\/draugoteka-game-privacy-policy\/","name":"\"Draugoteka\" Game Privacy Policy - Panevezys County Gabriele Petkevicaite-Bite Public Library","isPartOf":{"@id":"https:\/\/www.pavb.lt\/en\/#website"},"datePublished":"2022-09-02T12:49:55+00:00","dateModified":"2022-09-02T13:00:53+00:00","breadcrumb":{"@id":"https:\/\/www.pavb.lt\/en\/administrative-information\/personal-data-protection\/draugoteka-game-privacy-policy\/#breadcrumb"},"inLanguage":"en-US","potentialAction":[{"@type":"ReadAction","target":["https:\/\/www.pavb.lt\/en\/administrative-information\/personal-data-protection\/draugoteka-game-privacy-policy\/"]}]},{"@type":"BreadcrumbList","@id":"https:\/\/www.pavb.lt\/en\/administrative-information\/personal-data-protection\/draugoteka-game-privacy-policy\/#breadcrumb","itemListElement":[{"@type":"ListItem","position":1,"name":"Home","item":"https:\/\/www.pavb.lt\/en\/"},{"@type":"ListItem","position":2,"name":"Administrative information","item":"https:\/\/www.pavb.lt\/en\/administrative-information\/"},{"@type":"ListItem","position":3,"name":"Personal Data Protection","item":"https:\/\/www.pavb.lt\/en\/administrative-information\/personal-data-protection\/"},{"@type":"ListItem","position":4,"name":"&#8222;Draugoteka&#8221; Game Privacy Policy"}]},{"@type":"WebSite","@id":"https:\/\/www.pavb.lt\/en\/#website","url":"https:\/\/www.pavb.lt\/en\/","name":"Panevezys County Gabriele Petkevicaite-Bite Public Library","description":"Here is your Library!","publisher":{"@id":"https:\/\/www.pavb.lt\/en\/#organization"},"potentialAction":[{"@type":"SearchAction","target":{"@type":"EntryPoint","urlTemplate":"https:\/\/www.pavb.lt\/en\/?s={search_term_string}"},"query-input":{"@type":"PropertyValueSpecification","valueRequired":true,"valueName":"search_term_string"}}],"inLanguage":"en-US"},{"@type":"Organization","@id":"https:\/\/www.pavb.lt\/en\/#organization","name":"Panev\u0117\u017eio apskrities Gabriel\u0117s Petkevi\u010dait\u0117s-Bit\u0117s vie\u0161oji biblioteka","url":"https:\/\/www.pavb.lt\/en\/","logo":{"@type":"ImageObject","inLanguage":"en-US","@id":"https:\/\/www.pavb.lt\/en\/#\/schema\/logo\/image\/","url":"https:\/\/www.pavb.lt\/wp-content\/uploads\/2017\/11\/pavb-logo.png","contentUrl":"https:\/\/www.pavb.lt\/wp-content\/uploads\/2017\/11\/pavb-logo.png","width":512,"height":512,"caption":"Panev\u0117\u017eio apskrities Gabriel\u0117s Petkevi\u010dait\u0117s-Bit\u0117s vie\u0161oji biblioteka"},"image":{"@id":"https:\/\/www.pavb.lt\/en\/#\/schema\/logo\/image\/"}}]}},"jetpack_sharing_enabled":true,"_links":{"self":[{"href":"https:\/\/www.pavb.lt\/en\/wp-json\/wp\/v2\/pages\/59728","targetHints":{"allow":["GET"]}}],"collection":[{"href":"https:\/\/www.pavb.lt\/en\/wp-json\/wp\/v2\/pages"}],"about":[{"href":"https:\/\/www.pavb.lt\/en\/wp-json\/wp\/v2\/types\/page"}],"author":[{"embeddable":true,"href":"https:\/\/www.pavb.lt\/en\/wp-json\/wp\/v2\/users\/1"}],"replies":[{"embeddable":true,"href":"https:\/\/www.pavb.lt\/en\/wp-json\/wp\/v2\/comments?post=59728"}],"version-history":[{"count":0,"href":"https:\/\/www.pavb.lt\/en\/wp-json\/wp\/v2\/pages\/59728\/revisions"}],"up":[{"embeddable":true,"href":"https:\/\/www.pavb.lt\/en\/wp-json\/wp\/v2\/pages\/59724"}],"wp:attachment":[{"href":"https:\/\/www.pavb.lt\/en\/wp-json\/wp\/v2\/media?parent=59728"}],"curies":[{"name":"wp","href":"https:\/\/api.w.org\/{rel}","templated":true}]}}