{"id":5865,"date":"2019-02-13T08:42:11","date_gmt":"2019-02-13T06:42:11","guid":{"rendered":"https:\/\/www.pavb.lt\/?page_id=5865"},"modified":"2025-07-10T10:40:30","modified_gmt":"2025-07-10T07:40:30","slug":"juozas-miltinis-heritage-study-center","status":"publish","type":"page","link":"https:\/\/www.pavb.lt\/en\/services\/for-visitors\/spaces\/juozas-miltinis-heritage-study-center\/","title":{"rendered":"Juozas Miltinis Memorial Apartment"},"content":{"rendered":"\n<p>Algirdo g. 54\u201319<\/p>\n\n\n\n<p>Tel. +370 45 43 69 89, +370\u00a0616\u00a0191 68, e-mail <a href=\"mailto:miltinis@pavb.lt\">miltinis@pavb.lt<\/a><\/p>\n\n\n\n<p>Juozas Miltinis Memorial Apartment is the authentic home space of the legendary theatre director of the 20<sup>th<\/sup> century Juozas Miltinis. The entire personal legacy of the director is exhibited here, including his personal library, manuscript, artwork collection, audio and video recordings of rehearsals, photographs, personal belongings. <\/p>\n\n\n\n<p>Theatre\nchronicler Kazimieras Vitkus\u2019 archive of Panev\u0117\u017eys Drama Theatre is also kept\nhere.<\/p>\n\n\n\n<p>A modern\nexhibition, which reflects the life and art of J. Miltinis, also creates the\natmosphere of his theatre.<\/p>\n\n\n\n<p>Here you can do\nthe following:<\/p>\n\n\n\n<p>learn about J. Miltinis\u2019 biography and career by looking into a modern time band, which displays interesting documents, items and photographs;<br>find broad information about the artefacts by using QR code scanning program;<br>participate in educational activities;<br>attend events, exhibitions, guided group tours. <\/p>\n\n\n\n<p>Please register\nin advance, if you want to participate in educational activities or guided\ntours.<\/p>\n","protected":false},"excerpt":{"rendered":"<p>Algirdo g. 54\u201319 Tel. +370 45 43 69 89, +370\u00a0616\u00a0191 68, e-mail miltinis@pavb.lt Juozas Miltinis Memorial Apartment is the authentic home space of the legendary theatre director of the 20th century Juozas Miltinis. The entire personal legacy of the director is exhibited here, including his personal library, manuscript, artwork collection, audio and video recordings of&#8230;.. <a class=\"moretag\" href=\"https:\/\/www.pavb.lt\/en\/services\/for-visitors\/spaces\/juozas-miltinis-heritage-study-center\/\">Read More<\/a><\/p>\n","protected":false},"author":3,"featured_media":0,"parent":5654,"menu_order":13,"comment_status":"closed","ping_status":"closed","template":"","meta":{"_acf_changed":false,"footnotes":""},"class_list":["post-5865","page","type-page","status-publish","hentry"],"acf":[],"yoast_head":"<!-- This site is optimized with the Yoast SEO plugin v27.4 - https:\/\/yoast.com\/product\/yoast-seo-wordpress\/ -->\n<title>Juozas Miltinis Memorial Apartment - Panevezys County Gabriele Petkevicaite-Bite Public Library<\/title>\n<meta name=\"robots\" content=\"index, follow, max-snippet:-1, max-image-preview:large, max-video-preview:-1\" \/>\n<link rel=\"canonical\" href=\"https:\/\/www.pavb.lt\/en\/services\/for-visitors\/spaces\/juozas-miltinis-heritage-study-center\/\" \/>\n<meta property=\"og:locale\" content=\"en_US\" \/>\n<meta property=\"og:type\" content=\"article\" \/>\n<meta property=\"og:title\" content=\"Juozas Miltinis Memorial Apartment - Panevezys County Gabriele Petkevicaite-Bite Public Library\" \/>\n<meta property=\"og:description\" content=\"Algirdo g. 54\u201319 Tel. +370 45 43 69 89, +370\u00a0616\u00a0191 68, e-mail miltinis@pavb.lt Juozas Miltinis Memorial Apartment is the authentic home space of the legendary theatre director of the 20th century Juozas Miltinis. The entire personal legacy of the director is exhibited here, including his personal library, manuscript, artwork collection, audio and video recordings of..... Read More\" \/>\n<meta property=\"og:url\" content=\"https:\/\/www.pavb.lt\/en\/services\/for-visitors\/spaces\/juozas-miltinis-heritage-study-center\/\" \/>\n<meta property=\"og:site_name\" content=\"Panevezys County Gabriele Petkevicaite-Bite Public Library\" \/>\n<meta property=\"article:modified_time\" content=\"2025-07-10T07:40:30+00:00\" \/>\n<meta name=\"twitter:card\" content=\"summary_large_image\" \/>\n<script type=\"application\/ld+json\" class=\"yoast-schema-graph\">{\"@context\":\"https:\\\/\\\/schema.org\",\"@graph\":[{\"@type\":\"WebPage\",\"@id\":\"https:\\\/\\\/www.pavb.lt\\\/en\\\/services\\\/for-visitors\\\/spaces\\\/juozas-miltinis-heritage-study-center\\\/\",\"url\":\"https:\\\/\\\/www.pavb.lt\\\/en\\\/services\\\/for-visitors\\\/spaces\\\/juozas-miltinis-heritage-study-center\\\/\",\"name\":\"Juozas Miltinis Memorial Apartment - Panevezys County Gabriele Petkevicaite-Bite Public Library\",\"isPartOf\":{\"@id\":\"https:\\\/\\\/www.pavb.lt\\\/en\\\/#website\"},\"datePublished\":\"2019-02-13T06:42:11+00:00\",\"dateModified\":\"2025-07-10T07:40:30+00:00\",\"breadcrumb\":{\"@id\":\"https:\\\/\\\/www.pavb.lt\\\/en\\\/services\\\/for-visitors\\\/spaces\\\/juozas-miltinis-heritage-study-center\\\/#breadcrumb\"},\"inLanguage\":\"en-US\",\"potentialAction\":[{\"@type\":\"ReadAction\",\"target\":[\"https:\\\/\\\/www.pavb.lt\\\/en\\\/services\\\/for-visitors\\\/spaces\\\/juozas-miltinis-heritage-study-center\\\/\"]}]},{\"@type\":\"BreadcrumbList\",\"@id\":\"https:\\\/\\\/www.pavb.lt\\\/en\\\/services\\\/for-visitors\\\/spaces\\\/juozas-miltinis-heritage-study-center\\\/#breadcrumb\",\"itemListElement\":[{\"@type\":\"ListItem\",\"position\":1,\"name\":\"Home\",\"item\":\"https:\\\/\\\/www.pavb.lt\\\/en\\\/\"},{\"@type\":\"ListItem\",\"position\":2,\"name\":\"Services\",\"item\":\"https:\\\/\\\/www.pavb.lt\\\/en\\\/services\\\/\"},{\"@type\":\"ListItem\",\"position\":3,\"name\":\"For Visitors\",\"item\":\"https:\\\/\\\/www.pavb.lt\\\/en\\\/services\\\/for-visitors\\\/\"},{\"@type\":\"ListItem\",\"position\":4,\"name\":\"Spaces\",\"item\":\"https:\\\/\\\/www.pavb.lt\\\/en\\\/services\\\/for-visitors\\\/spaces\\\/\"},{\"@type\":\"ListItem\",\"position\":5,\"name\":\"Juozas Miltinis Memorial Apartment\"}]},{\"@type\":\"WebSite\",\"@id\":\"https:\\\/\\\/www.pavb.lt\\\/en\\\/#website\",\"url\":\"https:\\\/\\\/www.pavb.lt\\\/en\\\/\",\"name\":\"Panevezys County Gabriele Petkevicaite-Bite Public Library\",\"description\":\"Here is your Library!\",\"publisher\":{\"@id\":\"https:\\\/\\\/www.pavb.lt\\\/en\\\/#organization\"},\"potentialAction\":[{\"@type\":\"SearchAction\",\"target\":{\"@type\":\"EntryPoint\",\"urlTemplate\":\"https:\\\/\\\/www.pavb.lt\\\/en\\\/?s={search_term_string}\"},\"query-input\":{\"@type\":\"PropertyValueSpecification\",\"valueRequired\":true,\"valueName\":\"search_term_string\"}}],\"inLanguage\":\"en-US\"},{\"@type\":\"Organization\",\"@id\":\"https:\\\/\\\/www.pavb.lt\\\/en\\\/#organization\",\"name\":\"Panev\u0117\u017eio apskrities Gabriel\u0117s Petkevi\u010dait\u0117s-Bit\u0117s vie\u0161oji biblioteka\",\"url\":\"https:\\\/\\\/www.pavb.lt\\\/en\\\/\",\"logo\":{\"@type\":\"ImageObject\",\"inLanguage\":\"en-US\",\"@id\":\"https:\\\/\\\/www.pavb.lt\\\/en\\\/#\\\/schema\\\/logo\\\/image\\\/\",\"url\":\"https:\\\/\\\/www.pavb.lt\\\/wp-content\\\/uploads\\\/2017\\\/11\\\/pavb-logo.png\",\"contentUrl\":\"https:\\\/\\\/www.pavb.lt\\\/wp-content\\\/uploads\\\/2017\\\/11\\\/pavb-logo.png\",\"width\":512,\"height\":512,\"caption\":\"Panev\u0117\u017eio apskrities Gabriel\u0117s Petkevi\u010dait\u0117s-Bit\u0117s vie\u0161oji biblioteka\"},\"image\":{\"@id\":\"https:\\\/\\\/www.pavb.lt\\\/en\\\/#\\\/schema\\\/logo\\\/image\\\/\"}}]}<\/script>\n<!-- \/ Yoast SEO plugin. -->","yoast_head_json":{"title":"Juozas Miltinis Memorial Apartment - Panevezys County Gabriele Petkevicaite-Bite Public Library","robots":{"index":"index","follow":"follow","max-snippet":"max-snippet:-1","max-image-preview":"max-image-preview:large","max-video-preview":"max-video-preview:-1"},"canonical":"https:\/\/www.pavb.lt\/en\/services\/for-visitors\/spaces\/juozas-miltinis-heritage-study-center\/","og_locale":"en_US","og_type":"article","og_title":"Juozas Miltinis Memorial Apartment - Panevezys County Gabriele Petkevicaite-Bite Public Library","og_description":"Algirdo g. 54\u201319 Tel. +370 45 43 69 89, +370\u00a0616\u00a0191 68, e-mail miltinis@pavb.lt Juozas Miltinis Memorial Apartment is the authentic home space of the legendary theatre director of the 20th century Juozas Miltinis. The entire personal legacy of the director is exhibited here, including his personal library, manuscript, artwork collection, audio and video recordings of..... Read More","og_url":"https:\/\/www.pavb.lt\/en\/services\/for-visitors\/spaces\/juozas-miltinis-heritage-study-center\/","og_site_name":"Panevezys County Gabriele Petkevicaite-Bite Public Library","article_modified_time":"2025-07-10T07:40:30+00:00","twitter_card":"summary_large_image","schema":{"@context":"https:\/\/schema.org","@graph":[{"@type":"WebPage","@id":"https:\/\/www.pavb.lt\/en\/services\/for-visitors\/spaces\/juozas-miltinis-heritage-study-center\/","url":"https:\/\/www.pavb.lt\/en\/services\/for-visitors\/spaces\/juozas-miltinis-heritage-study-center\/","name":"Juozas Miltinis Memorial Apartment - Panevezys County Gabriele Petkevicaite-Bite Public Library","isPartOf":{"@id":"https:\/\/www.pavb.lt\/en\/#website"},"datePublished":"2019-02-13T06:42:11+00:00","dateModified":"2025-07-10T07:40:30+00:00","breadcrumb":{"@id":"https:\/\/www.pavb.lt\/en\/services\/for-visitors\/spaces\/juozas-miltinis-heritage-study-center\/#breadcrumb"},"inLanguage":"en-US","potentialAction":[{"@type":"ReadAction","target":["https:\/\/www.pavb.lt\/en\/services\/for-visitors\/spaces\/juozas-miltinis-heritage-study-center\/"]}]},{"@type":"BreadcrumbList","@id":"https:\/\/www.pavb.lt\/en\/services\/for-visitors\/spaces\/juozas-miltinis-heritage-study-center\/#breadcrumb","itemListElement":[{"@type":"ListItem","position":1,"name":"Home","item":"https:\/\/www.pavb.lt\/en\/"},{"@type":"ListItem","position":2,"name":"Services","item":"https:\/\/www.pavb.lt\/en\/services\/"},{"@type":"ListItem","position":3,"name":"For Visitors","item":"https:\/\/www.pavb.lt\/en\/services\/for-visitors\/"},{"@type":"ListItem","position":4,"name":"Spaces","item":"https:\/\/www.pavb.lt\/en\/services\/for-visitors\/spaces\/"},{"@type":"ListItem","position":5,"name":"Juozas Miltinis Memorial Apartment"}]},{"@type":"WebSite","@id":"https:\/\/www.pavb.lt\/en\/#website","url":"https:\/\/www.pavb.lt\/en\/","name":"Panevezys County Gabriele Petkevicaite-Bite Public Library","description":"Here is your Library!","publisher":{"@id":"https:\/\/www.pavb.lt\/en\/#organization"},"potentialAction":[{"@type":"SearchAction","target":{"@type":"EntryPoint","urlTemplate":"https:\/\/www.pavb.lt\/en\/?s={search_term_string}"},"query-input":{"@type":"PropertyValueSpecification","valueRequired":true,"valueName":"search_term_string"}}],"inLanguage":"en-US"},{"@type":"Organization","@id":"https:\/\/www.pavb.lt\/en\/#organization","name":"Panev\u0117\u017eio apskrities Gabriel\u0117s Petkevi\u010dait\u0117s-Bit\u0117s vie\u0161oji biblioteka","url":"https:\/\/www.pavb.lt\/en\/","logo":{"@type":"ImageObject","inLanguage":"en-US","@id":"https:\/\/www.pavb.lt\/en\/#\/schema\/logo\/image\/","url":"https:\/\/www.pavb.lt\/wp-content\/uploads\/2017\/11\/pavb-logo.png","contentUrl":"https:\/\/www.pavb.lt\/wp-content\/uploads\/2017\/11\/pavb-logo.png","width":512,"height":512,"caption":"Panev\u0117\u017eio apskrities Gabriel\u0117s Petkevi\u010dait\u0117s-Bit\u0117s vie\u0161oji biblioteka"},"image":{"@id":"https:\/\/www.pavb.lt\/en\/#\/schema\/logo\/image\/"}}]}},"jetpack_sharing_enabled":true,"_links":{"self":[{"href":"https:\/\/www.pavb.lt\/en\/wp-json\/wp\/v2\/pages\/5865","targetHints":{"allow":["GET"]}}],"collection":[{"href":"https:\/\/www.pavb.lt\/en\/wp-json\/wp\/v2\/pages"}],"about":[{"href":"https:\/\/www.pavb.lt\/en\/wp-json\/wp\/v2\/types\/page"}],"author":[{"embeddable":true,"href":"https:\/\/www.pavb.lt\/en\/wp-json\/wp\/v2\/users\/3"}],"replies":[{"embeddable":true,"href":"https:\/\/www.pavb.lt\/en\/wp-json\/wp\/v2\/comments?post=5865"}],"version-history":[{"count":1,"href":"https:\/\/www.pavb.lt\/en\/wp-json\/wp\/v2\/pages\/5865\/revisions"}],"predecessor-version":[{"id":170398,"href":"https:\/\/www.pavb.lt\/en\/wp-json\/wp\/v2\/pages\/5865\/revisions\/170398"}],"up":[{"embeddable":true,"href":"https:\/\/www.pavb.lt\/en\/wp-json\/wp\/v2\/pages\/5654"}],"wp:attachment":[{"href":"https:\/\/www.pavb.lt\/en\/wp-json\/wp\/v2\/media?parent=5865"}],"curies":[{"name":"wp","href":"https:\/\/api.w.org\/{rel}","templated":true}]}}