{"id":5854,"date":"2019-02-05T15:11:01","date_gmt":"2019-02-05T13:11:01","guid":{"rendered":"https:\/\/www.pavb.lt\/?page_id=5854"},"modified":"2025-07-10T10:39:11","modified_gmt":"2025-07-10T07:39:11","slug":"children-literature-department","status":"publish","type":"page","link":"https:\/\/www.pavb.lt\/en\/services\/for-visitors\/spaces\/children-literature-department\/","title":{"rendered":"Department of cultural education for children and youth"},"content":{"rendered":"\n<p>Auk\u0161tai\u010di\u0173 4C\u20132\u00a0<\/p>\n\n\n\n<p>Tel. +370 45 46 55 52, e-mail <a href=\"mailto:vaikai@pavb.lt\">vaikai@pavb.lt<\/a><\/p>\n\n\n\n<p>The renovated department was opened in 2024. There are separate spaces for families with children and young people. The smallest ones with their parents are able to spend their free time not only reading, but also playing sensory, interactive games. For older children \u2013 a tree of knowledge, an interactive house with various educational games. For young people, there are sensory and discovery spaces for constructing, working with a computer or engaging in other pleasant activities.<\/p>\n\n\n\n<p>There is a modern event hall, a professional sound recording studio and an outdoor bookshelf.<\/p>\n\n\n\n<p>Visitors have not only a carefully formed collection of publications, but also an innovative loan-return system that allows them to easily pick up books on their own.<\/p>\n\n\n\n<p>Department of cultural education for children and youth is a place where school students, teachers and everyone interested in literature for children can find something useful.<\/p>\n\n\n\n<p><\/p>\n","protected":false},"excerpt":{"rendered":"<p>Auk\u0161tai\u010di\u0173 4C\u20132\u00a0 Tel. +370 45 46 55 52, e-mail vaikai@pavb.lt The renovated department was opened in 2024. There are separate spaces for families with children and young people. The smallest ones with their parents are able to spend their free time not only reading, but also playing sensory, interactive games. For older children \u2013 a&#8230;.. <a class=\"moretag\" href=\"https:\/\/www.pavb.lt\/en\/services\/for-visitors\/spaces\/children-literature-department\/\">Read More<\/a><\/p>\n","protected":false},"author":3,"featured_media":0,"parent":5654,"menu_order":12,"comment_status":"closed","ping_status":"closed","template":"","meta":{"_acf_changed":false,"footnotes":""},"class_list":["post-5854","page","type-page","status-publish","hentry"],"acf":[],"yoast_head":"<!-- This site is optimized with the Yoast SEO plugin v27.3 - https:\/\/yoast.com\/product\/yoast-seo-wordpress\/ -->\n<title>Department of cultural education for children and youth - Panevezys County Gabriele Petkevicaite-Bite Public Library<\/title>\n<meta name=\"robots\" content=\"index, follow, max-snippet:-1, max-image-preview:large, max-video-preview:-1\" \/>\n<link rel=\"canonical\" href=\"https:\/\/www.pavb.lt\/en\/services\/for-visitors\/spaces\/children-literature-department\/\" \/>\n<meta property=\"og:locale\" content=\"en_US\" \/>\n<meta property=\"og:type\" content=\"article\" \/>\n<meta property=\"og:title\" content=\"Department of cultural education for children and youth - Panevezys County Gabriele Petkevicaite-Bite Public Library\" \/>\n<meta property=\"og:description\" content=\"Auk\u0161tai\u010di\u0173 4C\u20132\u00a0 Tel. +370 45 46 55 52, e-mail vaikai@pavb.lt The renovated department was opened in 2024. There are separate spaces for families with children and young people. The smallest ones with their parents are able to spend their free time not only reading, but also playing sensory, interactive games. For older children \u2013 a..... Read More\" \/>\n<meta property=\"og:url\" content=\"https:\/\/www.pavb.lt\/en\/services\/for-visitors\/spaces\/children-literature-department\/\" \/>\n<meta property=\"og:site_name\" content=\"Panevezys County Gabriele Petkevicaite-Bite Public Library\" \/>\n<meta property=\"article:modified_time\" content=\"2025-07-10T07:39:11+00:00\" \/>\n<meta name=\"twitter:card\" content=\"summary_large_image\" \/>\n<script type=\"application\/ld+json\" class=\"yoast-schema-graph\">{\"@context\":\"https:\\\/\\\/schema.org\",\"@graph\":[{\"@type\":\"WebPage\",\"@id\":\"https:\\\/\\\/www.pavb.lt\\\/en\\\/services\\\/for-visitors\\\/spaces\\\/children-literature-department\\\/\",\"url\":\"https:\\\/\\\/www.pavb.lt\\\/en\\\/services\\\/for-visitors\\\/spaces\\\/children-literature-department\\\/\",\"name\":\"Department of cultural education for children and youth - Panevezys County Gabriele Petkevicaite-Bite Public Library\",\"isPartOf\":{\"@id\":\"https:\\\/\\\/www.pavb.lt\\\/en\\\/#website\"},\"datePublished\":\"2019-02-05T13:11:01+00:00\",\"dateModified\":\"2025-07-10T07:39:11+00:00\",\"breadcrumb\":{\"@id\":\"https:\\\/\\\/www.pavb.lt\\\/en\\\/services\\\/for-visitors\\\/spaces\\\/children-literature-department\\\/#breadcrumb\"},\"inLanguage\":\"en-US\",\"potentialAction\":[{\"@type\":\"ReadAction\",\"target\":[\"https:\\\/\\\/www.pavb.lt\\\/en\\\/services\\\/for-visitors\\\/spaces\\\/children-literature-department\\\/\"]}]},{\"@type\":\"BreadcrumbList\",\"@id\":\"https:\\\/\\\/www.pavb.lt\\\/en\\\/services\\\/for-visitors\\\/spaces\\\/children-literature-department\\\/#breadcrumb\",\"itemListElement\":[{\"@type\":\"ListItem\",\"position\":1,\"name\":\"Home\",\"item\":\"https:\\\/\\\/www.pavb.lt\\\/en\\\/\"},{\"@type\":\"ListItem\",\"position\":2,\"name\":\"Services\",\"item\":\"https:\\\/\\\/www.pavb.lt\\\/en\\\/services\\\/\"},{\"@type\":\"ListItem\",\"position\":3,\"name\":\"For Visitors\",\"item\":\"https:\\\/\\\/www.pavb.lt\\\/en\\\/services\\\/for-visitors\\\/\"},{\"@type\":\"ListItem\",\"position\":4,\"name\":\"Spaces\",\"item\":\"https:\\\/\\\/www.pavb.lt\\\/en\\\/services\\\/for-visitors\\\/spaces\\\/\"},{\"@type\":\"ListItem\",\"position\":5,\"name\":\"Department of cultural education for children and youth\"}]},{\"@type\":\"WebSite\",\"@id\":\"https:\\\/\\\/www.pavb.lt\\\/en\\\/#website\",\"url\":\"https:\\\/\\\/www.pavb.lt\\\/en\\\/\",\"name\":\"Panevezys County Gabriele Petkevicaite-Bite Public Library\",\"description\":\"Here is your Library!\",\"publisher\":{\"@id\":\"https:\\\/\\\/www.pavb.lt\\\/en\\\/#organization\"},\"potentialAction\":[{\"@type\":\"SearchAction\",\"target\":{\"@type\":\"EntryPoint\",\"urlTemplate\":\"https:\\\/\\\/www.pavb.lt\\\/en\\\/?s={search_term_string}\"},\"query-input\":{\"@type\":\"PropertyValueSpecification\",\"valueRequired\":true,\"valueName\":\"search_term_string\"}}],\"inLanguage\":\"en-US\"},{\"@type\":\"Organization\",\"@id\":\"https:\\\/\\\/www.pavb.lt\\\/en\\\/#organization\",\"name\":\"Panev\u0117\u017eio apskrities Gabriel\u0117s Petkevi\u010dait\u0117s-Bit\u0117s vie\u0161oji biblioteka\",\"url\":\"https:\\\/\\\/www.pavb.lt\\\/en\\\/\",\"logo\":{\"@type\":\"ImageObject\",\"inLanguage\":\"en-US\",\"@id\":\"https:\\\/\\\/www.pavb.lt\\\/en\\\/#\\\/schema\\\/logo\\\/image\\\/\",\"url\":\"https:\\\/\\\/www.pavb.lt\\\/wp-content\\\/uploads\\\/2017\\\/11\\\/pavb-logo.png\",\"contentUrl\":\"https:\\\/\\\/www.pavb.lt\\\/wp-content\\\/uploads\\\/2017\\\/11\\\/pavb-logo.png\",\"width\":512,\"height\":512,\"caption\":\"Panev\u0117\u017eio apskrities Gabriel\u0117s Petkevi\u010dait\u0117s-Bit\u0117s vie\u0161oji biblioteka\"},\"image\":{\"@id\":\"https:\\\/\\\/www.pavb.lt\\\/en\\\/#\\\/schema\\\/logo\\\/image\\\/\"}}]}<\/script>\n<!-- \/ Yoast SEO plugin. -->","yoast_head_json":{"title":"Department of cultural education for children and youth - Panevezys County Gabriele Petkevicaite-Bite Public Library","robots":{"index":"index","follow":"follow","max-snippet":"max-snippet:-1","max-image-preview":"max-image-preview:large","max-video-preview":"max-video-preview:-1"},"canonical":"https:\/\/www.pavb.lt\/en\/services\/for-visitors\/spaces\/children-literature-department\/","og_locale":"en_US","og_type":"article","og_title":"Department of cultural education for children and youth - Panevezys County Gabriele Petkevicaite-Bite Public Library","og_description":"Auk\u0161tai\u010di\u0173 4C\u20132\u00a0 Tel. +370 45 46 55 52, e-mail vaikai@pavb.lt The renovated department was opened in 2024. There are separate spaces for families with children and young people. The smallest ones with their parents are able to spend their free time not only reading, but also playing sensory, interactive games. For older children \u2013 a..... Read More","og_url":"https:\/\/www.pavb.lt\/en\/services\/for-visitors\/spaces\/children-literature-department\/","og_site_name":"Panevezys County Gabriele Petkevicaite-Bite Public Library","article_modified_time":"2025-07-10T07:39:11+00:00","twitter_card":"summary_large_image","schema":{"@context":"https:\/\/schema.org","@graph":[{"@type":"WebPage","@id":"https:\/\/www.pavb.lt\/en\/services\/for-visitors\/spaces\/children-literature-department\/","url":"https:\/\/www.pavb.lt\/en\/services\/for-visitors\/spaces\/children-literature-department\/","name":"Department of cultural education for children and youth - Panevezys County Gabriele Petkevicaite-Bite Public Library","isPartOf":{"@id":"https:\/\/www.pavb.lt\/en\/#website"},"datePublished":"2019-02-05T13:11:01+00:00","dateModified":"2025-07-10T07:39:11+00:00","breadcrumb":{"@id":"https:\/\/www.pavb.lt\/en\/services\/for-visitors\/spaces\/children-literature-department\/#breadcrumb"},"inLanguage":"en-US","potentialAction":[{"@type":"ReadAction","target":["https:\/\/www.pavb.lt\/en\/services\/for-visitors\/spaces\/children-literature-department\/"]}]},{"@type":"BreadcrumbList","@id":"https:\/\/www.pavb.lt\/en\/services\/for-visitors\/spaces\/children-literature-department\/#breadcrumb","itemListElement":[{"@type":"ListItem","position":1,"name":"Home","item":"https:\/\/www.pavb.lt\/en\/"},{"@type":"ListItem","position":2,"name":"Services","item":"https:\/\/www.pavb.lt\/en\/services\/"},{"@type":"ListItem","position":3,"name":"For Visitors","item":"https:\/\/www.pavb.lt\/en\/services\/for-visitors\/"},{"@type":"ListItem","position":4,"name":"Spaces","item":"https:\/\/www.pavb.lt\/en\/services\/for-visitors\/spaces\/"},{"@type":"ListItem","position":5,"name":"Department of cultural education for children and youth"}]},{"@type":"WebSite","@id":"https:\/\/www.pavb.lt\/en\/#website","url":"https:\/\/www.pavb.lt\/en\/","name":"Panevezys County Gabriele Petkevicaite-Bite Public Library","description":"Here is your Library!","publisher":{"@id":"https:\/\/www.pavb.lt\/en\/#organization"},"potentialAction":[{"@type":"SearchAction","target":{"@type":"EntryPoint","urlTemplate":"https:\/\/www.pavb.lt\/en\/?s={search_term_string}"},"query-input":{"@type":"PropertyValueSpecification","valueRequired":true,"valueName":"search_term_string"}}],"inLanguage":"en-US"},{"@type":"Organization","@id":"https:\/\/www.pavb.lt\/en\/#organization","name":"Panev\u0117\u017eio apskrities Gabriel\u0117s Petkevi\u010dait\u0117s-Bit\u0117s vie\u0161oji biblioteka","url":"https:\/\/www.pavb.lt\/en\/","logo":{"@type":"ImageObject","inLanguage":"en-US","@id":"https:\/\/www.pavb.lt\/en\/#\/schema\/logo\/image\/","url":"https:\/\/www.pavb.lt\/wp-content\/uploads\/2017\/11\/pavb-logo.png","contentUrl":"https:\/\/www.pavb.lt\/wp-content\/uploads\/2017\/11\/pavb-logo.png","width":512,"height":512,"caption":"Panev\u0117\u017eio apskrities Gabriel\u0117s Petkevi\u010dait\u0117s-Bit\u0117s vie\u0161oji biblioteka"},"image":{"@id":"https:\/\/www.pavb.lt\/en\/#\/schema\/logo\/image\/"}}]}},"jetpack_sharing_enabled":true,"_links":{"self":[{"href":"https:\/\/www.pavb.lt\/en\/wp-json\/wp\/v2\/pages\/5854","targetHints":{"allow":["GET"]}}],"collection":[{"href":"https:\/\/www.pavb.lt\/en\/wp-json\/wp\/v2\/pages"}],"about":[{"href":"https:\/\/www.pavb.lt\/en\/wp-json\/wp\/v2\/types\/page"}],"author":[{"embeddable":true,"href":"https:\/\/www.pavb.lt\/en\/wp-json\/wp\/v2\/users\/3"}],"replies":[{"embeddable":true,"href":"https:\/\/www.pavb.lt\/en\/wp-json\/wp\/v2\/comments?post=5854"}],"version-history":[{"count":1,"href":"https:\/\/www.pavb.lt\/en\/wp-json\/wp\/v2\/pages\/5854\/revisions"}],"predecessor-version":[{"id":170397,"href":"https:\/\/www.pavb.lt\/en\/wp-json\/wp\/v2\/pages\/5854\/revisions\/170397"}],"up":[{"embeddable":true,"href":"https:\/\/www.pavb.lt\/en\/wp-json\/wp\/v2\/pages\/5654"}],"wp:attachment":[{"href":"https:\/\/www.pavb.lt\/en\/wp-json\/wp\/v2\/media?parent=5854"}],"curies":[{"name":"wp","href":"https:\/\/api.w.org\/{rel}","templated":true}]}}