{"id":5850,"date":"2019-02-05T14:44:21","date_gmt":"2019-02-05T12:44:21","guid":{"rendered":"https:\/\/www.pavb.lt\/?page_id=5850"},"modified":"2026-01-15T11:29:29","modified_gmt":"2026-01-15T09:29:29","slug":"arts-reading-room","status":"publish","type":"page","link":"https:\/\/www.pavb.lt\/en\/services\/for-visitors\/spaces\/arts-reading-room\/","title":{"rendered":"Arts Reading Room"},"content":{"rendered":"\n<p>Respublikos g. 14, III<sup>rd<\/sup> floor<\/p>\n\n\n\n<p>Tel. +370 45 46 55 52, e-mail&nbsp;<a href=\"mailto:muzika@pavb.lt\">muzika@pavb.lt<\/a><\/p>\n\n\n<div class=\"wp-block-image\">\n<figure class=\"alignleft size-medium\"><img decoding=\"async\" src=\"https:\/\/www.pavb.lt\/wp-content\/uploads\/2025\/12\/Menu-skaitykla_01-300x200.jpg\" alt=\"Skaityklos erdv\u0117je palei lang\u0105 i\u0161sirikiav\u0119 darbo prie kompiuterio vieta, g\u0117l\u0117, foteliai, staliukas, lentynos su vaizdo \u012fra\u0161ais, plok\u0161tel\u0117mis.\" class=\"wp-image-178571\"\/><\/figure>\n<\/div>\n\n\n<p>Arts Reading\nRoom is a place where you can find various information about art, to\nparticipate in or organise educational activities. <\/p>\n\n\n\n<p>The Arts Reading Room also holds an exhibition of Stasys Eidrigevi\u010dius work. It is a unique opportunity to get to know the publications about the art of a world-renowned Lithuanian artist who lives in Poland. The publications include:<\/p>\n\n\n\n<p>fiction books,<br>art albums,<br>art exhibition albums,<br>illustrated books,<br>posters,<br>postal cards,<br>drawings,<br>bookplates,<br>photographs,<br>other original art works.<\/p>\n\n\n\n<p>You are welcome to use the publications inside the library.<\/p>\n\n\n\n<p>Here you will\nalso find:<\/p>\n\n\n\n<p>A collection of Lithuanian and foreign composers\u2019 music sheets,<br>music recordings of various periods, styles, genres, nations (stored in phonograph records, audiotapes, CDs, and other computer storage devices), video recordings of feature films, documentaries, cartoons, concerts, theatre performances,<br>art albums of famous Lithuanian and foreign artists.<\/p>\n\n\n\n<p>The Reading Room holds 5 computerised workstations. Free Wi-Fi is available. You can copy and print excerpts from audio recordings and save them into storage devices (audiotapes, CDs, USB flash drives). <a href=\"https:\/\/www.pavb.lt\/en\/services\/for-visitors\/paid-services\/?preview=true\">Prices<\/a> <\/p>\n\n\n\n<p>You can listen\nto audio recordings and watch videos individually or in groups. It is required\nto make a reservation in advance.<\/p>\n\n\n\n<p><\/p>\n\n\n\n<p><\/p>\n\n\n\n<p><\/p>\n\n\n\n<p><\/p>\n","protected":false},"excerpt":{"rendered":"<p>Respublikos g. 14, IIIrd floor Tel. +370 45 46 55 52, e-mail&nbsp;muzika@pavb.lt Arts Reading Room is a place where you can find various information about art, to participate in or organise educational activities. The Arts Reading Room also holds an exhibition of Stasys Eidrigevi\u010dius work. It is a unique opportunity to get to know the&#8230;.. <a class=\"moretag\" href=\"https:\/\/www.pavb.lt\/en\/services\/for-visitors\/spaces\/arts-reading-room\/\">Read More<\/a><\/p>\n","protected":false},"author":3,"featured_media":0,"parent":5654,"menu_order":5,"comment_status":"closed","ping_status":"closed","template":"","meta":{"_acf_changed":false,"footnotes":""},"class_list":["post-5850","page","type-page","status-publish","hentry"],"acf":[],"yoast_head":"<!-- This site is optimized with the Yoast SEO plugin v27.4 - https:\/\/yoast.com\/product\/yoast-seo-wordpress\/ -->\n<title>Arts Reading Room - Panevezys County Gabriele Petkevicaite-Bite Public Library<\/title>\n<meta name=\"robots\" content=\"index, follow, max-snippet:-1, max-image-preview:large, max-video-preview:-1\" \/>\n<link rel=\"canonical\" href=\"https:\/\/www.pavb.lt\/en\/services\/for-visitors\/spaces\/arts-reading-room\/\" \/>\n<meta property=\"og:locale\" content=\"en_US\" \/>\n<meta property=\"og:type\" content=\"article\" \/>\n<meta property=\"og:title\" content=\"Arts Reading Room - Panevezys County Gabriele Petkevicaite-Bite Public Library\" \/>\n<meta property=\"og:description\" content=\"Respublikos g. 14, IIIrd floor Tel. +370 45 46 55 52, e-mail&nbsp;muzika@pavb.lt Arts Reading Room is a place where you can find various information about art, to participate in or organise educational activities. The Arts Reading Room also holds an exhibition of Stasys Eidrigevi\u010dius work. It is a unique opportunity to get to know the..... Read More\" \/>\n<meta property=\"og:url\" content=\"https:\/\/www.pavb.lt\/en\/services\/for-visitors\/spaces\/arts-reading-room\/\" \/>\n<meta property=\"og:site_name\" content=\"Panevezys County Gabriele Petkevicaite-Bite Public Library\" \/>\n<meta property=\"article:modified_time\" content=\"2026-01-15T09:29:29+00:00\" \/>\n<meta name=\"twitter:card\" content=\"summary_large_image\" \/>\n<script type=\"application\/ld+json\" class=\"yoast-schema-graph\">{\"@context\":\"https:\\\/\\\/schema.org\",\"@graph\":[{\"@type\":\"WebPage\",\"@id\":\"https:\\\/\\\/www.pavb.lt\\\/en\\\/services\\\/for-visitors\\\/spaces\\\/arts-reading-room\\\/\",\"url\":\"https:\\\/\\\/www.pavb.lt\\\/en\\\/services\\\/for-visitors\\\/spaces\\\/arts-reading-room\\\/\",\"name\":\"Arts Reading Room - Panevezys County Gabriele Petkevicaite-Bite Public Library\",\"isPartOf\":{\"@id\":\"https:\\\/\\\/www.pavb.lt\\\/en\\\/#website\"},\"primaryImageOfPage\":{\"@id\":\"https:\\\/\\\/www.pavb.lt\\\/en\\\/services\\\/for-visitors\\\/spaces\\\/arts-reading-room\\\/#primaryimage\"},\"image\":{\"@id\":\"https:\\\/\\\/www.pavb.lt\\\/en\\\/services\\\/for-visitors\\\/spaces\\\/arts-reading-room\\\/#primaryimage\"},\"thumbnailUrl\":\"https:\\\/\\\/www.pavb.lt\\\/wp-content\\\/uploads\\\/2025\\\/12\\\/Menu-skaitykla_01-300x200.jpg\",\"datePublished\":\"2019-02-05T12:44:21+00:00\",\"dateModified\":\"2026-01-15T09:29:29+00:00\",\"breadcrumb\":{\"@id\":\"https:\\\/\\\/www.pavb.lt\\\/en\\\/services\\\/for-visitors\\\/spaces\\\/arts-reading-room\\\/#breadcrumb\"},\"inLanguage\":\"en-US\",\"potentialAction\":[{\"@type\":\"ReadAction\",\"target\":[\"https:\\\/\\\/www.pavb.lt\\\/en\\\/services\\\/for-visitors\\\/spaces\\\/arts-reading-room\\\/\"]}]},{\"@type\":\"ImageObject\",\"inLanguage\":\"en-US\",\"@id\":\"https:\\\/\\\/www.pavb.lt\\\/en\\\/services\\\/for-visitors\\\/spaces\\\/arts-reading-room\\\/#primaryimage\",\"url\":\"https:\\\/\\\/www.pavb.lt\\\/wp-content\\\/uploads\\\/2025\\\/12\\\/Menu-skaitykla_01-300x200.jpg\",\"contentUrl\":\"https:\\\/\\\/www.pavb.lt\\\/wp-content\\\/uploads\\\/2025\\\/12\\\/Menu-skaitykla_01-300x200.jpg\"},{\"@type\":\"BreadcrumbList\",\"@id\":\"https:\\\/\\\/www.pavb.lt\\\/en\\\/services\\\/for-visitors\\\/spaces\\\/arts-reading-room\\\/#breadcrumb\",\"itemListElement\":[{\"@type\":\"ListItem\",\"position\":1,\"name\":\"Home\",\"item\":\"https:\\\/\\\/www.pavb.lt\\\/en\\\/\"},{\"@type\":\"ListItem\",\"position\":2,\"name\":\"Services\",\"item\":\"https:\\\/\\\/www.pavb.lt\\\/en\\\/services\\\/\"},{\"@type\":\"ListItem\",\"position\":3,\"name\":\"For Visitors\",\"item\":\"https:\\\/\\\/www.pavb.lt\\\/en\\\/services\\\/for-visitors\\\/\"},{\"@type\":\"ListItem\",\"position\":4,\"name\":\"Spaces\",\"item\":\"https:\\\/\\\/www.pavb.lt\\\/en\\\/services\\\/for-visitors\\\/spaces\\\/\"},{\"@type\":\"ListItem\",\"position\":5,\"name\":\"Arts Reading Room\"}]},{\"@type\":\"WebSite\",\"@id\":\"https:\\\/\\\/www.pavb.lt\\\/en\\\/#website\",\"url\":\"https:\\\/\\\/www.pavb.lt\\\/en\\\/\",\"name\":\"Panevezys County Gabriele Petkevicaite-Bite Public Library\",\"description\":\"Here is your Library!\",\"publisher\":{\"@id\":\"https:\\\/\\\/www.pavb.lt\\\/en\\\/#organization\"},\"potentialAction\":[{\"@type\":\"SearchAction\",\"target\":{\"@type\":\"EntryPoint\",\"urlTemplate\":\"https:\\\/\\\/www.pavb.lt\\\/en\\\/?s={search_term_string}\"},\"query-input\":{\"@type\":\"PropertyValueSpecification\",\"valueRequired\":true,\"valueName\":\"search_term_string\"}}],\"inLanguage\":\"en-US\"},{\"@type\":\"Organization\",\"@id\":\"https:\\\/\\\/www.pavb.lt\\\/en\\\/#organization\",\"name\":\"Panev\u0117\u017eio apskrities Gabriel\u0117s Petkevi\u010dait\u0117s-Bit\u0117s vie\u0161oji biblioteka\",\"url\":\"https:\\\/\\\/www.pavb.lt\\\/en\\\/\",\"logo\":{\"@type\":\"ImageObject\",\"inLanguage\":\"en-US\",\"@id\":\"https:\\\/\\\/www.pavb.lt\\\/en\\\/#\\\/schema\\\/logo\\\/image\\\/\",\"url\":\"https:\\\/\\\/www.pavb.lt\\\/wp-content\\\/uploads\\\/2017\\\/11\\\/pavb-logo.png\",\"contentUrl\":\"https:\\\/\\\/www.pavb.lt\\\/wp-content\\\/uploads\\\/2017\\\/11\\\/pavb-logo.png\",\"width\":512,\"height\":512,\"caption\":\"Panev\u0117\u017eio apskrities Gabriel\u0117s Petkevi\u010dait\u0117s-Bit\u0117s vie\u0161oji biblioteka\"},\"image\":{\"@id\":\"https:\\\/\\\/www.pavb.lt\\\/en\\\/#\\\/schema\\\/logo\\\/image\\\/\"}}]}<\/script>\n<!-- \/ Yoast SEO plugin. -->","yoast_head_json":{"title":"Arts Reading Room - Panevezys County Gabriele Petkevicaite-Bite Public Library","robots":{"index":"index","follow":"follow","max-snippet":"max-snippet:-1","max-image-preview":"max-image-preview:large","max-video-preview":"max-video-preview:-1"},"canonical":"https:\/\/www.pavb.lt\/en\/services\/for-visitors\/spaces\/arts-reading-room\/","og_locale":"en_US","og_type":"article","og_title":"Arts Reading Room - Panevezys County Gabriele Petkevicaite-Bite Public Library","og_description":"Respublikos g. 14, IIIrd floor Tel. +370 45 46 55 52, e-mail&nbsp;muzika@pavb.lt Arts Reading Room is a place where you can find various information about art, to participate in or organise educational activities. The Arts Reading Room also holds an exhibition of Stasys Eidrigevi\u010dius work. It is a unique opportunity to get to know the..... Read More","og_url":"https:\/\/www.pavb.lt\/en\/services\/for-visitors\/spaces\/arts-reading-room\/","og_site_name":"Panevezys County Gabriele Petkevicaite-Bite Public Library","article_modified_time":"2026-01-15T09:29:29+00:00","twitter_card":"summary_large_image","schema":{"@context":"https:\/\/schema.org","@graph":[{"@type":"WebPage","@id":"https:\/\/www.pavb.lt\/en\/services\/for-visitors\/spaces\/arts-reading-room\/","url":"https:\/\/www.pavb.lt\/en\/services\/for-visitors\/spaces\/arts-reading-room\/","name":"Arts Reading Room - Panevezys County Gabriele Petkevicaite-Bite Public Library","isPartOf":{"@id":"https:\/\/www.pavb.lt\/en\/#website"},"primaryImageOfPage":{"@id":"https:\/\/www.pavb.lt\/en\/services\/for-visitors\/spaces\/arts-reading-room\/#primaryimage"},"image":{"@id":"https:\/\/www.pavb.lt\/en\/services\/for-visitors\/spaces\/arts-reading-room\/#primaryimage"},"thumbnailUrl":"https:\/\/www.pavb.lt\/wp-content\/uploads\/2025\/12\/Menu-skaitykla_01-300x200.jpg","datePublished":"2019-02-05T12:44:21+00:00","dateModified":"2026-01-15T09:29:29+00:00","breadcrumb":{"@id":"https:\/\/www.pavb.lt\/en\/services\/for-visitors\/spaces\/arts-reading-room\/#breadcrumb"},"inLanguage":"en-US","potentialAction":[{"@type":"ReadAction","target":["https:\/\/www.pavb.lt\/en\/services\/for-visitors\/spaces\/arts-reading-room\/"]}]},{"@type":"ImageObject","inLanguage":"en-US","@id":"https:\/\/www.pavb.lt\/en\/services\/for-visitors\/spaces\/arts-reading-room\/#primaryimage","url":"https:\/\/www.pavb.lt\/wp-content\/uploads\/2025\/12\/Menu-skaitykla_01-300x200.jpg","contentUrl":"https:\/\/www.pavb.lt\/wp-content\/uploads\/2025\/12\/Menu-skaitykla_01-300x200.jpg"},{"@type":"BreadcrumbList","@id":"https:\/\/www.pavb.lt\/en\/services\/for-visitors\/spaces\/arts-reading-room\/#breadcrumb","itemListElement":[{"@type":"ListItem","position":1,"name":"Home","item":"https:\/\/www.pavb.lt\/en\/"},{"@type":"ListItem","position":2,"name":"Services","item":"https:\/\/www.pavb.lt\/en\/services\/"},{"@type":"ListItem","position":3,"name":"For Visitors","item":"https:\/\/www.pavb.lt\/en\/services\/for-visitors\/"},{"@type":"ListItem","position":4,"name":"Spaces","item":"https:\/\/www.pavb.lt\/en\/services\/for-visitors\/spaces\/"},{"@type":"ListItem","position":5,"name":"Arts Reading Room"}]},{"@type":"WebSite","@id":"https:\/\/www.pavb.lt\/en\/#website","url":"https:\/\/www.pavb.lt\/en\/","name":"Panevezys County Gabriele Petkevicaite-Bite Public Library","description":"Here is your Library!","publisher":{"@id":"https:\/\/www.pavb.lt\/en\/#organization"},"potentialAction":[{"@type":"SearchAction","target":{"@type":"EntryPoint","urlTemplate":"https:\/\/www.pavb.lt\/en\/?s={search_term_string}"},"query-input":{"@type":"PropertyValueSpecification","valueRequired":true,"valueName":"search_term_string"}}],"inLanguage":"en-US"},{"@type":"Organization","@id":"https:\/\/www.pavb.lt\/en\/#organization","name":"Panev\u0117\u017eio apskrities Gabriel\u0117s Petkevi\u010dait\u0117s-Bit\u0117s vie\u0161oji biblioteka","url":"https:\/\/www.pavb.lt\/en\/","logo":{"@type":"ImageObject","inLanguage":"en-US","@id":"https:\/\/www.pavb.lt\/en\/#\/schema\/logo\/image\/","url":"https:\/\/www.pavb.lt\/wp-content\/uploads\/2017\/11\/pavb-logo.png","contentUrl":"https:\/\/www.pavb.lt\/wp-content\/uploads\/2017\/11\/pavb-logo.png","width":512,"height":512,"caption":"Panev\u0117\u017eio apskrities Gabriel\u0117s Petkevi\u010dait\u0117s-Bit\u0117s vie\u0161oji biblioteka"},"image":{"@id":"https:\/\/www.pavb.lt\/en\/#\/schema\/logo\/image\/"}}]}},"jetpack_sharing_enabled":true,"_links":{"self":[{"href":"https:\/\/www.pavb.lt\/en\/wp-json\/wp\/v2\/pages\/5850","targetHints":{"allow":["GET"]}}],"collection":[{"href":"https:\/\/www.pavb.lt\/en\/wp-json\/wp\/v2\/pages"}],"about":[{"href":"https:\/\/www.pavb.lt\/en\/wp-json\/wp\/v2\/types\/page"}],"author":[{"embeddable":true,"href":"https:\/\/www.pavb.lt\/en\/wp-json\/wp\/v2\/users\/3"}],"replies":[{"embeddable":true,"href":"https:\/\/www.pavb.lt\/en\/wp-json\/wp\/v2\/comments?post=5850"}],"version-history":[{"count":1,"href":"https:\/\/www.pavb.lt\/en\/wp-json\/wp\/v2\/pages\/5850\/revisions"}],"predecessor-version":[{"id":178575,"href":"https:\/\/www.pavb.lt\/en\/wp-json\/wp\/v2\/pages\/5850\/revisions\/178575"}],"up":[{"embeddable":true,"href":"https:\/\/www.pavb.lt\/en\/wp-json\/wp\/v2\/pages\/5654"}],"wp:attachment":[{"href":"https:\/\/www.pavb.lt\/en\/wp-json\/wp\/v2\/media?parent=5850"}],"curies":[{"name":"wp","href":"https:\/\/api.w.org\/{rel}","templated":true}]}}