{"id":5841,"date":"2019-04-09T11:24:08","date_gmt":"2019-04-09T08:24:08","guid":{"rendered":"https:\/\/www.pavb.lt\/?page_id=5841"},"modified":"2025-07-10T10:29:35","modified_gmt":"2025-07-10T07:29:35","slug":"computerised-workstation-for-disabled-persons","status":"publish","type":"page","link":"https:\/\/www.pavb.lt\/en\/services\/for-visitors\/spaces\/computerised-workstation-for-disabled-persons\/","title":{"rendered":"Computerised workstation for disabled persons"},"content":{"rendered":"\n<p>Respublikos g. 14, I<sup>st <\/sup>&nbsp;floor<\/p>\n\n\n\n<p>Tel. +370 45 46 54 97, e-mail&nbsp;<a href=\"mailto:abonementas@pavb.lt\">abonementas@pavb.lt<\/a><\/p>\n\n\n\n<p><a href=\"https:\/\/www.pavb.lt\/wp-content\/uploads\/2020\/01\/Vieta-neigal.png\"><img loading=\"lazy\" decoding=\"async\" data-attachment-id=\"18572\" data-permalink=\"https:\/\/www.pavb.lt\/en\/services\/for-visitors\/spaces\/computerised-workstation-for-disabled-persons\/vieta-neigal-2-2\/\" data-orig-file=\"https:\/\/www.pavb.lt\/wp-content\/uploads\/2020\/01\/Vieta-neigal.png\" data-orig-size=\"1200,800\" data-comments-opened=\"0\" data-image-meta=\"{&quot;aperture&quot;:&quot;0&quot;,&quot;credit&quot;:&quot;&quot;,&quot;camera&quot;:&quot;&quot;,&quot;caption&quot;:&quot;&quot;,&quot;created_timestamp&quot;:&quot;0&quot;,&quot;copyright&quot;:&quot;&quot;,&quot;focal_length&quot;:&quot;0&quot;,&quot;iso&quot;:&quot;0&quot;,&quot;shutter_speed&quot;:&quot;0&quot;,&quot;title&quot;:&quot;&quot;,&quot;orientation&quot;:&quot;0&quot;}\" data-image-title=\"Vieta-neigal\" data-image-description=\"\" data-image-caption=\"\" data-large-file=\"https:\/\/www.pavb.lt\/wp-content\/uploads\/2020\/01\/Vieta-neigal-1024x683.png\" class=\"alignleft size-medium wp-image-18572\" src=\"https:\/\/www.pavb.lt\/wp-content\/uploads\/2020\/01\/Vieta-neigal-300x200.png\" alt=\"Ne\u012fgaliesiems darbo vieta\" width=\"300\" height=\"200\" srcset=\"https:\/\/www.pavb.lt\/wp-content\/uploads\/2020\/01\/Vieta-neigal-300x200.png 300w, https:\/\/www.pavb.lt\/wp-content\/uploads\/2020\/01\/Vieta-neigal-1024x683.png 1024w, https:\/\/www.pavb.lt\/wp-content\/uploads\/2020\/01\/Vieta-neigal-768x512.png 768w, https:\/\/www.pavb.lt\/wp-content\/uploads\/2020\/01\/Vieta-neigal.png 1200w\" sizes=\"auto, (max-width: 300px) 100vw, 300px\" \/><\/a>The library offers\u00a0<strong>a special workstation<\/strong>\u00a0for people with disabilities on the first floor, next to the registration desk. It allows visitors to easily use library\u2019s informational resources. This workstation contains:<\/p>\n\n\n\n<ul class=\"wp-block-list\">\n<li>a keyboard with larger keys,<\/li>\n\n\n\n<li>a special mouse,<\/li>\n\n\n\n<li>Lithuanian language synthesizer,<\/li>\n\n\n\n<li>a screen view enlarging program \u201cMAGIC\u201d, which allows to see 12 to 16 times larger view,<\/li>\n\n\n\n<li>a reading program JAWS, which reads the text aloud for you,<\/li>\n\n\n\n<li>ergonomic furniture,<\/li>\n\n\n\n<li>a wheelchair.<\/li>\n<\/ul>\n\n\n\n<p>There is also a vertical platform lift, which allows you to reach second and third floors.<\/p>\n\n\n\n<p>In the library Lending department (1<sup>st<\/sup>&nbsp;floor) there is a service point of the&nbsp;<strong><a href=\"https:\/\/www.labiblioteka.lt\/en\" target=\"_blank\" rel=\"noreferrer noopener\">Lithuanian Library for the Blind<\/a><\/strong>, where visually impaired persons and people with other disabilities can borrow audio books and magazines (on MP3 format).<\/p>\n\n\n\n<p>More information <a href=\"\/?page_id=1254\">here<\/a>.&nbsp;<\/p>\n","protected":false},"excerpt":{"rendered":"<p>Respublikos g. 14, Ist &nbsp;floor Tel. +370 45 46 54 97, e-mail&nbsp;abonementas@pavb.lt The library offers\u00a0a special workstation\u00a0for people with disabilities on the first floor, next to the registration desk. It allows visitors to easily use library\u2019s informational resources. This workstation contains: There is also a vertical platform lift, which allows you to reach second and&#8230;.. <a class=\"moretag\" href=\"https:\/\/www.pavb.lt\/en\/services\/for-visitors\/spaces\/computerised-workstation-for-disabled-persons\/\">Read More<\/a><\/p>\n","protected":false},"author":3,"featured_media":0,"parent":5654,"menu_order":2,"comment_status":"closed","ping_status":"closed","template":"","meta":{"_acf_changed":false,"footnotes":""},"class_list":["post-5841","page","type-page","status-publish","hentry"],"acf":[],"yoast_head":"<!-- This site is optimized with the Yoast SEO plugin v27.4 - https:\/\/yoast.com\/product\/yoast-seo-wordpress\/ -->\n<title>Computerised workstation for disabled persons - Panevezys County Gabriele Petkevicaite-Bite Public Library<\/title>\n<meta name=\"robots\" content=\"index, follow, max-snippet:-1, max-image-preview:large, max-video-preview:-1\" \/>\n<link rel=\"canonical\" href=\"https:\/\/www.pavb.lt\/en\/services\/for-visitors\/spaces\/computerised-workstation-for-disabled-persons\/\" \/>\n<meta property=\"og:locale\" content=\"en_US\" \/>\n<meta property=\"og:type\" content=\"article\" \/>\n<meta property=\"og:title\" content=\"Computerised workstation for disabled persons - Panevezys County Gabriele Petkevicaite-Bite Public Library\" \/>\n<meta property=\"og:description\" content=\"Respublikos g. 14, Ist &nbsp;floor Tel. +370 45 46 54 97, e-mail&nbsp;abonementas@pavb.lt The library offers\u00a0a special workstation\u00a0for people with disabilities on the first floor, next to the registration desk. It allows visitors to easily use library\u2019s informational resources. This workstation contains: There is also a vertical platform lift, which allows you to reach second and..... Read More\" \/>\n<meta property=\"og:url\" content=\"https:\/\/www.pavb.lt\/en\/services\/for-visitors\/spaces\/computerised-workstation-for-disabled-persons\/\" \/>\n<meta property=\"og:site_name\" content=\"Panevezys County Gabriele Petkevicaite-Bite Public Library\" \/>\n<meta property=\"article:modified_time\" content=\"2025-07-10T07:29:35+00:00\" \/>\n<meta property=\"og:image\" content=\"https:\/\/www.pavb.lt\/wp-content\/uploads\/2020\/01\/Vieta-neigal.png\" \/>\n\t<meta property=\"og:image:width\" content=\"1200\" \/>\n\t<meta property=\"og:image:height\" content=\"800\" \/>\n\t<meta property=\"og:image:type\" content=\"image\/png\" \/>\n<meta name=\"twitter:card\" content=\"summary_large_image\" \/>\n<script type=\"application\/ld+json\" class=\"yoast-schema-graph\">{\"@context\":\"https:\\\/\\\/schema.org\",\"@graph\":[{\"@type\":\"WebPage\",\"@id\":\"https:\\\/\\\/www.pavb.lt\\\/en\\\/services\\\/for-visitors\\\/spaces\\\/computerised-workstation-for-disabled-persons\\\/\",\"url\":\"https:\\\/\\\/www.pavb.lt\\\/en\\\/services\\\/for-visitors\\\/spaces\\\/computerised-workstation-for-disabled-persons\\\/\",\"name\":\"Computerised workstation for disabled persons - Panevezys County Gabriele Petkevicaite-Bite Public Library\",\"isPartOf\":{\"@id\":\"https:\\\/\\\/www.pavb.lt\\\/en\\\/#website\"},\"primaryImageOfPage\":{\"@id\":\"https:\\\/\\\/www.pavb.lt\\\/en\\\/services\\\/for-visitors\\\/spaces\\\/computerised-workstation-for-disabled-persons\\\/#primaryimage\"},\"image\":{\"@id\":\"https:\\\/\\\/www.pavb.lt\\\/en\\\/services\\\/for-visitors\\\/spaces\\\/computerised-workstation-for-disabled-persons\\\/#primaryimage\"},\"thumbnailUrl\":\"https:\\\/\\\/www.pavb.lt\\\/wp-content\\\/uploads\\\/2020\\\/01\\\/Vieta-neigal-300x200.png\",\"datePublished\":\"2019-04-09T08:24:08+00:00\",\"dateModified\":\"2025-07-10T07:29:35+00:00\",\"breadcrumb\":{\"@id\":\"https:\\\/\\\/www.pavb.lt\\\/en\\\/services\\\/for-visitors\\\/spaces\\\/computerised-workstation-for-disabled-persons\\\/#breadcrumb\"},\"inLanguage\":\"en-US\",\"potentialAction\":[{\"@type\":\"ReadAction\",\"target\":[\"https:\\\/\\\/www.pavb.lt\\\/en\\\/services\\\/for-visitors\\\/spaces\\\/computerised-workstation-for-disabled-persons\\\/\"]}]},{\"@type\":\"ImageObject\",\"inLanguage\":\"en-US\",\"@id\":\"https:\\\/\\\/www.pavb.lt\\\/en\\\/services\\\/for-visitors\\\/spaces\\\/computerised-workstation-for-disabled-persons\\\/#primaryimage\",\"url\":\"https:\\\/\\\/www.pavb.lt\\\/wp-content\\\/uploads\\\/2020\\\/01\\\/Vieta-neigal-300x200.png\",\"contentUrl\":\"https:\\\/\\\/www.pavb.lt\\\/wp-content\\\/uploads\\\/2020\\\/01\\\/Vieta-neigal-300x200.png\"},{\"@type\":\"BreadcrumbList\",\"@id\":\"https:\\\/\\\/www.pavb.lt\\\/en\\\/services\\\/for-visitors\\\/spaces\\\/computerised-workstation-for-disabled-persons\\\/#breadcrumb\",\"itemListElement\":[{\"@type\":\"ListItem\",\"position\":1,\"name\":\"Home\",\"item\":\"https:\\\/\\\/www.pavb.lt\\\/en\\\/\"},{\"@type\":\"ListItem\",\"position\":2,\"name\":\"Services\",\"item\":\"https:\\\/\\\/www.pavb.lt\\\/en\\\/services\\\/\"},{\"@type\":\"ListItem\",\"position\":3,\"name\":\"For Visitors\",\"item\":\"https:\\\/\\\/www.pavb.lt\\\/en\\\/services\\\/for-visitors\\\/\"},{\"@type\":\"ListItem\",\"position\":4,\"name\":\"Spaces\",\"item\":\"https:\\\/\\\/www.pavb.lt\\\/en\\\/services\\\/for-visitors\\\/spaces\\\/\"},{\"@type\":\"ListItem\",\"position\":5,\"name\":\"Computerised workstation for disabled persons\"}]},{\"@type\":\"WebSite\",\"@id\":\"https:\\\/\\\/www.pavb.lt\\\/en\\\/#website\",\"url\":\"https:\\\/\\\/www.pavb.lt\\\/en\\\/\",\"name\":\"Panevezys County Gabriele Petkevicaite-Bite Public Library\",\"description\":\"Here is your Library!\",\"publisher\":{\"@id\":\"https:\\\/\\\/www.pavb.lt\\\/en\\\/#organization\"},\"potentialAction\":[{\"@type\":\"SearchAction\",\"target\":{\"@type\":\"EntryPoint\",\"urlTemplate\":\"https:\\\/\\\/www.pavb.lt\\\/en\\\/?s={search_term_string}\"},\"query-input\":{\"@type\":\"PropertyValueSpecification\",\"valueRequired\":true,\"valueName\":\"search_term_string\"}}],\"inLanguage\":\"en-US\"},{\"@type\":\"Organization\",\"@id\":\"https:\\\/\\\/www.pavb.lt\\\/en\\\/#organization\",\"name\":\"Panev\u0117\u017eio apskrities Gabriel\u0117s Petkevi\u010dait\u0117s-Bit\u0117s vie\u0161oji biblioteka\",\"url\":\"https:\\\/\\\/www.pavb.lt\\\/en\\\/\",\"logo\":{\"@type\":\"ImageObject\",\"inLanguage\":\"en-US\",\"@id\":\"https:\\\/\\\/www.pavb.lt\\\/en\\\/#\\\/schema\\\/logo\\\/image\\\/\",\"url\":\"https:\\\/\\\/www.pavb.lt\\\/wp-content\\\/uploads\\\/2017\\\/11\\\/pavb-logo.png\",\"contentUrl\":\"https:\\\/\\\/www.pavb.lt\\\/wp-content\\\/uploads\\\/2017\\\/11\\\/pavb-logo.png\",\"width\":512,\"height\":512,\"caption\":\"Panev\u0117\u017eio apskrities Gabriel\u0117s Petkevi\u010dait\u0117s-Bit\u0117s vie\u0161oji biblioteka\"},\"image\":{\"@id\":\"https:\\\/\\\/www.pavb.lt\\\/en\\\/#\\\/schema\\\/logo\\\/image\\\/\"}}]}<\/script>\n<!-- \/ Yoast SEO plugin. -->","yoast_head_json":{"title":"Computerised workstation for disabled persons - Panevezys County Gabriele Petkevicaite-Bite Public Library","robots":{"index":"index","follow":"follow","max-snippet":"max-snippet:-1","max-image-preview":"max-image-preview:large","max-video-preview":"max-video-preview:-1"},"canonical":"https:\/\/www.pavb.lt\/en\/services\/for-visitors\/spaces\/computerised-workstation-for-disabled-persons\/","og_locale":"en_US","og_type":"article","og_title":"Computerised workstation for disabled persons - Panevezys County Gabriele Petkevicaite-Bite Public Library","og_description":"Respublikos g. 14, Ist &nbsp;floor Tel. +370 45 46 54 97, e-mail&nbsp;abonementas@pavb.lt The library offers\u00a0a special workstation\u00a0for people with disabilities on the first floor, next to the registration desk. It allows visitors to easily use library\u2019s informational resources. This workstation contains: There is also a vertical platform lift, which allows you to reach second and..... Read More","og_url":"https:\/\/www.pavb.lt\/en\/services\/for-visitors\/spaces\/computerised-workstation-for-disabled-persons\/","og_site_name":"Panevezys County Gabriele Petkevicaite-Bite Public Library","article_modified_time":"2025-07-10T07:29:35+00:00","og_image":[{"width":1200,"height":800,"url":"https:\/\/www.pavb.lt\/wp-content\/uploads\/2020\/01\/Vieta-neigal.png","type":"image\/png"}],"twitter_card":"summary_large_image","schema":{"@context":"https:\/\/schema.org","@graph":[{"@type":"WebPage","@id":"https:\/\/www.pavb.lt\/en\/services\/for-visitors\/spaces\/computerised-workstation-for-disabled-persons\/","url":"https:\/\/www.pavb.lt\/en\/services\/for-visitors\/spaces\/computerised-workstation-for-disabled-persons\/","name":"Computerised workstation for disabled persons - Panevezys County Gabriele Petkevicaite-Bite Public Library","isPartOf":{"@id":"https:\/\/www.pavb.lt\/en\/#website"},"primaryImageOfPage":{"@id":"https:\/\/www.pavb.lt\/en\/services\/for-visitors\/spaces\/computerised-workstation-for-disabled-persons\/#primaryimage"},"image":{"@id":"https:\/\/www.pavb.lt\/en\/services\/for-visitors\/spaces\/computerised-workstation-for-disabled-persons\/#primaryimage"},"thumbnailUrl":"https:\/\/www.pavb.lt\/wp-content\/uploads\/2020\/01\/Vieta-neigal-300x200.png","datePublished":"2019-04-09T08:24:08+00:00","dateModified":"2025-07-10T07:29:35+00:00","breadcrumb":{"@id":"https:\/\/www.pavb.lt\/en\/services\/for-visitors\/spaces\/computerised-workstation-for-disabled-persons\/#breadcrumb"},"inLanguage":"en-US","potentialAction":[{"@type":"ReadAction","target":["https:\/\/www.pavb.lt\/en\/services\/for-visitors\/spaces\/computerised-workstation-for-disabled-persons\/"]}]},{"@type":"ImageObject","inLanguage":"en-US","@id":"https:\/\/www.pavb.lt\/en\/services\/for-visitors\/spaces\/computerised-workstation-for-disabled-persons\/#primaryimage","url":"https:\/\/www.pavb.lt\/wp-content\/uploads\/2020\/01\/Vieta-neigal-300x200.png","contentUrl":"https:\/\/www.pavb.lt\/wp-content\/uploads\/2020\/01\/Vieta-neigal-300x200.png"},{"@type":"BreadcrumbList","@id":"https:\/\/www.pavb.lt\/en\/services\/for-visitors\/spaces\/computerised-workstation-for-disabled-persons\/#breadcrumb","itemListElement":[{"@type":"ListItem","position":1,"name":"Home","item":"https:\/\/www.pavb.lt\/en\/"},{"@type":"ListItem","position":2,"name":"Services","item":"https:\/\/www.pavb.lt\/en\/services\/"},{"@type":"ListItem","position":3,"name":"For Visitors","item":"https:\/\/www.pavb.lt\/en\/services\/for-visitors\/"},{"@type":"ListItem","position":4,"name":"Spaces","item":"https:\/\/www.pavb.lt\/en\/services\/for-visitors\/spaces\/"},{"@type":"ListItem","position":5,"name":"Computerised workstation for disabled persons"}]},{"@type":"WebSite","@id":"https:\/\/www.pavb.lt\/en\/#website","url":"https:\/\/www.pavb.lt\/en\/","name":"Panevezys County Gabriele Petkevicaite-Bite Public Library","description":"Here is your Library!","publisher":{"@id":"https:\/\/www.pavb.lt\/en\/#organization"},"potentialAction":[{"@type":"SearchAction","target":{"@type":"EntryPoint","urlTemplate":"https:\/\/www.pavb.lt\/en\/?s={search_term_string}"},"query-input":{"@type":"PropertyValueSpecification","valueRequired":true,"valueName":"search_term_string"}}],"inLanguage":"en-US"},{"@type":"Organization","@id":"https:\/\/www.pavb.lt\/en\/#organization","name":"Panev\u0117\u017eio apskrities Gabriel\u0117s Petkevi\u010dait\u0117s-Bit\u0117s vie\u0161oji biblioteka","url":"https:\/\/www.pavb.lt\/en\/","logo":{"@type":"ImageObject","inLanguage":"en-US","@id":"https:\/\/www.pavb.lt\/en\/#\/schema\/logo\/image\/","url":"https:\/\/www.pavb.lt\/wp-content\/uploads\/2017\/11\/pavb-logo.png","contentUrl":"https:\/\/www.pavb.lt\/wp-content\/uploads\/2017\/11\/pavb-logo.png","width":512,"height":512,"caption":"Panev\u0117\u017eio apskrities Gabriel\u0117s Petkevi\u010dait\u0117s-Bit\u0117s vie\u0161oji biblioteka"},"image":{"@id":"https:\/\/www.pavb.lt\/en\/#\/schema\/logo\/image\/"}}]}},"jetpack_sharing_enabled":true,"_links":{"self":[{"href":"https:\/\/www.pavb.lt\/en\/wp-json\/wp\/v2\/pages\/5841","targetHints":{"allow":["GET"]}}],"collection":[{"href":"https:\/\/www.pavb.lt\/en\/wp-json\/wp\/v2\/pages"}],"about":[{"href":"https:\/\/www.pavb.lt\/en\/wp-json\/wp\/v2\/types\/page"}],"author":[{"embeddable":true,"href":"https:\/\/www.pavb.lt\/en\/wp-json\/wp\/v2\/users\/3"}],"replies":[{"embeddable":true,"href":"https:\/\/www.pavb.lt\/en\/wp-json\/wp\/v2\/comments?post=5841"}],"version-history":[{"count":1,"href":"https:\/\/www.pavb.lt\/en\/wp-json\/wp\/v2\/pages\/5841\/revisions"}],"predecessor-version":[{"id":170388,"href":"https:\/\/www.pavb.lt\/en\/wp-json\/wp\/v2\/pages\/5841\/revisions\/170388"}],"up":[{"embeddable":true,"href":"https:\/\/www.pavb.lt\/en\/wp-json\/wp\/v2\/pages\/5654"}],"wp:attachment":[{"href":"https:\/\/www.pavb.lt\/en\/wp-json\/wp\/v2\/media?parent=5841"}],"curies":[{"name":"wp","href":"https:\/\/api.w.org\/{rel}","templated":true}]}}