{"id":5662,"date":"2019-02-11T14:26:43","date_gmt":"2019-02-11T12:26:43","guid":{"rendered":"https:\/\/www.pavb.lt\/?page_id=5662"},"modified":"2025-01-17T11:28:06","modified_gmt":"2025-01-17T09:28:06","slug":"paid-services","status":"publish","type":"page","link":"https:\/\/www.pavb.lt\/en\/services\/for-visitors\/paid-services\/","title":{"rendered":"Paid Services"},"content":{"rendered":"\n<table style=\"width: 100%; height: 3031px;\">\n<tbody>\n<tr style=\"height: 87px;\">\n<td style=\"height: 87px; width: 4.88095%;\">\n<h3>No.<\/h3>\n<\/td>\n<td style=\"height: 87px; width: 39.2857%;\">\n<h3>Service<\/h3>\n<\/td>\n<td style=\"height: 87px; width: 22.381%;\">\n<h3>Price<\/h3>\n<\/td>\n<td style=\"height: 87px; width: 32.0238%;\">\n<h3>Place<\/h3>\n<\/td>\n<\/tr>\n<tr style=\"height: 24px;\">\n<td style=\"height: 24px; width: 4.88095%;\">1.<\/td>\n<td style=\"text-align: center; height: 24px; width: 93.6905%;\" colspan=\"3\"><strong>Photocopies<\/strong><\/td>\n<\/tr>\n<tr style=\"height: 124px;\">\n<td style=\"height: 124px; width: 4.88095%;\">1.1<\/td>\n<td style=\"height: 124px; width: 39.2857%;\">Photocopy<\/td>\n<td style=\"height: 124px; width: 22.381%;\">A4\u20130,10 Eur.<br \/>A3\u20130,20 Eur.<\/td>\n<td style=\"height: 124px; width: 32.0238%;\">Respublikos 14,<br \/>Main Reading Room;<br \/>Auk\u0161tai\u010di\u0173 4C\u20132, <span data-olk-copy-source=\"MessageBody\">Department of Cultural Education for Children and Youth<\/span><\/td>\n<\/tr>\n<tr style=\"height: 64px;\">\n<td style=\"height: 64px; width: 4.88095%;\">1.2<\/td>\n<td style=\"height: 64px; width: 39.2857%;\">Copy of an audio recording from digital storage to another digital storage<\/td>\n<td style=\"height: 64px; width: 22.381%;\">1 min. &#8211; 0,10 Eur.<\/td>\n<td style=\"height: 212px; width: 32.0238%;\" rowspan=\"3\">Respublikos 14,<br \/>Arts Reading Room<\/td>\n<\/tr>\n<tr style=\"height: 64px;\">\n<td style=\"height: 64px; width: 4.88095%;\">1.3<\/td>\n<td style=\"height: 64px; width: 39.2857%;\">Copy of an audio recording from analog storage to digital storage<\/td>\n<td style=\"height: 64px; width: 22.381%;\">1 min. &#8211; 0,20 Eur.<\/td>\n<\/tr>\n<tr style=\"height: 84px;\">\n<td style=\"height: 84px; width: 4.88095%;\">1.4<\/td>\n<td style=\"height: 84px; width: 39.2857%;\">Putting together parts of recordings from different storages<\/td>\n<td style=\"height: 84px; width: 22.381%;\">up to 30 min. &#8211; 2,00 Eur. <br \/>from 31 to 80 min. &#8211; 4,00 Eur.<\/td>\n<\/tr>\n<tr style=\"height: 24px;\">\n<td style=\"height: 24px; width: 4.88095%;\">2.<\/td>\n<td style=\"text-align: center; height: 24px; width: 93.6905%;\" colspan=\"3\"><strong>Document Scanning<\/strong><\/td>\n<\/tr>\n<tr style=\"height: 164px;\">\n<td style=\"height: 164px; width: 4.88095%;\">2.1<\/td>\n<td style=\"height: 164px; width: 39.2857%;\">Document Scanning<\/td>\n<td style=\"height: 164px; width: 22.381%;\">A4, A3 &#8211; 0,15 Eur.<\/td>\n<td style=\"height: 164px; width: 32.0238%;\">Respublikos 14, Main Reading Room; Auk\u0161tai\u010di\u0173 4C\u20132, <span data-olk-copy-source=\"MessageBody\">Department of Cultural Education for Children and Youth<\/span><\/td>\n<\/tr>\n<tr style=\"height: 124px;\">\n<td style=\"height: 124px; width: 4.88095%;\">2.2<\/td>\n<td style=\"height: 124px; width: 39.2857%;\">Document scanning<\/td>\n<td style=\"height: 124px; width: 22.381%;\">&lt; A4, A4, A3 &#8211; 0,10 Eur. A2, A1 &#8211; 2,0 Eur. (file formats *.tif, *.jpg, *.pdf)<\/td>\n<td style=\"height: 124px; width: 32.0238%;\">Respublikos 14, Region&#8217;s Digitalisation Department<\/td>\n<\/tr>\n<tr style=\"height: 24px;\">\n<td style=\"text-align: center; height: 24px; width: 4.88095%;\">2.3<\/td>\n<td style=\"text-align: center; height: 24px; width: 93.6905%;\" colspan=\"3\"><strong>Scanning of unique and rare documents<\/strong><\/td>\n<\/tr>\n<tr style=\"height: 64px;\">\n<td style=\"height: 64px; width: 4.88095%;\">2.3.1<\/td>\n<td style=\"height: 64px; width: 39.2857%;\">XVIII\u2013 XIX c. documents<\/td>\n<td style=\"height: 64px; width: 22.381%;\">1 digital picture &#8211; 2,0 Eur.<\/td>\n<td style=\"height: 192px; width: 32.0238%;\" rowspan=\"3\">Respublikos 14, Local History Reading Room of El\u017ebieta Jodinskait\u0117<\/td>\n<\/tr>\n<tr style=\"height: 64px;\">\n<td style=\"height: 64px; width: 4.88095%;\">2.3.2<\/td>\n<td style=\"height: 64px; width: 39.2857%;\">XX c. documents up to 1945<\/td>\n<td style=\"height: 64px; width: 22.381%;\">1 digital picture &#8211; 1,0 Eur.<\/td>\n<\/tr>\n<tr style=\"height: 64px;\">\n<td style=\"height: 64px; width: 4.88095%;\">2.3.3<\/td>\n<td style=\"height: 64px; width: 39.2857%;\">Documents from 1945<\/td>\n<td style=\"height: 64px; width: 22.381%;\">1 digital picture &#8211; 0,60 Eur.<\/td>\n<\/tr>\n<tr style=\"height: 24px;\">\n<td style=\"height: 24px; width: 4.88095%;\">3.<\/td>\n<td style=\"text-align: center; height: 24px; width: 93.6905%;\" colspan=\"3\"><strong>Document printing from digital files**<\/strong><\/td>\n<\/tr>\n<tr style=\"height: 84px;\">\n<td style=\"height: 84px; width: 4.88095%;\">3.1<\/td>\n<td style=\"height: 84px; width: 39.2857%;\">Document printing<\/td>\n<td style=\"height: 84px; width: 22.381%;\">A4 black and white &#8211;<br \/>1 page &#8211; 0,10 Eur.<\/td>\n<td style=\"height: 84px; width: 32.0238%;\">\u00a0<\/td>\n<\/tr>\n<tr style=\"height: 64px;\">\n<td style=\"height: 64px; width: 4.88095%;\">3.2<\/td>\n<td style=\"height: 64px; width: 39.2857%;\">Document printing<\/td>\n<td style=\"height: 64px; width: 22.381%;\">A4 colour &#8211; <br \/>1 page &#8211; 0,30 Eur.<\/td>\n<td style=\"height: 64px; width: 32.0238%;\">\u00a0<\/td>\n<\/tr>\n<tr style=\"height: 84px;\">\n<td style=\"height: 84px; width: 66.5476%;\" colspan=\"3\">** Photocopying, printing, scanning of documents must be performed according to the existing Law on Copyright and Related rightsof the Repubic of Lithuania.<\/td>\n<td style=\"height: 84px; width: 32.0238%;\">\u00a0<\/td>\n<\/tr>\n<tr style=\"height: 44px;\">\n<td style=\"height: 44px; width: 4.88095%;\">4.<\/td>\n<td style=\"text-align: center; height: 44px; width: 93.6905%;\" colspan=\"3\"><strong>Document sending via interlibrary and international interlibrary services<\/strong><\/td>\n<\/tr>\n<tr style=\"height: 64px;\">\n<td style=\"height: 64px; width: 4.88095%;\">4.1<\/td>\n<td style=\"height: 64px; width: 39.2857%;\">Sending or returning a document from Lithuanian libraries<\/td>\n<td style=\"height: 64px; width: 22.381%;\">Price is set by Lithuanian Post<\/td>\n<td style=\"height: 260px; width: 32.0238%;\" rowspan=\"5\">Respublikos 14, Lending Department<\/td>\n<\/tr>\n<tr style=\"height: 44px;\">\n<td style=\"height: 44px; width: 4.88095%;\">4.2<\/td>\n<td style=\"height: 44px; width: 39.2857%;\">Sending a copy of a document from Lithuanian libraries<\/td>\n<td style=\"height: 44px; width: 22.381%;\">Price is set by a sender<\/td>\n<\/tr>\n<tr style=\"height: 44px;\">\n<td style=\"height: 44px; width: 4.88095%;\">4.3<\/td>\n<td style=\"height: 44px; width: 39.2857%;\">Sending a document from foreign libraries<\/td>\n<td style=\"height: 44px; width: 22.381%;\">Price is set by a sender<\/td>\n<\/tr>\n<tr style=\"height: 44px;\">\n<td style=\"height: 44px; width: 4.88095%;\">4.3.1<\/td>\n<td style=\"height: 44px; width: 39.2857%;\">Sending a copy of a document from foreign libraries<\/td>\n<td style=\"height: 44px; width: 22.381%;\">Price is set by a sender<\/td>\n<\/tr>\n<tr style=\"height: 64px;\">\n<td style=\"height: 64px; width: 4.88095%;\">4.3.2<\/td>\n<td style=\"height: 64px; width: 39.2857%;\">Returning a document<\/td>\n<td style=\"height: 64px; width: 22.381%;\">Price is set by Lithuanian Post<\/td>\n<\/tr>\n<tr style=\"height: 24px;\">\n<td style=\"text-align: center; height: 24px; width: 4.88095%;\">5.<\/td>\n<td style=\"text-align: center; height: 24px; width: 93.6905%;\" colspan=\"3\"><strong>Venue Hire<\/strong><\/td>\n<\/tr>\n<tr style=\"height: 44px;\">\n<td style=\"height: 44px; width: 4.88095%;\">5.1<\/td>\n<td style=\"height: 44px; width: 39.2857%;\">Conference Hall including multimedia<\/td>\n<td style=\"height: 44px; width: 22.381%;\">1 h &#8211; 35,0 Eur.<\/td>\n<td style=\"height: 44px; width: 32.0238%;\">\u00a0<\/td>\n<\/tr>\n<tr style=\"height: 64px;\">\n<td style=\"height: 64px; width: 4.88095%;\">5.2<\/td>\n<td style=\"height: 64px; width: 39.2857%;\">Conference Hall including multimedia and cafeteria space for coffee breaks<\/td>\n<td style=\"height: 64px; width: 22.381%;\">1 h &#8211; 55,0 Eur.<\/td>\n<td style=\"height: 64px; width: 32.0238%;\">\u00a0<\/td>\n<\/tr>\n<tr style=\"height: 44px;\">\n<td style=\"height: 44px; width: 4.88095%;\">5.3<\/td>\n<td style=\"height: 44px; width: 39.2857%;\">Computer Room. (11 workstations)<\/td>\n<td style=\"height: 44px; width: 22.381%;\">1 h &#8211; 25,0 Eur.<\/td>\n<td style=\"height: 44px; width: 32.0238%;\">\u00a0<\/td>\n<\/tr>\n<tr style=\"height: 24px;\">\n<td style=\"height: 24px; width: 4.88095%;\">5.4<\/td>\n<td style=\"height: 24px; width: 39.2857%;\">Other library spaces<\/td>\n<td style=\"height: 24px; width: 22.381%;\">1 h &#8211; 25,0 Eur.<\/td>\n<td style=\"height: 24px; width: 32.0238%;\">\u00a0<\/td>\n<\/tr>\n<tr style=\"height: 64px;\">\n<td style=\"height: 64px; width: 4.88095%;\">5.5<\/td>\n<td style=\"height: 64px; width: 39.2857%;\">Photography and filming in library premises for commercial use<\/td>\n<td style=\"height: 64px; width: 22.381%;\">1 h &#8211; 20,0 Eur.<\/td>\n<td style=\"height: 64px; width: 32.0238%;\">\u00a0<\/td>\n<\/tr>\n<tr style=\"height: 84px;\">\n<td style=\"height: 84px; width: 4.88095%;\">\u00a0<\/td>\n<td style=\"height: 84px; width: 61.6667%;\" colspan=\"2\">****If you hire a venue for longer than 4 hours, there is a discount of 10 per cent. If you hire a venue, outside library\u2019s opening hours, the price increases by 15 per cent.<\/td>\n<td style=\"height: 84px; width: 32.0238%;\">\u00a0<\/td>\n<\/tr>\n<tr style=\"height: 24px;\">\n<td style=\"text-align: center; height: 24px; width: 4.88095%;\">6.<\/td>\n<td style=\"text-align: center; height: 24px; width: 93.6905%;\" colspan=\"3\"><strong>Advetrising<\/strong><\/td>\n<\/tr>\n<tr style=\"height: 124px;\">\n<td style=\"height: 124px; width: 4.88095%;\">6.1<\/td>\n<td style=\"height: 124px; width: 39.2857%;\">Spread of commercial leaflets in the library<\/td>\n<td style=\"height: 124px; width: 22.381%;\">up to 500 pieces \u2013 30 Eur\/ month.;<br \/>rom 501 pieces \u2013 50 Eur\/ month.<\/td>\n<td style=\"height: 352px; width: 32.0238%;\" rowspan=\"3\">Respublikos 14, Cultural Events and Publishing Department<\/td>\n<\/tr>\n<tr style=\"height: 184px;\">\n<td style=\"height: 184px; width: 4.88095%;\">6.2<\/td>\n<td style=\"height: 184px; width: 39.2857%;\">Using commercial posters, stands or other advertising objects in the library<\/td>\n<td style=\"height: 184px; width: 22.381%;\">A4 \u2013 1,50 Eur. \/ 7 days;<br \/>A3 \u2013 2,00 Eur. \/ 7 days;<br \/>A2 \u2013 2,5 Eur. \/ 7 days;<br \/>Other formats \u2013 1m\u00b2\u2013 7 Eur. \/ 7 days<\/td>\n<\/tr>\n<tr style=\"height: 44px;\">\n<td style=\"height: 44px; width: 4.88095%;\">6.3<\/td>\n<td style=\"height: 44px; width: 39.2857%;\">Other advertising services<\/td>\n<td style=\"height: 44px; width: 22.381%;\">From 15.00 Eur to 500 Eur.<\/td>\n<\/tr>\n<tr style=\"height: 24px;\">\n<td style=\"height: 24px; width: 4.88095%;\">7.<\/td>\n<td style=\"text-align: center; height: 24px; width: 93.6905%;\" colspan=\"3\"><strong>Other paid services<\/strong><\/td>\n<\/tr>\n<tr style=\"height: 64px;\">\n<td style=\"height: 64px; width: 4.88095%;\">7.1<\/td>\n<td style=\"height: 64px; width: 39.2857%;\">Organising educational events<\/td>\n<td style=\"height: 64px; width: 22.381%;\">1 person from 1,0 Eur. to 6,0 Eur.<\/td>\n<td style=\"height: 228px; width: 32.0238%;\" rowspan=\"2\">Respublikos 14, Registration desk; Auk\u0161tai\u010di\u0173 4C\u20132, <span data-olk-copy-source=\"MessageBody\">Department of Cultural education for Children and Youth<\/span>; Algirdo 54\u201319 Juozas Miltinis Memorial Apartment.<\/td>\n<\/tr>\n<tr style=\"height: 164px;\">\n<td style=\"height: 164px; width: 4.88095%;\">7.2<\/td>\n<td style=\"height: 164px; width: 39.2857%;\">Making bibliography upon an individual reguest. <br \/>Making a recommended literature list for your research.<\/td>\n<td style=\"height: 164px; width: 22.381%;\">1 bibliographical piece \u2013 0,10 Eur.<br \/>1 biliographical piece \u2013 0,50 Eur.<\/td>\n<\/tr>\n<tr style=\"height: 84px;\">\n<td style=\"height: 84px; width: 4.88095%;\">7.3<\/td>\n<td style=\"height: 84px; width: 39.2857%;\">Library&#8217;s publishing production<\/td>\n<td style=\"height: 84px; width: 22.381%;\">Price is set according to accounting documents.<\/td>\n<td style=\"height: 228px; width: 32.0238%;\" rowspan=\"2\">Respublikos 14, Cultural Events and Publishing Department<\/td>\n<\/tr>\n<tr style=\"height: 144px;\">\n<td style=\"height: 144px; width: 4.88095%;\">7.4<\/td>\n<td style=\"height: 144px; width: 39.2857%;\">Designing invitations and posters for events which take place in the library, upon person&#8217;s or company&#8217;s order. (The prices for printing, photocopying, scanning are indicated in points 2-4)<\/td>\n<td style=\"height: 144px; width: 22.381%;\">Preparing a desing for posters, invitations, leaflets &#8211; 15 Eur.<\/td>\n<\/tr>\n<tr style=\"height: 44px;\">\n<td style=\"height: 44px; width: 4.88095%;\">7.5<\/td>\n<td style=\"height: 44px; width: 39.2857%;\">Binding a document with hard cover<\/td>\n<td style=\"height: 44px; width: 22.381%;\">1 document &#8211; 7,0 Eur.<\/td>\n<td style=\"height: 292px; width: 32.0238%;\" rowspan=\"3\">Respublikos 14, Registration desk<\/td>\n<\/tr>\n<tr style=\"height: 164px;\">\n<td style=\"height: 164px; width: 4.88095%;\">7.6<\/td>\n<td style=\"height: 164px; width: 39.2857%;\">Binding a document using a spiral<\/td>\n<td style=\"height: 164px; width: 22.381%;\">up to 25 pages &#8211; 1,0 Eur.<br \/>up to 45 pages &#8211; 1,5 Eur.<br \/>up to 65 pages &#8211; 2,0 Eur.<br \/>up to 100 pages &#8211; 2,5 Eur.<\/td>\n<\/tr>\n<tr style=\"height: 84px;\">\n<td style=\"height: 84px; width: 4.88095%;\">7.7<\/td>\n<td style=\"height: 84px; width: 39.2857%;\">Laminated covering<\/td>\n<td style=\"height: 84px; width: 22.381%;\">A3 &#8211; 2,0 Eur.<br \/>A4 &#8211; 1,5 Eur.<br \/>A5 &#8211; 1,0 Eur.<br \/>A6 &#8211; 0,50 Eur.<\/td>\n<\/tr>\n<\/tbody>\n<\/table>\n","protected":false},"excerpt":{"rendered":"<p>No. Service Price Place 1. Photocopies 1.1 Photocopy A4\u20130,10 Eur.A3\u20130,20 Eur. Respublikos 14,Main Reading Room;Auk\u0161tai\u010di\u0173 4C\u20132, Department of Cultural Education for Children and Youth 1.2 Copy of an audio recording from digital storage to another digital storage 1 min. &#8211; 0,10 Eur. Respublikos 14,Arts Reading Room 1.3 Copy of an audio recording from analog storage&#8230;.. <a class=\"moretag\" href=\"https:\/\/www.pavb.lt\/en\/services\/for-visitors\/paid-services\/\">Read More<\/a><\/p>\n","protected":false},"author":1,"featured_media":0,"parent":5647,"menu_order":6,"comment_status":"closed","ping_status":"closed","template":"","meta":{"_acf_changed":false,"footnotes":""},"class_list":["post-5662","page","type-page","status-publish","hentry"],"acf":[],"yoast_head":"<!-- This site is optimized with the Yoast SEO plugin v27.3 - https:\/\/yoast.com\/product\/yoast-seo-wordpress\/ -->\n<title>Paid Services - Panevezys County Gabriele Petkevicaite-Bite Public Library<\/title>\n<meta name=\"robots\" content=\"index, follow, max-snippet:-1, max-image-preview:large, max-video-preview:-1\" \/>\n<link rel=\"canonical\" href=\"https:\/\/www.pavb.lt\/en\/services\/for-visitors\/paid-services\/\" \/>\n<meta property=\"og:locale\" content=\"en_US\" \/>\n<meta property=\"og:type\" content=\"article\" \/>\n<meta property=\"og:title\" content=\"Paid Services - Panevezys County Gabriele Petkevicaite-Bite Public Library\" \/>\n<meta property=\"og:description\" content=\"No. Service Price Place 1. Photocopies 1.1 Photocopy A4\u20130,10 Eur.A3\u20130,20 Eur. Respublikos 14,Main Reading Room;Auk\u0161tai\u010di\u0173 4C\u20132, Department of Cultural Education for Children and Youth 1.2 Copy of an audio recording from digital storage to another digital storage 1 min. &#8211; 0,10 Eur. Respublikos 14,Arts Reading Room 1.3 Copy of an audio recording from analog storage..... Read More\" \/>\n<meta property=\"og:url\" content=\"https:\/\/www.pavb.lt\/en\/services\/for-visitors\/paid-services\/\" \/>\n<meta property=\"og:site_name\" content=\"Panevezys County Gabriele Petkevicaite-Bite Public Library\" \/>\n<meta property=\"article:modified_time\" content=\"2025-01-17T09:28:06+00:00\" \/>\n<meta name=\"twitter:card\" content=\"summary_large_image\" \/>\n<script type=\"application\/ld+json\" class=\"yoast-schema-graph\">{\"@context\":\"https:\\\/\\\/schema.org\",\"@graph\":[{\"@type\":\"WebPage\",\"@id\":\"https:\\\/\\\/www.pavb.lt\\\/en\\\/services\\\/for-visitors\\\/paid-services\\\/\",\"url\":\"https:\\\/\\\/www.pavb.lt\\\/en\\\/services\\\/for-visitors\\\/paid-services\\\/\",\"name\":\"Paid Services - Panevezys County Gabriele Petkevicaite-Bite Public Library\",\"isPartOf\":{\"@id\":\"https:\\\/\\\/www.pavb.lt\\\/en\\\/#website\"},\"datePublished\":\"2019-02-11T12:26:43+00:00\",\"dateModified\":\"2025-01-17T09:28:06+00:00\",\"breadcrumb\":{\"@id\":\"https:\\\/\\\/www.pavb.lt\\\/en\\\/services\\\/for-visitors\\\/paid-services\\\/#breadcrumb\"},\"inLanguage\":\"en-US\",\"potentialAction\":[{\"@type\":\"ReadAction\",\"target\":[\"https:\\\/\\\/www.pavb.lt\\\/en\\\/services\\\/for-visitors\\\/paid-services\\\/\"]}]},{\"@type\":\"BreadcrumbList\",\"@id\":\"https:\\\/\\\/www.pavb.lt\\\/en\\\/services\\\/for-visitors\\\/paid-services\\\/#breadcrumb\",\"itemListElement\":[{\"@type\":\"ListItem\",\"position\":1,\"name\":\"Home\",\"item\":\"https:\\\/\\\/www.pavb.lt\\\/en\\\/\"},{\"@type\":\"ListItem\",\"position\":2,\"name\":\"Services\",\"item\":\"https:\\\/\\\/www.pavb.lt\\\/en\\\/services\\\/\"},{\"@type\":\"ListItem\",\"position\":3,\"name\":\"For Visitors\",\"item\":\"https:\\\/\\\/www.pavb.lt\\\/en\\\/services\\\/for-visitors\\\/\"},{\"@type\":\"ListItem\",\"position\":4,\"name\":\"Paid Services\"}]},{\"@type\":\"WebSite\",\"@id\":\"https:\\\/\\\/www.pavb.lt\\\/en\\\/#website\",\"url\":\"https:\\\/\\\/www.pavb.lt\\\/en\\\/\",\"name\":\"Panevezys County Gabriele Petkevicaite-Bite Public Library\",\"description\":\"Here is your Library!\",\"publisher\":{\"@id\":\"https:\\\/\\\/www.pavb.lt\\\/en\\\/#organization\"},\"potentialAction\":[{\"@type\":\"SearchAction\",\"target\":{\"@type\":\"EntryPoint\",\"urlTemplate\":\"https:\\\/\\\/www.pavb.lt\\\/en\\\/?s={search_term_string}\"},\"query-input\":{\"@type\":\"PropertyValueSpecification\",\"valueRequired\":true,\"valueName\":\"search_term_string\"}}],\"inLanguage\":\"en-US\"},{\"@type\":\"Organization\",\"@id\":\"https:\\\/\\\/www.pavb.lt\\\/en\\\/#organization\",\"name\":\"Panev\u0117\u017eio apskrities Gabriel\u0117s Petkevi\u010dait\u0117s-Bit\u0117s vie\u0161oji biblioteka\",\"url\":\"https:\\\/\\\/www.pavb.lt\\\/en\\\/\",\"logo\":{\"@type\":\"ImageObject\",\"inLanguage\":\"en-US\",\"@id\":\"https:\\\/\\\/www.pavb.lt\\\/en\\\/#\\\/schema\\\/logo\\\/image\\\/\",\"url\":\"https:\\\/\\\/www.pavb.lt\\\/wp-content\\\/uploads\\\/2017\\\/11\\\/pavb-logo.png\",\"contentUrl\":\"https:\\\/\\\/www.pavb.lt\\\/wp-content\\\/uploads\\\/2017\\\/11\\\/pavb-logo.png\",\"width\":512,\"height\":512,\"caption\":\"Panev\u0117\u017eio apskrities Gabriel\u0117s Petkevi\u010dait\u0117s-Bit\u0117s vie\u0161oji biblioteka\"},\"image\":{\"@id\":\"https:\\\/\\\/www.pavb.lt\\\/en\\\/#\\\/schema\\\/logo\\\/image\\\/\"}}]}<\/script>\n<!-- \/ Yoast SEO plugin. -->","yoast_head_json":{"title":"Paid Services - Panevezys County Gabriele Petkevicaite-Bite Public Library","robots":{"index":"index","follow":"follow","max-snippet":"max-snippet:-1","max-image-preview":"max-image-preview:large","max-video-preview":"max-video-preview:-1"},"canonical":"https:\/\/www.pavb.lt\/en\/services\/for-visitors\/paid-services\/","og_locale":"en_US","og_type":"article","og_title":"Paid Services - Panevezys County Gabriele Petkevicaite-Bite Public Library","og_description":"No. Service Price Place 1. Photocopies 1.1 Photocopy A4\u20130,10 Eur.A3\u20130,20 Eur. Respublikos 14,Main Reading Room;Auk\u0161tai\u010di\u0173 4C\u20132, Department of Cultural Education for Children and Youth 1.2 Copy of an audio recording from digital storage to another digital storage 1 min. &#8211; 0,10 Eur. Respublikos 14,Arts Reading Room 1.3 Copy of an audio recording from analog storage..... Read More","og_url":"https:\/\/www.pavb.lt\/en\/services\/for-visitors\/paid-services\/","og_site_name":"Panevezys County Gabriele Petkevicaite-Bite Public Library","article_modified_time":"2025-01-17T09:28:06+00:00","twitter_card":"summary_large_image","schema":{"@context":"https:\/\/schema.org","@graph":[{"@type":"WebPage","@id":"https:\/\/www.pavb.lt\/en\/services\/for-visitors\/paid-services\/","url":"https:\/\/www.pavb.lt\/en\/services\/for-visitors\/paid-services\/","name":"Paid Services - Panevezys County Gabriele Petkevicaite-Bite Public Library","isPartOf":{"@id":"https:\/\/www.pavb.lt\/en\/#website"},"datePublished":"2019-02-11T12:26:43+00:00","dateModified":"2025-01-17T09:28:06+00:00","breadcrumb":{"@id":"https:\/\/www.pavb.lt\/en\/services\/for-visitors\/paid-services\/#breadcrumb"},"inLanguage":"en-US","potentialAction":[{"@type":"ReadAction","target":["https:\/\/www.pavb.lt\/en\/services\/for-visitors\/paid-services\/"]}]},{"@type":"BreadcrumbList","@id":"https:\/\/www.pavb.lt\/en\/services\/for-visitors\/paid-services\/#breadcrumb","itemListElement":[{"@type":"ListItem","position":1,"name":"Home","item":"https:\/\/www.pavb.lt\/en\/"},{"@type":"ListItem","position":2,"name":"Services","item":"https:\/\/www.pavb.lt\/en\/services\/"},{"@type":"ListItem","position":3,"name":"For Visitors","item":"https:\/\/www.pavb.lt\/en\/services\/for-visitors\/"},{"@type":"ListItem","position":4,"name":"Paid Services"}]},{"@type":"WebSite","@id":"https:\/\/www.pavb.lt\/en\/#website","url":"https:\/\/www.pavb.lt\/en\/","name":"Panevezys County Gabriele Petkevicaite-Bite Public Library","description":"Here is your Library!","publisher":{"@id":"https:\/\/www.pavb.lt\/en\/#organization"},"potentialAction":[{"@type":"SearchAction","target":{"@type":"EntryPoint","urlTemplate":"https:\/\/www.pavb.lt\/en\/?s={search_term_string}"},"query-input":{"@type":"PropertyValueSpecification","valueRequired":true,"valueName":"search_term_string"}}],"inLanguage":"en-US"},{"@type":"Organization","@id":"https:\/\/www.pavb.lt\/en\/#organization","name":"Panev\u0117\u017eio apskrities Gabriel\u0117s Petkevi\u010dait\u0117s-Bit\u0117s vie\u0161oji biblioteka","url":"https:\/\/www.pavb.lt\/en\/","logo":{"@type":"ImageObject","inLanguage":"en-US","@id":"https:\/\/www.pavb.lt\/en\/#\/schema\/logo\/image\/","url":"https:\/\/www.pavb.lt\/wp-content\/uploads\/2017\/11\/pavb-logo.png","contentUrl":"https:\/\/www.pavb.lt\/wp-content\/uploads\/2017\/11\/pavb-logo.png","width":512,"height":512,"caption":"Panev\u0117\u017eio apskrities Gabriel\u0117s Petkevi\u010dait\u0117s-Bit\u0117s vie\u0161oji biblioteka"},"image":{"@id":"https:\/\/www.pavb.lt\/en\/#\/schema\/logo\/image\/"}}]}},"jetpack_sharing_enabled":true,"_links":{"self":[{"href":"https:\/\/www.pavb.lt\/en\/wp-json\/wp\/v2\/pages\/5662","targetHints":{"allow":["GET"]}}],"collection":[{"href":"https:\/\/www.pavb.lt\/en\/wp-json\/wp\/v2\/pages"}],"about":[{"href":"https:\/\/www.pavb.lt\/en\/wp-json\/wp\/v2\/types\/page"}],"author":[{"embeddable":true,"href":"https:\/\/www.pavb.lt\/en\/wp-json\/wp\/v2\/users\/1"}],"replies":[{"embeddable":true,"href":"https:\/\/www.pavb.lt\/en\/wp-json\/wp\/v2\/comments?post=5662"}],"version-history":[{"count":0,"href":"https:\/\/www.pavb.lt\/en\/wp-json\/wp\/v2\/pages\/5662\/revisions"}],"up":[{"embeddable":true,"href":"https:\/\/www.pavb.lt\/en\/wp-json\/wp\/v2\/pages\/5647"}],"wp:attachment":[{"href":"https:\/\/www.pavb.lt\/en\/wp-json\/wp\/v2\/media?parent=5662"}],"curies":[{"name":"wp","href":"https:\/\/api.w.org\/{rel}","templated":true}]}}