{"id":5657,"date":"2019-02-08T09:34:15","date_gmt":"2019-02-08T07:34:15","guid":{"rendered":"https:\/\/www.pavb.lt\/?page_id=5657"},"modified":"2019-04-12T10:27:46","modified_gmt":"2019-04-12T07:27:46","slug":"conferences","status":"publish","type":"page","link":"https:\/\/www.pavb.lt\/en\/services\/exhibitions-and-events\/conferences\/","title":{"rendered":"Conferences"},"content":{"rendered":"\n<p>Panev\u0117\u017eys\nCounty Gabriel\u0117 Petkevi\u010dait\u0117-Bit\u0117 Public Library has been organizing scientific\nconferences since 1998. The topics of these conferences include:<\/p>\n\n\n\n<ul class=\"wp-block-list\"><li>the development of books and\nlibraries in Panev\u0117\u017eys region,<\/li><li>publishing and spread of Panev\u0117\u017eys\nregional press,<\/li><li>research in manuscript heritage,<\/li><li>internationally acclaimed heritage of\nthe written culture: theoretical and practical problems, their actualization, and\npossible solutions.<\/li><\/ul>\n\n\n\n<p>Articles\nbased on conference papers are published in conference publications.<\/p>\n\n\n\n<p>More information <a href=\"http:\/\/konferencija.pavb.lt\/en\/\" target=\"_blank\" rel=\"noreferrer noopener\" aria-label=\" (atidaroma naujame nar\u0161ykl\u0117s skirtuke)\">about the conferences<\/a><\/p>\n","protected":false},"excerpt":{"rendered":"<p>Panev\u0117\u017eys County Gabriel\u0117 Petkevi\u010dait\u0117-Bit\u0117 Public Library has been organizing scientific conferences since 1998. The topics of these conferences include: the development of books and libraries in Panev\u0117\u017eys region, publishing and spread of Panev\u0117\u017eys regional press, research in manuscript heritage, internationally acclaimed heritage of the written culture: theoretical and practical problems, their actualization, and possible solutions&#8230;&#8230; <a class=\"moretag\" href=\"https:\/\/www.pavb.lt\/en\/services\/exhibitions-and-events\/conferences\/\">Read More<\/a><\/p>\n","protected":false},"author":1,"featured_media":0,"parent":757,"menu_order":4,"comment_status":"closed","ping_status":"closed","template":"","meta":{"_acf_changed":false,"footnotes":""},"class_list":["post-5657","page","type-page","status-publish","hentry"],"acf":[],"yoast_head":"<!-- This site is optimized with the Yoast SEO plugin v27.3 - https:\/\/yoast.com\/product\/yoast-seo-wordpress\/ -->\n<title>Conferences - Panevezys County Gabriele Petkevicaite-Bite Public Library<\/title>\n<meta name=\"robots\" content=\"index, follow, max-snippet:-1, max-image-preview:large, max-video-preview:-1\" \/>\n<link rel=\"canonical\" href=\"https:\/\/www.pavb.lt\/en\/services\/exhibitions-and-events\/conferences\/\" \/>\n<meta property=\"og:locale\" content=\"en_US\" \/>\n<meta property=\"og:type\" content=\"article\" \/>\n<meta property=\"og:title\" content=\"Conferences - Panevezys County Gabriele Petkevicaite-Bite Public Library\" \/>\n<meta property=\"og:description\" content=\"Panev\u0117\u017eys County Gabriel\u0117 Petkevi\u010dait\u0117-Bit\u0117 Public Library has been organizing scientific conferences since 1998. The topics of these conferences include: the development of books and libraries in Panev\u0117\u017eys region, publishing and spread of Panev\u0117\u017eys regional press, research in manuscript heritage, internationally acclaimed heritage of the written culture: theoretical and practical problems, their actualization, and possible solutions...... Read More\" \/>\n<meta property=\"og:url\" content=\"https:\/\/www.pavb.lt\/en\/services\/exhibitions-and-events\/conferences\/\" \/>\n<meta property=\"og:site_name\" content=\"Panevezys County Gabriele Petkevicaite-Bite Public Library\" \/>\n<meta property=\"article:modified_time\" content=\"2019-04-12T07:27:46+00:00\" \/>\n<meta name=\"twitter:card\" content=\"summary_large_image\" \/>\n<script type=\"application\/ld+json\" class=\"yoast-schema-graph\">{\"@context\":\"https:\\\/\\\/schema.org\",\"@graph\":[{\"@type\":\"WebPage\",\"@id\":\"https:\\\/\\\/www.pavb.lt\\\/en\\\/services\\\/exhibitions-and-events\\\/conferences\\\/\",\"url\":\"https:\\\/\\\/www.pavb.lt\\\/en\\\/services\\\/exhibitions-and-events\\\/conferences\\\/\",\"name\":\"Conferences - Panevezys County Gabriele Petkevicaite-Bite Public Library\",\"isPartOf\":{\"@id\":\"https:\\\/\\\/www.pavb.lt\\\/en\\\/#website\"},\"datePublished\":\"2019-02-08T07:34:15+00:00\",\"dateModified\":\"2019-04-12T07:27:46+00:00\",\"breadcrumb\":{\"@id\":\"https:\\\/\\\/www.pavb.lt\\\/en\\\/services\\\/exhibitions-and-events\\\/conferences\\\/#breadcrumb\"},\"inLanguage\":\"en-US\",\"potentialAction\":[{\"@type\":\"ReadAction\",\"target\":[\"https:\\\/\\\/www.pavb.lt\\\/en\\\/services\\\/exhibitions-and-events\\\/conferences\\\/\"]}]},{\"@type\":\"BreadcrumbList\",\"@id\":\"https:\\\/\\\/www.pavb.lt\\\/en\\\/services\\\/exhibitions-and-events\\\/conferences\\\/#breadcrumb\",\"itemListElement\":[{\"@type\":\"ListItem\",\"position\":1,\"name\":\"Home\",\"item\":\"https:\\\/\\\/www.pavb.lt\\\/en\\\/\"},{\"@type\":\"ListItem\",\"position\":2,\"name\":\"Services\",\"item\":\"https:\\\/\\\/www.pavb.lt\\\/en\\\/services\\\/\"},{\"@type\":\"ListItem\",\"position\":3,\"name\":\"Exhibitions and Events\",\"item\":\"https:\\\/\\\/www.pavb.lt\\\/en\\\/services\\\/exhibitions-and-events\\\/\"},{\"@type\":\"ListItem\",\"position\":4,\"name\":\"Conferences\"}]},{\"@type\":\"WebSite\",\"@id\":\"https:\\\/\\\/www.pavb.lt\\\/en\\\/#website\",\"url\":\"https:\\\/\\\/www.pavb.lt\\\/en\\\/\",\"name\":\"Panevezys County Gabriele Petkevicaite-Bite Public Library\",\"description\":\"Here is your Library!\",\"publisher\":{\"@id\":\"https:\\\/\\\/www.pavb.lt\\\/en\\\/#organization\"},\"potentialAction\":[{\"@type\":\"SearchAction\",\"target\":{\"@type\":\"EntryPoint\",\"urlTemplate\":\"https:\\\/\\\/www.pavb.lt\\\/en\\\/?s={search_term_string}\"},\"query-input\":{\"@type\":\"PropertyValueSpecification\",\"valueRequired\":true,\"valueName\":\"search_term_string\"}}],\"inLanguage\":\"en-US\"},{\"@type\":\"Organization\",\"@id\":\"https:\\\/\\\/www.pavb.lt\\\/en\\\/#organization\",\"name\":\"Panev\u0117\u017eio apskrities Gabriel\u0117s Petkevi\u010dait\u0117s-Bit\u0117s vie\u0161oji biblioteka\",\"url\":\"https:\\\/\\\/www.pavb.lt\\\/en\\\/\",\"logo\":{\"@type\":\"ImageObject\",\"inLanguage\":\"en-US\",\"@id\":\"https:\\\/\\\/www.pavb.lt\\\/en\\\/#\\\/schema\\\/logo\\\/image\\\/\",\"url\":\"https:\\\/\\\/www.pavb.lt\\\/wp-content\\\/uploads\\\/2017\\\/11\\\/pavb-logo.png\",\"contentUrl\":\"https:\\\/\\\/www.pavb.lt\\\/wp-content\\\/uploads\\\/2017\\\/11\\\/pavb-logo.png\",\"width\":512,\"height\":512,\"caption\":\"Panev\u0117\u017eio apskrities Gabriel\u0117s Petkevi\u010dait\u0117s-Bit\u0117s vie\u0161oji biblioteka\"},\"image\":{\"@id\":\"https:\\\/\\\/www.pavb.lt\\\/en\\\/#\\\/schema\\\/logo\\\/image\\\/\"}}]}<\/script>\n<!-- \/ Yoast SEO plugin. -->","yoast_head_json":{"title":"Conferences - Panevezys County Gabriele Petkevicaite-Bite Public Library","robots":{"index":"index","follow":"follow","max-snippet":"max-snippet:-1","max-image-preview":"max-image-preview:large","max-video-preview":"max-video-preview:-1"},"canonical":"https:\/\/www.pavb.lt\/en\/services\/exhibitions-and-events\/conferences\/","og_locale":"en_US","og_type":"article","og_title":"Conferences - Panevezys County Gabriele Petkevicaite-Bite Public Library","og_description":"Panev\u0117\u017eys County Gabriel\u0117 Petkevi\u010dait\u0117-Bit\u0117 Public Library has been organizing scientific conferences since 1998. The topics of these conferences include: the development of books and libraries in Panev\u0117\u017eys region, publishing and spread of Panev\u0117\u017eys regional press, research in manuscript heritage, internationally acclaimed heritage of the written culture: theoretical and practical problems, their actualization, and possible solutions...... Read More","og_url":"https:\/\/www.pavb.lt\/en\/services\/exhibitions-and-events\/conferences\/","og_site_name":"Panevezys County Gabriele Petkevicaite-Bite Public Library","article_modified_time":"2019-04-12T07:27:46+00:00","twitter_card":"summary_large_image","schema":{"@context":"https:\/\/schema.org","@graph":[{"@type":"WebPage","@id":"https:\/\/www.pavb.lt\/en\/services\/exhibitions-and-events\/conferences\/","url":"https:\/\/www.pavb.lt\/en\/services\/exhibitions-and-events\/conferences\/","name":"Conferences - Panevezys County Gabriele Petkevicaite-Bite Public Library","isPartOf":{"@id":"https:\/\/www.pavb.lt\/en\/#website"},"datePublished":"2019-02-08T07:34:15+00:00","dateModified":"2019-04-12T07:27:46+00:00","breadcrumb":{"@id":"https:\/\/www.pavb.lt\/en\/services\/exhibitions-and-events\/conferences\/#breadcrumb"},"inLanguage":"en-US","potentialAction":[{"@type":"ReadAction","target":["https:\/\/www.pavb.lt\/en\/services\/exhibitions-and-events\/conferences\/"]}]},{"@type":"BreadcrumbList","@id":"https:\/\/www.pavb.lt\/en\/services\/exhibitions-and-events\/conferences\/#breadcrumb","itemListElement":[{"@type":"ListItem","position":1,"name":"Home","item":"https:\/\/www.pavb.lt\/en\/"},{"@type":"ListItem","position":2,"name":"Services","item":"https:\/\/www.pavb.lt\/en\/services\/"},{"@type":"ListItem","position":3,"name":"Exhibitions and Events","item":"https:\/\/www.pavb.lt\/en\/services\/exhibitions-and-events\/"},{"@type":"ListItem","position":4,"name":"Conferences"}]},{"@type":"WebSite","@id":"https:\/\/www.pavb.lt\/en\/#website","url":"https:\/\/www.pavb.lt\/en\/","name":"Panevezys County Gabriele Petkevicaite-Bite Public Library","description":"Here is your Library!","publisher":{"@id":"https:\/\/www.pavb.lt\/en\/#organization"},"potentialAction":[{"@type":"SearchAction","target":{"@type":"EntryPoint","urlTemplate":"https:\/\/www.pavb.lt\/en\/?s={search_term_string}"},"query-input":{"@type":"PropertyValueSpecification","valueRequired":true,"valueName":"search_term_string"}}],"inLanguage":"en-US"},{"@type":"Organization","@id":"https:\/\/www.pavb.lt\/en\/#organization","name":"Panev\u0117\u017eio apskrities Gabriel\u0117s Petkevi\u010dait\u0117s-Bit\u0117s vie\u0161oji biblioteka","url":"https:\/\/www.pavb.lt\/en\/","logo":{"@type":"ImageObject","inLanguage":"en-US","@id":"https:\/\/www.pavb.lt\/en\/#\/schema\/logo\/image\/","url":"https:\/\/www.pavb.lt\/wp-content\/uploads\/2017\/11\/pavb-logo.png","contentUrl":"https:\/\/www.pavb.lt\/wp-content\/uploads\/2017\/11\/pavb-logo.png","width":512,"height":512,"caption":"Panev\u0117\u017eio apskrities Gabriel\u0117s Petkevi\u010dait\u0117s-Bit\u0117s vie\u0161oji biblioteka"},"image":{"@id":"https:\/\/www.pavb.lt\/en\/#\/schema\/logo\/image\/"}}]}},"jetpack_sharing_enabled":true,"_links":{"self":[{"href":"https:\/\/www.pavb.lt\/en\/wp-json\/wp\/v2\/pages\/5657","targetHints":{"allow":["GET"]}}],"collection":[{"href":"https:\/\/www.pavb.lt\/en\/wp-json\/wp\/v2\/pages"}],"about":[{"href":"https:\/\/www.pavb.lt\/en\/wp-json\/wp\/v2\/types\/page"}],"author":[{"embeddable":true,"href":"https:\/\/www.pavb.lt\/en\/wp-json\/wp\/v2\/users\/1"}],"replies":[{"embeddable":true,"href":"https:\/\/www.pavb.lt\/en\/wp-json\/wp\/v2\/comments?post=5657"}],"version-history":[{"count":0,"href":"https:\/\/www.pavb.lt\/en\/wp-json\/wp\/v2\/pages\/5657\/revisions"}],"up":[{"embeddable":true,"href":"https:\/\/www.pavb.lt\/en\/wp-json\/wp\/v2\/pages\/757"}],"wp:attachment":[{"href":"https:\/\/www.pavb.lt\/en\/wp-json\/wp\/v2\/media?parent=5657"}],"curies":[{"name":"wp","href":"https:\/\/api.w.org\/{rel}","templated":true}]}}