{"id":5641,"date":"2019-02-04T10:10:40","date_gmt":"2019-02-04T08:10:40","guid":{"rendered":"https:\/\/www.pavb.lt\/?page_id=5641"},"modified":"2020-01-27T15:13:44","modified_gmt":"2020-01-27T13:13:44","slug":"history","status":"publish","type":"page","link":"https:\/\/www.pavb.lt\/en\/history\/","title":{"rendered":"History"},"content":{"rendered":"\n<p><strong>History<\/strong><\/p>\n\n\n\n<p>Panev\u0117\u017eys\nCounty Gabriel\u0117 Petkevi\u010dait\u0117-Bit\u0117 Public Library is the first State library and\nthe oldest State cultural institution in Panev\u0117\u017eys, established in 1922, opened\nas a branch of the Central State Book Store. At that time, there were 1,783 books\nin its funds, all newspapers and magazines published in Lithuania, a few\nnewspapers arriving from Germany and USA. Having covered an interesting and\npurposeful historical road, today the library contains over half a million of\npublications, over 500,000 readers and more than 300,000 virtual readers visit\nit annually. <\/p>\n\n\n\n<p>Important\ndates<\/p>\n\n\n\n<p>September 1, 1922 the first state public library was opened in Panev\u0117\u017eys.<\/p>\n<p><a href=\"https:\/\/www.pavb.lt\/wp-content\/uploads\/2019\/04\/04-pirmoji-kn-078.jpg\"><img loading=\"lazy\" decoding=\"async\" data-attachment-id=\"5424\" data-permalink=\"https:\/\/www.pavb.lt\/en\/pavb-istorija\/1922-m-rugsejo-1-d\/04-pirmoji-kn-078-2\/\" data-orig-file=\"https:\/\/www.pavb.lt\/wp-content\/uploads\/2019\/04\/04-pirmoji-kn-078.jpg\" data-orig-size=\"1253,1021\" data-comments-opened=\"0\" data-image-meta=\"{&quot;aperture&quot;:&quot;0&quot;,&quot;credit&quot;:&quot;&quot;,&quot;camera&quot;:&quot;&quot;,&quot;caption&quot;:&quot;&quot;,&quot;created_timestamp&quot;:&quot;0&quot;,&quot;copyright&quot;:&quot;&quot;,&quot;focal_length&quot;:&quot;0&quot;,&quot;iso&quot;:&quot;0&quot;,&quot;shutter_speed&quot;:&quot;0&quot;,&quot;title&quot;:&quot;&quot;,&quot;orientation&quot;:&quot;0&quot;}\" data-image-title=\"04 pirmoji kn  078\" data-image-description=\"\" data-image-caption=\"&lt;p&gt;Pirmosios inventorin\u0117s knygos pirmas lapas&lt;\/p&gt;\n\" data-medium-file=\"https:\/\/www.pavb.lt\/wp-content\/uploads\/2019\/04\/04-pirmoji-kn-078-300x244.jpg\" data-large-file=\"https:\/\/www.pavb.lt\/wp-content\/uploads\/2019\/04\/04-pirmoji-kn-078-1024x834.jpg\" class=\"size-medium wp-image-5424\" src=\"https:\/\/www.pavb.lt\/wp-content\/uploads\/2019\/04\/04-pirmoji-kn-078-300x244.jpg\" alt=\"Pirmosios inventorin\u0117s knygos pirmas lapas\" width=\"300\" height=\"244\" srcset=\"https:\/\/www.pavb.lt\/wp-content\/uploads\/2019\/04\/04-pirmoji-kn-078-300x244.jpg 300w, https:\/\/www.pavb.lt\/wp-content\/uploads\/2019\/04\/04-pirmoji-kn-078-768x626.jpg 768w, https:\/\/www.pavb.lt\/wp-content\/uploads\/2019\/04\/04-pirmoji-kn-078-1024x834.jpg 1024w, https:\/\/www.pavb.lt\/wp-content\/uploads\/2019\/04\/04-pirmoji-kn-078.jpg 1253w\" sizes=\"auto, (max-width: 300px) 100vw, 300px\" \/><\/a><\/p>\n\n\n\n<p>1940\u20131944\nthe library\u2019s plans were altered by the Soviet occupation. During the years of\nSoviet and later German occupation the library experienced immense losses \u2013 the\nfund was significantly diminished by removing all the publications that did not\nsuit the Soviet ideology. Only the library\u2019s name remained the same, while its\nfund\u2019s structure and theme as well as functioning changed dramatically.<\/p>\n\n\n\n<p>1945\u20131989 during the years of the second Soviet occupation the library worked under harsh conditions of soviet ideology, trying hard to remain the beacon of culture and education.<\/p>\n<p><a href=\"https:\/\/www.pavb.lt\/wp-content\/uploads\/2019\/04\/kulturos-namai-respublikos-g.jpg\"><img loading=\"lazy\" decoding=\"async\" data-attachment-id=\"5463\" data-permalink=\"https:\/\/www.pavb.lt\/en\/pavb-istorija\/1948-metais\/kulturos-namai-respublikos-g-2\/\" data-orig-file=\"https:\/\/www.pavb.lt\/wp-content\/uploads\/2019\/04\/kulturos-namai-respublikos-g.jpg\" data-orig-size=\"800,523\" data-comments-opened=\"0\" data-image-meta=\"{&quot;aperture&quot;:&quot;0&quot;,&quot;credit&quot;:&quot;&quot;,&quot;camera&quot;:&quot;&quot;,&quot;caption&quot;:&quot;&quot;,&quot;created_timestamp&quot;:&quot;0&quot;,&quot;copyright&quot;:&quot;&quot;,&quot;focal_length&quot;:&quot;0&quot;,&quot;iso&quot;:&quot;0&quot;,&quot;shutter_speed&quot;:&quot;0&quot;,&quot;title&quot;:&quot;&quot;,&quot;orientation&quot;:&quot;0&quot;}\" data-image-title=\"kulturos namai respublikos g\" data-image-description=\"\" data-image-caption=\"&lt;p&gt;Kult\u016bros namai Respublikos g. 37&lt;\/p&gt;\n\" data-medium-file=\"https:\/\/www.pavb.lt\/wp-content\/uploads\/2019\/04\/kulturos-namai-respublikos-g-300x196.jpg\" data-large-file=\"https:\/\/www.pavb.lt\/wp-content\/uploads\/2019\/04\/kulturos-namai-respublikos-g.jpg\" class=\"size-medium wp-image-5463\" src=\"https:\/\/www.pavb.lt\/wp-content\/uploads\/2019\/04\/kulturos-namai-respublikos-g-300x196.jpg\" alt=\"Kult\u016bros namai Respublikos g. 37\" width=\"300\" height=\"196\" srcset=\"https:\/\/www.pavb.lt\/wp-content\/uploads\/2019\/04\/kulturos-namai-respublikos-g-300x196.jpg 300w, https:\/\/www.pavb.lt\/wp-content\/uploads\/2019\/04\/kulturos-namai-respublikos-g-768x502.jpg 768w, https:\/\/www.pavb.lt\/wp-content\/uploads\/2019\/04\/kulturos-namai-respublikos-g.jpg 800w\" sizes=\"auto, (max-width: 300px) 100vw, 300px\" \/><\/a><\/p>\n\n\n\n<p>September\n21, 1989 the library was named after the famous public figure, writer, teacher\nGabriel\u0117 Petkevi\u010dait\u0117-Bit\u0117.<\/p>\n\n\n\n<p>March\n11, 1990 the act was signed to restore Lithuania as an independent country. The\nlibrary opened a new page in history.&nbsp; The\nMinistry of Culture of the Republic of Lithuania&nbsp;gained the function of\nthe library\u2019s founder, making the library accountable to it.<\/p>\n\n\n\n<p>1991\nthe library started collecting the manuscript funds of renowned people of Panev\u0117\u017eys region. It was the time when\nthe library started forming the fund of the world famous artist\nmultifunctionalist Stasys Eidrigevi\u010dius.\nBorn in this region, the artist is fond of the\nlibrary and continuously gifts new objects to the fund. <\/p>\n\n\n\n<p>1992\nthe library bought its first computer.<\/p>\n\n\n\n<p>1995\nthe Law of Libraries of the Republic of Lithuania was issued and announced the\nlibrary as the main public institution for culture and education in Panev\u0117\u017eys region.<\/p>\n\n\n\n<p>1996 the library opened its art gallery \u201c2<sup>nd<\/sup> floor\u201d.<\/p>\n\n\n\n<p><\/p>\n\n\n\n<figure id=\"attachment_5704\" aria-describedby=\"caption-attachment-5704\" style=\"width: 300px\" class=\"wp-caption alignleft\"><a href=\"https:\/\/www.pavb.lt\/wp-content\/uploads\/2019\/04\/Juozo-Miltinio-palikimo-studiju-centras.jpg\"><img loading=\"lazy\" decoding=\"async\" data-attachment-id=\"5704\" data-permalink=\"https:\/\/www.pavb.lt\/en\/pavb-istorija\/1996-m-rugsejo-3-d\/juozo-miltinio-palikimo-studiju-centras-2\/\" data-orig-file=\"https:\/\/www.pavb.lt\/wp-content\/uploads\/2019\/04\/Juozo-Miltinio-palikimo-studiju-centras.jpg\" data-orig-size=\"800,533\" data-comments-opened=\"0\" data-image-meta=\"{&quot;aperture&quot;:&quot;0&quot;,&quot;credit&quot;:&quot;&quot;,&quot;camera&quot;:&quot;&quot;,&quot;caption&quot;:&quot;&quot;,&quot;created_timestamp&quot;:&quot;0&quot;,&quot;copyright&quot;:&quot;&quot;,&quot;focal_length&quot;:&quot;0&quot;,&quot;iso&quot;:&quot;0&quot;,&quot;shutter_speed&quot;:&quot;0&quot;,&quot;title&quot;:&quot;&quot;,&quot;orientation&quot;:&quot;0&quot;}\" data-image-title=\"Juozo Miltinio palikimo studiju centras\" data-image-description=\"\" data-image-caption=\"\" data-medium-file=\"https:\/\/www.pavb.lt\/wp-content\/uploads\/2019\/04\/Juozo-Miltinio-palikimo-studiju-centras-300x200.jpg\" data-large-file=\"https:\/\/www.pavb.lt\/wp-content\/uploads\/2019\/04\/Juozo-Miltinio-palikimo-studiju-centras.jpg\" class=\"wp-image-5704 size-medium\" src=\"https:\/\/www.pavb.lt\/wp-content\/uploads\/2019\/04\/Juozo-Miltinio-palikimo-studiju-centras-300x200.jpg\" alt=\"\" width=\"300\" height=\"200\" srcset=\"https:\/\/www.pavb.lt\/wp-content\/uploads\/2019\/04\/Juozo-Miltinio-palikimo-studiju-centras-300x200.jpg 300w, https:\/\/www.pavb.lt\/wp-content\/uploads\/2019\/04\/Juozo-Miltinio-palikimo-studiju-centras-768x512.jpg 768w, https:\/\/www.pavb.lt\/wp-content\/uploads\/2019\/04\/Juozo-Miltinio-palikimo-studiju-centras.jpg 800w\" sizes=\"auto, (max-width: 300px) 100vw, 300px\" \/><\/a><figcaption id=\"caption-attachment-5704\" class=\"wp-caption-text\">Juozas Miltinis Heritage Study Centre<\/figcaption><\/figure>\n<p>1996 the library\u2019s subunit Juozas Miltinis Heritage Study Centre was opened. The centre reveals to the public the immense heritage of the famous founder and director of Panev\u0117\u017eys drama theatre. The fund boasts the director\u2019s private library, manuscripts and photographs, art collection, recordings of the rehearsals, video library, and personal belongings.<\/p>\n\n\n\n<p><\/p>\n\n\n\n<p>1998 the library started the cycle of scientific\nconferences and organised the first conference \u201cPrivate Library \u2013 Part of\nNation\u2019s Historical Memory\u201d. Organising annual scientific conferences has\nbecome a library\u2019s tradition.<\/p>\n\n\n\n<p>2000 the European information centre was established\nin the library. Its mission is to inform Lithuanians about Lithuanian\nintegration into the European Union and about the union itself. <\/p>\n\n\n\n<p>2001 library\u2019s reading rooms were provided with the\ninternet marking the beginning of e-services in the library. <\/p>\n\n\n\n<p>2002 the library joined the activities of Lithuania\u2019s\nnational bibliographical data bank creation.<\/p>\n\n\n\n<p>2006 the fund of Juozas Miltinis Heritage Study Center\nwas included in the national register of the UNESCO program \u201cMemory of the\nWorld\u201d.<\/p>\n\n\n\n<p>2007 following the wish of Marija and Kazimieras\nBarenai the library established Kazimieras Bar\u0117nas Literary Prize to encourage\nyoung, talented writers.<\/p>\n\n\n\n<p>2007 the library organised the first national literary\nfestival \u201ePanev\u0117\u017eio literat\u016brin\u0117 \u017eiema\u201c (\u201cPanev\u0117\u017eys Literary Winter\u201d),\nwhich later became traditional and grew into an international one.<\/p>\n\n\n\n<figure id=\"attachment_7520\" aria-describedby=\"caption-attachment-7520\" style=\"width: 300px\" class=\"wp-caption alignleft\"><a href=\"https:\/\/www.pavb.lt\/wp-content\/uploads\/2019\/05\/Kompiuterinio-ra\u0161tingumo-mokym\u0173-centras.jpg\"><img loading=\"lazy\" decoding=\"async\" data-attachment-id=\"7520\" data-permalink=\"https:\/\/www.pavb.lt\/en\/pavb-istorija\/2008-m-lapkricio-27-d\/kompiuterinio-rastingumo-mokymu-centras-2\/\" data-orig-file=\"https:\/\/www.pavb.lt\/wp-content\/uploads\/2019\/05\/Kompiuterinio-ra\u0161tingumo-mokym\u0173-centras.jpg\" data-orig-size=\"816,612\" data-comments-opened=\"0\" data-image-meta=\"{&quot;aperture&quot;:&quot;0&quot;,&quot;credit&quot;:&quot;&quot;,&quot;camera&quot;:&quot;&quot;,&quot;caption&quot;:&quot;&quot;,&quot;created_timestamp&quot;:&quot;0&quot;,&quot;copyright&quot;:&quot;&quot;,&quot;focal_length&quot;:&quot;0&quot;,&quot;iso&quot;:&quot;0&quot;,&quot;shutter_speed&quot;:&quot;0&quot;,&quot;title&quot;:&quot;&quot;,&quot;orientation&quot;:&quot;0&quot;}\" data-image-title=\"Kompiuterinio ra\u0161tingumo mokym\u0173 centras\" data-image-description=\"\" data-image-caption=\"\" data-medium-file=\"https:\/\/www.pavb.lt\/wp-content\/uploads\/2019\/05\/Kompiuterinio-ra\u0161tingumo-mokym\u0173-centras-300x225.jpg\" data-large-file=\"https:\/\/www.pavb.lt\/wp-content\/uploads\/2019\/05\/Kompiuterinio-ra\u0161tingumo-mokym\u0173-centras.jpg\" class=\"wp-image-7520 size-medium\" src=\"https:\/\/www.pavb.lt\/wp-content\/uploads\/2019\/05\/Kompiuterinio-ra\u0161tingumo-mokym\u0173-centras-300x225.jpg\" alt=\"Kompiuterinio ra\u0161tingumo mokym\u0173 centras\" width=\"300\" height=\"225\" srcset=\"https:\/\/www.pavb.lt\/wp-content\/uploads\/2019\/05\/Kompiuterinio-ra\u0161tingumo-mokym\u0173-centras-300x225.jpg 300w, https:\/\/www.pavb.lt\/wp-content\/uploads\/2019\/05\/Kompiuterinio-ra\u0161tingumo-mokym\u0173-centras-768x576.jpg 768w, https:\/\/www.pavb.lt\/wp-content\/uploads\/2019\/05\/Kompiuterinio-ra\u0161tingumo-mokym\u0173-centras.jpg 816w\" sizes=\"auto, (max-width: 300px) 100vw, 300px\" \/><\/a><figcaption id=\"caption-attachment-7520\" class=\"wp-caption-text\">Computer literacy center<\/figcaption><\/figure>\n<p>2008 the first county computer literacy center in Lithuania was opened in the library. It was part of the national project, financed by Bill and Melinda Gates.<\/p>\n\n\n\n<p>2009 Juozas Urb\u0161ys Social Thinking and Culture Centerwas established in a farmstead in\nPanev\u0117\u017eys district. J. Urb\u0161ys, a diplomat, translater, the Minsiter of Foreign\nAffairs of the Republic of Lithuania, used to live in this farmstead\n(1905\u20131907) and later visited it.<\/p>\n\n\n\n<p>April 8, 2010 the scientific conference \u201cGabriel\u0117\nPetkevi\u010dait\u0117-Bit\u0117 in Lithuania\u2019s Cultural Context\u201d was held. The conference was\nopened by the President of the Republic of Lithuania Dalia Grybauskait\u0117.<\/p>\n\n\n\n<p>2014 the library acquired \u201cBluthner\u201d piano which was\nthe gift of the member of the European Parliament Antanas\u2019 Guoga fund.<\/p>\n\n\n\n<p>2016 the library created the website \u201ePanev\u0117\u017eio kra\u0161tas virtualiai\u201c (\u201cPanev\u0117\u017eys Region Vrtually\u201c). The\nwebsite presents the region\u2019s history and culture, reveals and actualizes its\nheritage.<\/p>\n\n\n\n<p>2016\na regional digitalization center was established in the library. This center\ndigitalizes the cultural heritage \u2013 manuscripts, rare publications, photographs\n\u2013 held in Panev\u0117\u017eys and Utena county public\nlibraries.<\/p>\n\n\n\n<p><a href=\"https:\/\/www.pavb.lt\/wp-content\/uploads\/2019\/07\/Parodos-atidarymas.jpg\"><img loading=\"lazy\" decoding=\"async\" data-attachment-id=\"10682\" data-permalink=\"https:\/\/www.pavb.lt\/en\/pavb-istorija\/2017-m-vasario-10-d\/parodos-atidarymas-2\/\" data-orig-file=\"https:\/\/www.pavb.lt\/wp-content\/uploads\/2019\/07\/Parodos-atidarymas.jpg\" data-orig-size=\"900,600\" data-comments-opened=\"0\" data-image-meta=\"{&quot;aperture&quot;:&quot;0&quot;,&quot;credit&quot;:&quot;&quot;,&quot;camera&quot;:&quot;&quot;,&quot;caption&quot;:&quot;&quot;,&quot;created_timestamp&quot;:&quot;0&quot;,&quot;copyright&quot;:&quot;&quot;,&quot;focal_length&quot;:&quot;0&quot;,&quot;iso&quot;:&quot;0&quot;,&quot;shutter_speed&quot;:&quot;0&quot;,&quot;title&quot;:&quot;&quot;,&quot;orientation&quot;:&quot;0&quot;}\" data-image-title=\"Parodos atidarymas\" data-image-description=\"\" data-image-caption=\"\" data-medium-file=\"https:\/\/www.pavb.lt\/wp-content\/uploads\/2019\/07\/Parodos-atidarymas-300x200.jpg\" data-large-file=\"https:\/\/www.pavb.lt\/wp-content\/uploads\/2019\/07\/Parodos-atidarymas.jpg\" class=\"alignleft size-medium wp-image-10682\" src=\"https:\/\/www.pavb.lt\/wp-content\/uploads\/2019\/07\/Parodos-atidarymas-300x200.jpg\" alt=\"Parodos atidarymas\" width=\"300\" height=\"200\" srcset=\"https:\/\/www.pavb.lt\/wp-content\/uploads\/2019\/07\/Parodos-atidarymas-300x200.jpg 300w, https:\/\/www.pavb.lt\/wp-content\/uploads\/2019\/07\/Parodos-atidarymas-768x512.jpg 768w, https:\/\/www.pavb.lt\/wp-content\/uploads\/2019\/07\/Parodos-atidarymas.jpg 900w\" sizes=\"auto, (max-width: 300px) 100vw, 300px\" \/><\/a>2017 a long-term exhibition \u201cCeramics that sounds\u201d (from Panev\u0117\u017eys international ceramics symposium) was opened. The exhibits are placed in different spaces of the library.<\/p>\n\n\n\n<p>2017\nthe library signed its first international cooperation agreement with Karlovy\nVary regional library.<\/p>\n\n\n\n<p>2018\nthe library organized its first international symposium \u201cInnovative educational\npractices in a librarian\u2019s work. Educational activities, challenges and\npossibilities.\u201d&nbsp; <\/p>\n","protected":false},"excerpt":{"rendered":"<p>History Panev\u0117\u017eys County Gabriel\u0117 Petkevi\u010dait\u0117-Bit\u0117 Public Library is the first State library and the oldest State cultural institution in Panev\u0117\u017eys, established in 1922, opened as a branch of the Central State Book Store. At that time, there were 1,783 books in its funds, all newspapers and magazines published in Lithuania, a few newspapers arriving from&#8230;.. <a class=\"moretag\" href=\"https:\/\/www.pavb.lt\/en\/history\/\">Read More<\/a><\/p>\n","protected":false},"author":1,"featured_media":0,"parent":0,"menu_order":5,"comment_status":"closed","ping_status":"closed","template":"","meta":{"_acf_changed":false,"footnotes":""},"class_list":["post-5641","page","type-page","status-publish","hentry"],"acf":[],"yoast_head":"<!-- This site is optimized with the Yoast SEO plugin v27.3 - https:\/\/yoast.com\/product\/yoast-seo-wordpress\/ -->\n<title>History - Panevezys County Gabriele Petkevicaite-Bite Public Library<\/title>\n<meta name=\"robots\" content=\"index, follow, max-snippet:-1, max-image-preview:large, max-video-preview:-1\" \/>\n<link rel=\"canonical\" href=\"https:\/\/www.pavb.lt\/en\/history\/\" \/>\n<meta property=\"og:locale\" content=\"en_US\" \/>\n<meta property=\"og:type\" content=\"article\" \/>\n<meta property=\"og:title\" content=\"History - Panevezys County Gabriele Petkevicaite-Bite Public Library\" \/>\n<meta property=\"og:description\" content=\"History Panev\u0117\u017eys County Gabriel\u0117 Petkevi\u010dait\u0117-Bit\u0117 Public Library is the first State library and the oldest State cultural institution in Panev\u0117\u017eys, established in 1922, opened as a branch of the Central State Book Store. At that time, there were 1,783 books in its funds, all newspapers and magazines published in Lithuania, a few newspapers arriving from..... Read More\" \/>\n<meta property=\"og:url\" content=\"https:\/\/www.pavb.lt\/en\/history\/\" \/>\n<meta property=\"og:site_name\" content=\"Panevezys County Gabriele Petkevicaite-Bite Public Library\" \/>\n<meta property=\"article:modified_time\" content=\"2020-01-27T13:13:44+00:00\" \/>\n<meta property=\"og:image\" content=\"https:\/\/www.pavb.lt\/wp-content\/uploads\/2019\/04\/04-pirmoji-kn-078.jpg\" \/>\n\t<meta property=\"og:image:width\" content=\"1253\" \/>\n\t<meta property=\"og:image:height\" content=\"1021\" \/>\n\t<meta property=\"og:image:type\" content=\"image\/jpeg\" \/>\n<meta name=\"twitter:card\" content=\"summary_large_image\" \/>\n<script type=\"application\/ld+json\" class=\"yoast-schema-graph\">{\"@context\":\"https:\\\/\\\/schema.org\",\"@graph\":[{\"@type\":\"WebPage\",\"@id\":\"https:\\\/\\\/www.pavb.lt\\\/en\\\/history\\\/\",\"url\":\"https:\\\/\\\/www.pavb.lt\\\/en\\\/history\\\/\",\"name\":\"History - Panevezys County Gabriele Petkevicaite-Bite Public Library\",\"isPartOf\":{\"@id\":\"https:\\\/\\\/www.pavb.lt\\\/en\\\/#website\"},\"primaryImageOfPage\":{\"@id\":\"https:\\\/\\\/www.pavb.lt\\\/en\\\/history\\\/#primaryimage\"},\"image\":{\"@id\":\"https:\\\/\\\/www.pavb.lt\\\/en\\\/history\\\/#primaryimage\"},\"thumbnailUrl\":\"https:\\\/\\\/www.pavb.lt\\\/wp-content\\\/uploads\\\/2019\\\/04\\\/04-pirmoji-kn-078-300x244.jpg\",\"datePublished\":\"2019-02-04T08:10:40+00:00\",\"dateModified\":\"2020-01-27T13:13:44+00:00\",\"breadcrumb\":{\"@id\":\"https:\\\/\\\/www.pavb.lt\\\/en\\\/history\\\/#breadcrumb\"},\"inLanguage\":\"en-US\",\"potentialAction\":[{\"@type\":\"ReadAction\",\"target\":[\"https:\\\/\\\/www.pavb.lt\\\/en\\\/history\\\/\"]}]},{\"@type\":\"ImageObject\",\"inLanguage\":\"en-US\",\"@id\":\"https:\\\/\\\/www.pavb.lt\\\/en\\\/history\\\/#primaryimage\",\"url\":\"https:\\\/\\\/www.pavb.lt\\\/wp-content\\\/uploads\\\/2019\\\/04\\\/04-pirmoji-kn-078-300x244.jpg\",\"contentUrl\":\"https:\\\/\\\/www.pavb.lt\\\/wp-content\\\/uploads\\\/2019\\\/04\\\/04-pirmoji-kn-078-300x244.jpg\"},{\"@type\":\"BreadcrumbList\",\"@id\":\"https:\\\/\\\/www.pavb.lt\\\/en\\\/history\\\/#breadcrumb\",\"itemListElement\":[{\"@type\":\"ListItem\",\"position\":1,\"name\":\"Home\",\"item\":\"https:\\\/\\\/www.pavb.lt\\\/en\\\/\"},{\"@type\":\"ListItem\",\"position\":2,\"name\":\"History\"}]},{\"@type\":\"WebSite\",\"@id\":\"https:\\\/\\\/www.pavb.lt\\\/en\\\/#website\",\"url\":\"https:\\\/\\\/www.pavb.lt\\\/en\\\/\",\"name\":\"Panevezys County Gabriele Petkevicaite-Bite Public Library\",\"description\":\"Here is your Library!\",\"publisher\":{\"@id\":\"https:\\\/\\\/www.pavb.lt\\\/en\\\/#organization\"},\"potentialAction\":[{\"@type\":\"SearchAction\",\"target\":{\"@type\":\"EntryPoint\",\"urlTemplate\":\"https:\\\/\\\/www.pavb.lt\\\/en\\\/?s={search_term_string}\"},\"query-input\":{\"@type\":\"PropertyValueSpecification\",\"valueRequired\":true,\"valueName\":\"search_term_string\"}}],\"inLanguage\":\"en-US\"},{\"@type\":\"Organization\",\"@id\":\"https:\\\/\\\/www.pavb.lt\\\/en\\\/#organization\",\"name\":\"Panev\u0117\u017eio apskrities Gabriel\u0117s Petkevi\u010dait\u0117s-Bit\u0117s vie\u0161oji biblioteka\",\"url\":\"https:\\\/\\\/www.pavb.lt\\\/en\\\/\",\"logo\":{\"@type\":\"ImageObject\",\"inLanguage\":\"en-US\",\"@id\":\"https:\\\/\\\/www.pavb.lt\\\/en\\\/#\\\/schema\\\/logo\\\/image\\\/\",\"url\":\"https:\\\/\\\/www.pavb.lt\\\/wp-content\\\/uploads\\\/2017\\\/11\\\/pavb-logo.png\",\"contentUrl\":\"https:\\\/\\\/www.pavb.lt\\\/wp-content\\\/uploads\\\/2017\\\/11\\\/pavb-logo.png\",\"width\":512,\"height\":512,\"caption\":\"Panev\u0117\u017eio apskrities Gabriel\u0117s Petkevi\u010dait\u0117s-Bit\u0117s vie\u0161oji biblioteka\"},\"image\":{\"@id\":\"https:\\\/\\\/www.pavb.lt\\\/en\\\/#\\\/schema\\\/logo\\\/image\\\/\"}}]}<\/script>\n<!-- \/ Yoast SEO plugin. -->","yoast_head_json":{"title":"History - Panevezys County Gabriele Petkevicaite-Bite Public Library","robots":{"index":"index","follow":"follow","max-snippet":"max-snippet:-1","max-image-preview":"max-image-preview:large","max-video-preview":"max-video-preview:-1"},"canonical":"https:\/\/www.pavb.lt\/en\/history\/","og_locale":"en_US","og_type":"article","og_title":"History - Panevezys County Gabriele Petkevicaite-Bite Public Library","og_description":"History Panev\u0117\u017eys County Gabriel\u0117 Petkevi\u010dait\u0117-Bit\u0117 Public Library is the first State library and the oldest State cultural institution in Panev\u0117\u017eys, established in 1922, opened as a branch of the Central State Book Store. At that time, there were 1,783 books in its funds, all newspapers and magazines published in Lithuania, a few newspapers arriving from..... Read More","og_url":"https:\/\/www.pavb.lt\/en\/history\/","og_site_name":"Panevezys County Gabriele Petkevicaite-Bite Public Library","article_modified_time":"2020-01-27T13:13:44+00:00","og_image":[{"width":1253,"height":1021,"url":"https:\/\/www.pavb.lt\/wp-content\/uploads\/2019\/04\/04-pirmoji-kn-078.jpg","type":"image\/jpeg"}],"twitter_card":"summary_large_image","schema":{"@context":"https:\/\/schema.org","@graph":[{"@type":"WebPage","@id":"https:\/\/www.pavb.lt\/en\/history\/","url":"https:\/\/www.pavb.lt\/en\/history\/","name":"History - Panevezys County Gabriele Petkevicaite-Bite Public Library","isPartOf":{"@id":"https:\/\/www.pavb.lt\/en\/#website"},"primaryImageOfPage":{"@id":"https:\/\/www.pavb.lt\/en\/history\/#primaryimage"},"image":{"@id":"https:\/\/www.pavb.lt\/en\/history\/#primaryimage"},"thumbnailUrl":"https:\/\/www.pavb.lt\/wp-content\/uploads\/2019\/04\/04-pirmoji-kn-078-300x244.jpg","datePublished":"2019-02-04T08:10:40+00:00","dateModified":"2020-01-27T13:13:44+00:00","breadcrumb":{"@id":"https:\/\/www.pavb.lt\/en\/history\/#breadcrumb"},"inLanguage":"en-US","potentialAction":[{"@type":"ReadAction","target":["https:\/\/www.pavb.lt\/en\/history\/"]}]},{"@type":"ImageObject","inLanguage":"en-US","@id":"https:\/\/www.pavb.lt\/en\/history\/#primaryimage","url":"https:\/\/www.pavb.lt\/wp-content\/uploads\/2019\/04\/04-pirmoji-kn-078-300x244.jpg","contentUrl":"https:\/\/www.pavb.lt\/wp-content\/uploads\/2019\/04\/04-pirmoji-kn-078-300x244.jpg"},{"@type":"BreadcrumbList","@id":"https:\/\/www.pavb.lt\/en\/history\/#breadcrumb","itemListElement":[{"@type":"ListItem","position":1,"name":"Home","item":"https:\/\/www.pavb.lt\/en\/"},{"@type":"ListItem","position":2,"name":"History"}]},{"@type":"WebSite","@id":"https:\/\/www.pavb.lt\/en\/#website","url":"https:\/\/www.pavb.lt\/en\/","name":"Panevezys County Gabriele Petkevicaite-Bite Public Library","description":"Here is your Library!","publisher":{"@id":"https:\/\/www.pavb.lt\/en\/#organization"},"potentialAction":[{"@type":"SearchAction","target":{"@type":"EntryPoint","urlTemplate":"https:\/\/www.pavb.lt\/en\/?s={search_term_string}"},"query-input":{"@type":"PropertyValueSpecification","valueRequired":true,"valueName":"search_term_string"}}],"inLanguage":"en-US"},{"@type":"Organization","@id":"https:\/\/www.pavb.lt\/en\/#organization","name":"Panev\u0117\u017eio apskrities Gabriel\u0117s Petkevi\u010dait\u0117s-Bit\u0117s vie\u0161oji biblioteka","url":"https:\/\/www.pavb.lt\/en\/","logo":{"@type":"ImageObject","inLanguage":"en-US","@id":"https:\/\/www.pavb.lt\/en\/#\/schema\/logo\/image\/","url":"https:\/\/www.pavb.lt\/wp-content\/uploads\/2017\/11\/pavb-logo.png","contentUrl":"https:\/\/www.pavb.lt\/wp-content\/uploads\/2017\/11\/pavb-logo.png","width":512,"height":512,"caption":"Panev\u0117\u017eio apskrities Gabriel\u0117s Petkevi\u010dait\u0117s-Bit\u0117s vie\u0161oji biblioteka"},"image":{"@id":"https:\/\/www.pavb.lt\/en\/#\/schema\/logo\/image\/"}}]}},"jetpack_sharing_enabled":true,"_links":{"self":[{"href":"https:\/\/www.pavb.lt\/en\/wp-json\/wp\/v2\/pages\/5641","targetHints":{"allow":["GET"]}}],"collection":[{"href":"https:\/\/www.pavb.lt\/en\/wp-json\/wp\/v2\/pages"}],"about":[{"href":"https:\/\/www.pavb.lt\/en\/wp-json\/wp\/v2\/types\/page"}],"author":[{"embeddable":true,"href":"https:\/\/www.pavb.lt\/en\/wp-json\/wp\/v2\/users\/1"}],"replies":[{"embeddable":true,"href":"https:\/\/www.pavb.lt\/en\/wp-json\/wp\/v2\/comments?post=5641"}],"version-history":[{"count":0,"href":"https:\/\/www.pavb.lt\/en\/wp-json\/wp\/v2\/pages\/5641\/revisions"}],"wp:attachment":[{"href":"https:\/\/www.pavb.lt\/en\/wp-json\/wp\/v2\/media?parent=5641"}],"curies":[{"name":"wp","href":"https:\/\/api.w.org\/{rel}","templated":true}]}}