{"id":49488,"date":"2020-03-09T12:00:00","date_gmt":"2020-03-09T10:00:00","guid":{"rendered":"https:\/\/www.pavb.lt\/?page_id=49488"},"modified":"2022-01-25T11:16:57","modified_gmt":"2022-01-25T09:16:57","slug":"nordic-childrens-book-flood","status":"publish","type":"page","link":"https:\/\/www.pavb.lt\/en\/international-projects\/nordic-childrens-book-flood\/","title":{"rendered":"Nordic Children\u2019s Book Flood"},"content":{"rendered":"\n<p><strong>Duration of the project: <\/strong>2020 06 01\u20132021 06 30<\/p>\n\n\n\n<p><strong>Project presentation<\/strong><\/p>\n\n\n\n<p>The aim of the project is to acquaint children, youth and educational specialists with classical and contemporary Nordic and Baltic children&#8217;s literature, to promote reading habits in an innovative way, to increase the visibility of Nordic literature in Lithuania, by attracting large audiences to Panev\u0117\u017eys. In cooperation with partners, special programs will be developed for the target groups: creative workshops for children, their parents and young people, trainings for teachers, specialists of memory institutions.<\/p>\n\n\n\n<p><strong>Activities planned during the project<\/strong><\/p>\n\n\n\n<p>Three Baltic countries: Estonia, Latvia and Lithuania (Panev\u0117\u017eys only) will hold an exhibition created by the famous Icelandic writer and illustrator Krist\u00edn Ragna Gunnarsd\u00f3ttir. Idea: The exhibition is designed so that each guest could actively participate in the adventures offered at different sections. Visitors \u201ctravel\u201d with special passports, which are stamped at each new location. The main element of the interactive exhibition is a large Viking ship, which allow up to 25 children to sit on it and listen to Nordic and Baltic literature readings or read the books individually. The main audience of the exhibition is children from 3 to 12 years old. Exhibition includes various activities: drawing, storytelling, writing poetry, solving literary quizzes, &nbsp;participating in creative lessons with artists, writers, illustrators and more.<\/p>\n\n\n\n<p><strong>Project result<\/strong><\/p>\n\n\n\n<p>New interactive service; over 8,000 children acquainted with contemporary and classical literature of the Nordic and Baltic countries in innovative ways; it is planned that about 500 specialists will visit the exhibition.<\/p>\n\n\n\n<p>Responsible person in Panev\u0117\u017eys County<\/p>\n\n\n\n<p>Gabriel\u0117 Petkevi\u010dait\u0117-Bit\u0117 Public is Toma Apnyt\u0117-Kirslien\u0117, Head of the Department of Cultural Education of Children and Youth, e-mail toma.apynyte-kirsliene@pavb.lt, tel. (8 45) 43 56 77<\/p>\n\n\n\n<p>The project is funded by Panev\u0117\u017eys city municipality and Nordic Council of Ministers Office in Lithuania<\/p>\n<p><img loading=\"lazy\" decoding=\"async\" data-attachment-id=\"38196\" data-permalink=\"https:\/\/www.pavb.lt\/en\/2021\/05\/opening-event-of-the-interactive-exhibition-nordic-childrens-book-flood\/7649462_panherbnaujas_medium\/\" data-orig-file=\"https:\/\/www.pavb.lt\/wp-content\/uploads\/2021\/05\/7649462_panherbnaujas_medium.jpg\" data-orig-size=\"400,544\" data-comments-opened=\"0\" data-image-meta=\"{&quot;aperture&quot;:&quot;0&quot;,&quot;credit&quot;:&quot;&quot;,&quot;camera&quot;:&quot;&quot;,&quot;caption&quot;:&quot;&quot;,&quot;created_timestamp&quot;:&quot;0&quot;,&quot;copyright&quot;:&quot;&quot;,&quot;focal_length&quot;:&quot;0&quot;,&quot;iso&quot;:&quot;0&quot;,&quot;shutter_speed&quot;:&quot;0&quot;,&quot;title&quot;:&quot;&quot;,&quot;orientation&quot;:&quot;0&quot;}\" data-image-title=\"Panev\u0117\u017eys city municipality\" data-image-description=\"\" data-image-caption=\"\" data-large-file=\"https:\/\/www.pavb.lt\/wp-content\/uploads\/2021\/05\/7649462_panherbnaujas_medium.jpg\" class=\"alignnone  wp-image-38196\" src=\"https:\/\/www.pavb.lt\/wp-content\/uploads\/2021\/05\/7649462_panherbnaujas_medium-221x300.jpg\" alt=\"Panev\u0117\u017eys city municipality\" width=\"61\" height=\"82\" srcset=\"https:\/\/www.pavb.lt\/wp-content\/uploads\/2021\/05\/7649462_panherbnaujas_medium-221x300.jpg 221w, https:\/\/www.pavb.lt\/wp-content\/uploads\/2021\/05\/7649462_panherbnaujas_medium.jpg 400w\" sizes=\"auto, (max-width: 61px) 100vw, 61px\" \/>\u00a0 \u00a0 \u00a0 \u00a0 \u00a0 \u00a0 \u00a0 <img loading=\"lazy\" decoding=\"async\" data-attachment-id=\"38198\" data-permalink=\"https:\/\/www.pavb.lt\/en\/2021\/05\/opening-event-of-the-interactive-exhibition-nordic-childrens-book-flood\/logo_2aadeacb\/\" data-orig-file=\"https:\/\/www.pavb.lt\/wp-content\/uploads\/2021\/05\/logo_2aadeacb.png\" data-orig-size=\"310,93\" data-comments-opened=\"0\" data-image-meta=\"{&quot;aperture&quot;:&quot;0&quot;,&quot;credit&quot;:&quot;&quot;,&quot;camera&quot;:&quot;&quot;,&quot;caption&quot;:&quot;&quot;,&quot;created_timestamp&quot;:&quot;0&quot;,&quot;copyright&quot;:&quot;&quot;,&quot;focal_length&quot;:&quot;0&quot;,&quot;iso&quot;:&quot;0&quot;,&quot;shutter_speed&quot;:&quot;0&quot;,&quot;title&quot;:&quot;&quot;,&quot;orientation&quot;:&quot;0&quot;}\" data-image-title=\"nordic council\" data-image-description=\"\" data-image-caption=\"\" data-large-file=\"https:\/\/www.pavb.lt\/wp-content\/uploads\/2021\/05\/logo_2aadeacb.png\" class=\"alignnone  wp-image-38198\" src=\"https:\/\/www.pavb.lt\/wp-content\/uploads\/2021\/05\/logo_2aadeacb-300x90.png\" alt=\"\" width=\"233\" height=\"70\" srcset=\"https:\/\/www.pavb.lt\/wp-content\/uploads\/2021\/05\/logo_2aadeacb-300x90.png 300w, https:\/\/www.pavb.lt\/wp-content\/uploads\/2021\/05\/logo_2aadeacb.png 310w\" sizes=\"auto, (max-width: 233px) 100vw, 233px\" \/><\/p>\n","protected":false},"excerpt":{"rendered":"<p>Duration of the project: 2020 06 01\u20132021 06 30 Project presentation The aim of the project is to acquaint children, youth and educational specialists with classical and contemporary Nordic and Baltic children&#8217;s literature, to promote reading habits in an innovative way, to increase the visibility of Nordic literature in Lithuania, by attracting large audiences to&#8230;.. <a class=\"moretag\" href=\"https:\/\/www.pavb.lt\/en\/international-projects\/nordic-childrens-book-flood\/\">Read More<\/a><\/p>\n","protected":false},"author":11,"featured_media":0,"parent":49460,"menu_order":5,"comment_status":"closed","ping_status":"closed","template":"","meta":{"_acf_changed":false,"footnotes":""},"class_list":["post-49488","page","type-page","status-publish","hentry"],"acf":[],"yoast_head":"<!-- This site is optimized with the Yoast SEO plugin v27.4 - https:\/\/yoast.com\/product\/yoast-seo-wordpress\/ -->\n<title>Nordic Children\u2019s Book Flood - Panevezys County Gabriele Petkevicaite-Bite Public Library<\/title>\n<meta name=\"robots\" content=\"index, follow, max-snippet:-1, max-image-preview:large, max-video-preview:-1\" \/>\n<link rel=\"canonical\" href=\"https:\/\/www.pavb.lt\/en\/international-projects\/nordic-childrens-book-flood\/\" \/>\n<meta property=\"og:locale\" content=\"en_US\" \/>\n<meta property=\"og:type\" content=\"article\" \/>\n<meta property=\"og:title\" content=\"Nordic Children\u2019s Book Flood - Panevezys County Gabriele Petkevicaite-Bite Public Library\" \/>\n<meta property=\"og:description\" content=\"Duration of the project: 2020 06 01\u20132021 06 30 Project presentation The aim of the project is to acquaint children, youth and educational specialists with classical and contemporary Nordic and Baltic children&#8217;s literature, to promote reading habits in an innovative way, to increase the visibility of Nordic literature in Lithuania, by attracting large audiences to..... Read More\" \/>\n<meta property=\"og:url\" content=\"https:\/\/www.pavb.lt\/en\/international-projects\/nordic-childrens-book-flood\/\" \/>\n<meta property=\"og:site_name\" content=\"Panevezys County Gabriele Petkevicaite-Bite Public Library\" \/>\n<meta property=\"article:modified_time\" content=\"2022-01-25T09:16:57+00:00\" \/>\n<meta property=\"og:image\" content=\"https:\/\/www.pavb.lt\/wp-content\/uploads\/2021\/05\/7649462_panherbnaujas_medium.jpg\" \/>\n\t<meta property=\"og:image:width\" content=\"400\" \/>\n\t<meta property=\"og:image:height\" content=\"544\" \/>\n\t<meta property=\"og:image:type\" content=\"image\/jpeg\" \/>\n<meta name=\"twitter:card\" content=\"summary_large_image\" \/>\n<script type=\"application\/ld+json\" class=\"yoast-schema-graph\">{\"@context\":\"https:\\\/\\\/schema.org\",\"@graph\":[{\"@type\":\"WebPage\",\"@id\":\"https:\\\/\\\/www.pavb.lt\\\/en\\\/international-projects\\\/nordic-childrens-book-flood\\\/\",\"url\":\"https:\\\/\\\/www.pavb.lt\\\/en\\\/international-projects\\\/nordic-childrens-book-flood\\\/\",\"name\":\"Nordic Children\u2019s Book Flood - Panevezys County Gabriele Petkevicaite-Bite Public Library\",\"isPartOf\":{\"@id\":\"https:\\\/\\\/www.pavb.lt\\\/en\\\/#website\"},\"primaryImageOfPage\":{\"@id\":\"https:\\\/\\\/www.pavb.lt\\\/en\\\/international-projects\\\/nordic-childrens-book-flood\\\/#primaryimage\"},\"image\":{\"@id\":\"https:\\\/\\\/www.pavb.lt\\\/en\\\/international-projects\\\/nordic-childrens-book-flood\\\/#primaryimage\"},\"thumbnailUrl\":\"https:\\\/\\\/www.pavb.lt\\\/wp-content\\\/uploads\\\/2021\\\/05\\\/7649462_panherbnaujas_medium-221x300.jpg\",\"datePublished\":\"2020-03-09T10:00:00+00:00\",\"dateModified\":\"2022-01-25T09:16:57+00:00\",\"breadcrumb\":{\"@id\":\"https:\\\/\\\/www.pavb.lt\\\/en\\\/international-projects\\\/nordic-childrens-book-flood\\\/#breadcrumb\"},\"inLanguage\":\"en-US\",\"potentialAction\":[{\"@type\":\"ReadAction\",\"target\":[\"https:\\\/\\\/www.pavb.lt\\\/en\\\/international-projects\\\/nordic-childrens-book-flood\\\/\"]}]},{\"@type\":\"ImageObject\",\"inLanguage\":\"en-US\",\"@id\":\"https:\\\/\\\/www.pavb.lt\\\/en\\\/international-projects\\\/nordic-childrens-book-flood\\\/#primaryimage\",\"url\":\"https:\\\/\\\/www.pavb.lt\\\/wp-content\\\/uploads\\\/2021\\\/05\\\/7649462_panherbnaujas_medium-221x300.jpg\",\"contentUrl\":\"https:\\\/\\\/www.pavb.lt\\\/wp-content\\\/uploads\\\/2021\\\/05\\\/7649462_panherbnaujas_medium-221x300.jpg\"},{\"@type\":\"BreadcrumbList\",\"@id\":\"https:\\\/\\\/www.pavb.lt\\\/en\\\/international-projects\\\/nordic-childrens-book-flood\\\/#breadcrumb\",\"itemListElement\":[{\"@type\":\"ListItem\",\"position\":1,\"name\":\"Home\",\"item\":\"https:\\\/\\\/www.pavb.lt\\\/en\\\/\"},{\"@type\":\"ListItem\",\"position\":2,\"name\":\"International projects\",\"item\":\"https:\\\/\\\/www.pavb.lt\\\/en\\\/international-projects\\\/\"},{\"@type\":\"ListItem\",\"position\":3,\"name\":\"Nordic Children\u2019s Book Flood\"}]},{\"@type\":\"WebSite\",\"@id\":\"https:\\\/\\\/www.pavb.lt\\\/en\\\/#website\",\"url\":\"https:\\\/\\\/www.pavb.lt\\\/en\\\/\",\"name\":\"Panevezys County Gabriele Petkevicaite-Bite Public Library\",\"description\":\"Here is your Library!\",\"publisher\":{\"@id\":\"https:\\\/\\\/www.pavb.lt\\\/en\\\/#organization\"},\"potentialAction\":[{\"@type\":\"SearchAction\",\"target\":{\"@type\":\"EntryPoint\",\"urlTemplate\":\"https:\\\/\\\/www.pavb.lt\\\/en\\\/?s={search_term_string}\"},\"query-input\":{\"@type\":\"PropertyValueSpecification\",\"valueRequired\":true,\"valueName\":\"search_term_string\"}}],\"inLanguage\":\"en-US\"},{\"@type\":\"Organization\",\"@id\":\"https:\\\/\\\/www.pavb.lt\\\/en\\\/#organization\",\"name\":\"Panev\u0117\u017eio apskrities Gabriel\u0117s Petkevi\u010dait\u0117s-Bit\u0117s vie\u0161oji biblioteka\",\"url\":\"https:\\\/\\\/www.pavb.lt\\\/en\\\/\",\"logo\":{\"@type\":\"ImageObject\",\"inLanguage\":\"en-US\",\"@id\":\"https:\\\/\\\/www.pavb.lt\\\/en\\\/#\\\/schema\\\/logo\\\/image\\\/\",\"url\":\"https:\\\/\\\/www.pavb.lt\\\/wp-content\\\/uploads\\\/2017\\\/11\\\/pavb-logo.png\",\"contentUrl\":\"https:\\\/\\\/www.pavb.lt\\\/wp-content\\\/uploads\\\/2017\\\/11\\\/pavb-logo.png\",\"width\":512,\"height\":512,\"caption\":\"Panev\u0117\u017eio apskrities Gabriel\u0117s Petkevi\u010dait\u0117s-Bit\u0117s vie\u0161oji biblioteka\"},\"image\":{\"@id\":\"https:\\\/\\\/www.pavb.lt\\\/en\\\/#\\\/schema\\\/logo\\\/image\\\/\"}}]}<\/script>\n<!-- \/ Yoast SEO plugin. -->","yoast_head_json":{"title":"Nordic Children\u2019s Book Flood - Panevezys County Gabriele Petkevicaite-Bite Public Library","robots":{"index":"index","follow":"follow","max-snippet":"max-snippet:-1","max-image-preview":"max-image-preview:large","max-video-preview":"max-video-preview:-1"},"canonical":"https:\/\/www.pavb.lt\/en\/international-projects\/nordic-childrens-book-flood\/","og_locale":"en_US","og_type":"article","og_title":"Nordic Children\u2019s Book Flood - Panevezys County Gabriele Petkevicaite-Bite Public Library","og_description":"Duration of the project: 2020 06 01\u20132021 06 30 Project presentation The aim of the project is to acquaint children, youth and educational specialists with classical and contemporary Nordic and Baltic children&#8217;s literature, to promote reading habits in an innovative way, to increase the visibility of Nordic literature in Lithuania, by attracting large audiences to..... Read More","og_url":"https:\/\/www.pavb.lt\/en\/international-projects\/nordic-childrens-book-flood\/","og_site_name":"Panevezys County Gabriele Petkevicaite-Bite Public Library","article_modified_time":"2022-01-25T09:16:57+00:00","og_image":[{"width":400,"height":544,"url":"https:\/\/www.pavb.lt\/wp-content\/uploads\/2021\/05\/7649462_panherbnaujas_medium.jpg","type":"image\/jpeg"}],"twitter_card":"summary_large_image","schema":{"@context":"https:\/\/schema.org","@graph":[{"@type":"WebPage","@id":"https:\/\/www.pavb.lt\/en\/international-projects\/nordic-childrens-book-flood\/","url":"https:\/\/www.pavb.lt\/en\/international-projects\/nordic-childrens-book-flood\/","name":"Nordic Children\u2019s Book Flood - Panevezys County Gabriele Petkevicaite-Bite Public Library","isPartOf":{"@id":"https:\/\/www.pavb.lt\/en\/#website"},"primaryImageOfPage":{"@id":"https:\/\/www.pavb.lt\/en\/international-projects\/nordic-childrens-book-flood\/#primaryimage"},"image":{"@id":"https:\/\/www.pavb.lt\/en\/international-projects\/nordic-childrens-book-flood\/#primaryimage"},"thumbnailUrl":"https:\/\/www.pavb.lt\/wp-content\/uploads\/2021\/05\/7649462_panherbnaujas_medium-221x300.jpg","datePublished":"2020-03-09T10:00:00+00:00","dateModified":"2022-01-25T09:16:57+00:00","breadcrumb":{"@id":"https:\/\/www.pavb.lt\/en\/international-projects\/nordic-childrens-book-flood\/#breadcrumb"},"inLanguage":"en-US","potentialAction":[{"@type":"ReadAction","target":["https:\/\/www.pavb.lt\/en\/international-projects\/nordic-childrens-book-flood\/"]}]},{"@type":"ImageObject","inLanguage":"en-US","@id":"https:\/\/www.pavb.lt\/en\/international-projects\/nordic-childrens-book-flood\/#primaryimage","url":"https:\/\/www.pavb.lt\/wp-content\/uploads\/2021\/05\/7649462_panherbnaujas_medium-221x300.jpg","contentUrl":"https:\/\/www.pavb.lt\/wp-content\/uploads\/2021\/05\/7649462_panherbnaujas_medium-221x300.jpg"},{"@type":"BreadcrumbList","@id":"https:\/\/www.pavb.lt\/en\/international-projects\/nordic-childrens-book-flood\/#breadcrumb","itemListElement":[{"@type":"ListItem","position":1,"name":"Home","item":"https:\/\/www.pavb.lt\/en\/"},{"@type":"ListItem","position":2,"name":"International projects","item":"https:\/\/www.pavb.lt\/en\/international-projects\/"},{"@type":"ListItem","position":3,"name":"Nordic Children\u2019s Book Flood"}]},{"@type":"WebSite","@id":"https:\/\/www.pavb.lt\/en\/#website","url":"https:\/\/www.pavb.lt\/en\/","name":"Panevezys County Gabriele Petkevicaite-Bite Public Library","description":"Here is your Library!","publisher":{"@id":"https:\/\/www.pavb.lt\/en\/#organization"},"potentialAction":[{"@type":"SearchAction","target":{"@type":"EntryPoint","urlTemplate":"https:\/\/www.pavb.lt\/en\/?s={search_term_string}"},"query-input":{"@type":"PropertyValueSpecification","valueRequired":true,"valueName":"search_term_string"}}],"inLanguage":"en-US"},{"@type":"Organization","@id":"https:\/\/www.pavb.lt\/en\/#organization","name":"Panev\u0117\u017eio apskrities Gabriel\u0117s Petkevi\u010dait\u0117s-Bit\u0117s vie\u0161oji biblioteka","url":"https:\/\/www.pavb.lt\/en\/","logo":{"@type":"ImageObject","inLanguage":"en-US","@id":"https:\/\/www.pavb.lt\/en\/#\/schema\/logo\/image\/","url":"https:\/\/www.pavb.lt\/wp-content\/uploads\/2017\/11\/pavb-logo.png","contentUrl":"https:\/\/www.pavb.lt\/wp-content\/uploads\/2017\/11\/pavb-logo.png","width":512,"height":512,"caption":"Panev\u0117\u017eio apskrities Gabriel\u0117s Petkevi\u010dait\u0117s-Bit\u0117s vie\u0161oji biblioteka"},"image":{"@id":"https:\/\/www.pavb.lt\/en\/#\/schema\/logo\/image\/"}}]}},"jetpack_sharing_enabled":true,"_links":{"self":[{"href":"https:\/\/www.pavb.lt\/en\/wp-json\/wp\/v2\/pages\/49488","targetHints":{"allow":["GET"]}}],"collection":[{"href":"https:\/\/www.pavb.lt\/en\/wp-json\/wp\/v2\/pages"}],"about":[{"href":"https:\/\/www.pavb.lt\/en\/wp-json\/wp\/v2\/types\/page"}],"author":[{"embeddable":true,"href":"https:\/\/www.pavb.lt\/en\/wp-json\/wp\/v2\/users\/11"}],"replies":[{"embeddable":true,"href":"https:\/\/www.pavb.lt\/en\/wp-json\/wp\/v2\/comments?post=49488"}],"version-history":[{"count":0,"href":"https:\/\/www.pavb.lt\/en\/wp-json\/wp\/v2\/pages\/49488\/revisions"}],"up":[{"embeddable":true,"href":"https:\/\/www.pavb.lt\/en\/wp-json\/wp\/v2\/pages\/49460"}],"wp:attachment":[{"href":"https:\/\/www.pavb.lt\/en\/wp-json\/wp\/v2\/media?parent=49488"}],"curies":[{"name":"wp","href":"https:\/\/api.w.org\/{rel}","templated":true}]}}