{"id":49486,"date":"2020-03-09T22:30:00","date_gmt":"2020-03-09T20:30:00","guid":{"rendered":"https:\/\/www.pavb.lt\/?page_id=49486"},"modified":"2022-05-27T10:37:07","modified_gmt":"2022-05-27T07:37:07","slug":"development-of-storytelling-art-and-method-for-lithuanian-libraries","status":"publish","type":"page","link":"https:\/\/www.pavb.lt\/en\/international-projects\/development-of-storytelling-art-and-method-for-lithuanian-libraries\/","title":{"rendered":"Development of storytelling art and method for Lithuanian libraries"},"content":{"rendered":"\n<p><strong>Project duration: 19 09 2020 \u2013 30 06 2022<\/strong><\/p>\n\n\n\n<p><strong>Project presentation<\/strong><\/p>\n\n\n\n<p>The project aims to develop contemporary storytelling art in Lithuania and, with the help of partners from Sweden and Norway, to create a model for the application of storytelling art and method to Lithuanian libraries, to test and develop it as a new educational service for users of all ages and social groups.<\/p>\n\n\n\n<p><strong>Activities planned during the project<\/strong><\/p>\n\n\n\n<p>The librarians of the North-Eastern region of Lithuania will adopt the experience of the innovative method by participating in the training sessions, accompanied by testing in focus groups, reflection events and preparing a project presentation for the audiences in Lithuania and the Nordic countries.<\/p>\n\n\n\n<p><strong>Expected result of the project<\/strong><\/p>\n\n\n\n<p>\u2013 In 2020 a six-hour introductory storytelling training session \u201cOral storytelling. Story, Storyteller and Listener \u201d for public library professionals. Lecturer \u2013 educator, project manager Rose-Marie Lindfors from the Nordic Storytelling Center (Sweden). The two-day training was attended by 215 participants. The lecturer introduced the participants to the methods of oral storytelling and shared her most successful methods of storytelling in libraries. The participants of the training practically learned to apply storytelling methods without using books, using only imagination, learned to present silent books, etc.<\/p>\n\n\n\n<p>\u2013 In 2021 a five-day (40 hours) training for the development of educational storytelling programs for Panev\u0117\u017eys region libraries specialists was organized. The training was led by a lecturer Rose-Marie Lindfors from the Nordic Storytelling Center (Sweden) and a professional storyteller, artist Tiril Bryn (Norway). The curriculum was based on the development of storyteller &#8216;s competency model developed by the Federation for European Storytelling (FEST). During the training, the 8 competencies of storytellers were developed for 40 specialists of Panev\u0117\u017eys and Utena county public libraries. Specialists of Panev\u0117\u017eys and Utena county libraries, with the help of professional storytellers, created 5 unique educational programs for different library audiences. The sets of educational tools for the storytelling programs were prepared by the artist Neringa Minkevi\u010dien\u0117. The educations developed by librarians during the training are methodically described in <em>Eduteka<\/em> (a digital space containing tools and methodologies for educational activities with children).<\/p>\n\n\n\n<p>\u2013 On the 24\u201327 of February, 2022 a joint presentation of educational programs created by librarians of Panev\u0117\u017eys region took place at Vilnius Book Fair. Librarians-educators from Mol\u0117tai, Panev\u0117\u017eys city, Anyk\u0161\u010diai, Pasvalys, Bir\u017eai and Gabriel\u0117 Petkevi\u010dait\u0117-Bit\u0117 public libraries in total held 41 educational sessions, involving 441 participants.<\/p>\n\n\n\n<p>\u2013 By the 30 of June, 2022 library specialists will held 40 narrative educational sessions in total for different audiences in Panev\u0117\u017eys and Utena County Libraries using sets of educational tools.<\/p>\n\n\n\n<p>\u2013 On the 16\u201317 of May, 2022 the experience gained during the Project, will be presented at the Nordic Storytelling Center (Skellefte\u00e5, Sweden). <\/p>\n\n\n\n<p>&#8211; On the 31 of May, 2022 an international closing conference will be organized in Panev\u0117\u017eys to share experience with the country&#8217;s librarians. <a href=\"https:\/\/www.pavb.lt\/wp-content\/uploads\/2022\/05\/Conference-programme.pdf\" target=\"_blank\" rel=\"noreferrer noopener\">CONFERENCE PROGRAME <\/a><\/p>\n\n\n\n<p><strong>Responsible person in Panev\u0117\u017eys County Gabriel\u0117 Petkevi\u010dait\u0117-Bit\u0117 Public Library<\/strong><\/p>\n\n\n\n<p>Laima Butk\u016bnien\u0117, project coordinator of the Regional Libraries Strategic Development Department, e-mail: laima.butkuniene@pavb.lt, tel. (8 45) 50 20 38.<\/p>\n\n\n\n<p><strong>The project is funded by<\/strong><\/p>\n<p><img loading=\"lazy\" decoding=\"async\" data-attachment-id=\"39359\" data-permalink=\"https:\/\/www.pavb.lt\/en\/international-projects\/the-storytelling-network-of-kronoberg-the-land-of-legends\/nordik-kultur-point-2\/\" data-orig-file=\"https:\/\/www.pavb.lt\/wp-content\/uploads\/2021\/06\/Nordik-kultur-point.png\" data-orig-size=\"422,116\" data-comments-opened=\"0\" data-image-meta=\"{&quot;aperture&quot;:&quot;0&quot;,&quot;credit&quot;:&quot;&quot;,&quot;camera&quot;:&quot;&quot;,&quot;caption&quot;:&quot;&quot;,&quot;created_timestamp&quot;:&quot;0&quot;,&quot;copyright&quot;:&quot;&quot;,&quot;focal_length&quot;:&quot;0&quot;,&quot;iso&quot;:&quot;0&quot;,&quot;shutter_speed&quot;:&quot;0&quot;,&quot;title&quot;:&quot;&quot;,&quot;orientation&quot;:&quot;0&quot;}\" data-image-title=\"Nordic culture point\" data-image-description=\"\" data-image-caption=\"\" data-large-file=\"https:\/\/www.pavb.lt\/wp-content\/uploads\/2021\/06\/Nordik-kultur-point.png\" class=\"alignnone  wp-image-39359\" src=\"https:\/\/www.pavb.lt\/wp-content\/uploads\/2021\/06\/Nordik-kultur-point-300x82.png\" alt=\"Nordic culture point\" width=\"209\" height=\"57\" srcset=\"https:\/\/www.pavb.lt\/wp-content\/uploads\/2021\/06\/Nordik-kultur-point-300x82.png 300w, https:\/\/www.pavb.lt\/wp-content\/uploads\/2021\/06\/Nordik-kultur-point.png 422w\" sizes=\"auto, (max-width: 209px) 100vw, 209px\" \/><\/p>\n","protected":false},"excerpt":{"rendered":"<p>Project duration: 19 09 2020 \u2013 30 06 2022 Project presentation The project aims to develop contemporary storytelling art in Lithuania and, with the help of partners from Sweden and Norway, to create a model for the application of storytelling art and method to Lithuanian libraries, to test and develop it as a new educational&#8230;.. <a class=\"moretag\" href=\"https:\/\/www.pavb.lt\/en\/international-projects\/development-of-storytelling-art-and-method-for-lithuanian-libraries\/\">Read More<\/a><\/p>\n","protected":false},"author":11,"featured_media":0,"parent":49460,"menu_order":2,"comment_status":"closed","ping_status":"closed","template":"","meta":{"_acf_changed":false,"footnotes":""},"class_list":["post-49486","page","type-page","status-publish","hentry"],"acf":[],"yoast_head":"<!-- This site is optimized with the Yoast SEO plugin v27.4 - https:\/\/yoast.com\/product\/yoast-seo-wordpress\/ -->\n<title>Development of storytelling art and method for Lithuanian libraries - Panevezys County Gabriele Petkevicaite-Bite Public Library<\/title>\n<meta name=\"robots\" content=\"index, follow, max-snippet:-1, max-image-preview:large, max-video-preview:-1\" \/>\n<link rel=\"canonical\" href=\"https:\/\/www.pavb.lt\/en\/international-projects\/development-of-storytelling-art-and-method-for-lithuanian-libraries\/\" \/>\n<meta property=\"og:locale\" content=\"en_US\" \/>\n<meta property=\"og:type\" content=\"article\" \/>\n<meta property=\"og:title\" content=\"Development of storytelling art and method for Lithuanian libraries - Panevezys County Gabriele Petkevicaite-Bite Public Library\" \/>\n<meta property=\"og:description\" content=\"Project duration: 19 09 2020 \u2013 30 06 2022 Project presentation The project aims to develop contemporary storytelling art in Lithuania and, with the help of partners from Sweden and Norway, to create a model for the application of storytelling art and method to Lithuanian libraries, to test and develop it as a new educational..... Read More\" \/>\n<meta property=\"og:url\" content=\"https:\/\/www.pavb.lt\/en\/international-projects\/development-of-storytelling-art-and-method-for-lithuanian-libraries\/\" \/>\n<meta property=\"og:site_name\" content=\"Panevezys County Gabriele Petkevicaite-Bite Public Library\" \/>\n<meta property=\"article:modified_time\" content=\"2022-05-27T07:37:07+00:00\" \/>\n<meta property=\"og:image\" content=\"https:\/\/www.pavb.lt\/wp-content\/uploads\/2021\/06\/Nordik-kultur-point.png\" \/>\n\t<meta property=\"og:image:width\" content=\"422\" \/>\n\t<meta property=\"og:image:height\" content=\"116\" \/>\n\t<meta property=\"og:image:type\" content=\"image\/png\" \/>\n<meta name=\"twitter:card\" content=\"summary_large_image\" \/>\n<script type=\"application\/ld+json\" class=\"yoast-schema-graph\">{\"@context\":\"https:\\\/\\\/schema.org\",\"@graph\":[{\"@type\":\"WebPage\",\"@id\":\"https:\\\/\\\/www.pavb.lt\\\/en\\\/international-projects\\\/development-of-storytelling-art-and-method-for-lithuanian-libraries\\\/\",\"url\":\"https:\\\/\\\/www.pavb.lt\\\/en\\\/international-projects\\\/development-of-storytelling-art-and-method-for-lithuanian-libraries\\\/\",\"name\":\"Development of storytelling art and method for Lithuanian libraries - Panevezys County Gabriele Petkevicaite-Bite Public Library\",\"isPartOf\":{\"@id\":\"https:\\\/\\\/www.pavb.lt\\\/en\\\/#website\"},\"primaryImageOfPage\":{\"@id\":\"https:\\\/\\\/www.pavb.lt\\\/en\\\/international-projects\\\/development-of-storytelling-art-and-method-for-lithuanian-libraries\\\/#primaryimage\"},\"image\":{\"@id\":\"https:\\\/\\\/www.pavb.lt\\\/en\\\/international-projects\\\/development-of-storytelling-art-and-method-for-lithuanian-libraries\\\/#primaryimage\"},\"thumbnailUrl\":\"https:\\\/\\\/www.pavb.lt\\\/wp-content\\\/uploads\\\/2021\\\/06\\\/Nordik-kultur-point-300x82.png\",\"datePublished\":\"2020-03-09T20:30:00+00:00\",\"dateModified\":\"2022-05-27T07:37:07+00:00\",\"breadcrumb\":{\"@id\":\"https:\\\/\\\/www.pavb.lt\\\/en\\\/international-projects\\\/development-of-storytelling-art-and-method-for-lithuanian-libraries\\\/#breadcrumb\"},\"inLanguage\":\"en-US\",\"potentialAction\":[{\"@type\":\"ReadAction\",\"target\":[\"https:\\\/\\\/www.pavb.lt\\\/en\\\/international-projects\\\/development-of-storytelling-art-and-method-for-lithuanian-libraries\\\/\"]}]},{\"@type\":\"ImageObject\",\"inLanguage\":\"en-US\",\"@id\":\"https:\\\/\\\/www.pavb.lt\\\/en\\\/international-projects\\\/development-of-storytelling-art-and-method-for-lithuanian-libraries\\\/#primaryimage\",\"url\":\"https:\\\/\\\/www.pavb.lt\\\/wp-content\\\/uploads\\\/2021\\\/06\\\/Nordik-kultur-point-300x82.png\",\"contentUrl\":\"https:\\\/\\\/www.pavb.lt\\\/wp-content\\\/uploads\\\/2021\\\/06\\\/Nordik-kultur-point-300x82.png\"},{\"@type\":\"BreadcrumbList\",\"@id\":\"https:\\\/\\\/www.pavb.lt\\\/en\\\/international-projects\\\/development-of-storytelling-art-and-method-for-lithuanian-libraries\\\/#breadcrumb\",\"itemListElement\":[{\"@type\":\"ListItem\",\"position\":1,\"name\":\"Home\",\"item\":\"https:\\\/\\\/www.pavb.lt\\\/en\\\/\"},{\"@type\":\"ListItem\",\"position\":2,\"name\":\"International projects\",\"item\":\"https:\\\/\\\/www.pavb.lt\\\/en\\\/international-projects\\\/\"},{\"@type\":\"ListItem\",\"position\":3,\"name\":\"Development of storytelling art and method for Lithuanian libraries\"}]},{\"@type\":\"WebSite\",\"@id\":\"https:\\\/\\\/www.pavb.lt\\\/en\\\/#website\",\"url\":\"https:\\\/\\\/www.pavb.lt\\\/en\\\/\",\"name\":\"Panevezys County Gabriele Petkevicaite-Bite Public Library\",\"description\":\"Here is your Library!\",\"publisher\":{\"@id\":\"https:\\\/\\\/www.pavb.lt\\\/en\\\/#organization\"},\"potentialAction\":[{\"@type\":\"SearchAction\",\"target\":{\"@type\":\"EntryPoint\",\"urlTemplate\":\"https:\\\/\\\/www.pavb.lt\\\/en\\\/?s={search_term_string}\"},\"query-input\":{\"@type\":\"PropertyValueSpecification\",\"valueRequired\":true,\"valueName\":\"search_term_string\"}}],\"inLanguage\":\"en-US\"},{\"@type\":\"Organization\",\"@id\":\"https:\\\/\\\/www.pavb.lt\\\/en\\\/#organization\",\"name\":\"Panev\u0117\u017eio apskrities Gabriel\u0117s Petkevi\u010dait\u0117s-Bit\u0117s vie\u0161oji biblioteka\",\"url\":\"https:\\\/\\\/www.pavb.lt\\\/en\\\/\",\"logo\":{\"@type\":\"ImageObject\",\"inLanguage\":\"en-US\",\"@id\":\"https:\\\/\\\/www.pavb.lt\\\/en\\\/#\\\/schema\\\/logo\\\/image\\\/\",\"url\":\"https:\\\/\\\/www.pavb.lt\\\/wp-content\\\/uploads\\\/2017\\\/11\\\/pavb-logo.png\",\"contentUrl\":\"https:\\\/\\\/www.pavb.lt\\\/wp-content\\\/uploads\\\/2017\\\/11\\\/pavb-logo.png\",\"width\":512,\"height\":512,\"caption\":\"Panev\u0117\u017eio apskrities Gabriel\u0117s Petkevi\u010dait\u0117s-Bit\u0117s vie\u0161oji biblioteka\"},\"image\":{\"@id\":\"https:\\\/\\\/www.pavb.lt\\\/en\\\/#\\\/schema\\\/logo\\\/image\\\/\"}}]}<\/script>\n<!-- \/ Yoast SEO plugin. -->","yoast_head_json":{"title":"Development of storytelling art and method for Lithuanian libraries - Panevezys County Gabriele Petkevicaite-Bite Public Library","robots":{"index":"index","follow":"follow","max-snippet":"max-snippet:-1","max-image-preview":"max-image-preview:large","max-video-preview":"max-video-preview:-1"},"canonical":"https:\/\/www.pavb.lt\/en\/international-projects\/development-of-storytelling-art-and-method-for-lithuanian-libraries\/","og_locale":"en_US","og_type":"article","og_title":"Development of storytelling art and method for Lithuanian libraries - Panevezys County Gabriele Petkevicaite-Bite Public Library","og_description":"Project duration: 19 09 2020 \u2013 30 06 2022 Project presentation The project aims to develop contemporary storytelling art in Lithuania and, with the help of partners from Sweden and Norway, to create a model for the application of storytelling art and method to Lithuanian libraries, to test and develop it as a new educational..... Read More","og_url":"https:\/\/www.pavb.lt\/en\/international-projects\/development-of-storytelling-art-and-method-for-lithuanian-libraries\/","og_site_name":"Panevezys County Gabriele Petkevicaite-Bite Public Library","article_modified_time":"2022-05-27T07:37:07+00:00","og_image":[{"width":422,"height":116,"url":"https:\/\/www.pavb.lt\/wp-content\/uploads\/2021\/06\/Nordik-kultur-point.png","type":"image\/png"}],"twitter_card":"summary_large_image","schema":{"@context":"https:\/\/schema.org","@graph":[{"@type":"WebPage","@id":"https:\/\/www.pavb.lt\/en\/international-projects\/development-of-storytelling-art-and-method-for-lithuanian-libraries\/","url":"https:\/\/www.pavb.lt\/en\/international-projects\/development-of-storytelling-art-and-method-for-lithuanian-libraries\/","name":"Development of storytelling art and method for Lithuanian libraries - Panevezys County Gabriele Petkevicaite-Bite Public Library","isPartOf":{"@id":"https:\/\/www.pavb.lt\/en\/#website"},"primaryImageOfPage":{"@id":"https:\/\/www.pavb.lt\/en\/international-projects\/development-of-storytelling-art-and-method-for-lithuanian-libraries\/#primaryimage"},"image":{"@id":"https:\/\/www.pavb.lt\/en\/international-projects\/development-of-storytelling-art-and-method-for-lithuanian-libraries\/#primaryimage"},"thumbnailUrl":"https:\/\/www.pavb.lt\/wp-content\/uploads\/2021\/06\/Nordik-kultur-point-300x82.png","datePublished":"2020-03-09T20:30:00+00:00","dateModified":"2022-05-27T07:37:07+00:00","breadcrumb":{"@id":"https:\/\/www.pavb.lt\/en\/international-projects\/development-of-storytelling-art-and-method-for-lithuanian-libraries\/#breadcrumb"},"inLanguage":"en-US","potentialAction":[{"@type":"ReadAction","target":["https:\/\/www.pavb.lt\/en\/international-projects\/development-of-storytelling-art-and-method-for-lithuanian-libraries\/"]}]},{"@type":"ImageObject","inLanguage":"en-US","@id":"https:\/\/www.pavb.lt\/en\/international-projects\/development-of-storytelling-art-and-method-for-lithuanian-libraries\/#primaryimage","url":"https:\/\/www.pavb.lt\/wp-content\/uploads\/2021\/06\/Nordik-kultur-point-300x82.png","contentUrl":"https:\/\/www.pavb.lt\/wp-content\/uploads\/2021\/06\/Nordik-kultur-point-300x82.png"},{"@type":"BreadcrumbList","@id":"https:\/\/www.pavb.lt\/en\/international-projects\/development-of-storytelling-art-and-method-for-lithuanian-libraries\/#breadcrumb","itemListElement":[{"@type":"ListItem","position":1,"name":"Home","item":"https:\/\/www.pavb.lt\/en\/"},{"@type":"ListItem","position":2,"name":"International projects","item":"https:\/\/www.pavb.lt\/en\/international-projects\/"},{"@type":"ListItem","position":3,"name":"Development of storytelling art and method for Lithuanian libraries"}]},{"@type":"WebSite","@id":"https:\/\/www.pavb.lt\/en\/#website","url":"https:\/\/www.pavb.lt\/en\/","name":"Panevezys County Gabriele Petkevicaite-Bite Public Library","description":"Here is your Library!","publisher":{"@id":"https:\/\/www.pavb.lt\/en\/#organization"},"potentialAction":[{"@type":"SearchAction","target":{"@type":"EntryPoint","urlTemplate":"https:\/\/www.pavb.lt\/en\/?s={search_term_string}"},"query-input":{"@type":"PropertyValueSpecification","valueRequired":true,"valueName":"search_term_string"}}],"inLanguage":"en-US"},{"@type":"Organization","@id":"https:\/\/www.pavb.lt\/en\/#organization","name":"Panev\u0117\u017eio apskrities Gabriel\u0117s Petkevi\u010dait\u0117s-Bit\u0117s vie\u0161oji biblioteka","url":"https:\/\/www.pavb.lt\/en\/","logo":{"@type":"ImageObject","inLanguage":"en-US","@id":"https:\/\/www.pavb.lt\/en\/#\/schema\/logo\/image\/","url":"https:\/\/www.pavb.lt\/wp-content\/uploads\/2017\/11\/pavb-logo.png","contentUrl":"https:\/\/www.pavb.lt\/wp-content\/uploads\/2017\/11\/pavb-logo.png","width":512,"height":512,"caption":"Panev\u0117\u017eio apskrities Gabriel\u0117s Petkevi\u010dait\u0117s-Bit\u0117s vie\u0161oji biblioteka"},"image":{"@id":"https:\/\/www.pavb.lt\/en\/#\/schema\/logo\/image\/"}}]}},"jetpack_sharing_enabled":true,"_links":{"self":[{"href":"https:\/\/www.pavb.lt\/en\/wp-json\/wp\/v2\/pages\/49486","targetHints":{"allow":["GET"]}}],"collection":[{"href":"https:\/\/www.pavb.lt\/en\/wp-json\/wp\/v2\/pages"}],"about":[{"href":"https:\/\/www.pavb.lt\/en\/wp-json\/wp\/v2\/types\/page"}],"author":[{"embeddable":true,"href":"https:\/\/www.pavb.lt\/en\/wp-json\/wp\/v2\/users\/11"}],"replies":[{"embeddable":true,"href":"https:\/\/www.pavb.lt\/en\/wp-json\/wp\/v2\/comments?post=49486"}],"version-history":[{"count":0,"href":"https:\/\/www.pavb.lt\/en\/wp-json\/wp\/v2\/pages\/49486\/revisions"}],"up":[{"embeddable":true,"href":"https:\/\/www.pavb.lt\/en\/wp-json\/wp\/v2\/pages\/49460"}],"wp:attachment":[{"href":"https:\/\/www.pavb.lt\/en\/wp-json\/wp\/v2\/media?parent=49486"}],"curies":[{"name":"wp","href":"https:\/\/api.w.org\/{rel}","templated":true}]}}