{"id":49479,"date":"2021-05-10T12:17:15","date_gmt":"2021-05-10T09:17:15","guid":{"rendered":"https:\/\/www.pavb.lt\/?page_id=49479"},"modified":"2024-12-12T16:21:59","modified_gmt":"2024-12-12T14:21:59","slug":"innovative-reading-promotion-solutions-for-lithuanian-libraries-for-the-development-of-social-relations-of-children-and-youth-with-the-environment","status":"publish","type":"page","link":"https:\/\/www.pavb.lt\/en\/international-projects\/innovative-reading-promotion-solutions-for-lithuanian-libraries-for-the-development-of-social-relations-of-children-and-youth-with-the-environment\/","title":{"rendered":"Innovative reading promotion solutions for Lithuanian libraries for the development of social relations of children and youth with the environment"},"content":{"rendered":"\n<p><strong>Project duration<\/strong> 2021.07.20\u20132023.11.22<\/p>\n\n\n\n<p><strong>Project presentation<\/strong><\/p>\n\n\n\n<p>The project aims to create an innovative reading promotion tool for students of 5-8 grades (10-15 years old) &#8211; a reading related virtual game. The content of the game &nbsp;will be linked to three book collections shared among the network of public libraries of Panev\u0117\u017eys, Kaunas and Klaip\u0117da regions. While playing this game, students will look for answers and advice in the target literature and thus decide the moves of the game\u2019s hero. The game and the accompanying literature will help children and young people to solve the problems of social relations with the environment, to develop reading habits, and to instill strong values. The virtual game will be downloaded as a free mobile app, and the literature related to the game tasks will be available on special themed shelves in regional libraries and other denoted locations.<\/p>\n\n\n\n<p>The development of the game will involve foreign partners, representatives of the cultural, artistic, scientific and creative industries, as well as youth volunteers. In order to create conditions for the participation of the target group in cultural education activities during the project, expert educators in the libraries will prepare a set of educational-cultural activities related to this project. These educational activities will present reading books as an interesting activity that encourages imagination and creativity, helps to evaluate one&#8217;s own and other people&#8217;s actions, understand feelings, and more. The game will continue even after the project ends, book collections will be updated and new reading challenges prepared.<\/p>\n\n\n\n<p><strong>Activities planned during the project<\/strong><\/p>\n\n\n\n<ol class=\"wp-block-list\">\n<li>The research aimed at identifying the reading skills and social relations of the target group.<\/li>\n\n\n\n<li>The research aimed at determining the extent to which the availability of cultural activities has increased for children and youth living in municipal districts or rural elderships.<\/li>\n\n\n\n<li>Development of book collections for the target group with direct (participating county libraries and the Norwegian Institute of Science and Culture) and indirect (IBIS members, representatives of translators and publishers) partners.<\/li>\n\n\n\n<li>Development of a reading challenge game linked to book collections with project partners, youth volunteers, and representatives of the creative industries.<\/li>\n\n\n\n<li>Installation of special places for book collections in libraries following the concept prepared by the artists.<\/li>\n\n\n\n<li>Presentation of the developed product (game), organized simultaneously in 34 libraries forming the network of public libraries of Panev\u0117\u017eys, Kaunas and Klaip\u0117da regions: 1 regional, 28 municipal level, 5 local level (municipal districts \/ rural elderships).<\/li>\n\n\n\n<li>Educational classes for students of 5-8 grade and older 5, times a month, in 39 public libraries; a total of 1755 sessions.<\/li>\n\n\n\n<li>The Reading Challenge Game Participants Award events will be held simultaneously in all the 39 libraries where 117 participants who win the game will be awarded.<\/li>\n<\/ol>\n\n\n\n<p><strong>Project result<\/strong><\/p>\n\n\n\n<p>The main activities of the project &#8211; the organization of reading challenge game and educational activities &#8211; in the network of public libraries of Panev\u0117\u017eys, Kaunas and Klaip\u0117da will develop the accessibility of cultural education activities for students of 5\u20138 grades (10\u201315 years old) and increase reading motivation. The book collections linked to the reading challenge will enable the target group of the project to choose the latest publications that best suit their needs. An extensive network of public libraries will ensure that the project activities are accessible to a very large target audience. The Reading Challenge game will aim to attract 880 unique target group participants. Educational activities organized in libraries at the regional and local level will aim to attract 12,285 participants in the target group. The project activities will aim to involve 30% of the target group living in municipal districts or rural elderships, but studying in schools located in the nearest municipal centers. The system for sharing book collections created during this project is an innovative solution for the distribution and availability of books, which in the future can be improved and applied in all regions of Lithuania.<\/p>\n\n\n\n<p>Responsible person in Panev\u0117\u017eys County Gabriel\u0117 Petkevi\u010dait\u0117-Bit\u0117 Public Library is Raimonda Gvozdien\u0117, Project Manager of the Regional Libraries Strategic Development Department, e-mail: <a href=\"mailto:raimonda.gvozdiene@pavb.lt\">raimonda.gvozdiene@pavb.lt<\/a><strong>&nbsp;,<\/strong>&nbsp;tel.<strong>&nbsp;<\/strong>+370 669 50 674<\/p>\n\n\n\n<p>The project is funded by<\/p>\n<p><img loading=\"lazy\" decoding=\"async\" data-attachment-id=\"37328\" data-permalink=\"https:\/\/www.pavb.lt\/en\/international-projects\/innovative-reading-promotion-solutions-for-lithuanian-libraries-for-the-development-of-social-relations-of-children-and-youth-with-the-environment\/eea-grants-2\/\" data-orig-file=\"https:\/\/www.pavb.lt\/wp-content\/uploads\/2021\/05\/EEA-grants.png\" data-orig-size=\"1674,1173\" data-comments-opened=\"0\" data-image-meta=\"{&quot;aperture&quot;:&quot;0&quot;,&quot;credit&quot;:&quot;&quot;,&quot;camera&quot;:&quot;&quot;,&quot;caption&quot;:&quot;&quot;,&quot;created_timestamp&quot;:&quot;0&quot;,&quot;copyright&quot;:&quot;&quot;,&quot;focal_length&quot;:&quot;0&quot;,&quot;iso&quot;:&quot;0&quot;,&quot;shutter_speed&quot;:&quot;0&quot;,&quot;title&quot;:&quot;&quot;,&quot;orientation&quot;:&quot;0&quot;}\" data-image-title=\"EEA-grants\" data-image-description=\"\" data-image-caption=\"\" data-large-file=\"https:\/\/www.pavb.lt\/wp-content\/uploads\/2021\/05\/EEA-grants-1024x718.png\" class=\"alignnone  wp-image-37328\" src=\"https:\/\/www.pavb.lt\/wp-content\/uploads\/2021\/05\/EEA-grants-300x210.png\" alt=\"\" width=\"165\" height=\"116\" srcset=\"https:\/\/www.pavb.lt\/wp-content\/uploads\/2021\/05\/EEA-grants-300x210.png 300w, https:\/\/www.pavb.lt\/wp-content\/uploads\/2021\/05\/EEA-grants-1024x718.png 1024w, https:\/\/www.pavb.lt\/wp-content\/uploads\/2021\/05\/EEA-grants-768x538.png 768w, https:\/\/www.pavb.lt\/wp-content\/uploads\/2021\/05\/EEA-grants-1536x1076.png 1536w, https:\/\/www.pavb.lt\/wp-content\/uploads\/2021\/05\/EEA-grants.png 1674w\" sizes=\"auto, (max-width: 165px) 100vw, 165px\" \/><\/p>\n","protected":false},"excerpt":{"rendered":"<p>Project duration 2021.07.20\u20132023.11.22 Project presentation The project aims to create an innovative reading promotion tool for students of 5-8 grades (10-15 years old) &#8211; a reading related virtual game. The content of the game &nbsp;will be linked to three book collections shared among the network of public libraries of Panev\u0117\u017eys, Kaunas and Klaip\u0117da regions. While&#8230;.. <a class=\"moretag\" href=\"https:\/\/www.pavb.lt\/en\/international-projects\/innovative-reading-promotion-solutions-for-lithuanian-libraries-for-the-development-of-social-relations-of-children-and-youth-with-the-environment\/\">Read More<\/a><\/p>\n","protected":false},"author":11,"featured_media":0,"parent":49460,"menu_order":3,"comment_status":"closed","ping_status":"closed","template":"","meta":{"_acf_changed":false,"footnotes":""},"class_list":["post-49479","page","type-page","status-publish","hentry"],"acf":[],"yoast_head":"<!-- This site is optimized with the Yoast SEO plugin v27.4 - https:\/\/yoast.com\/product\/yoast-seo-wordpress\/ -->\n<title>Innovative reading promotion solutions for Lithuanian libraries for the development of social relations of children and youth with the environment - Panevezys County Gabriele Petkevicaite-Bite Public Library<\/title>\n<meta name=\"robots\" content=\"index, follow, max-snippet:-1, max-image-preview:large, max-video-preview:-1\" \/>\n<link rel=\"canonical\" href=\"https:\/\/www.pavb.lt\/en\/international-projects\/innovative-reading-promotion-solutions-for-lithuanian-libraries-for-the-development-of-social-relations-of-children-and-youth-with-the-environment\/\" \/>\n<meta property=\"og:locale\" content=\"en_US\" \/>\n<meta property=\"og:type\" content=\"article\" \/>\n<meta property=\"og:title\" content=\"Innovative reading promotion solutions for Lithuanian libraries for the development of social relations of children and youth with the environment - Panevezys County Gabriele Petkevicaite-Bite Public Library\" \/>\n<meta property=\"og:description\" content=\"Project duration 2021.07.20\u20132023.11.22 Project presentation The project aims to create an innovative reading promotion tool for students of 5-8 grades (10-15 years old) &#8211; a reading related virtual game. The content of the game &nbsp;will be linked to three book collections shared among the network of public libraries of Panev\u0117\u017eys, Kaunas and Klaip\u0117da regions. While..... Read More\" \/>\n<meta property=\"og:url\" content=\"https:\/\/www.pavb.lt\/en\/international-projects\/innovative-reading-promotion-solutions-for-lithuanian-libraries-for-the-development-of-social-relations-of-children-and-youth-with-the-environment\/\" \/>\n<meta property=\"og:site_name\" content=\"Panevezys County Gabriele Petkevicaite-Bite Public Library\" \/>\n<meta property=\"article:modified_time\" content=\"2024-12-12T14:21:59+00:00\" \/>\n<meta property=\"og:image\" content=\"https:\/\/www.pavb.lt\/wp-content\/uploads\/2021\/05\/EEA-grants.png\" \/>\n\t<meta property=\"og:image:width\" content=\"1674\" \/>\n\t<meta property=\"og:image:height\" content=\"1173\" \/>\n\t<meta property=\"og:image:type\" content=\"image\/png\" \/>\n<meta name=\"twitter:card\" content=\"summary_large_image\" \/>\n<script type=\"application\/ld+json\" class=\"yoast-schema-graph\">{\"@context\":\"https:\\\/\\\/schema.org\",\"@graph\":[{\"@type\":\"WebPage\",\"@id\":\"https:\\\/\\\/www.pavb.lt\\\/en\\\/international-projects\\\/innovative-reading-promotion-solutions-for-lithuanian-libraries-for-the-development-of-social-relations-of-children-and-youth-with-the-environment\\\/\",\"url\":\"https:\\\/\\\/www.pavb.lt\\\/en\\\/international-projects\\\/innovative-reading-promotion-solutions-for-lithuanian-libraries-for-the-development-of-social-relations-of-children-and-youth-with-the-environment\\\/\",\"name\":\"Innovative reading promotion solutions for Lithuanian libraries for the development of social relations of children and youth with the environment - Panevezys County Gabriele Petkevicaite-Bite Public Library\",\"isPartOf\":{\"@id\":\"https:\\\/\\\/www.pavb.lt\\\/en\\\/#website\"},\"primaryImageOfPage\":{\"@id\":\"https:\\\/\\\/www.pavb.lt\\\/en\\\/international-projects\\\/innovative-reading-promotion-solutions-for-lithuanian-libraries-for-the-development-of-social-relations-of-children-and-youth-with-the-environment\\\/#primaryimage\"},\"image\":{\"@id\":\"https:\\\/\\\/www.pavb.lt\\\/en\\\/international-projects\\\/innovative-reading-promotion-solutions-for-lithuanian-libraries-for-the-development-of-social-relations-of-children-and-youth-with-the-environment\\\/#primaryimage\"},\"thumbnailUrl\":\"https:\\\/\\\/www.pavb.lt\\\/wp-content\\\/uploads\\\/2021\\\/05\\\/EEA-grants-300x210.png\",\"datePublished\":\"2021-05-10T09:17:15+00:00\",\"dateModified\":\"2024-12-12T14:21:59+00:00\",\"breadcrumb\":{\"@id\":\"https:\\\/\\\/www.pavb.lt\\\/en\\\/international-projects\\\/innovative-reading-promotion-solutions-for-lithuanian-libraries-for-the-development-of-social-relations-of-children-and-youth-with-the-environment\\\/#breadcrumb\"},\"inLanguage\":\"en-US\",\"potentialAction\":[{\"@type\":\"ReadAction\",\"target\":[\"https:\\\/\\\/www.pavb.lt\\\/en\\\/international-projects\\\/innovative-reading-promotion-solutions-for-lithuanian-libraries-for-the-development-of-social-relations-of-children-and-youth-with-the-environment\\\/\"]}]},{\"@type\":\"ImageObject\",\"inLanguage\":\"en-US\",\"@id\":\"https:\\\/\\\/www.pavb.lt\\\/en\\\/international-projects\\\/innovative-reading-promotion-solutions-for-lithuanian-libraries-for-the-development-of-social-relations-of-children-and-youth-with-the-environment\\\/#primaryimage\",\"url\":\"https:\\\/\\\/www.pavb.lt\\\/wp-content\\\/uploads\\\/2021\\\/05\\\/EEA-grants-300x210.png\",\"contentUrl\":\"https:\\\/\\\/www.pavb.lt\\\/wp-content\\\/uploads\\\/2021\\\/05\\\/EEA-grants-300x210.png\"},{\"@type\":\"BreadcrumbList\",\"@id\":\"https:\\\/\\\/www.pavb.lt\\\/en\\\/international-projects\\\/innovative-reading-promotion-solutions-for-lithuanian-libraries-for-the-development-of-social-relations-of-children-and-youth-with-the-environment\\\/#breadcrumb\",\"itemListElement\":[{\"@type\":\"ListItem\",\"position\":1,\"name\":\"Home\",\"item\":\"https:\\\/\\\/www.pavb.lt\\\/en\\\/\"},{\"@type\":\"ListItem\",\"position\":2,\"name\":\"International projects\",\"item\":\"https:\\\/\\\/www.pavb.lt\\\/en\\\/international-projects\\\/\"},{\"@type\":\"ListItem\",\"position\":3,\"name\":\"Innovative reading promotion solutions for Lithuanian libraries for the development of social relations of children and youth with the environment\"}]},{\"@type\":\"WebSite\",\"@id\":\"https:\\\/\\\/www.pavb.lt\\\/en\\\/#website\",\"url\":\"https:\\\/\\\/www.pavb.lt\\\/en\\\/\",\"name\":\"Panevezys County Gabriele Petkevicaite-Bite Public Library\",\"description\":\"Here is your Library!\",\"publisher\":{\"@id\":\"https:\\\/\\\/www.pavb.lt\\\/en\\\/#organization\"},\"potentialAction\":[{\"@type\":\"SearchAction\",\"target\":{\"@type\":\"EntryPoint\",\"urlTemplate\":\"https:\\\/\\\/www.pavb.lt\\\/en\\\/?s={search_term_string}\"},\"query-input\":{\"@type\":\"PropertyValueSpecification\",\"valueRequired\":true,\"valueName\":\"search_term_string\"}}],\"inLanguage\":\"en-US\"},{\"@type\":\"Organization\",\"@id\":\"https:\\\/\\\/www.pavb.lt\\\/en\\\/#organization\",\"name\":\"Panev\u0117\u017eio apskrities Gabriel\u0117s Petkevi\u010dait\u0117s-Bit\u0117s vie\u0161oji biblioteka\",\"url\":\"https:\\\/\\\/www.pavb.lt\\\/en\\\/\",\"logo\":{\"@type\":\"ImageObject\",\"inLanguage\":\"en-US\",\"@id\":\"https:\\\/\\\/www.pavb.lt\\\/en\\\/#\\\/schema\\\/logo\\\/image\\\/\",\"url\":\"https:\\\/\\\/www.pavb.lt\\\/wp-content\\\/uploads\\\/2017\\\/11\\\/pavb-logo.png\",\"contentUrl\":\"https:\\\/\\\/www.pavb.lt\\\/wp-content\\\/uploads\\\/2017\\\/11\\\/pavb-logo.png\",\"width\":512,\"height\":512,\"caption\":\"Panev\u0117\u017eio apskrities Gabriel\u0117s Petkevi\u010dait\u0117s-Bit\u0117s vie\u0161oji biblioteka\"},\"image\":{\"@id\":\"https:\\\/\\\/www.pavb.lt\\\/en\\\/#\\\/schema\\\/logo\\\/image\\\/\"}}]}<\/script>\n<!-- \/ Yoast SEO plugin. -->","yoast_head_json":{"title":"Innovative reading promotion solutions for Lithuanian libraries for the development of social relations of children and youth with the environment - Panevezys County Gabriele Petkevicaite-Bite Public Library","robots":{"index":"index","follow":"follow","max-snippet":"max-snippet:-1","max-image-preview":"max-image-preview:large","max-video-preview":"max-video-preview:-1"},"canonical":"https:\/\/www.pavb.lt\/en\/international-projects\/innovative-reading-promotion-solutions-for-lithuanian-libraries-for-the-development-of-social-relations-of-children-and-youth-with-the-environment\/","og_locale":"en_US","og_type":"article","og_title":"Innovative reading promotion solutions for Lithuanian libraries for the development of social relations of children and youth with the environment - Panevezys County Gabriele Petkevicaite-Bite Public Library","og_description":"Project duration 2021.07.20\u20132023.11.22 Project presentation The project aims to create an innovative reading promotion tool for students of 5-8 grades (10-15 years old) &#8211; a reading related virtual game. The content of the game &nbsp;will be linked to three book collections shared among the network of public libraries of Panev\u0117\u017eys, Kaunas and Klaip\u0117da regions. While..... Read More","og_url":"https:\/\/www.pavb.lt\/en\/international-projects\/innovative-reading-promotion-solutions-for-lithuanian-libraries-for-the-development-of-social-relations-of-children-and-youth-with-the-environment\/","og_site_name":"Panevezys County Gabriele Petkevicaite-Bite Public Library","article_modified_time":"2024-12-12T14:21:59+00:00","og_image":[{"width":1674,"height":1173,"url":"https:\/\/www.pavb.lt\/wp-content\/uploads\/2021\/05\/EEA-grants.png","type":"image\/png"}],"twitter_card":"summary_large_image","schema":{"@context":"https:\/\/schema.org","@graph":[{"@type":"WebPage","@id":"https:\/\/www.pavb.lt\/en\/international-projects\/innovative-reading-promotion-solutions-for-lithuanian-libraries-for-the-development-of-social-relations-of-children-and-youth-with-the-environment\/","url":"https:\/\/www.pavb.lt\/en\/international-projects\/innovative-reading-promotion-solutions-for-lithuanian-libraries-for-the-development-of-social-relations-of-children-and-youth-with-the-environment\/","name":"Innovative reading promotion solutions for Lithuanian libraries for the development of social relations of children and youth with the environment - Panevezys County Gabriele Petkevicaite-Bite Public Library","isPartOf":{"@id":"https:\/\/www.pavb.lt\/en\/#website"},"primaryImageOfPage":{"@id":"https:\/\/www.pavb.lt\/en\/international-projects\/innovative-reading-promotion-solutions-for-lithuanian-libraries-for-the-development-of-social-relations-of-children-and-youth-with-the-environment\/#primaryimage"},"image":{"@id":"https:\/\/www.pavb.lt\/en\/international-projects\/innovative-reading-promotion-solutions-for-lithuanian-libraries-for-the-development-of-social-relations-of-children-and-youth-with-the-environment\/#primaryimage"},"thumbnailUrl":"https:\/\/www.pavb.lt\/wp-content\/uploads\/2021\/05\/EEA-grants-300x210.png","datePublished":"2021-05-10T09:17:15+00:00","dateModified":"2024-12-12T14:21:59+00:00","breadcrumb":{"@id":"https:\/\/www.pavb.lt\/en\/international-projects\/innovative-reading-promotion-solutions-for-lithuanian-libraries-for-the-development-of-social-relations-of-children-and-youth-with-the-environment\/#breadcrumb"},"inLanguage":"en-US","potentialAction":[{"@type":"ReadAction","target":["https:\/\/www.pavb.lt\/en\/international-projects\/innovative-reading-promotion-solutions-for-lithuanian-libraries-for-the-development-of-social-relations-of-children-and-youth-with-the-environment\/"]}]},{"@type":"ImageObject","inLanguage":"en-US","@id":"https:\/\/www.pavb.lt\/en\/international-projects\/innovative-reading-promotion-solutions-for-lithuanian-libraries-for-the-development-of-social-relations-of-children-and-youth-with-the-environment\/#primaryimage","url":"https:\/\/www.pavb.lt\/wp-content\/uploads\/2021\/05\/EEA-grants-300x210.png","contentUrl":"https:\/\/www.pavb.lt\/wp-content\/uploads\/2021\/05\/EEA-grants-300x210.png"},{"@type":"BreadcrumbList","@id":"https:\/\/www.pavb.lt\/en\/international-projects\/innovative-reading-promotion-solutions-for-lithuanian-libraries-for-the-development-of-social-relations-of-children-and-youth-with-the-environment\/#breadcrumb","itemListElement":[{"@type":"ListItem","position":1,"name":"Home","item":"https:\/\/www.pavb.lt\/en\/"},{"@type":"ListItem","position":2,"name":"International projects","item":"https:\/\/www.pavb.lt\/en\/international-projects\/"},{"@type":"ListItem","position":3,"name":"Innovative reading promotion solutions for Lithuanian libraries for the development of social relations of children and youth with the environment"}]},{"@type":"WebSite","@id":"https:\/\/www.pavb.lt\/en\/#website","url":"https:\/\/www.pavb.lt\/en\/","name":"Panevezys County Gabriele Petkevicaite-Bite Public Library","description":"Here is your Library!","publisher":{"@id":"https:\/\/www.pavb.lt\/en\/#organization"},"potentialAction":[{"@type":"SearchAction","target":{"@type":"EntryPoint","urlTemplate":"https:\/\/www.pavb.lt\/en\/?s={search_term_string}"},"query-input":{"@type":"PropertyValueSpecification","valueRequired":true,"valueName":"search_term_string"}}],"inLanguage":"en-US"},{"@type":"Organization","@id":"https:\/\/www.pavb.lt\/en\/#organization","name":"Panev\u0117\u017eio apskrities Gabriel\u0117s Petkevi\u010dait\u0117s-Bit\u0117s vie\u0161oji biblioteka","url":"https:\/\/www.pavb.lt\/en\/","logo":{"@type":"ImageObject","inLanguage":"en-US","@id":"https:\/\/www.pavb.lt\/en\/#\/schema\/logo\/image\/","url":"https:\/\/www.pavb.lt\/wp-content\/uploads\/2017\/11\/pavb-logo.png","contentUrl":"https:\/\/www.pavb.lt\/wp-content\/uploads\/2017\/11\/pavb-logo.png","width":512,"height":512,"caption":"Panev\u0117\u017eio apskrities Gabriel\u0117s Petkevi\u010dait\u0117s-Bit\u0117s vie\u0161oji biblioteka"},"image":{"@id":"https:\/\/www.pavb.lt\/en\/#\/schema\/logo\/image\/"}}]}},"jetpack_sharing_enabled":true,"_links":{"self":[{"href":"https:\/\/www.pavb.lt\/en\/wp-json\/wp\/v2\/pages\/49479","targetHints":{"allow":["GET"]}}],"collection":[{"href":"https:\/\/www.pavb.lt\/en\/wp-json\/wp\/v2\/pages"}],"about":[{"href":"https:\/\/www.pavb.lt\/en\/wp-json\/wp\/v2\/types\/page"}],"author":[{"embeddable":true,"href":"https:\/\/www.pavb.lt\/en\/wp-json\/wp\/v2\/users\/11"}],"replies":[{"embeddable":true,"href":"https:\/\/www.pavb.lt\/en\/wp-json\/wp\/v2\/comments?post=49479"}],"version-history":[{"count":0,"href":"https:\/\/www.pavb.lt\/en\/wp-json\/wp\/v2\/pages\/49479\/revisions"}],"up":[{"embeddable":true,"href":"https:\/\/www.pavb.lt\/en\/wp-json\/wp\/v2\/pages\/49460"}],"wp:attachment":[{"href":"https:\/\/www.pavb.lt\/en\/wp-json\/wp\/v2\/media?parent=49479"}],"curies":[{"name":"wp","href":"https:\/\/api.w.org\/{rel}","templated":true}]}}