{"id":49429,"date":"2022-01-25T09:08:25","date_gmt":"2022-01-25T07:08:25","guid":{"rendered":"https:\/\/www.pavb.lt\/?page_id=49429"},"modified":"2022-08-26T11:02:34","modified_gmt":"2022-08-26T08:02:34","slug":"reducing-socio-cultural-exclusion-in-ignalina-district-based-on-the-italian-experience","status":"publish","type":"page","link":"https:\/\/www.pavb.lt\/en\/region\/about-panevezys-region\/international-projects-of-panevezys-region\/reducing-socio-cultural-exclusion-in-ignalina-district-based-on-the-italian-experience\/","title":{"rendered":"Reducing socio-cultural exclusion in Ignalina district, based on the Italian experience"},"content":{"rendered":"\n<p><strong>Project duration: <\/strong><strong>2019 07 01 \u2013 2021 09 30<\/strong><\/p>\n\n\n\n<p><strong>Partners:<\/strong><\/p>\n\n\n\n<ul class=\"wp-block-list\"><li>Ignalina District Municipality<\/li><li>Ignalina Third Century University<\/li><li>JUMP in Erasmus Plus International Trainings<\/li><\/ul>\n\n\n\n<p><strong>Project presentation<\/strong><\/p>\n\n\n\n<p>The overall goal of the project consortium (library, municipal administration, third century university) is to reduce the socio-cultural exclusion of older people in Ignalina district.<\/p>\n\n\n\n<p><strong>Activities planned during the project<\/strong><\/p>\n\n\n\n<p>It is planned to get acquainted with the activities of different cultural, local self-government institutions, communities, third century universities in Italy, activating the cooperation of the consortium members in the fields of culture and lifelong learning in Ignalina district. After monitoring the Italian model, it is palnned to apply possible new initiatives in district institutions, non-governmental organizations, communities and thus improve services provided to geographically remote users of older generation.<\/p>\n\n\n\n<p><strong>Project result<\/strong><\/p>\n\n\n\n<p>Through these activities, a group of librarians, local authorities and third-century university administrators will be introduced to the models of cooperation existing in Italy and apply these models to reduce socio-cultural exclusion of older people in Ignalina district.<\/p>\n\n\n\n<p>Contact information: Vida Sekonien\u0117, Deputy Director, e-mail p., <a href=\"mailto:pavadutoja@ignalinosvb.lt\">pavadutoja@ignalinosvb.lt<\/a><\/p>\n\n\n\n<p>The project is funded by the Erasmus+ program<\/p>\n","protected":false},"excerpt":{"rendered":"<p>Project duration: 2019 07 01 \u2013 2021 09 30 Partners: Ignalina District Municipality Ignalina Third Century University JUMP in Erasmus Plus International Trainings Project presentation The overall goal of the project consortium (library, municipal administration, third century university) is to reduce the socio-cultural exclusion of older people in Ignalina district. Activities planned during the project&#8230;.. <a class=\"moretag\" href=\"https:\/\/www.pavb.lt\/en\/region\/about-panevezys-region\/international-projects-of-panevezys-region\/reducing-socio-cultural-exclusion-in-ignalina-district-based-on-the-italian-experience\/\">Read More<\/a><\/p>\n","protected":false},"author":11,"featured_media":0,"parent":49430,"menu_order":4,"comment_status":"closed","ping_status":"closed","template":"","meta":{"_acf_changed":false,"footnotes":""},"class_list":["post-49429","page","type-page","status-publish","hentry"],"acf":[],"yoast_head":"<!-- This site is optimized with the Yoast SEO plugin v27.3 - https:\/\/yoast.com\/product\/yoast-seo-wordpress\/ -->\n<title>Reducing socio-cultural exclusion in Ignalina district, based on the Italian experience - Panevezys County Gabriele Petkevicaite-Bite Public Library<\/title>\n<meta name=\"robots\" content=\"index, follow, max-snippet:-1, max-image-preview:large, max-video-preview:-1\" \/>\n<link rel=\"canonical\" href=\"https:\/\/www.pavb.lt\/en\/region\/about-panevezys-region\/international-projects-of-panevezys-region\/reducing-socio-cultural-exclusion-in-ignalina-district-based-on-the-italian-experience\/\" \/>\n<meta property=\"og:locale\" content=\"en_US\" \/>\n<meta property=\"og:type\" content=\"article\" \/>\n<meta property=\"og:title\" content=\"Reducing socio-cultural exclusion in Ignalina district, based on the Italian experience - Panevezys County Gabriele Petkevicaite-Bite Public Library\" \/>\n<meta property=\"og:description\" content=\"Project duration: 2019 07 01 \u2013 2021 09 30 Partners: Ignalina District Municipality Ignalina Third Century University JUMP in Erasmus Plus International Trainings Project presentation The overall goal of the project consortium (library, municipal administration, third century university) is to reduce the socio-cultural exclusion of older people in Ignalina district. Activities planned during the project..... Read More\" \/>\n<meta property=\"og:url\" content=\"https:\/\/www.pavb.lt\/en\/region\/about-panevezys-region\/international-projects-of-panevezys-region\/reducing-socio-cultural-exclusion-in-ignalina-district-based-on-the-italian-experience\/\" \/>\n<meta property=\"og:site_name\" content=\"Panevezys County Gabriele Petkevicaite-Bite Public Library\" \/>\n<meta property=\"article:modified_time\" content=\"2022-08-26T08:02:34+00:00\" \/>\n<meta name=\"twitter:card\" content=\"summary_large_image\" \/>\n<script type=\"application\/ld+json\" class=\"yoast-schema-graph\">{\"@context\":\"https:\\\/\\\/schema.org\",\"@graph\":[{\"@type\":\"WebPage\",\"@id\":\"https:\\\/\\\/www.pavb.lt\\\/en\\\/region\\\/about-panevezys-region\\\/international-projects-of-panevezys-region\\\/reducing-socio-cultural-exclusion-in-ignalina-district-based-on-the-italian-experience\\\/\",\"url\":\"https:\\\/\\\/www.pavb.lt\\\/en\\\/region\\\/about-panevezys-region\\\/international-projects-of-panevezys-region\\\/reducing-socio-cultural-exclusion-in-ignalina-district-based-on-the-italian-experience\\\/\",\"name\":\"Reducing socio-cultural exclusion in Ignalina district, based on the Italian experience - Panevezys County Gabriele Petkevicaite-Bite Public Library\",\"isPartOf\":{\"@id\":\"https:\\\/\\\/www.pavb.lt\\\/en\\\/#website\"},\"datePublished\":\"2022-01-25T07:08:25+00:00\",\"dateModified\":\"2022-08-26T08:02:34+00:00\",\"breadcrumb\":{\"@id\":\"https:\\\/\\\/www.pavb.lt\\\/en\\\/region\\\/about-panevezys-region\\\/international-projects-of-panevezys-region\\\/reducing-socio-cultural-exclusion-in-ignalina-district-based-on-the-italian-experience\\\/#breadcrumb\"},\"inLanguage\":\"en-US\",\"potentialAction\":[{\"@type\":\"ReadAction\",\"target\":[\"https:\\\/\\\/www.pavb.lt\\\/en\\\/region\\\/about-panevezys-region\\\/international-projects-of-panevezys-region\\\/reducing-socio-cultural-exclusion-in-ignalina-district-based-on-the-italian-experience\\\/\"]}]},{\"@type\":\"BreadcrumbList\",\"@id\":\"https:\\\/\\\/www.pavb.lt\\\/en\\\/region\\\/about-panevezys-region\\\/international-projects-of-panevezys-region\\\/reducing-socio-cultural-exclusion-in-ignalina-district-based-on-the-italian-experience\\\/#breadcrumb\",\"itemListElement\":[{\"@type\":\"ListItem\",\"position\":1,\"name\":\"Home\",\"item\":\"https:\\\/\\\/www.pavb.lt\\\/en\\\/\"},{\"@type\":\"ListItem\",\"position\":2,\"name\":\"Region\",\"item\":\"https:\\\/\\\/www.pavb.lt\\\/en\\\/region\\\/\"},{\"@type\":\"ListItem\",\"position\":3,\"name\":\"About Panev\u0117\u017eys region\",\"item\":\"https:\\\/\\\/www.pavb.lt\\\/en\\\/region\\\/about-panevezys-region\\\/\"},{\"@type\":\"ListItem\",\"position\":4,\"name\":\"International projects of Panev\u0117\u017eys Region\",\"item\":\"https:\\\/\\\/www.pavb.lt\\\/en\\\/region\\\/about-panevezys-region\\\/international-projects-of-panevezys-region\\\/\"},{\"@type\":\"ListItem\",\"position\":5,\"name\":\"Reducing socio-cultural exclusion in Ignalina district, based on the Italian experience\"}]},{\"@type\":\"WebSite\",\"@id\":\"https:\\\/\\\/www.pavb.lt\\\/en\\\/#website\",\"url\":\"https:\\\/\\\/www.pavb.lt\\\/en\\\/\",\"name\":\"Panevezys County Gabriele Petkevicaite-Bite Public Library\",\"description\":\"Here is your Library!\",\"publisher\":{\"@id\":\"https:\\\/\\\/www.pavb.lt\\\/en\\\/#organization\"},\"potentialAction\":[{\"@type\":\"SearchAction\",\"target\":{\"@type\":\"EntryPoint\",\"urlTemplate\":\"https:\\\/\\\/www.pavb.lt\\\/en\\\/?s={search_term_string}\"},\"query-input\":{\"@type\":\"PropertyValueSpecification\",\"valueRequired\":true,\"valueName\":\"search_term_string\"}}],\"inLanguage\":\"en-US\"},{\"@type\":\"Organization\",\"@id\":\"https:\\\/\\\/www.pavb.lt\\\/en\\\/#organization\",\"name\":\"Panev\u0117\u017eio apskrities Gabriel\u0117s Petkevi\u010dait\u0117s-Bit\u0117s vie\u0161oji biblioteka\",\"url\":\"https:\\\/\\\/www.pavb.lt\\\/en\\\/\",\"logo\":{\"@type\":\"ImageObject\",\"inLanguage\":\"en-US\",\"@id\":\"https:\\\/\\\/www.pavb.lt\\\/en\\\/#\\\/schema\\\/logo\\\/image\\\/\",\"url\":\"https:\\\/\\\/www.pavb.lt\\\/wp-content\\\/uploads\\\/2017\\\/11\\\/pavb-logo.png\",\"contentUrl\":\"https:\\\/\\\/www.pavb.lt\\\/wp-content\\\/uploads\\\/2017\\\/11\\\/pavb-logo.png\",\"width\":512,\"height\":512,\"caption\":\"Panev\u0117\u017eio apskrities Gabriel\u0117s Petkevi\u010dait\u0117s-Bit\u0117s vie\u0161oji biblioteka\"},\"image\":{\"@id\":\"https:\\\/\\\/www.pavb.lt\\\/en\\\/#\\\/schema\\\/logo\\\/image\\\/\"}}]}<\/script>\n<!-- \/ Yoast SEO plugin. -->","yoast_head_json":{"title":"Reducing socio-cultural exclusion in Ignalina district, based on the Italian experience - Panevezys County Gabriele Petkevicaite-Bite Public Library","robots":{"index":"index","follow":"follow","max-snippet":"max-snippet:-1","max-image-preview":"max-image-preview:large","max-video-preview":"max-video-preview:-1"},"canonical":"https:\/\/www.pavb.lt\/en\/region\/about-panevezys-region\/international-projects-of-panevezys-region\/reducing-socio-cultural-exclusion-in-ignalina-district-based-on-the-italian-experience\/","og_locale":"en_US","og_type":"article","og_title":"Reducing socio-cultural exclusion in Ignalina district, based on the Italian experience - Panevezys County Gabriele Petkevicaite-Bite Public Library","og_description":"Project duration: 2019 07 01 \u2013 2021 09 30 Partners: Ignalina District Municipality Ignalina Third Century University JUMP in Erasmus Plus International Trainings Project presentation The overall goal of the project consortium (library, municipal administration, third century university) is to reduce the socio-cultural exclusion of older people in Ignalina district. Activities planned during the project..... Read More","og_url":"https:\/\/www.pavb.lt\/en\/region\/about-panevezys-region\/international-projects-of-panevezys-region\/reducing-socio-cultural-exclusion-in-ignalina-district-based-on-the-italian-experience\/","og_site_name":"Panevezys County Gabriele Petkevicaite-Bite Public Library","article_modified_time":"2022-08-26T08:02:34+00:00","twitter_card":"summary_large_image","schema":{"@context":"https:\/\/schema.org","@graph":[{"@type":"WebPage","@id":"https:\/\/www.pavb.lt\/en\/region\/about-panevezys-region\/international-projects-of-panevezys-region\/reducing-socio-cultural-exclusion-in-ignalina-district-based-on-the-italian-experience\/","url":"https:\/\/www.pavb.lt\/en\/region\/about-panevezys-region\/international-projects-of-panevezys-region\/reducing-socio-cultural-exclusion-in-ignalina-district-based-on-the-italian-experience\/","name":"Reducing socio-cultural exclusion in Ignalina district, based on the Italian experience - Panevezys County Gabriele Petkevicaite-Bite Public Library","isPartOf":{"@id":"https:\/\/www.pavb.lt\/en\/#website"},"datePublished":"2022-01-25T07:08:25+00:00","dateModified":"2022-08-26T08:02:34+00:00","breadcrumb":{"@id":"https:\/\/www.pavb.lt\/en\/region\/about-panevezys-region\/international-projects-of-panevezys-region\/reducing-socio-cultural-exclusion-in-ignalina-district-based-on-the-italian-experience\/#breadcrumb"},"inLanguage":"en-US","potentialAction":[{"@type":"ReadAction","target":["https:\/\/www.pavb.lt\/en\/region\/about-panevezys-region\/international-projects-of-panevezys-region\/reducing-socio-cultural-exclusion-in-ignalina-district-based-on-the-italian-experience\/"]}]},{"@type":"BreadcrumbList","@id":"https:\/\/www.pavb.lt\/en\/region\/about-panevezys-region\/international-projects-of-panevezys-region\/reducing-socio-cultural-exclusion-in-ignalina-district-based-on-the-italian-experience\/#breadcrumb","itemListElement":[{"@type":"ListItem","position":1,"name":"Home","item":"https:\/\/www.pavb.lt\/en\/"},{"@type":"ListItem","position":2,"name":"Region","item":"https:\/\/www.pavb.lt\/en\/region\/"},{"@type":"ListItem","position":3,"name":"About Panev\u0117\u017eys region","item":"https:\/\/www.pavb.lt\/en\/region\/about-panevezys-region\/"},{"@type":"ListItem","position":4,"name":"International projects of Panev\u0117\u017eys Region","item":"https:\/\/www.pavb.lt\/en\/region\/about-panevezys-region\/international-projects-of-panevezys-region\/"},{"@type":"ListItem","position":5,"name":"Reducing socio-cultural exclusion in Ignalina district, based on the Italian experience"}]},{"@type":"WebSite","@id":"https:\/\/www.pavb.lt\/en\/#website","url":"https:\/\/www.pavb.lt\/en\/","name":"Panevezys County Gabriele Petkevicaite-Bite Public Library","description":"Here is your Library!","publisher":{"@id":"https:\/\/www.pavb.lt\/en\/#organization"},"potentialAction":[{"@type":"SearchAction","target":{"@type":"EntryPoint","urlTemplate":"https:\/\/www.pavb.lt\/en\/?s={search_term_string}"},"query-input":{"@type":"PropertyValueSpecification","valueRequired":true,"valueName":"search_term_string"}}],"inLanguage":"en-US"},{"@type":"Organization","@id":"https:\/\/www.pavb.lt\/en\/#organization","name":"Panev\u0117\u017eio apskrities Gabriel\u0117s Petkevi\u010dait\u0117s-Bit\u0117s vie\u0161oji biblioteka","url":"https:\/\/www.pavb.lt\/en\/","logo":{"@type":"ImageObject","inLanguage":"en-US","@id":"https:\/\/www.pavb.lt\/en\/#\/schema\/logo\/image\/","url":"https:\/\/www.pavb.lt\/wp-content\/uploads\/2017\/11\/pavb-logo.png","contentUrl":"https:\/\/www.pavb.lt\/wp-content\/uploads\/2017\/11\/pavb-logo.png","width":512,"height":512,"caption":"Panev\u0117\u017eio apskrities Gabriel\u0117s Petkevi\u010dait\u0117s-Bit\u0117s vie\u0161oji biblioteka"},"image":{"@id":"https:\/\/www.pavb.lt\/en\/#\/schema\/logo\/image\/"}}]}},"jetpack_sharing_enabled":true,"_links":{"self":[{"href":"https:\/\/www.pavb.lt\/en\/wp-json\/wp\/v2\/pages\/49429","targetHints":{"allow":["GET"]}}],"collection":[{"href":"https:\/\/www.pavb.lt\/en\/wp-json\/wp\/v2\/pages"}],"about":[{"href":"https:\/\/www.pavb.lt\/en\/wp-json\/wp\/v2\/types\/page"}],"author":[{"embeddable":true,"href":"https:\/\/www.pavb.lt\/en\/wp-json\/wp\/v2\/users\/11"}],"replies":[{"embeddable":true,"href":"https:\/\/www.pavb.lt\/en\/wp-json\/wp\/v2\/comments?post=49429"}],"version-history":[{"count":0,"href":"https:\/\/www.pavb.lt\/en\/wp-json\/wp\/v2\/pages\/49429\/revisions"}],"up":[{"embeddable":true,"href":"https:\/\/www.pavb.lt\/en\/wp-json\/wp\/v2\/pages\/49430"}],"wp:attachment":[{"href":"https:\/\/www.pavb.lt\/en\/wp-json\/wp\/v2\/media?parent=49429"}],"curies":[{"name":"wp","href":"https:\/\/api.w.org\/{rel}","templated":true}]}}