{"id":49427,"date":"2022-01-25T09:10:05","date_gmt":"2022-01-25T07:10:05","guid":{"rendered":"https:\/\/www.pavb.lt\/?page_id=49427"},"modified":"2022-07-21T10:20:33","modified_gmt":"2022-07-21T07:20:33","slug":"stories-make-the-life-better","status":"publish","type":"page","link":"https:\/\/www.pavb.lt\/en\/region\/about-panevezys-region\/international-projects-of-panevezys-region\/stories-make-the-life-better\/","title":{"rendered":"Stories make the life better"},"content":{"rendered":"\n<p><strong>Project duration: 2021\u20132023<\/strong><\/p>\n\n\n\n<p><strong>Partners:<\/strong> <\/p>\n\n\n\n<ul class=\"wp-block-list\"><li>Ignalina District Municipality Public Library<\/li><li>Prachatice City Library in the Czech Republic<\/li><li>Ludza Municipality (head of the Project)<\/li><\/ul>\n\n\n\n<p><strong>Project presentation<\/strong><\/p>\n\n\n\n<p>The aim of the project is to create permanent storytelling study groups to be run in partner organizations. The contribution of the project will also increase the storytelling skills of legends and folk tales in a variety of techniques for different target groups (narrators, both librarians and adults).<\/p>\n\n\n\n<p><strong>Activities are planned during the project<\/strong><\/p>\n\n\n\n<p>It is planned to establish storytelling study groups in partner organizations, to study various storytelling techniques for different target audiences.<\/p>\n\n\n\n<p><strong>Project results<\/strong><\/p>\n\n\n\n<p>A network of storytelling study groups in partner organizations will be created, enabling the development and implementation of storytelling techniques in their daily work.<\/p>\n\n\n\n<p>Contact information: Vida Sekonien\u0117, Deputy Director, e-mail pavadutoja@ignalinosvb.lt<\/p>\n\n\n\n<p>The project is funded by the Erasmus+ program<\/p>\n","protected":false},"excerpt":{"rendered":"<p>Project duration: 2021\u20132023 Partners: Ignalina District Municipality Public Library Prachatice City Library in the Czech Republic Ludza Municipality (head of the Project) Project presentation The aim of the project is to create permanent storytelling study groups to be run in partner organizations. The contribution of the project will also increase the storytelling skills of legends&#8230;.. <a class=\"moretag\" href=\"https:\/\/www.pavb.lt\/en\/region\/about-panevezys-region\/international-projects-of-panevezys-region\/stories-make-the-life-better\/\">Read More<\/a><\/p>\n","protected":false},"author":11,"featured_media":0,"parent":49430,"menu_order":3,"comment_status":"closed","ping_status":"closed","template":"","meta":{"_acf_changed":false,"footnotes":""},"class_list":["post-49427","page","type-page","status-publish","hentry"],"acf":[],"yoast_head":"<!-- This site is optimized with the Yoast SEO plugin v27.3 - https:\/\/yoast.com\/product\/yoast-seo-wordpress\/ -->\n<title>Stories make the life better - Panevezys County Gabriele Petkevicaite-Bite Public Library<\/title>\n<meta name=\"robots\" content=\"index, follow, max-snippet:-1, max-image-preview:large, max-video-preview:-1\" \/>\n<link rel=\"canonical\" href=\"https:\/\/www.pavb.lt\/en\/region\/about-panevezys-region\/international-projects-of-panevezys-region\/stories-make-the-life-better\/\" \/>\n<meta property=\"og:locale\" content=\"en_US\" \/>\n<meta property=\"og:type\" content=\"article\" \/>\n<meta property=\"og:title\" content=\"Stories make the life better - Panevezys County Gabriele Petkevicaite-Bite Public Library\" \/>\n<meta property=\"og:description\" content=\"Project duration: 2021\u20132023 Partners: Ignalina District Municipality Public Library Prachatice City Library in the Czech Republic Ludza Municipality (head of the Project) Project presentation The aim of the project is to create permanent storytelling study groups to be run in partner organizations. The contribution of the project will also increase the storytelling skills of legends..... Read More\" \/>\n<meta property=\"og:url\" content=\"https:\/\/www.pavb.lt\/en\/region\/about-panevezys-region\/international-projects-of-panevezys-region\/stories-make-the-life-better\/\" \/>\n<meta property=\"og:site_name\" content=\"Panevezys County Gabriele Petkevicaite-Bite Public Library\" \/>\n<meta property=\"article:modified_time\" content=\"2022-07-21T07:20:33+00:00\" \/>\n<meta name=\"twitter:card\" content=\"summary_large_image\" \/>\n<script type=\"application\/ld+json\" class=\"yoast-schema-graph\">{\"@context\":\"https:\\\/\\\/schema.org\",\"@graph\":[{\"@type\":\"WebPage\",\"@id\":\"https:\\\/\\\/www.pavb.lt\\\/en\\\/region\\\/about-panevezys-region\\\/international-projects-of-panevezys-region\\\/stories-make-the-life-better\\\/\",\"url\":\"https:\\\/\\\/www.pavb.lt\\\/en\\\/region\\\/about-panevezys-region\\\/international-projects-of-panevezys-region\\\/stories-make-the-life-better\\\/\",\"name\":\"Stories make the life better - Panevezys County Gabriele Petkevicaite-Bite Public Library\",\"isPartOf\":{\"@id\":\"https:\\\/\\\/www.pavb.lt\\\/en\\\/#website\"},\"datePublished\":\"2022-01-25T07:10:05+00:00\",\"dateModified\":\"2022-07-21T07:20:33+00:00\",\"breadcrumb\":{\"@id\":\"https:\\\/\\\/www.pavb.lt\\\/en\\\/region\\\/about-panevezys-region\\\/international-projects-of-panevezys-region\\\/stories-make-the-life-better\\\/#breadcrumb\"},\"inLanguage\":\"en-US\",\"potentialAction\":[{\"@type\":\"ReadAction\",\"target\":[\"https:\\\/\\\/www.pavb.lt\\\/en\\\/region\\\/about-panevezys-region\\\/international-projects-of-panevezys-region\\\/stories-make-the-life-better\\\/\"]}]},{\"@type\":\"BreadcrumbList\",\"@id\":\"https:\\\/\\\/www.pavb.lt\\\/en\\\/region\\\/about-panevezys-region\\\/international-projects-of-panevezys-region\\\/stories-make-the-life-better\\\/#breadcrumb\",\"itemListElement\":[{\"@type\":\"ListItem\",\"position\":1,\"name\":\"Home\",\"item\":\"https:\\\/\\\/www.pavb.lt\\\/en\\\/\"},{\"@type\":\"ListItem\",\"position\":2,\"name\":\"Region\",\"item\":\"https:\\\/\\\/www.pavb.lt\\\/en\\\/region\\\/\"},{\"@type\":\"ListItem\",\"position\":3,\"name\":\"About Panev\u0117\u017eys region\",\"item\":\"https:\\\/\\\/www.pavb.lt\\\/en\\\/region\\\/about-panevezys-region\\\/\"},{\"@type\":\"ListItem\",\"position\":4,\"name\":\"International projects of Panev\u0117\u017eys Region\",\"item\":\"https:\\\/\\\/www.pavb.lt\\\/en\\\/region\\\/about-panevezys-region\\\/international-projects-of-panevezys-region\\\/\"},{\"@type\":\"ListItem\",\"position\":5,\"name\":\"Stories make the life better\"}]},{\"@type\":\"WebSite\",\"@id\":\"https:\\\/\\\/www.pavb.lt\\\/en\\\/#website\",\"url\":\"https:\\\/\\\/www.pavb.lt\\\/en\\\/\",\"name\":\"Panevezys County Gabriele Petkevicaite-Bite Public Library\",\"description\":\"Here is your Library!\",\"publisher\":{\"@id\":\"https:\\\/\\\/www.pavb.lt\\\/en\\\/#organization\"},\"potentialAction\":[{\"@type\":\"SearchAction\",\"target\":{\"@type\":\"EntryPoint\",\"urlTemplate\":\"https:\\\/\\\/www.pavb.lt\\\/en\\\/?s={search_term_string}\"},\"query-input\":{\"@type\":\"PropertyValueSpecification\",\"valueRequired\":true,\"valueName\":\"search_term_string\"}}],\"inLanguage\":\"en-US\"},{\"@type\":\"Organization\",\"@id\":\"https:\\\/\\\/www.pavb.lt\\\/en\\\/#organization\",\"name\":\"Panev\u0117\u017eio apskrities Gabriel\u0117s Petkevi\u010dait\u0117s-Bit\u0117s vie\u0161oji biblioteka\",\"url\":\"https:\\\/\\\/www.pavb.lt\\\/en\\\/\",\"logo\":{\"@type\":\"ImageObject\",\"inLanguage\":\"en-US\",\"@id\":\"https:\\\/\\\/www.pavb.lt\\\/en\\\/#\\\/schema\\\/logo\\\/image\\\/\",\"url\":\"https:\\\/\\\/www.pavb.lt\\\/wp-content\\\/uploads\\\/2017\\\/11\\\/pavb-logo.png\",\"contentUrl\":\"https:\\\/\\\/www.pavb.lt\\\/wp-content\\\/uploads\\\/2017\\\/11\\\/pavb-logo.png\",\"width\":512,\"height\":512,\"caption\":\"Panev\u0117\u017eio apskrities Gabriel\u0117s Petkevi\u010dait\u0117s-Bit\u0117s vie\u0161oji biblioteka\"},\"image\":{\"@id\":\"https:\\\/\\\/www.pavb.lt\\\/en\\\/#\\\/schema\\\/logo\\\/image\\\/\"}}]}<\/script>\n<!-- \/ Yoast SEO plugin. -->","yoast_head_json":{"title":"Stories make the life better - Panevezys County Gabriele Petkevicaite-Bite Public Library","robots":{"index":"index","follow":"follow","max-snippet":"max-snippet:-1","max-image-preview":"max-image-preview:large","max-video-preview":"max-video-preview:-1"},"canonical":"https:\/\/www.pavb.lt\/en\/region\/about-panevezys-region\/international-projects-of-panevezys-region\/stories-make-the-life-better\/","og_locale":"en_US","og_type":"article","og_title":"Stories make the life better - Panevezys County Gabriele Petkevicaite-Bite Public Library","og_description":"Project duration: 2021\u20132023 Partners: Ignalina District Municipality Public Library Prachatice City Library in the Czech Republic Ludza Municipality (head of the Project) Project presentation The aim of the project is to create permanent storytelling study groups to be run in partner organizations. The contribution of the project will also increase the storytelling skills of legends..... Read More","og_url":"https:\/\/www.pavb.lt\/en\/region\/about-panevezys-region\/international-projects-of-panevezys-region\/stories-make-the-life-better\/","og_site_name":"Panevezys County Gabriele Petkevicaite-Bite Public Library","article_modified_time":"2022-07-21T07:20:33+00:00","twitter_card":"summary_large_image","schema":{"@context":"https:\/\/schema.org","@graph":[{"@type":"WebPage","@id":"https:\/\/www.pavb.lt\/en\/region\/about-panevezys-region\/international-projects-of-panevezys-region\/stories-make-the-life-better\/","url":"https:\/\/www.pavb.lt\/en\/region\/about-panevezys-region\/international-projects-of-panevezys-region\/stories-make-the-life-better\/","name":"Stories make the life better - Panevezys County Gabriele Petkevicaite-Bite Public Library","isPartOf":{"@id":"https:\/\/www.pavb.lt\/en\/#website"},"datePublished":"2022-01-25T07:10:05+00:00","dateModified":"2022-07-21T07:20:33+00:00","breadcrumb":{"@id":"https:\/\/www.pavb.lt\/en\/region\/about-panevezys-region\/international-projects-of-panevezys-region\/stories-make-the-life-better\/#breadcrumb"},"inLanguage":"en-US","potentialAction":[{"@type":"ReadAction","target":["https:\/\/www.pavb.lt\/en\/region\/about-panevezys-region\/international-projects-of-panevezys-region\/stories-make-the-life-better\/"]}]},{"@type":"BreadcrumbList","@id":"https:\/\/www.pavb.lt\/en\/region\/about-panevezys-region\/international-projects-of-panevezys-region\/stories-make-the-life-better\/#breadcrumb","itemListElement":[{"@type":"ListItem","position":1,"name":"Home","item":"https:\/\/www.pavb.lt\/en\/"},{"@type":"ListItem","position":2,"name":"Region","item":"https:\/\/www.pavb.lt\/en\/region\/"},{"@type":"ListItem","position":3,"name":"About Panev\u0117\u017eys region","item":"https:\/\/www.pavb.lt\/en\/region\/about-panevezys-region\/"},{"@type":"ListItem","position":4,"name":"International projects of Panev\u0117\u017eys Region","item":"https:\/\/www.pavb.lt\/en\/region\/about-panevezys-region\/international-projects-of-panevezys-region\/"},{"@type":"ListItem","position":5,"name":"Stories make the life better"}]},{"@type":"WebSite","@id":"https:\/\/www.pavb.lt\/en\/#website","url":"https:\/\/www.pavb.lt\/en\/","name":"Panevezys County Gabriele Petkevicaite-Bite Public Library","description":"Here is your Library!","publisher":{"@id":"https:\/\/www.pavb.lt\/en\/#organization"},"potentialAction":[{"@type":"SearchAction","target":{"@type":"EntryPoint","urlTemplate":"https:\/\/www.pavb.lt\/en\/?s={search_term_string}"},"query-input":{"@type":"PropertyValueSpecification","valueRequired":true,"valueName":"search_term_string"}}],"inLanguage":"en-US"},{"@type":"Organization","@id":"https:\/\/www.pavb.lt\/en\/#organization","name":"Panev\u0117\u017eio apskrities Gabriel\u0117s Petkevi\u010dait\u0117s-Bit\u0117s vie\u0161oji biblioteka","url":"https:\/\/www.pavb.lt\/en\/","logo":{"@type":"ImageObject","inLanguage":"en-US","@id":"https:\/\/www.pavb.lt\/en\/#\/schema\/logo\/image\/","url":"https:\/\/www.pavb.lt\/wp-content\/uploads\/2017\/11\/pavb-logo.png","contentUrl":"https:\/\/www.pavb.lt\/wp-content\/uploads\/2017\/11\/pavb-logo.png","width":512,"height":512,"caption":"Panev\u0117\u017eio apskrities Gabriel\u0117s Petkevi\u010dait\u0117s-Bit\u0117s vie\u0161oji biblioteka"},"image":{"@id":"https:\/\/www.pavb.lt\/en\/#\/schema\/logo\/image\/"}}]}},"jetpack_sharing_enabled":true,"_links":{"self":[{"href":"https:\/\/www.pavb.lt\/en\/wp-json\/wp\/v2\/pages\/49427","targetHints":{"allow":["GET"]}}],"collection":[{"href":"https:\/\/www.pavb.lt\/en\/wp-json\/wp\/v2\/pages"}],"about":[{"href":"https:\/\/www.pavb.lt\/en\/wp-json\/wp\/v2\/types\/page"}],"author":[{"embeddable":true,"href":"https:\/\/www.pavb.lt\/en\/wp-json\/wp\/v2\/users\/11"}],"replies":[{"embeddable":true,"href":"https:\/\/www.pavb.lt\/en\/wp-json\/wp\/v2\/comments?post=49427"}],"version-history":[{"count":0,"href":"https:\/\/www.pavb.lt\/en\/wp-json\/wp\/v2\/pages\/49427\/revisions"}],"up":[{"embeddable":true,"href":"https:\/\/www.pavb.lt\/en\/wp-json\/wp\/v2\/pages\/49430"}],"wp:attachment":[{"href":"https:\/\/www.pavb.lt\/en\/wp-json\/wp\/v2\/media?parent=49427"}],"curies":[{"name":"wp","href":"https:\/\/api.w.org\/{rel}","templated":true}]}}