{"id":24265,"date":"2020-07-01T15:21:33","date_gmt":"2020-07-01T12:21:33","guid":{"rendered":"https:\/\/www.pavb.lt\/?page_id=24265"},"modified":"2020-07-01T15:21:36","modified_gmt":"2020-07-01T12:21:36","slug":"seniors-club","status":"publish","type":"page","link":"https:\/\/www.pavb.lt\/en\/services\/exhibitions-and-events\/clubs\/seniors-club\/","title":{"rendered":"Seniors\u2019 club"},"content":{"rendered":"\n<p>Senior\u2019s club invites creative and active seniors to participate. While visiting the library in Cologne (Germany), our library&#8217;s employees were inspired by the idea to organise a leisure activity club for seniors, in which members themselves would become volunteers. Very often, seniors feel that they lose their social identity, which does not have to be the reality. Many years of work and life experience is a treasure worth sharing!<\/p>\n\n\n\n<p>Topics and activities of meetings depend on the imagination of the volunteers. Organised activities may include a creative workshop, musical hours, lectures, discussions, quizzes, and readings of poetry. The purpose of the meetings is to help seniors meet and share their experience. We welcome all seniors to join and participate in activities of the club and share their unique talents and hobbies.<\/p>\n\n\n\n<p>Meetings of the club take place every other Tuesday at 10:00, in the library&#8217;s cafe.<\/p>\n\n\n\n<p>For more information, please contact&nbsp;<a href=\"mailto:klubai@pavb.lt\">klubai@pavb.lt<\/a><\/p>\n","protected":false},"excerpt":{"rendered":"<p>Senior\u2019s club invites creative and active seniors to participate. While visiting the library in Cologne (Germany), our library&#8217;s employees were inspired by the idea to organise a leisure activity club for seniors, in which members themselves would become volunteers. Very often, seniors feel that they lose their social identity, which does not have to be&#8230;.. <a class=\"moretag\" href=\"https:\/\/www.pavb.lt\/en\/services\/exhibitions-and-events\/clubs\/seniors-club\/\">Read More<\/a><\/p>\n","protected":false},"author":3,"featured_media":0,"parent":4164,"menu_order":2,"comment_status":"closed","ping_status":"closed","template":"","meta":{"_acf_changed":false,"footnotes":""},"class_list":["post-24265","page","type-page","status-publish","hentry"],"acf":[],"yoast_head":"<!-- This site is optimized with the Yoast SEO plugin v27.4 - https:\/\/yoast.com\/product\/yoast-seo-wordpress\/ -->\n<title>Seniors\u2019 club - Panevezys County Gabriele Petkevicaite-Bite Public Library<\/title>\n<meta name=\"robots\" content=\"index, follow, max-snippet:-1, max-image-preview:large, max-video-preview:-1\" \/>\n<link rel=\"canonical\" href=\"https:\/\/www.pavb.lt\/en\/services\/exhibitions-and-events\/clubs\/seniors-club\/\" \/>\n<meta property=\"og:locale\" content=\"en_US\" \/>\n<meta property=\"og:type\" content=\"article\" \/>\n<meta property=\"og:title\" content=\"Seniors\u2019 club - Panevezys County Gabriele Petkevicaite-Bite Public Library\" \/>\n<meta property=\"og:description\" content=\"Senior\u2019s club invites creative and active seniors to participate. While visiting the library in Cologne (Germany), our library&#8217;s employees were inspired by the idea to organise a leisure activity club for seniors, in which members themselves would become volunteers. Very often, seniors feel that they lose their social identity, which does not have to be..... Read More\" \/>\n<meta property=\"og:url\" content=\"https:\/\/www.pavb.lt\/en\/services\/exhibitions-and-events\/clubs\/seniors-club\/\" \/>\n<meta property=\"og:site_name\" content=\"Panevezys County Gabriele Petkevicaite-Bite Public Library\" \/>\n<meta property=\"article:modified_time\" content=\"2020-07-01T12:21:36+00:00\" \/>\n<meta name=\"twitter:card\" content=\"summary_large_image\" \/>\n<script type=\"application\/ld+json\" class=\"yoast-schema-graph\">{\"@context\":\"https:\\\/\\\/schema.org\",\"@graph\":[{\"@type\":\"WebPage\",\"@id\":\"https:\\\/\\\/www.pavb.lt\\\/en\\\/services\\\/exhibitions-and-events\\\/clubs\\\/seniors-club\\\/\",\"url\":\"https:\\\/\\\/www.pavb.lt\\\/en\\\/services\\\/exhibitions-and-events\\\/clubs\\\/seniors-club\\\/\",\"name\":\"Seniors\u2019 club - Panevezys County Gabriele Petkevicaite-Bite Public Library\",\"isPartOf\":{\"@id\":\"https:\\\/\\\/www.pavb.lt\\\/en\\\/#website\"},\"datePublished\":\"2020-07-01T12:21:33+00:00\",\"dateModified\":\"2020-07-01T12:21:36+00:00\",\"breadcrumb\":{\"@id\":\"https:\\\/\\\/www.pavb.lt\\\/en\\\/services\\\/exhibitions-and-events\\\/clubs\\\/seniors-club\\\/#breadcrumb\"},\"inLanguage\":\"en-US\",\"potentialAction\":[{\"@type\":\"ReadAction\",\"target\":[\"https:\\\/\\\/www.pavb.lt\\\/en\\\/services\\\/exhibitions-and-events\\\/clubs\\\/seniors-club\\\/\"]}]},{\"@type\":\"BreadcrumbList\",\"@id\":\"https:\\\/\\\/www.pavb.lt\\\/en\\\/services\\\/exhibitions-and-events\\\/clubs\\\/seniors-club\\\/#breadcrumb\",\"itemListElement\":[{\"@type\":\"ListItem\",\"position\":1,\"name\":\"Home\",\"item\":\"https:\\\/\\\/www.pavb.lt\\\/en\\\/\"},{\"@type\":\"ListItem\",\"position\":2,\"name\":\"Services\",\"item\":\"https:\\\/\\\/www.pavb.lt\\\/en\\\/services\\\/\"},{\"@type\":\"ListItem\",\"position\":3,\"name\":\"Exhibitions and Events\",\"item\":\"https:\\\/\\\/www.pavb.lt\\\/en\\\/services\\\/exhibitions-and-events\\\/\"},{\"@type\":\"ListItem\",\"position\":4,\"name\":\"Clubs\",\"item\":\"https:\\\/\\\/www.pavb.lt\\\/en\\\/services\\\/exhibitions-and-events\\\/clubs\\\/\"},{\"@type\":\"ListItem\",\"position\":5,\"name\":\"Seniors\u2019 club\"}]},{\"@type\":\"WebSite\",\"@id\":\"https:\\\/\\\/www.pavb.lt\\\/en\\\/#website\",\"url\":\"https:\\\/\\\/www.pavb.lt\\\/en\\\/\",\"name\":\"Panevezys County Gabriele Petkevicaite-Bite Public Library\",\"description\":\"Here is your Library!\",\"publisher\":{\"@id\":\"https:\\\/\\\/www.pavb.lt\\\/en\\\/#organization\"},\"potentialAction\":[{\"@type\":\"SearchAction\",\"target\":{\"@type\":\"EntryPoint\",\"urlTemplate\":\"https:\\\/\\\/www.pavb.lt\\\/en\\\/?s={search_term_string}\"},\"query-input\":{\"@type\":\"PropertyValueSpecification\",\"valueRequired\":true,\"valueName\":\"search_term_string\"}}],\"inLanguage\":\"en-US\"},{\"@type\":\"Organization\",\"@id\":\"https:\\\/\\\/www.pavb.lt\\\/en\\\/#organization\",\"name\":\"Panev\u0117\u017eio apskrities Gabriel\u0117s Petkevi\u010dait\u0117s-Bit\u0117s vie\u0161oji biblioteka\",\"url\":\"https:\\\/\\\/www.pavb.lt\\\/en\\\/\",\"logo\":{\"@type\":\"ImageObject\",\"inLanguage\":\"en-US\",\"@id\":\"https:\\\/\\\/www.pavb.lt\\\/en\\\/#\\\/schema\\\/logo\\\/image\\\/\",\"url\":\"https:\\\/\\\/www.pavb.lt\\\/wp-content\\\/uploads\\\/2017\\\/11\\\/pavb-logo.png\",\"contentUrl\":\"https:\\\/\\\/www.pavb.lt\\\/wp-content\\\/uploads\\\/2017\\\/11\\\/pavb-logo.png\",\"width\":512,\"height\":512,\"caption\":\"Panev\u0117\u017eio apskrities Gabriel\u0117s Petkevi\u010dait\u0117s-Bit\u0117s vie\u0161oji biblioteka\"},\"image\":{\"@id\":\"https:\\\/\\\/www.pavb.lt\\\/en\\\/#\\\/schema\\\/logo\\\/image\\\/\"}}]}<\/script>\n<!-- \/ Yoast SEO plugin. -->","yoast_head_json":{"title":"Seniors\u2019 club - Panevezys County Gabriele Petkevicaite-Bite Public Library","robots":{"index":"index","follow":"follow","max-snippet":"max-snippet:-1","max-image-preview":"max-image-preview:large","max-video-preview":"max-video-preview:-1"},"canonical":"https:\/\/www.pavb.lt\/en\/services\/exhibitions-and-events\/clubs\/seniors-club\/","og_locale":"en_US","og_type":"article","og_title":"Seniors\u2019 club - Panevezys County Gabriele Petkevicaite-Bite Public Library","og_description":"Senior\u2019s club invites creative and active seniors to participate. While visiting the library in Cologne (Germany), our library&#8217;s employees were inspired by the idea to organise a leisure activity club for seniors, in which members themselves would become volunteers. Very often, seniors feel that they lose their social identity, which does not have to be..... Read More","og_url":"https:\/\/www.pavb.lt\/en\/services\/exhibitions-and-events\/clubs\/seniors-club\/","og_site_name":"Panevezys County Gabriele Petkevicaite-Bite Public Library","article_modified_time":"2020-07-01T12:21:36+00:00","twitter_card":"summary_large_image","schema":{"@context":"https:\/\/schema.org","@graph":[{"@type":"WebPage","@id":"https:\/\/www.pavb.lt\/en\/services\/exhibitions-and-events\/clubs\/seniors-club\/","url":"https:\/\/www.pavb.lt\/en\/services\/exhibitions-and-events\/clubs\/seniors-club\/","name":"Seniors\u2019 club - Panevezys County Gabriele Petkevicaite-Bite Public Library","isPartOf":{"@id":"https:\/\/www.pavb.lt\/en\/#website"},"datePublished":"2020-07-01T12:21:33+00:00","dateModified":"2020-07-01T12:21:36+00:00","breadcrumb":{"@id":"https:\/\/www.pavb.lt\/en\/services\/exhibitions-and-events\/clubs\/seniors-club\/#breadcrumb"},"inLanguage":"en-US","potentialAction":[{"@type":"ReadAction","target":["https:\/\/www.pavb.lt\/en\/services\/exhibitions-and-events\/clubs\/seniors-club\/"]}]},{"@type":"BreadcrumbList","@id":"https:\/\/www.pavb.lt\/en\/services\/exhibitions-and-events\/clubs\/seniors-club\/#breadcrumb","itemListElement":[{"@type":"ListItem","position":1,"name":"Home","item":"https:\/\/www.pavb.lt\/en\/"},{"@type":"ListItem","position":2,"name":"Services","item":"https:\/\/www.pavb.lt\/en\/services\/"},{"@type":"ListItem","position":3,"name":"Exhibitions and Events","item":"https:\/\/www.pavb.lt\/en\/services\/exhibitions-and-events\/"},{"@type":"ListItem","position":4,"name":"Clubs","item":"https:\/\/www.pavb.lt\/en\/services\/exhibitions-and-events\/clubs\/"},{"@type":"ListItem","position":5,"name":"Seniors\u2019 club"}]},{"@type":"WebSite","@id":"https:\/\/www.pavb.lt\/en\/#website","url":"https:\/\/www.pavb.lt\/en\/","name":"Panevezys County Gabriele Petkevicaite-Bite Public Library","description":"Here is your Library!","publisher":{"@id":"https:\/\/www.pavb.lt\/en\/#organization"},"potentialAction":[{"@type":"SearchAction","target":{"@type":"EntryPoint","urlTemplate":"https:\/\/www.pavb.lt\/en\/?s={search_term_string}"},"query-input":{"@type":"PropertyValueSpecification","valueRequired":true,"valueName":"search_term_string"}}],"inLanguage":"en-US"},{"@type":"Organization","@id":"https:\/\/www.pavb.lt\/en\/#organization","name":"Panev\u0117\u017eio apskrities Gabriel\u0117s Petkevi\u010dait\u0117s-Bit\u0117s vie\u0161oji biblioteka","url":"https:\/\/www.pavb.lt\/en\/","logo":{"@type":"ImageObject","inLanguage":"en-US","@id":"https:\/\/www.pavb.lt\/en\/#\/schema\/logo\/image\/","url":"https:\/\/www.pavb.lt\/wp-content\/uploads\/2017\/11\/pavb-logo.png","contentUrl":"https:\/\/www.pavb.lt\/wp-content\/uploads\/2017\/11\/pavb-logo.png","width":512,"height":512,"caption":"Panev\u0117\u017eio apskrities Gabriel\u0117s Petkevi\u010dait\u0117s-Bit\u0117s vie\u0161oji biblioteka"},"image":{"@id":"https:\/\/www.pavb.lt\/en\/#\/schema\/logo\/image\/"}}]}},"jetpack_sharing_enabled":true,"_links":{"self":[{"href":"https:\/\/www.pavb.lt\/en\/wp-json\/wp\/v2\/pages\/24265","targetHints":{"allow":["GET"]}}],"collection":[{"href":"https:\/\/www.pavb.lt\/en\/wp-json\/wp\/v2\/pages"}],"about":[{"href":"https:\/\/www.pavb.lt\/en\/wp-json\/wp\/v2\/types\/page"}],"author":[{"embeddable":true,"href":"https:\/\/www.pavb.lt\/en\/wp-json\/wp\/v2\/users\/3"}],"replies":[{"embeddable":true,"href":"https:\/\/www.pavb.lt\/en\/wp-json\/wp\/v2\/comments?post=24265"}],"version-history":[{"count":0,"href":"https:\/\/www.pavb.lt\/en\/wp-json\/wp\/v2\/pages\/24265\/revisions"}],"up":[{"embeddable":true,"href":"https:\/\/www.pavb.lt\/en\/wp-json\/wp\/v2\/pages\/4164"}],"wp:attachment":[{"href":"https:\/\/www.pavb.lt\/en\/wp-json\/wp\/v2\/media?parent=24265"}],"curies":[{"name":"wp","href":"https:\/\/api.w.org\/{rel}","templated":true}]}}