{"id":24112,"date":"2020-07-01T09:29:56","date_gmt":"2020-07-01T06:29:56","guid":{"rendered":"https:\/\/www.pavb.lt\/?page_id=24112"},"modified":"2025-02-04T14:25:08","modified_gmt":"2025-02-04T12:25:08","slug":"consultations","status":"publish","type":"page","link":"https:\/\/www.pavb.lt\/en\/consultations\/","title":{"rendered":"Consultations"},"content":{"rendered":"\n<p>How to find your way through the library&#8217;s information resources?&nbsp; Contact the library specialists.<\/p>\n\n\n\n<p>Library staff can advise you on various queries regarding information search and help you to:<\/p>\n\n\n\n<ul class=\"wp-block-list\">\n<li>get familiar with the search tools,<\/li>\n\n\n\n<li>learn to formulate search queries, run search and evaluate the received information,<\/li>\n\n\n\n<li>get to know library databases, open access resources, library catalogues, and learn to find the necessary information,<\/li>\n\n\n\n<li>use library services.<\/li>\n<\/ul>\n\n\n\n<p>Individual consultations are also carried out. You can receive them by e-mail <a href=\"mailto:klausk@pavb.lt\">klausk@pavb.lt<\/a><\/p>\n\n\n\n<p><strong>Library staff organises specialised trainings on information search:<\/strong><\/p>\n\n\n\n<p><strong>Internet labyrinths<\/strong><br>During these trainings you will get familiar with the tools necessary for information search, learn to formulate search queries, run search and evaluate the received information. You will also receive advise on the websites where you can find trusted and high-quality information. You will learn to search electronic databases of the library.<br>Requirements for the participants of the trainings: to have the basic skills of computer literacy.<br>Duration: 6 hours (3 days, 2 hours per day).\u00a0<br>Designed for all age groups.<br>Panev\u0117\u017eys County Gabriel\u0117 Petkevi\u010dait\u0117-Bit\u0117 Public Library,<br>Republikos g. 14, Panev\u0117\u017eys.<br>It is necessary to register in advance by tel. (0 45) 46 57 67, e-mail <a href=\"mailto:gitana.uzkureliene@pavb.lt\">gitana.uzkureliene@pavb.lt<\/a><\/p>\n\n\n\n<p><strong>Getting familiar with databases<\/strong><br>During these trainings you will get familiar with the databases that the library has access to, and learn to run search. You will find out more about the open access materials and see how useful they are.<br>Requirements for the participants of the trainings: to have the basic skills of computer literacy.<br>Duration: 1\u20132 hours.<br>Designed for all age groups.<br>Panev\u0117\u017eys County Gabriel\u0117 Petkevi\u010dait\u0117-Bit\u0117 Public Library,<br>Republikos g. 14, Panev\u0117\u017eys.<br>It is necessary to register in advance by tel. (0 45) 46 57 67, e-mail <a href=\"mailto:gitana.uzkureliene@pavb.lt\">gitana.uzkureliene@pavb.lt<\/a><\/p>\n\n\n\n<p><strong>Getting familiar with e-books<\/strong><br>Learn to use electronic library services. During these trainings you will learn where to find electronic publications, how to read, reserve and evaluate them. You will also learn to use biblioteka.lt portal.<br>Requirements for the participants of the trainings: to have the basic skills of computer literacy.<br>Duration: 1\u20132 hours.<br>Designed for all age groups.<br>Panev\u0117\u017eys County Gabriel\u0117 Petkevi\u010dait\u0117-Bit\u0117 Public Library,<br>Republikos g. 14, Panev\u0117\u017eys.<br>It is necessary to register in advance by tel. (0 45) 46 57 67, e-mail <a href=\"mailto:gitana.uzkureliene@pavb.lt\">gitana.uzkureliene@pavb.lt<\/a><\/p>\n","protected":false},"excerpt":{"rendered":"<p>How to find your way through the library&#8217;s information resources?&nbsp; Contact the library specialists. Library staff can advise you on various queries regarding information search and help you to: Individual consultations are also carried out. You can receive them by e-mail klausk@pavb.lt Library staff organises specialised trainings on information search: Internet labyrinthsDuring these trainings you&#8230;.. <a class=\"moretag\" href=\"https:\/\/www.pavb.lt\/en\/consultations\/\">Read More<\/a><\/p>\n","protected":false},"author":3,"featured_media":0,"parent":0,"menu_order":0,"comment_status":"closed","ping_status":"closed","template":"","meta":{"_acf_changed":false,"footnotes":""},"class_list":["post-24112","page","type-page","status-publish","hentry"],"acf":[],"yoast_head":"<!-- This site is optimized with the Yoast SEO plugin v27.3 - https:\/\/yoast.com\/product\/yoast-seo-wordpress\/ -->\n<title>Consultations - Panevezys County Gabriele Petkevicaite-Bite Public Library<\/title>\n<meta name=\"robots\" content=\"index, follow, max-snippet:-1, max-image-preview:large, max-video-preview:-1\" \/>\n<link rel=\"canonical\" href=\"https:\/\/www.pavb.lt\/en\/consultations\/\" \/>\n<meta property=\"og:locale\" content=\"en_US\" \/>\n<meta property=\"og:type\" content=\"article\" \/>\n<meta property=\"og:title\" content=\"Consultations - Panevezys County Gabriele Petkevicaite-Bite Public Library\" \/>\n<meta property=\"og:description\" content=\"How to find your way through the library&#8217;s information resources?&nbsp; Contact the library specialists. Library staff can advise you on various queries regarding information search and help you to: Individual consultations are also carried out. You can receive them by e-mail klausk@pavb.lt Library staff organises specialised trainings on information search: Internet labyrinthsDuring these trainings you..... Read More\" \/>\n<meta property=\"og:url\" content=\"https:\/\/www.pavb.lt\/en\/consultations\/\" \/>\n<meta property=\"og:site_name\" content=\"Panevezys County Gabriele Petkevicaite-Bite Public Library\" \/>\n<meta property=\"article:modified_time\" content=\"2025-02-04T12:25:08+00:00\" \/>\n<meta name=\"twitter:card\" content=\"summary_large_image\" \/>\n<script type=\"application\/ld+json\" class=\"yoast-schema-graph\">{\"@context\":\"https:\\\/\\\/schema.org\",\"@graph\":[{\"@type\":\"WebPage\",\"@id\":\"https:\\\/\\\/www.pavb.lt\\\/en\\\/consultations\\\/\",\"url\":\"https:\\\/\\\/www.pavb.lt\\\/en\\\/consultations\\\/\",\"name\":\"Consultations - Panevezys County Gabriele Petkevicaite-Bite Public Library\",\"isPartOf\":{\"@id\":\"https:\\\/\\\/www.pavb.lt\\\/en\\\/#website\"},\"datePublished\":\"2020-07-01T06:29:56+00:00\",\"dateModified\":\"2025-02-04T12:25:08+00:00\",\"breadcrumb\":{\"@id\":\"https:\\\/\\\/www.pavb.lt\\\/en\\\/consultations\\\/#breadcrumb\"},\"inLanguage\":\"en-US\",\"potentialAction\":[{\"@type\":\"ReadAction\",\"target\":[\"https:\\\/\\\/www.pavb.lt\\\/en\\\/consultations\\\/\"]}]},{\"@type\":\"BreadcrumbList\",\"@id\":\"https:\\\/\\\/www.pavb.lt\\\/en\\\/consultations\\\/#breadcrumb\",\"itemListElement\":[{\"@type\":\"ListItem\",\"position\":1,\"name\":\"Home\",\"item\":\"https:\\\/\\\/www.pavb.lt\\\/en\\\/\"},{\"@type\":\"ListItem\",\"position\":2,\"name\":\"Consultations\"}]},{\"@type\":\"WebSite\",\"@id\":\"https:\\\/\\\/www.pavb.lt\\\/en\\\/#website\",\"url\":\"https:\\\/\\\/www.pavb.lt\\\/en\\\/\",\"name\":\"Panevezys County Gabriele Petkevicaite-Bite Public Library\",\"description\":\"Here is your Library!\",\"publisher\":{\"@id\":\"https:\\\/\\\/www.pavb.lt\\\/en\\\/#organization\"},\"potentialAction\":[{\"@type\":\"SearchAction\",\"target\":{\"@type\":\"EntryPoint\",\"urlTemplate\":\"https:\\\/\\\/www.pavb.lt\\\/en\\\/?s={search_term_string}\"},\"query-input\":{\"@type\":\"PropertyValueSpecification\",\"valueRequired\":true,\"valueName\":\"search_term_string\"}}],\"inLanguage\":\"en-US\"},{\"@type\":\"Organization\",\"@id\":\"https:\\\/\\\/www.pavb.lt\\\/en\\\/#organization\",\"name\":\"Panev\u0117\u017eio apskrities Gabriel\u0117s Petkevi\u010dait\u0117s-Bit\u0117s vie\u0161oji biblioteka\",\"url\":\"https:\\\/\\\/www.pavb.lt\\\/en\\\/\",\"logo\":{\"@type\":\"ImageObject\",\"inLanguage\":\"en-US\",\"@id\":\"https:\\\/\\\/www.pavb.lt\\\/en\\\/#\\\/schema\\\/logo\\\/image\\\/\",\"url\":\"https:\\\/\\\/www.pavb.lt\\\/wp-content\\\/uploads\\\/2017\\\/11\\\/pavb-logo.png\",\"contentUrl\":\"https:\\\/\\\/www.pavb.lt\\\/wp-content\\\/uploads\\\/2017\\\/11\\\/pavb-logo.png\",\"width\":512,\"height\":512,\"caption\":\"Panev\u0117\u017eio apskrities Gabriel\u0117s Petkevi\u010dait\u0117s-Bit\u0117s vie\u0161oji biblioteka\"},\"image\":{\"@id\":\"https:\\\/\\\/www.pavb.lt\\\/en\\\/#\\\/schema\\\/logo\\\/image\\\/\"}}]}<\/script>\n<!-- \/ Yoast SEO plugin. -->","yoast_head_json":{"title":"Consultations - Panevezys County Gabriele Petkevicaite-Bite Public Library","robots":{"index":"index","follow":"follow","max-snippet":"max-snippet:-1","max-image-preview":"max-image-preview:large","max-video-preview":"max-video-preview:-1"},"canonical":"https:\/\/www.pavb.lt\/en\/consultations\/","og_locale":"en_US","og_type":"article","og_title":"Consultations - Panevezys County Gabriele Petkevicaite-Bite Public Library","og_description":"How to find your way through the library&#8217;s information resources?&nbsp; Contact the library specialists. Library staff can advise you on various queries regarding information search and help you to: Individual consultations are also carried out. You can receive them by e-mail klausk@pavb.lt Library staff organises specialised trainings on information search: Internet labyrinthsDuring these trainings you..... Read More","og_url":"https:\/\/www.pavb.lt\/en\/consultations\/","og_site_name":"Panevezys County Gabriele Petkevicaite-Bite Public Library","article_modified_time":"2025-02-04T12:25:08+00:00","twitter_card":"summary_large_image","schema":{"@context":"https:\/\/schema.org","@graph":[{"@type":"WebPage","@id":"https:\/\/www.pavb.lt\/en\/consultations\/","url":"https:\/\/www.pavb.lt\/en\/consultations\/","name":"Consultations - Panevezys County Gabriele Petkevicaite-Bite Public Library","isPartOf":{"@id":"https:\/\/www.pavb.lt\/en\/#website"},"datePublished":"2020-07-01T06:29:56+00:00","dateModified":"2025-02-04T12:25:08+00:00","breadcrumb":{"@id":"https:\/\/www.pavb.lt\/en\/consultations\/#breadcrumb"},"inLanguage":"en-US","potentialAction":[{"@type":"ReadAction","target":["https:\/\/www.pavb.lt\/en\/consultations\/"]}]},{"@type":"BreadcrumbList","@id":"https:\/\/www.pavb.lt\/en\/consultations\/#breadcrumb","itemListElement":[{"@type":"ListItem","position":1,"name":"Home","item":"https:\/\/www.pavb.lt\/en\/"},{"@type":"ListItem","position":2,"name":"Consultations"}]},{"@type":"WebSite","@id":"https:\/\/www.pavb.lt\/en\/#website","url":"https:\/\/www.pavb.lt\/en\/","name":"Panevezys County Gabriele Petkevicaite-Bite Public Library","description":"Here is your Library!","publisher":{"@id":"https:\/\/www.pavb.lt\/en\/#organization"},"potentialAction":[{"@type":"SearchAction","target":{"@type":"EntryPoint","urlTemplate":"https:\/\/www.pavb.lt\/en\/?s={search_term_string}"},"query-input":{"@type":"PropertyValueSpecification","valueRequired":true,"valueName":"search_term_string"}}],"inLanguage":"en-US"},{"@type":"Organization","@id":"https:\/\/www.pavb.lt\/en\/#organization","name":"Panev\u0117\u017eio apskrities Gabriel\u0117s Petkevi\u010dait\u0117s-Bit\u0117s vie\u0161oji biblioteka","url":"https:\/\/www.pavb.lt\/en\/","logo":{"@type":"ImageObject","inLanguage":"en-US","@id":"https:\/\/www.pavb.lt\/en\/#\/schema\/logo\/image\/","url":"https:\/\/www.pavb.lt\/wp-content\/uploads\/2017\/11\/pavb-logo.png","contentUrl":"https:\/\/www.pavb.lt\/wp-content\/uploads\/2017\/11\/pavb-logo.png","width":512,"height":512,"caption":"Panev\u0117\u017eio apskrities Gabriel\u0117s Petkevi\u010dait\u0117s-Bit\u0117s vie\u0161oji biblioteka"},"image":{"@id":"https:\/\/www.pavb.lt\/en\/#\/schema\/logo\/image\/"}}]}},"jetpack_sharing_enabled":true,"_links":{"self":[{"href":"https:\/\/www.pavb.lt\/en\/wp-json\/wp\/v2\/pages\/24112","targetHints":{"allow":["GET"]}}],"collection":[{"href":"https:\/\/www.pavb.lt\/en\/wp-json\/wp\/v2\/pages"}],"about":[{"href":"https:\/\/www.pavb.lt\/en\/wp-json\/wp\/v2\/types\/page"}],"author":[{"embeddable":true,"href":"https:\/\/www.pavb.lt\/en\/wp-json\/wp\/v2\/users\/3"}],"replies":[{"embeddable":true,"href":"https:\/\/www.pavb.lt\/en\/wp-json\/wp\/v2\/comments?post=24112"}],"version-history":[{"count":0,"href":"https:\/\/www.pavb.lt\/en\/wp-json\/wp\/v2\/pages\/24112\/revisions"}],"wp:attachment":[{"href":"https:\/\/www.pavb.lt\/en\/wp-json\/wp\/v2\/media?parent=24112"}],"curies":[{"name":"wp","href":"https:\/\/api.w.org\/{rel}","templated":true}]}}