{"id":24083,"date":"2019-03-04T16:20:04","date_gmt":"2019-03-04T14:20:04","guid":{"rendered":"https:\/\/www.pavb.lt\/?page_id=24083"},"modified":"2024-02-20T16:36:15","modified_gmt":"2024-02-20T14:36:15","slug":"municipal-public-libraries-of-panevezys-region","status":"publish","type":"page","link":"https:\/\/www.pavb.lt\/en\/region\/about-panevezys-region\/municipal-public-libraries-of-panevezys-region\/","title":{"rendered":"Municipal public libraries of Panev\u0117\u017eys Region"},"content":{"rendered":"\n<h3 class=\"wp-block-heading\"><strong>Municipal public libraries of Panev\u0117\u017eys Region<\/strong><\/h3>\n\n\n\n<p>Panev\u0117\u017eys County Gabriel\u0117 Petkevi\u010dait\u0117-Bit\u0117 Public Library works in the area designated by the Ministry of Culture. It&nbsp;is the centre of library research, coordination, and methodological assistance among all public libraries (except academic) of Panev\u0117\u017eys and Utena regions. The library aims to develop professional competencies of library specialists, coordinates interlibrary loan services, and the services of bibliography, ethnography, and information.<\/p>\n\n\n\n<p>On January 1st, 2007 the rights to govern activities of Panev\u0117\u017eys County Gabriel\u0117 Petkevi\u010dait\u0117-Bit\u0117 Public Library were taken from The Ministry of Culture of the Republic of Lithuania and were appointed to Panev\u0117\u017eys County administration. Since July 1st, 2010 the rights and obligations of library ownership are implemented by The Ministry of Culture of the Republic of Lithuania.<\/p>\n\n\n\n<p>On June 29th, 2010 The Order of the Minister of Culture of the Republic of Lithuania \u012eV-372 \u2018D\u0117l apskri\u010di\u0173 vie\u0161\u0173j\u0173 bibliotek\u0173 veiklos teritorij\u0173\u2019&nbsp;was issued. Panev\u0117\u017eys County Gabriel\u0117 Petkevi\u010dait\u0117-Bit\u0117 Public Library was assigned with a new work area in Panev\u0117\u017eys and Utena regions.<\/p>\n\n\n\n<h3 class=\"wp-block-heading\"><strong>About Panev\u0117\u017eys County<\/strong><strong><\/strong><\/h3>\n\n\n\n<p>Panev\u0117\u017eys County is one of the oldest administrative units of Lithuania known since the establishment of the Lithuanian state. In historical sources issued in 1254 it is mentioned as the Land of Upyt\u0117.<\/p>\n\n\n\n<p>The county consists of the municipalities of Panev\u0117\u017eys and its district, and the municipalities of the districts of Bir\u017eai, Kupi\u0161kis, Pasvalys, and Roki\u0161kis.<\/p>\n\n\n\n<p>Population: 295 000 (5th place in Lithuania)<\/p>\n\n\n\n<p>Area: 7881 sq. metres (4th place in Lithuania)<\/p>\n\n\n\n<h3 class=\"wp-block-heading\">About Utena County<\/h3>\n\n\n\n<p>In 1919, Utena County was established as one of the counties of the independent Lithuania. This district is a region of highlands, hills, and dense forests. It is known for having the most lakes. There are 1002 lakes in the region.<\/p>\n\n\n\n<p>The county consists of the municipality of Visaginas city, and municipalities of the districts of Anyk\u0161\u010diai, Ignalina, Mol\u0117tai, Utena, and Zarasai.<\/p>\n\n\n\n<p>Population: 172 500 (8th place in Lithuania)<\/p>\n\n\n\n<p>Area: 7201 sq. metres (5th place in Lithuania)<\/p>\n\n\n\n<h3 class=\"wp-block-heading\">Libraries of Panev\u0117\u017eys County<\/h3>\n\n\n\n<table style=\"border-collapse: collapse; width: 100%; height: 354px;\">\n<tbody>\n<tr style=\"height: 148px;\">\n<td style=\"width: 272px; height: 148px;\"><strong>Bir\u017eai District Municipality Public Library<\/strong><br>J. Radvilos g. 3<br>41175 Bir\u017eai<br><a href=\"http:\/\/www.birzai.rvb.lt\/lt\/\" target=\"_blank\" rel=\"noopener\">www.birzai.rvb.lt<\/a><\/td>\n<td style=\"width: 50%; height: 148px;\"><strong>Kupi\u0161kis District Municipality Public Library<\/strong> <br>&nbsp;Krantin\u0117s g. 24<br>40117 Kupi\u0161kis<br><a href=\"http:\/\/www.kupiskis.rvb.lt\/\" target=\"_blank\" rel=\"noopener\">www.kupiskis.rvb.lt<\/a><\/td>\n<\/tr>\n<tr style=\"height: 103px;\">\n<td style=\"width: 50%; height: 103px;\"><strong>Panev\u0117\u017eys City Municipality Elena Mezginaite Public Library<\/strong><br>Topoli\u0173 al. 12<br>36010 Panev\u0117\u017eys<br><a href=\"http:\/\/www.panbiblioteka.lt\/\" target=\"_blank\" rel=\"noopener\">www.panbiblioteka.lt<\/a><\/td>\n<td style=\"width: 50%; height: 103px;\"><strong>Panev\u0117\u017eys District Municipality Public Library<\/strong><br>Ber\u017e\u0173 str. 50<br>36145 Panev\u0117\u017eys<br><a href=\"http:\/\/www.panrbiblioteka.lt\/\" target=\"_blank\" rel=\"noopener\">www.panrbiblioteka.lt<\/a><\/td>\n<\/tr>\n<tr style=\"height: 103px;\">\n<td style=\"width: 50%; height: 103px;\"><strong>Pasvalys Marius Katili\u0161kis Public Library<\/strong><br>Vytauto Did\u017eiojo a. 6\/1<br>39149 Pasvalys<br><a href=\"http:\/\/www.psvb.lt\/\" target=\"_blank\" rel=\"noopener\">www.psvb.lt<\/a><\/td>\n<td style=\"width: 50%; height: 103px;\"><strong>Roki\u0161kis District Municipality Juozas Keliuotis Public Library<\/strong><br>Kauno g. 7<br>52115 Roki\u0161kis<br><a href=\"http:\/\/www.rokiskis.rvb.lt\/\" target=\"_blank\" rel=\"noopener\">www.rokiskis.rvb.lt<\/a><\/td>\n<\/tr>\n<\/tbody>\n<\/table>\n\n\n\n<h3 class=\"wp-block-heading\">Libraries of Utena County<\/h3>\n\n\n\n<table style=\"border-collapse: collapse; width: 100%; height: 194px;\">\n<tbody>\n<tr style=\"height: 148px;\">\n<td style=\"width: 272px; height: 148px;\"><strong>Anyk\u0161\u010diai District Municipality<\/strong><br \/><strong>Liudvika and Stanislovas Did\u017eiuliai Public Library<\/strong><br \/>Vyskupo skveras 1<br \/>29145 Anyk\u0161\u010diai<br \/><a href=\"http:\/\/www.anyksciuvb.lt\/\" target=\"_blank\" rel=\"noopener\">www.anyksciuvb.lt<\/a><\/td>\n<td style=\"width: 50%; height: 148px;\"><strong>Ignalina District Municipality Public Library<\/strong><br \/>Atgimimo g. 20\/1<br \/>30113 Ignalina<br \/><a href=\"http:\/\/www.ignalinosvb.lt\/\" target=\"_blank\" rel=\"noopener\">www.ignalinosvb.lt<\/a><\/td>\n<\/tr>\n<tr style=\"height: 23px;\">\n<td style=\"width: 50%; height: 23px;\"><strong>Mol\u0117tai District Municipality Public Library<\/strong><br \/>Inturk\u0117s g. 4<br \/>33141 Mol\u0117tai<br \/><a href=\"https:\/\/moletai.rvb.lt\/\" target=\"_blank\" rel=\"noopener\">www.moletai.rvb.lt<\/a><\/td>\n<td style=\"width: 50%; height: 23px;\"><strong>Utena A. and M. Mi\u0161kiniai Public Library<\/strong><br \/>Maironio g. 12<br \/>28143 Utena<br \/><a href=\"http:\/\/www.uvb.lt\/\" target=\"_blank\" rel=\"noopener\">www.uvb.lt<\/a><\/td>\n<\/tr>\n<tr style=\"height: 23px;\">\n<td style=\"width: 50%; height: 23px;\"><strong>Visaginas Public Library<\/strong><br \/><strong>Taikos pr. 52<\/strong><br \/>31203 Visaginas<br \/><a href=\"https:\/\/www.visaginobiblioteka.lt\/\">www.visaginobiblioteka.lt\/<\/a><\/td>\n<td style=\"width: 50%; height: 23px;\"><strong>Zarasai District Municipality Public Library<\/strong><br \/>D. Bukonto g. 20\/1<br \/>32132 Zarasai<br \/><a href=\"http:\/\/www.zarasubiblioteka.lt\/\" target=\"_blank\" rel=\"noopener\">www.zarasubiblioteka.lt<\/a><\/td>\n<\/tr>\n<\/tbody>\n<\/table>\n\n\n\n<p><\/p>\n","protected":false},"excerpt":{"rendered":"<p>Municipal public libraries of Panev\u0117\u017eys Region Panev\u0117\u017eys County Gabriel\u0117 Petkevi\u010dait\u0117-Bit\u0117 Public Library works in the area designated by the Ministry of Culture. It&nbsp;is the centre of library research, coordination, and methodological assistance among all public libraries (except academic) of Panev\u0117\u017eys and Utena regions. The library aims to develop professional competencies of library specialists, coordinates interlibrary&#8230;.. <a class=\"moretag\" href=\"https:\/\/www.pavb.lt\/en\/region\/about-panevezys-region\/municipal-public-libraries-of-panevezys-region\/\">Read More<\/a><\/p>\n","protected":false},"author":1,"featured_media":0,"parent":24079,"menu_order":0,"comment_status":"closed","ping_status":"closed","template":"","meta":{"_acf_changed":false,"footnotes":""},"class_list":["post-24083","page","type-page","status-publish","hentry"],"acf":[],"yoast_head":"<!-- This site is optimized with the Yoast SEO plugin v27.3 - https:\/\/yoast.com\/product\/yoast-seo-wordpress\/ -->\n<title>Municipal public libraries of Panev\u0117\u017eys Region - Panevezys County Gabriele Petkevicaite-Bite Public Library<\/title>\n<meta name=\"description\" content=\"Panev\u0117\u017eys County Gabriel\u0117 Petkevi\u010dait\u0117-Bit\u0117 Public Library works in the area designated by the Ministry of Culture. It is the centre of library research, coordination, and methodological assistance.\" \/>\n<meta name=\"robots\" content=\"index, follow, max-snippet:-1, max-image-preview:large, max-video-preview:-1\" \/>\n<link rel=\"canonical\" href=\"https:\/\/www.pavb.lt\/en\/region\/about-panevezys-region\/municipal-public-libraries-of-panevezys-region\/\" \/>\n<meta property=\"og:locale\" content=\"en_US\" \/>\n<meta property=\"og:type\" content=\"article\" \/>\n<meta property=\"og:title\" content=\"Municipal public libraries of Panev\u0117\u017eys Region - Panevezys County Gabriele Petkevicaite-Bite Public Library\" \/>\n<meta property=\"og:description\" content=\"Panev\u0117\u017eys County Gabriel\u0117 Petkevi\u010dait\u0117-Bit\u0117 Public Library works in the area designated by the Ministry of Culture. It is the centre of library research, coordination, and methodological assistance.\" \/>\n<meta property=\"og:url\" content=\"https:\/\/www.pavb.lt\/en\/region\/about-panevezys-region\/municipal-public-libraries-of-panevezys-region\/\" \/>\n<meta property=\"og:site_name\" content=\"Panevezys County Gabriele Petkevicaite-Bite Public Library\" \/>\n<meta property=\"article:modified_time\" content=\"2024-02-20T14:36:15+00:00\" \/>\n<meta name=\"twitter:card\" content=\"summary_large_image\" \/>\n<script type=\"application\/ld+json\" class=\"yoast-schema-graph\">{\"@context\":\"https:\\\/\\\/schema.org\",\"@graph\":[{\"@type\":\"WebPage\",\"@id\":\"https:\\\/\\\/www.pavb.lt\\\/en\\\/region\\\/about-panevezys-region\\\/municipal-public-libraries-of-panevezys-region\\\/\",\"url\":\"https:\\\/\\\/www.pavb.lt\\\/en\\\/region\\\/about-panevezys-region\\\/municipal-public-libraries-of-panevezys-region\\\/\",\"name\":\"Municipal public libraries of Panev\u0117\u017eys Region - Panevezys County Gabriele Petkevicaite-Bite Public Library\",\"isPartOf\":{\"@id\":\"https:\\\/\\\/www.pavb.lt\\\/en\\\/#website\"},\"datePublished\":\"2019-03-04T14:20:04+00:00\",\"dateModified\":\"2024-02-20T14:36:15+00:00\",\"description\":\"Panev\u0117\u017eys County Gabriel\u0117 Petkevi\u010dait\u0117-Bit\u0117 Public Library works in the area designated by the Ministry of Culture. It is the centre of library research, coordination, and methodological assistance.\",\"breadcrumb\":{\"@id\":\"https:\\\/\\\/www.pavb.lt\\\/en\\\/region\\\/about-panevezys-region\\\/municipal-public-libraries-of-panevezys-region\\\/#breadcrumb\"},\"inLanguage\":\"en-US\",\"potentialAction\":[{\"@type\":\"ReadAction\",\"target\":[\"https:\\\/\\\/www.pavb.lt\\\/en\\\/region\\\/about-panevezys-region\\\/municipal-public-libraries-of-panevezys-region\\\/\"]}]},{\"@type\":\"BreadcrumbList\",\"@id\":\"https:\\\/\\\/www.pavb.lt\\\/en\\\/region\\\/about-panevezys-region\\\/municipal-public-libraries-of-panevezys-region\\\/#breadcrumb\",\"itemListElement\":[{\"@type\":\"ListItem\",\"position\":1,\"name\":\"Home\",\"item\":\"https:\\\/\\\/www.pavb.lt\\\/en\\\/\"},{\"@type\":\"ListItem\",\"position\":2,\"name\":\"Region\",\"item\":\"https:\\\/\\\/www.pavb.lt\\\/en\\\/region\\\/\"},{\"@type\":\"ListItem\",\"position\":3,\"name\":\"About Panev\u0117\u017eys region\",\"item\":\"https:\\\/\\\/www.pavb.lt\\\/en\\\/region\\\/about-panevezys-region\\\/\"},{\"@type\":\"ListItem\",\"position\":4,\"name\":\"Municipal public libraries of Panev\u0117\u017eys Region\"}]},{\"@type\":\"WebSite\",\"@id\":\"https:\\\/\\\/www.pavb.lt\\\/en\\\/#website\",\"url\":\"https:\\\/\\\/www.pavb.lt\\\/en\\\/\",\"name\":\"Panevezys County Gabriele Petkevicaite-Bite Public Library\",\"description\":\"Here is your Library!\",\"publisher\":{\"@id\":\"https:\\\/\\\/www.pavb.lt\\\/en\\\/#organization\"},\"potentialAction\":[{\"@type\":\"SearchAction\",\"target\":{\"@type\":\"EntryPoint\",\"urlTemplate\":\"https:\\\/\\\/www.pavb.lt\\\/en\\\/?s={search_term_string}\"},\"query-input\":{\"@type\":\"PropertyValueSpecification\",\"valueRequired\":true,\"valueName\":\"search_term_string\"}}],\"inLanguage\":\"en-US\"},{\"@type\":\"Organization\",\"@id\":\"https:\\\/\\\/www.pavb.lt\\\/en\\\/#organization\",\"name\":\"Panev\u0117\u017eio apskrities Gabriel\u0117s Petkevi\u010dait\u0117s-Bit\u0117s vie\u0161oji biblioteka\",\"url\":\"https:\\\/\\\/www.pavb.lt\\\/en\\\/\",\"logo\":{\"@type\":\"ImageObject\",\"inLanguage\":\"en-US\",\"@id\":\"https:\\\/\\\/www.pavb.lt\\\/en\\\/#\\\/schema\\\/logo\\\/image\\\/\",\"url\":\"https:\\\/\\\/www.pavb.lt\\\/wp-content\\\/uploads\\\/2017\\\/11\\\/pavb-logo.png\",\"contentUrl\":\"https:\\\/\\\/www.pavb.lt\\\/wp-content\\\/uploads\\\/2017\\\/11\\\/pavb-logo.png\",\"width\":512,\"height\":512,\"caption\":\"Panev\u0117\u017eio apskrities Gabriel\u0117s Petkevi\u010dait\u0117s-Bit\u0117s vie\u0161oji biblioteka\"},\"image\":{\"@id\":\"https:\\\/\\\/www.pavb.lt\\\/en\\\/#\\\/schema\\\/logo\\\/image\\\/\"}}]}<\/script>\n<!-- \/ Yoast SEO plugin. -->","yoast_head_json":{"title":"Municipal public libraries of Panev\u0117\u017eys Region - Panevezys County Gabriele Petkevicaite-Bite Public Library","description":"Panev\u0117\u017eys County Gabriel\u0117 Petkevi\u010dait\u0117-Bit\u0117 Public Library works in the area designated by the Ministry of Culture. It is the centre of library research, coordination, and methodological assistance.","robots":{"index":"index","follow":"follow","max-snippet":"max-snippet:-1","max-image-preview":"max-image-preview:large","max-video-preview":"max-video-preview:-1"},"canonical":"https:\/\/www.pavb.lt\/en\/region\/about-panevezys-region\/municipal-public-libraries-of-panevezys-region\/","og_locale":"en_US","og_type":"article","og_title":"Municipal public libraries of Panev\u0117\u017eys Region - Panevezys County Gabriele Petkevicaite-Bite Public Library","og_description":"Panev\u0117\u017eys County Gabriel\u0117 Petkevi\u010dait\u0117-Bit\u0117 Public Library works in the area designated by the Ministry of Culture. It is the centre of library research, coordination, and methodological assistance.","og_url":"https:\/\/www.pavb.lt\/en\/region\/about-panevezys-region\/municipal-public-libraries-of-panevezys-region\/","og_site_name":"Panevezys County Gabriele Petkevicaite-Bite Public Library","article_modified_time":"2024-02-20T14:36:15+00:00","twitter_card":"summary_large_image","schema":{"@context":"https:\/\/schema.org","@graph":[{"@type":"WebPage","@id":"https:\/\/www.pavb.lt\/en\/region\/about-panevezys-region\/municipal-public-libraries-of-panevezys-region\/","url":"https:\/\/www.pavb.lt\/en\/region\/about-panevezys-region\/municipal-public-libraries-of-panevezys-region\/","name":"Municipal public libraries of Panev\u0117\u017eys Region - Panevezys County Gabriele Petkevicaite-Bite Public Library","isPartOf":{"@id":"https:\/\/www.pavb.lt\/en\/#website"},"datePublished":"2019-03-04T14:20:04+00:00","dateModified":"2024-02-20T14:36:15+00:00","description":"Panev\u0117\u017eys County Gabriel\u0117 Petkevi\u010dait\u0117-Bit\u0117 Public Library works in the area designated by the Ministry of Culture. It is the centre of library research, coordination, and methodological assistance.","breadcrumb":{"@id":"https:\/\/www.pavb.lt\/en\/region\/about-panevezys-region\/municipal-public-libraries-of-panevezys-region\/#breadcrumb"},"inLanguage":"en-US","potentialAction":[{"@type":"ReadAction","target":["https:\/\/www.pavb.lt\/en\/region\/about-panevezys-region\/municipal-public-libraries-of-panevezys-region\/"]}]},{"@type":"BreadcrumbList","@id":"https:\/\/www.pavb.lt\/en\/region\/about-panevezys-region\/municipal-public-libraries-of-panevezys-region\/#breadcrumb","itemListElement":[{"@type":"ListItem","position":1,"name":"Home","item":"https:\/\/www.pavb.lt\/en\/"},{"@type":"ListItem","position":2,"name":"Region","item":"https:\/\/www.pavb.lt\/en\/region\/"},{"@type":"ListItem","position":3,"name":"About Panev\u0117\u017eys region","item":"https:\/\/www.pavb.lt\/en\/region\/about-panevezys-region\/"},{"@type":"ListItem","position":4,"name":"Municipal public libraries of Panev\u0117\u017eys Region"}]},{"@type":"WebSite","@id":"https:\/\/www.pavb.lt\/en\/#website","url":"https:\/\/www.pavb.lt\/en\/","name":"Panevezys County Gabriele Petkevicaite-Bite Public Library","description":"Here is your Library!","publisher":{"@id":"https:\/\/www.pavb.lt\/en\/#organization"},"potentialAction":[{"@type":"SearchAction","target":{"@type":"EntryPoint","urlTemplate":"https:\/\/www.pavb.lt\/en\/?s={search_term_string}"},"query-input":{"@type":"PropertyValueSpecification","valueRequired":true,"valueName":"search_term_string"}}],"inLanguage":"en-US"},{"@type":"Organization","@id":"https:\/\/www.pavb.lt\/en\/#organization","name":"Panev\u0117\u017eio apskrities Gabriel\u0117s Petkevi\u010dait\u0117s-Bit\u0117s vie\u0161oji biblioteka","url":"https:\/\/www.pavb.lt\/en\/","logo":{"@type":"ImageObject","inLanguage":"en-US","@id":"https:\/\/www.pavb.lt\/en\/#\/schema\/logo\/image\/","url":"https:\/\/www.pavb.lt\/wp-content\/uploads\/2017\/11\/pavb-logo.png","contentUrl":"https:\/\/www.pavb.lt\/wp-content\/uploads\/2017\/11\/pavb-logo.png","width":512,"height":512,"caption":"Panev\u0117\u017eio apskrities Gabriel\u0117s Petkevi\u010dait\u0117s-Bit\u0117s vie\u0161oji biblioteka"},"image":{"@id":"https:\/\/www.pavb.lt\/en\/#\/schema\/logo\/image\/"}}]}},"jetpack_sharing_enabled":true,"_links":{"self":[{"href":"https:\/\/www.pavb.lt\/en\/wp-json\/wp\/v2\/pages\/24083","targetHints":{"allow":["GET"]}}],"collection":[{"href":"https:\/\/www.pavb.lt\/en\/wp-json\/wp\/v2\/pages"}],"about":[{"href":"https:\/\/www.pavb.lt\/en\/wp-json\/wp\/v2\/types\/page"}],"author":[{"embeddable":true,"href":"https:\/\/www.pavb.lt\/en\/wp-json\/wp\/v2\/users\/1"}],"replies":[{"embeddable":true,"href":"https:\/\/www.pavb.lt\/en\/wp-json\/wp\/v2\/comments?post=24083"}],"version-history":[{"count":0,"href":"https:\/\/www.pavb.lt\/en\/wp-json\/wp\/v2\/pages\/24083\/revisions"}],"up":[{"embeddable":true,"href":"https:\/\/www.pavb.lt\/en\/wp-json\/wp\/v2\/pages\/24079"}],"wp:attachment":[{"href":"https:\/\/www.pavb.lt\/en\/wp-json\/wp\/v2\/media?parent=24083"}],"curies":[{"name":"wp","href":"https:\/\/api.w.org\/{rel}","templated":true}]}}