{"id":22817,"date":"2019-04-16T16:04:22","date_gmt":"2019-04-16T13:04:22","guid":{"rendered":"https:\/\/www.pavb.lt\/?page_id=22817"},"modified":"2025-02-04T14:38:32","modified_gmt":"2025-02-04T12:38:32","slug":"ordering-and-borrowing-of-publications","status":"publish","type":"page","link":"https:\/\/www.pavb.lt\/en\/services\/for-visitors\/ordering-and-borrowing-of-publications\/","title":{"rendered":"Ordering and borrowing of publications"},"content":{"rendered":"\n<p><strong>When a reader logs in to the electronic catalogue, it is suggested to change the password provided by the library employee. This action is suggested, but not obligatory. Even without changing the password in the www directory, its functionality can still be used, e.g. for searching, ordering documents, etc.<\/strong><\/p>\n\n\n\n<p><strong>Ordering of publications<\/strong><\/p>\n\n\n\n<p>You can order publications from the library via the electronic catalogue online or through the library&#8217;s local network. Publications are ordered at the Storage, Lending Department and Regional Heritage Dissemination Department.<\/p>\n\n\n\n<ul class=\"wp-block-list\">\n<li>Publications ordered at the Lending Department and the Storage are to be picked up at the Lending Department.<\/li>\n\n\n\n<li>Publications ordered at the Regional Heritage Dissemination Department are to be picked up at the same department.<\/li>\n\n\n\n<li>You can check the information about the ordered publications in your <a href=\"https:\/\/ibiblioteka.lt\/metis\/\" target=\"_blank\" rel=\"noreferrer noopener\">electronic account<\/a>. Enter the Reader Pass number. Password \u2013 your last name in Lithuanian characters.<\/li>\n\n\n\n<li>Publications from the open-source reading rooms cannot be ordered.<\/li>\n<\/ul>\n\n\n\n<p><strong>Issuance of publications<\/strong><\/p>\n\n\n\n<p>All registered users of the library can borrow and take publications home.<\/p>\n\n\n\n<p>Publications for home use are issued:<\/p>\n\n\n\n<ul class=\"wp-block-list\">\n<li>At the Lending Department (Respublikos 14),<\/li>\n\n\n\n<li>At the Department of cultural education for children and youth (Auk\u0161tai\u010di\u0173 4C\u20132),<\/li>\n\n\n\n<li>At the Arts Reading Room (Respublikos g. 14).<\/li>\n<\/ul>\n\n\n\n<p><strong>Reservation of publications<\/strong><\/p>\n\n\n\n<p>If all copies of the publication are unavailable, you can reserve it via the library\u2019s electronic catalogue or by making an oral request to the librarian. You can reserve publications at the Lending Department (Respublikos 14) and at the Department of cultural education for children and youth (Auk\u0161tai\u010di\u0173 4C\u20132 ).<\/p>\n\n\n\n<p><strong>Borrowing terms for publications<\/strong><\/p>\n\n\n\n<p>You can borrow up to 30 publications for 30 days for home use.<\/p>\n\n\n\n<p>Newly received and in-demand publications may have shorter deadlines.<\/p>\n\n\n\n<p>At the request of the reader, the borrowing period of publications may be extended twice, unless the publication is requested by other readers. The deadline for the return of documents is extended at the request of the reader in the library, via the online library catalogue, by phone or by e-mail:<\/p>\n\n\n\n<ul class=\"wp-block-list\">\n<li>Lending Department, phone number (0 45) 46 54 97, e-mail <a href=\"mailto:abonementas@pavb.lt\">abonementas@pavb.lt<\/a><\/li>\n\n\n\n<li>Department of cultural education for children and youth, phone number (0 45) 43 56 77, e-mail <a href=\"mailto:vaikai@pavb.lt\">vaikai@pavb.lt<\/a><\/li>\n\n\n\n<li>Storage, phone number (0 45) 46 55 54, e-mail <a href=\"mailto:saugykla@pavb.lt\">saugykla@pavb.lt<\/a><\/li>\n\n\n\n<li>Arts Reading Room, phone number (0 45) 46 55 52, e-mail <a href=\"mailto:muzika@pavb.lt\">muzika@pavb.lt<\/a><\/li>\n<\/ul>\n\n\n\n<p>Information on read, reserved publications and their return deadlines can be checked in your <a href=\"https:\/\/ibiblioteka.lt\/metis\/\" target=\"_blank\" rel=\"noreferrer noopener\">electronic account.<\/a><\/p>\n\n\n\n<p><strong>The following publications are not lent for home use:<\/strong><\/p>\n\n\n\n<ul class=\"wp-block-list\">\n<li>rare publications<\/li>\n\n\n\n<li>encyclopaedias<\/li>\n\n\n\n<li>dictionaries<\/li>\n\n\n\n<li>books with autographs<\/li>\n\n\n\n<li>serial and periodical publications<\/li>\n\n\n\n<li>manuscripts<\/li>\n\n\n\n<li>micro copies<\/li>\n\n\n\n<li>visuals<\/li>\n\n\n\n<li>cartographies<\/li>\n\n\n\n<li>audio-visual documents<\/li>\n\n\n\n<li>single copies (excluding fiction)<\/li>\n\n\n\n<li>documents issued before 1946.<\/li>\n<\/ul>\n\n\n\n<p>&nbsp;We invite you to use these publications in the Library Reading Rooms.<\/p>\n\n\n\n<p><strong>Penalties<\/strong><\/p>\n\n\n\n<p>Failure to return the documents within the set time will result in a charge of 3 Euro cents for each delayed library workday and each document, as determined by the Order of the Director of the Library.<\/p>\n\n\n\n<p>If the request for return of the document was sent by post, the reader will have to pay the postage costs for each request sent.<\/p>\n\n\n\n<p>For more information on borrowing of publications, call (0 45) 46 57 67 or contact us via e-mail <a href=\"mailto:klausk@pavb.lt\">klausk@pavb.lt<\/a><\/p>\n","protected":false},"excerpt":{"rendered":"<p>When a reader logs in to the electronic catalogue, it is suggested to change the password provided by the library employee. This action is suggested, but not obligatory. Even without changing the password in the www directory, its functionality can still be used, e.g. for searching, ordering documents, etc. Ordering of publications You can order&#8230;.. <a class=\"moretag\" href=\"https:\/\/www.pavb.lt\/en\/services\/for-visitors\/ordering-and-borrowing-of-publications\/\">Read More<\/a><\/p>\n","protected":false},"author":3,"featured_media":0,"parent":5647,"menu_order":2,"comment_status":"closed","ping_status":"closed","template":"","meta":{"_acf_changed":false,"footnotes":""},"class_list":["post-22817","page","type-page","status-publish","hentry"],"acf":[],"yoast_head":"<!-- This site is optimized with the Yoast SEO plugin v27.3 - https:\/\/yoast.com\/product\/yoast-seo-wordpress\/ -->\n<title>Ordering and borrowing of publications - Panevezys County Gabriele Petkevicaite-Bite Public Library<\/title>\n<meta name=\"robots\" content=\"index, follow, max-snippet:-1, max-image-preview:large, max-video-preview:-1\" \/>\n<link rel=\"canonical\" href=\"https:\/\/www.pavb.lt\/en\/services\/for-visitors\/ordering-and-borrowing-of-publications\/\" \/>\n<meta property=\"og:locale\" content=\"en_US\" \/>\n<meta property=\"og:type\" content=\"article\" \/>\n<meta property=\"og:title\" content=\"Ordering and borrowing of publications - Panevezys County Gabriele Petkevicaite-Bite Public Library\" \/>\n<meta property=\"og:description\" content=\"When a reader logs in to the electronic catalogue, it is suggested to change the password provided by the library employee. This action is suggested, but not obligatory. Even without changing the password in the www directory, its functionality can still be used, e.g. for searching, ordering documents, etc. Ordering of publications You can order..... Read More\" \/>\n<meta property=\"og:url\" content=\"https:\/\/www.pavb.lt\/en\/services\/for-visitors\/ordering-and-borrowing-of-publications\/\" \/>\n<meta property=\"og:site_name\" content=\"Panevezys County Gabriele Petkevicaite-Bite Public Library\" \/>\n<meta property=\"article:modified_time\" content=\"2025-02-04T12:38:32+00:00\" \/>\n<meta name=\"twitter:card\" content=\"summary_large_image\" \/>\n<script type=\"application\/ld+json\" class=\"yoast-schema-graph\">{\"@context\":\"https:\\\/\\\/schema.org\",\"@graph\":[{\"@type\":\"WebPage\",\"@id\":\"https:\\\/\\\/www.pavb.lt\\\/en\\\/services\\\/for-visitors\\\/ordering-and-borrowing-of-publications\\\/\",\"url\":\"https:\\\/\\\/www.pavb.lt\\\/en\\\/services\\\/for-visitors\\\/ordering-and-borrowing-of-publications\\\/\",\"name\":\"Ordering and borrowing of publications - Panevezys County Gabriele Petkevicaite-Bite Public Library\",\"isPartOf\":{\"@id\":\"https:\\\/\\\/www.pavb.lt\\\/en\\\/#website\"},\"datePublished\":\"2019-04-16T13:04:22+00:00\",\"dateModified\":\"2025-02-04T12:38:32+00:00\",\"breadcrumb\":{\"@id\":\"https:\\\/\\\/www.pavb.lt\\\/en\\\/services\\\/for-visitors\\\/ordering-and-borrowing-of-publications\\\/#breadcrumb\"},\"inLanguage\":\"en-US\",\"potentialAction\":[{\"@type\":\"ReadAction\",\"target\":[\"https:\\\/\\\/www.pavb.lt\\\/en\\\/services\\\/for-visitors\\\/ordering-and-borrowing-of-publications\\\/\"]}]},{\"@type\":\"BreadcrumbList\",\"@id\":\"https:\\\/\\\/www.pavb.lt\\\/en\\\/services\\\/for-visitors\\\/ordering-and-borrowing-of-publications\\\/#breadcrumb\",\"itemListElement\":[{\"@type\":\"ListItem\",\"position\":1,\"name\":\"Home\",\"item\":\"https:\\\/\\\/www.pavb.lt\\\/en\\\/\"},{\"@type\":\"ListItem\",\"position\":2,\"name\":\"Services\",\"item\":\"https:\\\/\\\/www.pavb.lt\\\/en\\\/services\\\/\"},{\"@type\":\"ListItem\",\"position\":3,\"name\":\"For Visitors\",\"item\":\"https:\\\/\\\/www.pavb.lt\\\/en\\\/services\\\/for-visitors\\\/\"},{\"@type\":\"ListItem\",\"position\":4,\"name\":\"Ordering and borrowing of publications\"}]},{\"@type\":\"WebSite\",\"@id\":\"https:\\\/\\\/www.pavb.lt\\\/en\\\/#website\",\"url\":\"https:\\\/\\\/www.pavb.lt\\\/en\\\/\",\"name\":\"Panevezys County Gabriele Petkevicaite-Bite Public Library\",\"description\":\"Here is your Library!\",\"publisher\":{\"@id\":\"https:\\\/\\\/www.pavb.lt\\\/en\\\/#organization\"},\"potentialAction\":[{\"@type\":\"SearchAction\",\"target\":{\"@type\":\"EntryPoint\",\"urlTemplate\":\"https:\\\/\\\/www.pavb.lt\\\/en\\\/?s={search_term_string}\"},\"query-input\":{\"@type\":\"PropertyValueSpecification\",\"valueRequired\":true,\"valueName\":\"search_term_string\"}}],\"inLanguage\":\"en-US\"},{\"@type\":\"Organization\",\"@id\":\"https:\\\/\\\/www.pavb.lt\\\/en\\\/#organization\",\"name\":\"Panev\u0117\u017eio apskrities Gabriel\u0117s Petkevi\u010dait\u0117s-Bit\u0117s vie\u0161oji biblioteka\",\"url\":\"https:\\\/\\\/www.pavb.lt\\\/en\\\/\",\"logo\":{\"@type\":\"ImageObject\",\"inLanguage\":\"en-US\",\"@id\":\"https:\\\/\\\/www.pavb.lt\\\/en\\\/#\\\/schema\\\/logo\\\/image\\\/\",\"url\":\"https:\\\/\\\/www.pavb.lt\\\/wp-content\\\/uploads\\\/2017\\\/11\\\/pavb-logo.png\",\"contentUrl\":\"https:\\\/\\\/www.pavb.lt\\\/wp-content\\\/uploads\\\/2017\\\/11\\\/pavb-logo.png\",\"width\":512,\"height\":512,\"caption\":\"Panev\u0117\u017eio apskrities Gabriel\u0117s Petkevi\u010dait\u0117s-Bit\u0117s vie\u0161oji biblioteka\"},\"image\":{\"@id\":\"https:\\\/\\\/www.pavb.lt\\\/en\\\/#\\\/schema\\\/logo\\\/image\\\/\"}}]}<\/script>\n<!-- \/ Yoast SEO plugin. -->","yoast_head_json":{"title":"Ordering and borrowing of publications - Panevezys County Gabriele Petkevicaite-Bite Public Library","robots":{"index":"index","follow":"follow","max-snippet":"max-snippet:-1","max-image-preview":"max-image-preview:large","max-video-preview":"max-video-preview:-1"},"canonical":"https:\/\/www.pavb.lt\/en\/services\/for-visitors\/ordering-and-borrowing-of-publications\/","og_locale":"en_US","og_type":"article","og_title":"Ordering and borrowing of publications - Panevezys County Gabriele Petkevicaite-Bite Public Library","og_description":"When a reader logs in to the electronic catalogue, it is suggested to change the password provided by the library employee. This action is suggested, but not obligatory. Even without changing the password in the www directory, its functionality can still be used, e.g. for searching, ordering documents, etc. Ordering of publications You can order..... Read More","og_url":"https:\/\/www.pavb.lt\/en\/services\/for-visitors\/ordering-and-borrowing-of-publications\/","og_site_name":"Panevezys County Gabriele Petkevicaite-Bite Public Library","article_modified_time":"2025-02-04T12:38:32+00:00","twitter_card":"summary_large_image","schema":{"@context":"https:\/\/schema.org","@graph":[{"@type":"WebPage","@id":"https:\/\/www.pavb.lt\/en\/services\/for-visitors\/ordering-and-borrowing-of-publications\/","url":"https:\/\/www.pavb.lt\/en\/services\/for-visitors\/ordering-and-borrowing-of-publications\/","name":"Ordering and borrowing of publications - Panevezys County Gabriele Petkevicaite-Bite Public Library","isPartOf":{"@id":"https:\/\/www.pavb.lt\/en\/#website"},"datePublished":"2019-04-16T13:04:22+00:00","dateModified":"2025-02-04T12:38:32+00:00","breadcrumb":{"@id":"https:\/\/www.pavb.lt\/en\/services\/for-visitors\/ordering-and-borrowing-of-publications\/#breadcrumb"},"inLanguage":"en-US","potentialAction":[{"@type":"ReadAction","target":["https:\/\/www.pavb.lt\/en\/services\/for-visitors\/ordering-and-borrowing-of-publications\/"]}]},{"@type":"BreadcrumbList","@id":"https:\/\/www.pavb.lt\/en\/services\/for-visitors\/ordering-and-borrowing-of-publications\/#breadcrumb","itemListElement":[{"@type":"ListItem","position":1,"name":"Home","item":"https:\/\/www.pavb.lt\/en\/"},{"@type":"ListItem","position":2,"name":"Services","item":"https:\/\/www.pavb.lt\/en\/services\/"},{"@type":"ListItem","position":3,"name":"For Visitors","item":"https:\/\/www.pavb.lt\/en\/services\/for-visitors\/"},{"@type":"ListItem","position":4,"name":"Ordering and borrowing of publications"}]},{"@type":"WebSite","@id":"https:\/\/www.pavb.lt\/en\/#website","url":"https:\/\/www.pavb.lt\/en\/","name":"Panevezys County Gabriele Petkevicaite-Bite Public Library","description":"Here is your Library!","publisher":{"@id":"https:\/\/www.pavb.lt\/en\/#organization"},"potentialAction":[{"@type":"SearchAction","target":{"@type":"EntryPoint","urlTemplate":"https:\/\/www.pavb.lt\/en\/?s={search_term_string}"},"query-input":{"@type":"PropertyValueSpecification","valueRequired":true,"valueName":"search_term_string"}}],"inLanguage":"en-US"},{"@type":"Organization","@id":"https:\/\/www.pavb.lt\/en\/#organization","name":"Panev\u0117\u017eio apskrities Gabriel\u0117s Petkevi\u010dait\u0117s-Bit\u0117s vie\u0161oji biblioteka","url":"https:\/\/www.pavb.lt\/en\/","logo":{"@type":"ImageObject","inLanguage":"en-US","@id":"https:\/\/www.pavb.lt\/en\/#\/schema\/logo\/image\/","url":"https:\/\/www.pavb.lt\/wp-content\/uploads\/2017\/11\/pavb-logo.png","contentUrl":"https:\/\/www.pavb.lt\/wp-content\/uploads\/2017\/11\/pavb-logo.png","width":512,"height":512,"caption":"Panev\u0117\u017eio apskrities Gabriel\u0117s Petkevi\u010dait\u0117s-Bit\u0117s vie\u0161oji biblioteka"},"image":{"@id":"https:\/\/www.pavb.lt\/en\/#\/schema\/logo\/image\/"}}]}},"jetpack_sharing_enabled":true,"_links":{"self":[{"href":"https:\/\/www.pavb.lt\/en\/wp-json\/wp\/v2\/pages\/22817","targetHints":{"allow":["GET"]}}],"collection":[{"href":"https:\/\/www.pavb.lt\/en\/wp-json\/wp\/v2\/pages"}],"about":[{"href":"https:\/\/www.pavb.lt\/en\/wp-json\/wp\/v2\/types\/page"}],"author":[{"embeddable":true,"href":"https:\/\/www.pavb.lt\/en\/wp-json\/wp\/v2\/users\/3"}],"replies":[{"embeddable":true,"href":"https:\/\/www.pavb.lt\/en\/wp-json\/wp\/v2\/comments?post=22817"}],"version-history":[{"count":0,"href":"https:\/\/www.pavb.lt\/en\/wp-json\/wp\/v2\/pages\/22817\/revisions"}],"up":[{"embeddable":true,"href":"https:\/\/www.pavb.lt\/en\/wp-json\/wp\/v2\/pages\/5647"}],"wp:attachment":[{"href":"https:\/\/www.pavb.lt\/en\/wp-json\/wp\/v2\/media?parent=22817"}],"curies":[{"name":"wp","href":"https:\/\/api.w.org\/{rel}","templated":true}]}}