{"id":20023,"date":"2019-02-04T16:03:05","date_gmt":"2019-02-04T14:03:05","guid":{"rendered":"https:\/\/www.pavb.lt\/about-library\/general-information\/opening-hours\/ziemos-darbo-laikas\/"},"modified":"2025-01-31T15:42:58","modified_gmt":"2025-01-31T13:42:58","slug":"ziemos-darbo-laikas","status":"publish","type":"page","link":"https:\/\/www.pavb.lt\/en\/general-information\/working-hours\/ziemos-darbo-laikas\/","title":{"rendered":"Opening Hours 1st of September \u2013 31st of May"},"content":{"rendered":"\n<p><strong>Important! Panev\u0117\u017eys County Gabriel\u0117 Petkevi\u010dait\u0117-Bit\u0117 Public Library is closed on public holidays. The opening hours are one hour shorter on a day before a public holiday.<\/strong><\/p>\n\n\n\n<h2 class=\"wp-block-heading\"><strong>Central Palace,<\/strong> phone: +370 45&nbsp;501 650<\/h2>\n\n\n\n<p>Respublikos str. 14<\/p>\n\n\n\n<ul class=\"wp-block-list\">\n<li>Monday to Friday 9.00\u201319.00<\/li>\n\n\n\n<li>Saturday 9.00\u201316.00<\/li>\n\n\n\n<li>closed on Saturday and Sunday<\/li>\n<\/ul>\n\n\n\n<h2 class=\"wp-block-heading\"><strong>Children\u2018s Literature Department,<\/strong> phone: +370&nbsp;45 435 677<\/h2>\n\n\n\n<p>Auk\u0161tai\u010di\u0173 g. 4C\u20132<\/p>\n\n\n\n<ul class=\"wp-block-list\">\n<li>Monday to Friday 9.00\u201319.00<\/li>\n\n\n\n<li>Saturday 9.00\u201316.00<\/li>\n\n\n\n<li>closed on Sunday<\/li>\n<\/ul>\n\n\n\n<h2 class=\"wp-block-heading\"><strong>Juozas Miltinis\u2018 Memorial Apartment,<\/strong> phone: +370 45 435 677<\/h2>\n\n\n\n<p>Algirdo str. 54\u201319<\/p>\n\n\n\n<ul class=\"wp-block-list\">\n<li>closed on Monday<\/li>\n\n\n\n<li>Tuesday to Fiday 9.00\u201317.00<\/li>\n\n\n\n<li>Saturday 10.00\u201317.00<\/li>\n\n\n\n<li>closed on Sunday<\/li>\n\n\n\n<li>visits on the weekends have to be arranged in advance<\/li>\n<\/ul>\n\n\n\n<h2 class=\"wp-block-heading\"><strong>Group of Digitization,<\/strong> phone: +370 45 501 697<\/h2>\n\n\n\n<p>Respublikos str. 14<\/p>\n\n\n\n<ul class=\"wp-block-list\">\n<li>Monday to Thursday 9.00\u201317.00<\/li>\n\n\n\n<li>Friday &nbsp;9.00\u201315.45<\/li>\n\n\n\n<li>closed on Saturday and Sunday<\/li>\n<\/ul>\n\n\n\n<h2 class=\"wp-block-heading\"><strong>Open Space for Youth,<\/strong> phone: +370 616 19&nbsp;175<\/h2>\n\n\n\n<p>Respublikos str. 14<\/p>\n\n\n\n<ul class=\"wp-block-list\">\n<li>Monday to Friday 09.00\u201319.00<\/li>\n\n\n\n<li>Saturday 09.00\u201316.00<\/li>\n\n\n\n<li>closed on Sunday<\/li>\n<\/ul>\n\n\n\n<h2 class=\"wp-block-heading\"><strong>Juozas Urb\u0161ys\u2018 Homestead<\/strong>, phone +370 688 75&nbsp;727<\/h2>\n\n\n\n<p>Zaos\u0117 farmstead, \u010ci\u016brai village (Panev\u0117\u017eys district)<br>Visits on weekdays have to be arranged in advance<\/p>\n\n\n\n<ul class=\"wp-block-list\">\n<li>The Library is closed on the last Friday of each month.<\/li>\n\n\n\n<li>The Library is closed on public holidays. The opening hours are one hour shorter on a day before a public holiday.<\/li>\n<\/ul>\n\n\n\n<p><\/p>\n","protected":false},"excerpt":{"rendered":"<p>Important! Panev\u0117\u017eys County Gabriel\u0117 Petkevi\u010dait\u0117-Bit\u0117 Public Library is closed on public holidays. The opening hours are one hour shorter on a day before a public holiday. Central Palace, phone: +370 45&nbsp;501 650 Respublikos str. 14 Children\u2018s Literature Department, phone: +370&nbsp;45 435 677 Auk\u0161tai\u010di\u0173 g. 4C\u20132 Juozas Miltinis\u2018 Memorial Apartment, phone: +370 45 435 677 Algirdo&#8230;.. <a class=\"moretag\" href=\"https:\/\/www.pavb.lt\/en\/general-information\/working-hours\/ziemos-darbo-laikas\/\">Read More<\/a><\/p>\n","protected":false},"author":3,"featured_media":0,"parent":5645,"menu_order":0,"comment_status":"closed","ping_status":"closed","template":"","meta":{"_acf_changed":false,"footnotes":""},"class_list":["post-20023","page","type-page","status-publish","hentry"],"acf":[],"yoast_head":"<!-- This site is optimized with the Yoast SEO plugin v27.3 - https:\/\/yoast.com\/product\/yoast-seo-wordpress\/ -->\n<title>Opening Hours 1st of September \u2013 31st of May - Panevezys County Gabriele Petkevicaite-Bite Public Library<\/title>\n<meta name=\"robots\" content=\"index, follow, max-snippet:-1, max-image-preview:large, max-video-preview:-1\" \/>\n<link rel=\"canonical\" href=\"https:\/\/www.pavb.lt\/en\/general-information\/working-hours\/ziemos-darbo-laikas\/\" \/>\n<meta property=\"og:locale\" content=\"en_US\" \/>\n<meta property=\"og:type\" content=\"article\" \/>\n<meta property=\"og:title\" content=\"Opening Hours 1st of September \u2013 31st of May - Panevezys County Gabriele Petkevicaite-Bite Public Library\" \/>\n<meta property=\"og:description\" content=\"Important! Panev\u0117\u017eys County Gabriel\u0117 Petkevi\u010dait\u0117-Bit\u0117 Public Library is closed on public holidays. The opening hours are one hour shorter on a day before a public holiday. Central Palace, phone: +370 45&nbsp;501 650 Respublikos str. 14 Children\u2018s Literature Department, phone: +370&nbsp;45 435 677 Auk\u0161tai\u010di\u0173 g. 4C\u20132 Juozas Miltinis\u2018 Memorial Apartment, phone: +370 45 435 677 Algirdo..... Read More\" \/>\n<meta property=\"og:url\" content=\"https:\/\/www.pavb.lt\/en\/general-information\/working-hours\/ziemos-darbo-laikas\/\" \/>\n<meta property=\"og:site_name\" content=\"Panevezys County Gabriele Petkevicaite-Bite Public Library\" \/>\n<meta property=\"article:modified_time\" content=\"2025-01-31T13:42:58+00:00\" \/>\n<meta name=\"twitter:card\" content=\"summary_large_image\" \/>\n<script type=\"application\/ld+json\" class=\"yoast-schema-graph\">{\"@context\":\"https:\\\/\\\/schema.org\",\"@graph\":[{\"@type\":\"WebPage\",\"@id\":\"https:\\\/\\\/www.pavb.lt\\\/en\\\/general-information\\\/working-hours\\\/ziemos-darbo-laikas\\\/\",\"url\":\"https:\\\/\\\/www.pavb.lt\\\/en\\\/general-information\\\/working-hours\\\/ziemos-darbo-laikas\\\/\",\"name\":\"Opening Hours 1st of September \u2013 31st of May - Panevezys County Gabriele Petkevicaite-Bite Public Library\",\"isPartOf\":{\"@id\":\"https:\\\/\\\/www.pavb.lt\\\/en\\\/#website\"},\"datePublished\":\"2019-02-04T14:03:05+00:00\",\"dateModified\":\"2025-01-31T13:42:58+00:00\",\"breadcrumb\":{\"@id\":\"https:\\\/\\\/www.pavb.lt\\\/en\\\/general-information\\\/working-hours\\\/ziemos-darbo-laikas\\\/#breadcrumb\"},\"inLanguage\":\"en-US\",\"potentialAction\":[{\"@type\":\"ReadAction\",\"target\":[\"https:\\\/\\\/www.pavb.lt\\\/en\\\/general-information\\\/working-hours\\\/ziemos-darbo-laikas\\\/\"]}]},{\"@type\":\"BreadcrumbList\",\"@id\":\"https:\\\/\\\/www.pavb.lt\\\/en\\\/general-information\\\/working-hours\\\/ziemos-darbo-laikas\\\/#breadcrumb\",\"itemListElement\":[{\"@type\":\"ListItem\",\"position\":1,\"name\":\"Home\",\"item\":\"https:\\\/\\\/www.pavb.lt\\\/en\\\/\"},{\"@type\":\"ListItem\",\"position\":2,\"name\":\"General Information\",\"item\":\"https:\\\/\\\/www.pavb.lt\\\/en\\\/general-information\\\/\"},{\"@type\":\"ListItem\",\"position\":3,\"name\":\"Working Hours\",\"item\":\"https:\\\/\\\/www.pavb.lt\\\/en\\\/general-information\\\/working-hours\\\/\"},{\"@type\":\"ListItem\",\"position\":4,\"name\":\"Opening Hours 1st of September \u2013 31st of May\"}]},{\"@type\":\"WebSite\",\"@id\":\"https:\\\/\\\/www.pavb.lt\\\/en\\\/#website\",\"url\":\"https:\\\/\\\/www.pavb.lt\\\/en\\\/\",\"name\":\"Panevezys County Gabriele Petkevicaite-Bite Public Library\",\"description\":\"Here is your Library!\",\"publisher\":{\"@id\":\"https:\\\/\\\/www.pavb.lt\\\/en\\\/#organization\"},\"potentialAction\":[{\"@type\":\"SearchAction\",\"target\":{\"@type\":\"EntryPoint\",\"urlTemplate\":\"https:\\\/\\\/www.pavb.lt\\\/en\\\/?s={search_term_string}\"},\"query-input\":{\"@type\":\"PropertyValueSpecification\",\"valueRequired\":true,\"valueName\":\"search_term_string\"}}],\"inLanguage\":\"en-US\"},{\"@type\":\"Organization\",\"@id\":\"https:\\\/\\\/www.pavb.lt\\\/en\\\/#organization\",\"name\":\"Panev\u0117\u017eio apskrities Gabriel\u0117s Petkevi\u010dait\u0117s-Bit\u0117s vie\u0161oji biblioteka\",\"url\":\"https:\\\/\\\/www.pavb.lt\\\/en\\\/\",\"logo\":{\"@type\":\"ImageObject\",\"inLanguage\":\"en-US\",\"@id\":\"https:\\\/\\\/www.pavb.lt\\\/en\\\/#\\\/schema\\\/logo\\\/image\\\/\",\"url\":\"https:\\\/\\\/www.pavb.lt\\\/wp-content\\\/uploads\\\/2017\\\/11\\\/pavb-logo.png\",\"contentUrl\":\"https:\\\/\\\/www.pavb.lt\\\/wp-content\\\/uploads\\\/2017\\\/11\\\/pavb-logo.png\",\"width\":512,\"height\":512,\"caption\":\"Panev\u0117\u017eio apskrities Gabriel\u0117s Petkevi\u010dait\u0117s-Bit\u0117s vie\u0161oji biblioteka\"},\"image\":{\"@id\":\"https:\\\/\\\/www.pavb.lt\\\/en\\\/#\\\/schema\\\/logo\\\/image\\\/\"}}]}<\/script>\n<!-- \/ Yoast SEO plugin. -->","yoast_head_json":{"title":"Opening Hours 1st of September \u2013 31st of May - Panevezys County Gabriele Petkevicaite-Bite Public Library","robots":{"index":"index","follow":"follow","max-snippet":"max-snippet:-1","max-image-preview":"max-image-preview:large","max-video-preview":"max-video-preview:-1"},"canonical":"https:\/\/www.pavb.lt\/en\/general-information\/working-hours\/ziemos-darbo-laikas\/","og_locale":"en_US","og_type":"article","og_title":"Opening Hours 1st of September \u2013 31st of May - Panevezys County Gabriele Petkevicaite-Bite Public Library","og_description":"Important! Panev\u0117\u017eys County Gabriel\u0117 Petkevi\u010dait\u0117-Bit\u0117 Public Library is closed on public holidays. The opening hours are one hour shorter on a day before a public holiday. Central Palace, phone: +370 45&nbsp;501 650 Respublikos str. 14 Children\u2018s Literature Department, phone: +370&nbsp;45 435 677 Auk\u0161tai\u010di\u0173 g. 4C\u20132 Juozas Miltinis\u2018 Memorial Apartment, phone: +370 45 435 677 Algirdo..... Read More","og_url":"https:\/\/www.pavb.lt\/en\/general-information\/working-hours\/ziemos-darbo-laikas\/","og_site_name":"Panevezys County Gabriele Petkevicaite-Bite Public Library","article_modified_time":"2025-01-31T13:42:58+00:00","twitter_card":"summary_large_image","schema":{"@context":"https:\/\/schema.org","@graph":[{"@type":"WebPage","@id":"https:\/\/www.pavb.lt\/en\/general-information\/working-hours\/ziemos-darbo-laikas\/","url":"https:\/\/www.pavb.lt\/en\/general-information\/working-hours\/ziemos-darbo-laikas\/","name":"Opening Hours 1st of September \u2013 31st of May - Panevezys County Gabriele Petkevicaite-Bite Public Library","isPartOf":{"@id":"https:\/\/www.pavb.lt\/en\/#website"},"datePublished":"2019-02-04T14:03:05+00:00","dateModified":"2025-01-31T13:42:58+00:00","breadcrumb":{"@id":"https:\/\/www.pavb.lt\/en\/general-information\/working-hours\/ziemos-darbo-laikas\/#breadcrumb"},"inLanguage":"en-US","potentialAction":[{"@type":"ReadAction","target":["https:\/\/www.pavb.lt\/en\/general-information\/working-hours\/ziemos-darbo-laikas\/"]}]},{"@type":"BreadcrumbList","@id":"https:\/\/www.pavb.lt\/en\/general-information\/working-hours\/ziemos-darbo-laikas\/#breadcrumb","itemListElement":[{"@type":"ListItem","position":1,"name":"Home","item":"https:\/\/www.pavb.lt\/en\/"},{"@type":"ListItem","position":2,"name":"General Information","item":"https:\/\/www.pavb.lt\/en\/general-information\/"},{"@type":"ListItem","position":3,"name":"Working Hours","item":"https:\/\/www.pavb.lt\/en\/general-information\/working-hours\/"},{"@type":"ListItem","position":4,"name":"Opening Hours 1st of September \u2013 31st of May"}]},{"@type":"WebSite","@id":"https:\/\/www.pavb.lt\/en\/#website","url":"https:\/\/www.pavb.lt\/en\/","name":"Panevezys County Gabriele Petkevicaite-Bite Public Library","description":"Here is your Library!","publisher":{"@id":"https:\/\/www.pavb.lt\/en\/#organization"},"potentialAction":[{"@type":"SearchAction","target":{"@type":"EntryPoint","urlTemplate":"https:\/\/www.pavb.lt\/en\/?s={search_term_string}"},"query-input":{"@type":"PropertyValueSpecification","valueRequired":true,"valueName":"search_term_string"}}],"inLanguage":"en-US"},{"@type":"Organization","@id":"https:\/\/www.pavb.lt\/en\/#organization","name":"Panev\u0117\u017eio apskrities Gabriel\u0117s Petkevi\u010dait\u0117s-Bit\u0117s vie\u0161oji biblioteka","url":"https:\/\/www.pavb.lt\/en\/","logo":{"@type":"ImageObject","inLanguage":"en-US","@id":"https:\/\/www.pavb.lt\/en\/#\/schema\/logo\/image\/","url":"https:\/\/www.pavb.lt\/wp-content\/uploads\/2017\/11\/pavb-logo.png","contentUrl":"https:\/\/www.pavb.lt\/wp-content\/uploads\/2017\/11\/pavb-logo.png","width":512,"height":512,"caption":"Panev\u0117\u017eio apskrities Gabriel\u0117s Petkevi\u010dait\u0117s-Bit\u0117s vie\u0161oji biblioteka"},"image":{"@id":"https:\/\/www.pavb.lt\/en\/#\/schema\/logo\/image\/"}}]}},"jetpack_sharing_enabled":true,"_links":{"self":[{"href":"https:\/\/www.pavb.lt\/en\/wp-json\/wp\/v2\/pages\/20023","targetHints":{"allow":["GET"]}}],"collection":[{"href":"https:\/\/www.pavb.lt\/en\/wp-json\/wp\/v2\/pages"}],"about":[{"href":"https:\/\/www.pavb.lt\/en\/wp-json\/wp\/v2\/types\/page"}],"author":[{"embeddable":true,"href":"https:\/\/www.pavb.lt\/en\/wp-json\/wp\/v2\/users\/3"}],"replies":[{"embeddable":true,"href":"https:\/\/www.pavb.lt\/en\/wp-json\/wp\/v2\/comments?post=20023"}],"version-history":[{"count":0,"href":"https:\/\/www.pavb.lt\/en\/wp-json\/wp\/v2\/pages\/20023\/revisions"}],"up":[{"embeddable":true,"href":"https:\/\/www.pavb.lt\/en\/wp-json\/wp\/v2\/pages\/5645"}],"wp:attachment":[{"href":"https:\/\/www.pavb.lt\/en\/wp-json\/wp\/v2\/media?parent=20023"}],"curies":[{"name":"wp","href":"https:\/\/api.w.org\/{rel}","templated":true}]}}