{"id":170385,"date":"2025-07-10T10:02:38","date_gmt":"2025-07-10T07:02:38","guid":{"rendered":"https:\/\/www.pavb.lt\/?page_id=170385"},"modified":"2025-07-10T10:33:58","modified_gmt":"2025-07-10T07:33:58","slug":"knowledge-space","status":"publish","type":"page","link":"https:\/\/www.pavb.lt\/en\/services\/for-visitors\/spaces\/knowledge-space\/","title":{"rendered":"Knowledge Space"},"content":{"rendered":"\n<p>Respublikos g. 14, III<sup>rd<\/sup>\u00a0floor<\/p>\n\n\n\n<p>Tel. +370 45 50 16 50\u00a0<\/p>\n\n\n<div class=\"wp-block-image\">\n<figure class=\"alignleft size-medium\"><a href=\"https:\/\/www.pavb.lt\/wp-content\/uploads\/2025\/07\/Pazinimo-erdve.jpg\"><img loading=\"lazy\" decoding=\"async\" width=\"300\" height=\"200\" data-attachment-id=\"170350\" data-permalink=\"https:\/\/www.pavb.lt\/en\/pazinimo-erdve-3-2\/\" data-orig-file=\"https:\/\/www.pavb.lt\/wp-content\/uploads\/2025\/07\/Pazinimo-erdve.jpg\" data-orig-size=\"1920,1280\" data-comments-opened=\"0\" data-image-meta=\"{&quot;aperture&quot;:&quot;8&quot;,&quot;credit&quot;:&quot;Gintaras Lukosevicius\\rwww.lukofo&quot;,&quot;camera&quot;:&quot;Canon EOS R6&quot;,&quot;caption&quot;:&quot;&quot;,&quot;created_timestamp&quot;:&quot;1750169464&quot;,&quot;copyright&quot;:&quot;&quot;,&quot;focal_length&quot;:&quot;24&quot;,&quot;iso&quot;:&quot;640&quot;,&quot;shutter_speed&quot;:&quot;0.01&quot;,&quot;title&quot;:&quot;&quot;,&quot;orientation&quot;:&quot;1&quot;}\" data-image-title=\"\" data-image-description=\"\" data-image-caption=\"\" data-large-file=\"https:\/\/www.pavb.lt\/wp-content\/uploads\/2025\/07\/Pazinimo-erdve-1024x683.jpg\" src=\"https:\/\/www.pavb.lt\/wp-content\/uploads\/2025\/07\/Pazinimo-erdve-300x200.jpg\" alt=\"\" class=\"wp-image-170350\" srcset=\"https:\/\/www.pavb.lt\/wp-content\/uploads\/2025\/07\/Pazinimo-erdve-300x200.jpg 300w, https:\/\/www.pavb.lt\/wp-content\/uploads\/2025\/07\/Pazinimo-erdve-1024x683.jpg 1024w, https:\/\/www.pavb.lt\/wp-content\/uploads\/2025\/07\/Pazinimo-erdve-768x512.jpg 768w, https:\/\/www.pavb.lt\/wp-content\/uploads\/2025\/07\/Pazinimo-erdve-1536x1024.jpg 1536w, https:\/\/www.pavb.lt\/wp-content\/uploads\/2025\/07\/Pazinimo-erdve.jpg 1920w\" sizes=\"auto, (max-width: 300px) 100vw, 300px\" \/><\/a><\/figure>\n<\/div>\n\n\n<p>This cosy space is located on the top floor, and is intended for reading, discovery, and community gatherings. A place for culture, creativity, and friendship.<\/p>\n\n\n\n<p>Here you will find a collection of foreign language books: fiction and educational literature in English, German, Spanish, Italian, Norwegian, and French, among other languages. Books can be borrowed home.<\/p>\n\n\n\n<p>The space also houses Daig\u0117lynas \u2013 a plant exchange and seed swap. Everyone in the community is invited to join this sustainable initiative to trade or give away their extra seeds and plants, share their growing experiences and tips, and together learn to lead a life of better quality.<\/p>\n\n\n\n<p>This bright space is suitable for working individually or organising small meetings and creative workshops. Exhibitions are regularly displayed here.<\/p>\n","protected":false},"excerpt":{"rendered":"<p>Respublikos g. 14, IIIrd\u00a0floor Tel. +370 45 50 16 50\u00a0 This cosy space is located on the top floor, and is intended for reading, discovery, and community gatherings. A place for culture, creativity, and friendship. Here you will find a collection of foreign language books: fiction and educational literature in English, German, Spanish, Italian, Norwegian,&#8230;.. <a class=\"moretag\" href=\"https:\/\/www.pavb.lt\/en\/services\/for-visitors\/spaces\/knowledge-space\/\">Read More<\/a><\/p>\n","protected":false},"author":12,"featured_media":0,"parent":5654,"menu_order":6,"comment_status":"closed","ping_status":"closed","template":"","meta":{"_acf_changed":false,"footnotes":""},"class_list":["post-170385","page","type-page","status-publish","hentry"],"acf":[],"yoast_head":"<!-- This site is optimized with the Yoast SEO plugin v27.4 - https:\/\/yoast.com\/product\/yoast-seo-wordpress\/ -->\n<title>Knowledge Space - Panevezys County Gabriele Petkevicaite-Bite Public Library<\/title>\n<meta name=\"robots\" content=\"index, follow, max-snippet:-1, max-image-preview:large, max-video-preview:-1\" \/>\n<link rel=\"canonical\" href=\"https:\/\/www.pavb.lt\/en\/services\/for-visitors\/spaces\/knowledge-space\/\" \/>\n<meta property=\"og:locale\" content=\"en_US\" \/>\n<meta property=\"og:type\" content=\"article\" \/>\n<meta property=\"og:title\" content=\"Knowledge Space - Panevezys County Gabriele Petkevicaite-Bite Public Library\" \/>\n<meta property=\"og:description\" content=\"Respublikos g. 14, IIIrd\u00a0floor Tel. +370 45 50 16 50\u00a0 This cosy space is located on the top floor, and is intended for reading, discovery, and community gatherings. A place for culture, creativity, and friendship. Here you will find a collection of foreign language books: fiction and educational literature in English, German, Spanish, Italian, Norwegian,..... Read More\" \/>\n<meta property=\"og:url\" content=\"https:\/\/www.pavb.lt\/en\/services\/for-visitors\/spaces\/knowledge-space\/\" \/>\n<meta property=\"og:site_name\" content=\"Panevezys County Gabriele Petkevicaite-Bite Public Library\" \/>\n<meta property=\"article:modified_time\" content=\"2025-07-10T07:33:58+00:00\" \/>\n<meta property=\"og:image\" content=\"https:\/\/www.pavb.lt\/wp-content\/uploads\/2025\/07\/Pazinimo-erdve.jpg\" \/>\n\t<meta property=\"og:image:width\" content=\"1920\" \/>\n\t<meta property=\"og:image:height\" content=\"1280\" \/>\n\t<meta property=\"og:image:type\" content=\"image\/jpeg\" \/>\n<meta name=\"twitter:card\" content=\"summary_large_image\" \/>\n<script type=\"application\/ld+json\" class=\"yoast-schema-graph\">{\"@context\":\"https:\\\/\\\/schema.org\",\"@graph\":[{\"@type\":\"WebPage\",\"@id\":\"https:\\\/\\\/www.pavb.lt\\\/en\\\/services\\\/for-visitors\\\/spaces\\\/knowledge-space\\\/\",\"url\":\"https:\\\/\\\/www.pavb.lt\\\/en\\\/services\\\/for-visitors\\\/spaces\\\/knowledge-space\\\/\",\"name\":\"Knowledge Space - Panevezys County Gabriele Petkevicaite-Bite Public Library\",\"isPartOf\":{\"@id\":\"https:\\\/\\\/www.pavb.lt\\\/en\\\/#website\"},\"primaryImageOfPage\":{\"@id\":\"https:\\\/\\\/www.pavb.lt\\\/en\\\/services\\\/for-visitors\\\/spaces\\\/knowledge-space\\\/#primaryimage\"},\"image\":{\"@id\":\"https:\\\/\\\/www.pavb.lt\\\/en\\\/services\\\/for-visitors\\\/spaces\\\/knowledge-space\\\/#primaryimage\"},\"thumbnailUrl\":\"https:\\\/\\\/www.pavb.lt\\\/wp-content\\\/uploads\\\/2025\\\/07\\\/Pazinimo-erdve-300x200.jpg\",\"datePublished\":\"2025-07-10T07:02:38+00:00\",\"dateModified\":\"2025-07-10T07:33:58+00:00\",\"breadcrumb\":{\"@id\":\"https:\\\/\\\/www.pavb.lt\\\/en\\\/services\\\/for-visitors\\\/spaces\\\/knowledge-space\\\/#breadcrumb\"},\"inLanguage\":\"en-US\",\"potentialAction\":[{\"@type\":\"ReadAction\",\"target\":[\"https:\\\/\\\/www.pavb.lt\\\/en\\\/services\\\/for-visitors\\\/spaces\\\/knowledge-space\\\/\"]}]},{\"@type\":\"ImageObject\",\"inLanguage\":\"en-US\",\"@id\":\"https:\\\/\\\/www.pavb.lt\\\/en\\\/services\\\/for-visitors\\\/spaces\\\/knowledge-space\\\/#primaryimage\",\"url\":\"https:\\\/\\\/www.pavb.lt\\\/wp-content\\\/uploads\\\/2025\\\/07\\\/Pazinimo-erdve-300x200.jpg\",\"contentUrl\":\"https:\\\/\\\/www.pavb.lt\\\/wp-content\\\/uploads\\\/2025\\\/07\\\/Pazinimo-erdve-300x200.jpg\"},{\"@type\":\"BreadcrumbList\",\"@id\":\"https:\\\/\\\/www.pavb.lt\\\/en\\\/services\\\/for-visitors\\\/spaces\\\/knowledge-space\\\/#breadcrumb\",\"itemListElement\":[{\"@type\":\"ListItem\",\"position\":1,\"name\":\"Home\",\"item\":\"https:\\\/\\\/www.pavb.lt\\\/en\\\/\"},{\"@type\":\"ListItem\",\"position\":2,\"name\":\"Services\",\"item\":\"https:\\\/\\\/www.pavb.lt\\\/en\\\/services\\\/\"},{\"@type\":\"ListItem\",\"position\":3,\"name\":\"For Visitors\",\"item\":\"https:\\\/\\\/www.pavb.lt\\\/en\\\/services\\\/for-visitors\\\/\"},{\"@type\":\"ListItem\",\"position\":4,\"name\":\"Spaces\",\"item\":\"https:\\\/\\\/www.pavb.lt\\\/en\\\/services\\\/for-visitors\\\/spaces\\\/\"},{\"@type\":\"ListItem\",\"position\":5,\"name\":\"Knowledge Space\"}]},{\"@type\":\"WebSite\",\"@id\":\"https:\\\/\\\/www.pavb.lt\\\/en\\\/#website\",\"url\":\"https:\\\/\\\/www.pavb.lt\\\/en\\\/\",\"name\":\"Panevezys County Gabriele Petkevicaite-Bite Public Library\",\"description\":\"Here is your Library!\",\"publisher\":{\"@id\":\"https:\\\/\\\/www.pavb.lt\\\/en\\\/#organization\"},\"potentialAction\":[{\"@type\":\"SearchAction\",\"target\":{\"@type\":\"EntryPoint\",\"urlTemplate\":\"https:\\\/\\\/www.pavb.lt\\\/en\\\/?s={search_term_string}\"},\"query-input\":{\"@type\":\"PropertyValueSpecification\",\"valueRequired\":true,\"valueName\":\"search_term_string\"}}],\"inLanguage\":\"en-US\"},{\"@type\":\"Organization\",\"@id\":\"https:\\\/\\\/www.pavb.lt\\\/en\\\/#organization\",\"name\":\"Panev\u0117\u017eio apskrities Gabriel\u0117s Petkevi\u010dait\u0117s-Bit\u0117s vie\u0161oji biblioteka\",\"url\":\"https:\\\/\\\/www.pavb.lt\\\/en\\\/\",\"logo\":{\"@type\":\"ImageObject\",\"inLanguage\":\"en-US\",\"@id\":\"https:\\\/\\\/www.pavb.lt\\\/en\\\/#\\\/schema\\\/logo\\\/image\\\/\",\"url\":\"https:\\\/\\\/www.pavb.lt\\\/wp-content\\\/uploads\\\/2017\\\/11\\\/pavb-logo.png\",\"contentUrl\":\"https:\\\/\\\/www.pavb.lt\\\/wp-content\\\/uploads\\\/2017\\\/11\\\/pavb-logo.png\",\"width\":512,\"height\":512,\"caption\":\"Panev\u0117\u017eio apskrities Gabriel\u0117s Petkevi\u010dait\u0117s-Bit\u0117s vie\u0161oji biblioteka\"},\"image\":{\"@id\":\"https:\\\/\\\/www.pavb.lt\\\/en\\\/#\\\/schema\\\/logo\\\/image\\\/\"}}]}<\/script>\n<!-- \/ Yoast SEO plugin. -->","yoast_head_json":{"title":"Knowledge Space - Panevezys County Gabriele Petkevicaite-Bite Public Library","robots":{"index":"index","follow":"follow","max-snippet":"max-snippet:-1","max-image-preview":"max-image-preview:large","max-video-preview":"max-video-preview:-1"},"canonical":"https:\/\/www.pavb.lt\/en\/services\/for-visitors\/spaces\/knowledge-space\/","og_locale":"en_US","og_type":"article","og_title":"Knowledge Space - Panevezys County Gabriele Petkevicaite-Bite Public Library","og_description":"Respublikos g. 14, IIIrd\u00a0floor Tel. +370 45 50 16 50\u00a0 This cosy space is located on the top floor, and is intended for reading, discovery, and community gatherings. A place for culture, creativity, and friendship. Here you will find a collection of foreign language books: fiction and educational literature in English, German, Spanish, Italian, Norwegian,..... Read More","og_url":"https:\/\/www.pavb.lt\/en\/services\/for-visitors\/spaces\/knowledge-space\/","og_site_name":"Panevezys County Gabriele Petkevicaite-Bite Public Library","article_modified_time":"2025-07-10T07:33:58+00:00","og_image":[{"width":1920,"height":1280,"url":"https:\/\/www.pavb.lt\/wp-content\/uploads\/2025\/07\/Pazinimo-erdve.jpg","type":"image\/jpeg"}],"twitter_card":"summary_large_image","schema":{"@context":"https:\/\/schema.org","@graph":[{"@type":"WebPage","@id":"https:\/\/www.pavb.lt\/en\/services\/for-visitors\/spaces\/knowledge-space\/","url":"https:\/\/www.pavb.lt\/en\/services\/for-visitors\/spaces\/knowledge-space\/","name":"Knowledge Space - Panevezys County Gabriele Petkevicaite-Bite Public Library","isPartOf":{"@id":"https:\/\/www.pavb.lt\/en\/#website"},"primaryImageOfPage":{"@id":"https:\/\/www.pavb.lt\/en\/services\/for-visitors\/spaces\/knowledge-space\/#primaryimage"},"image":{"@id":"https:\/\/www.pavb.lt\/en\/services\/for-visitors\/spaces\/knowledge-space\/#primaryimage"},"thumbnailUrl":"https:\/\/www.pavb.lt\/wp-content\/uploads\/2025\/07\/Pazinimo-erdve-300x200.jpg","datePublished":"2025-07-10T07:02:38+00:00","dateModified":"2025-07-10T07:33:58+00:00","breadcrumb":{"@id":"https:\/\/www.pavb.lt\/en\/services\/for-visitors\/spaces\/knowledge-space\/#breadcrumb"},"inLanguage":"en-US","potentialAction":[{"@type":"ReadAction","target":["https:\/\/www.pavb.lt\/en\/services\/for-visitors\/spaces\/knowledge-space\/"]}]},{"@type":"ImageObject","inLanguage":"en-US","@id":"https:\/\/www.pavb.lt\/en\/services\/for-visitors\/spaces\/knowledge-space\/#primaryimage","url":"https:\/\/www.pavb.lt\/wp-content\/uploads\/2025\/07\/Pazinimo-erdve-300x200.jpg","contentUrl":"https:\/\/www.pavb.lt\/wp-content\/uploads\/2025\/07\/Pazinimo-erdve-300x200.jpg"},{"@type":"BreadcrumbList","@id":"https:\/\/www.pavb.lt\/en\/services\/for-visitors\/spaces\/knowledge-space\/#breadcrumb","itemListElement":[{"@type":"ListItem","position":1,"name":"Home","item":"https:\/\/www.pavb.lt\/en\/"},{"@type":"ListItem","position":2,"name":"Services","item":"https:\/\/www.pavb.lt\/en\/services\/"},{"@type":"ListItem","position":3,"name":"For Visitors","item":"https:\/\/www.pavb.lt\/en\/services\/for-visitors\/"},{"@type":"ListItem","position":4,"name":"Spaces","item":"https:\/\/www.pavb.lt\/en\/services\/for-visitors\/spaces\/"},{"@type":"ListItem","position":5,"name":"Knowledge Space"}]},{"@type":"WebSite","@id":"https:\/\/www.pavb.lt\/en\/#website","url":"https:\/\/www.pavb.lt\/en\/","name":"Panevezys County Gabriele Petkevicaite-Bite Public Library","description":"Here is your Library!","publisher":{"@id":"https:\/\/www.pavb.lt\/en\/#organization"},"potentialAction":[{"@type":"SearchAction","target":{"@type":"EntryPoint","urlTemplate":"https:\/\/www.pavb.lt\/en\/?s={search_term_string}"},"query-input":{"@type":"PropertyValueSpecification","valueRequired":true,"valueName":"search_term_string"}}],"inLanguage":"en-US"},{"@type":"Organization","@id":"https:\/\/www.pavb.lt\/en\/#organization","name":"Panev\u0117\u017eio apskrities Gabriel\u0117s Petkevi\u010dait\u0117s-Bit\u0117s vie\u0161oji biblioteka","url":"https:\/\/www.pavb.lt\/en\/","logo":{"@type":"ImageObject","inLanguage":"en-US","@id":"https:\/\/www.pavb.lt\/en\/#\/schema\/logo\/image\/","url":"https:\/\/www.pavb.lt\/wp-content\/uploads\/2017\/11\/pavb-logo.png","contentUrl":"https:\/\/www.pavb.lt\/wp-content\/uploads\/2017\/11\/pavb-logo.png","width":512,"height":512,"caption":"Panev\u0117\u017eio apskrities Gabriel\u0117s Petkevi\u010dait\u0117s-Bit\u0117s vie\u0161oji biblioteka"},"image":{"@id":"https:\/\/www.pavb.lt\/en\/#\/schema\/logo\/image\/"}}]}},"jetpack_sharing_enabled":true,"_links":{"self":[{"href":"https:\/\/www.pavb.lt\/en\/wp-json\/wp\/v2\/pages\/170385","targetHints":{"allow":["GET"]}}],"collection":[{"href":"https:\/\/www.pavb.lt\/en\/wp-json\/wp\/v2\/pages"}],"about":[{"href":"https:\/\/www.pavb.lt\/en\/wp-json\/wp\/v2\/types\/page"}],"author":[{"embeddable":true,"href":"https:\/\/www.pavb.lt\/en\/wp-json\/wp\/v2\/users\/12"}],"replies":[{"embeddable":true,"href":"https:\/\/www.pavb.lt\/en\/wp-json\/wp\/v2\/comments?post=170385"}],"version-history":[{"count":1,"href":"https:\/\/www.pavb.lt\/en\/wp-json\/wp\/v2\/pages\/170385\/revisions"}],"predecessor-version":[{"id":170386,"href":"https:\/\/www.pavb.lt\/en\/wp-json\/wp\/v2\/pages\/170385\/revisions\/170386"}],"up":[{"embeddable":true,"href":"https:\/\/www.pavb.lt\/en\/wp-json\/wp\/v2\/pages\/5654"}],"wp:attachment":[{"href":"https:\/\/www.pavb.lt\/en\/wp-json\/wp\/v2\/media?parent=170385"}],"curies":[{"name":"wp","href":"https:\/\/api.w.org\/{rel}","templated":true}]}}