{"id":1348,"date":"2018-05-10T13:20:26","date_gmt":"2018-05-10T10:20:26","guid":{"rendered":"https:\/\/www.pavb.lt\/?page_id=1348"},"modified":"2025-01-17T10:07:09","modified_gmt":"2025-01-17T08:07:09","slug":"registration","status":"publish","type":"page","link":"https:\/\/www.pavb.lt\/en\/services\/for-visitors\/registration\/","title":{"rendered":"Registration and information"},"content":{"rendered":"\n<p>All Lithuanian citizens as well as citizens of foreign countries can become library readers. To become a library reader, you need:<\/p>\n\n\n\n<ul class=\"wp-block-list\">\n<li>To get acquainted with the&nbsp;Rules of Using the Panev\u0117\u017eys County Gabriel\u0117 Petkevi\u010dait\u0117-Bit\u0117 Public Library Services<\/li>\n\n\n\n<li>To purchase a Reader Pass at the library (Respublikos 14 or\u00a0Auk\u0161tai\u010di\u0173 g. 4C\u20132) or order it at\u00a0<a href=\"https:\/\/ibiblioteka.lt\/metis\/e-service-orders\/readers\/new\" target=\"_blank\" rel=\"noreferrer noopener\">ibiblioteka.lt.<\/a><\/li>\n\n\n\n<li>To submit a passport or other identification document (students, pupils, disabled persons should submit appropriate certification) with a photo, personal ID number and signature<\/li>\n\n\n\n<li>To fill in&nbsp;<a href=\"https:\/\/www.pavb.lt\/wp-content\/uploads\/2019\/03\/Vartotojo-registracijos-kortel%C4%99.pdf\" target=\"_blank\" rel=\"noreferrer noopener\">User Registration Card<\/a><\/li>\n<\/ul>\n\n\n\n<p>Note: When registering at the library for the first time, free Reader Passes are issued to pre-school children and I-IV year pupils upon presentation of a pupil\u2019s card, orphans upon presentation of an orphanage certificate, persons with disabilities upon presentation of a certificate, 70-year-old and older people upon presentation of an identity document. A child under the age of 16 is registered (1) only in the presence of his or herparent, adoptive parent or guardian who fills in the&nbsp;<a href=\"https:\/\/www.pavb.lt\/wp-content\/uploads\/2019\/03\/parai%C5%A1k%C4%85.pdf\" target=\"_blank\" rel=\"noreferrer noopener\">application form<\/a>, or (2) by submitting an application completed by a parent, adoptive parent or guardian.<\/p>\n\n\n\n<p>The library uses LIBIS (Lithuanian Integrated Library Information System) Reader Passes.&nbsp;<br>LIBIS Reader Passes are valid in all libraries that have installed the LIBIS reader service subsystem.<\/p>\n","protected":false},"excerpt":{"rendered":"<p>All Lithuanian citizens as well as citizens of foreign countries can become library readers. To become a library reader, you need: Note: When registering at the library for the first time, free Reader Passes are issued to pre-school children and I-IV year pupils upon presentation of a pupil\u2019s card, orphans upon presentation of an orphanage&#8230;.. <a class=\"moretag\" href=\"https:\/\/www.pavb.lt\/en\/services\/for-visitors\/registration\/\">Read More<\/a><\/p>\n","protected":false},"author":3,"featured_media":0,"parent":5647,"menu_order":1,"comment_status":"closed","ping_status":"closed","template":"","meta":{"_acf_changed":false,"footnotes":""},"class_list":["post-1348","page","type-page","status-publish","hentry"],"acf":[],"yoast_head":"<!-- This site is optimized with the Yoast SEO plugin v27.3 - https:\/\/yoast.com\/product\/yoast-seo-wordpress\/ -->\n<title>Registration and information - Panevezys County Gabriele Petkevicaite-Bite Public Library<\/title>\n<meta name=\"robots\" content=\"index, follow, max-snippet:-1, max-image-preview:large, max-video-preview:-1\" \/>\n<link rel=\"canonical\" href=\"https:\/\/www.pavb.lt\/en\/services\/for-visitors\/registration\/\" \/>\n<meta property=\"og:locale\" content=\"en_US\" \/>\n<meta property=\"og:type\" content=\"article\" \/>\n<meta property=\"og:title\" content=\"Registration and information - Panevezys County Gabriele Petkevicaite-Bite Public Library\" \/>\n<meta property=\"og:description\" content=\"All Lithuanian citizens as well as citizens of foreign countries can become library readers. To become a library reader, you need: Note: When registering at the library for the first time, free Reader Passes are issued to pre-school children and I-IV year pupils upon presentation of a pupil\u2019s card, orphans upon presentation of an orphanage..... Read More\" \/>\n<meta property=\"og:url\" content=\"https:\/\/www.pavb.lt\/en\/services\/for-visitors\/registration\/\" \/>\n<meta property=\"og:site_name\" content=\"Panevezys County Gabriele Petkevicaite-Bite Public Library\" \/>\n<meta property=\"article:modified_time\" content=\"2025-01-17T08:07:09+00:00\" \/>\n<meta name=\"twitter:card\" content=\"summary_large_image\" \/>\n<script type=\"application\/ld+json\" class=\"yoast-schema-graph\">{\"@context\":\"https:\\\/\\\/schema.org\",\"@graph\":[{\"@type\":\"WebPage\",\"@id\":\"https:\\\/\\\/www.pavb.lt\\\/en\\\/services\\\/for-visitors\\\/registration\\\/\",\"url\":\"https:\\\/\\\/www.pavb.lt\\\/en\\\/services\\\/for-visitors\\\/registration\\\/\",\"name\":\"Registration and information - Panevezys County Gabriele Petkevicaite-Bite Public Library\",\"isPartOf\":{\"@id\":\"https:\\\/\\\/www.pavb.lt\\\/en\\\/#website\"},\"datePublished\":\"2018-05-10T10:20:26+00:00\",\"dateModified\":\"2025-01-17T08:07:09+00:00\",\"breadcrumb\":{\"@id\":\"https:\\\/\\\/www.pavb.lt\\\/en\\\/services\\\/for-visitors\\\/registration\\\/#breadcrumb\"},\"inLanguage\":\"en-US\",\"potentialAction\":[{\"@type\":\"ReadAction\",\"target\":[\"https:\\\/\\\/www.pavb.lt\\\/en\\\/services\\\/for-visitors\\\/registration\\\/\"]}]},{\"@type\":\"BreadcrumbList\",\"@id\":\"https:\\\/\\\/www.pavb.lt\\\/en\\\/services\\\/for-visitors\\\/registration\\\/#breadcrumb\",\"itemListElement\":[{\"@type\":\"ListItem\",\"position\":1,\"name\":\"Home\",\"item\":\"https:\\\/\\\/www.pavb.lt\\\/en\\\/\"},{\"@type\":\"ListItem\",\"position\":2,\"name\":\"Services\",\"item\":\"https:\\\/\\\/www.pavb.lt\\\/en\\\/services\\\/\"},{\"@type\":\"ListItem\",\"position\":3,\"name\":\"For Visitors\",\"item\":\"https:\\\/\\\/www.pavb.lt\\\/en\\\/services\\\/for-visitors\\\/\"},{\"@type\":\"ListItem\",\"position\":4,\"name\":\"Registration and information\"}]},{\"@type\":\"WebSite\",\"@id\":\"https:\\\/\\\/www.pavb.lt\\\/en\\\/#website\",\"url\":\"https:\\\/\\\/www.pavb.lt\\\/en\\\/\",\"name\":\"Panevezys County Gabriele Petkevicaite-Bite Public Library\",\"description\":\"Here is your Library!\",\"publisher\":{\"@id\":\"https:\\\/\\\/www.pavb.lt\\\/en\\\/#organization\"},\"potentialAction\":[{\"@type\":\"SearchAction\",\"target\":{\"@type\":\"EntryPoint\",\"urlTemplate\":\"https:\\\/\\\/www.pavb.lt\\\/en\\\/?s={search_term_string}\"},\"query-input\":{\"@type\":\"PropertyValueSpecification\",\"valueRequired\":true,\"valueName\":\"search_term_string\"}}],\"inLanguage\":\"en-US\"},{\"@type\":\"Organization\",\"@id\":\"https:\\\/\\\/www.pavb.lt\\\/en\\\/#organization\",\"name\":\"Panev\u0117\u017eio apskrities Gabriel\u0117s Petkevi\u010dait\u0117s-Bit\u0117s vie\u0161oji biblioteka\",\"url\":\"https:\\\/\\\/www.pavb.lt\\\/en\\\/\",\"logo\":{\"@type\":\"ImageObject\",\"inLanguage\":\"en-US\",\"@id\":\"https:\\\/\\\/www.pavb.lt\\\/en\\\/#\\\/schema\\\/logo\\\/image\\\/\",\"url\":\"https:\\\/\\\/www.pavb.lt\\\/wp-content\\\/uploads\\\/2017\\\/11\\\/pavb-logo.png\",\"contentUrl\":\"https:\\\/\\\/www.pavb.lt\\\/wp-content\\\/uploads\\\/2017\\\/11\\\/pavb-logo.png\",\"width\":512,\"height\":512,\"caption\":\"Panev\u0117\u017eio apskrities Gabriel\u0117s Petkevi\u010dait\u0117s-Bit\u0117s vie\u0161oji biblioteka\"},\"image\":{\"@id\":\"https:\\\/\\\/www.pavb.lt\\\/en\\\/#\\\/schema\\\/logo\\\/image\\\/\"}}]}<\/script>\n<!-- \/ Yoast SEO plugin. -->","yoast_head_json":{"title":"Registration and information - Panevezys County Gabriele Petkevicaite-Bite Public Library","robots":{"index":"index","follow":"follow","max-snippet":"max-snippet:-1","max-image-preview":"max-image-preview:large","max-video-preview":"max-video-preview:-1"},"canonical":"https:\/\/www.pavb.lt\/en\/services\/for-visitors\/registration\/","og_locale":"en_US","og_type":"article","og_title":"Registration and information - Panevezys County Gabriele Petkevicaite-Bite Public Library","og_description":"All Lithuanian citizens as well as citizens of foreign countries can become library readers. To become a library reader, you need: Note: When registering at the library for the first time, free Reader Passes are issued to pre-school children and I-IV year pupils upon presentation of a pupil\u2019s card, orphans upon presentation of an orphanage..... Read More","og_url":"https:\/\/www.pavb.lt\/en\/services\/for-visitors\/registration\/","og_site_name":"Panevezys County Gabriele Petkevicaite-Bite Public Library","article_modified_time":"2025-01-17T08:07:09+00:00","twitter_card":"summary_large_image","schema":{"@context":"https:\/\/schema.org","@graph":[{"@type":"WebPage","@id":"https:\/\/www.pavb.lt\/en\/services\/for-visitors\/registration\/","url":"https:\/\/www.pavb.lt\/en\/services\/for-visitors\/registration\/","name":"Registration and information - Panevezys County Gabriele Petkevicaite-Bite Public Library","isPartOf":{"@id":"https:\/\/www.pavb.lt\/en\/#website"},"datePublished":"2018-05-10T10:20:26+00:00","dateModified":"2025-01-17T08:07:09+00:00","breadcrumb":{"@id":"https:\/\/www.pavb.lt\/en\/services\/for-visitors\/registration\/#breadcrumb"},"inLanguage":"en-US","potentialAction":[{"@type":"ReadAction","target":["https:\/\/www.pavb.lt\/en\/services\/for-visitors\/registration\/"]}]},{"@type":"BreadcrumbList","@id":"https:\/\/www.pavb.lt\/en\/services\/for-visitors\/registration\/#breadcrumb","itemListElement":[{"@type":"ListItem","position":1,"name":"Home","item":"https:\/\/www.pavb.lt\/en\/"},{"@type":"ListItem","position":2,"name":"Services","item":"https:\/\/www.pavb.lt\/en\/services\/"},{"@type":"ListItem","position":3,"name":"For Visitors","item":"https:\/\/www.pavb.lt\/en\/services\/for-visitors\/"},{"@type":"ListItem","position":4,"name":"Registration and information"}]},{"@type":"WebSite","@id":"https:\/\/www.pavb.lt\/en\/#website","url":"https:\/\/www.pavb.lt\/en\/","name":"Panevezys County Gabriele Petkevicaite-Bite Public Library","description":"Here is your Library!","publisher":{"@id":"https:\/\/www.pavb.lt\/en\/#organization"},"potentialAction":[{"@type":"SearchAction","target":{"@type":"EntryPoint","urlTemplate":"https:\/\/www.pavb.lt\/en\/?s={search_term_string}"},"query-input":{"@type":"PropertyValueSpecification","valueRequired":true,"valueName":"search_term_string"}}],"inLanguage":"en-US"},{"@type":"Organization","@id":"https:\/\/www.pavb.lt\/en\/#organization","name":"Panev\u0117\u017eio apskrities Gabriel\u0117s Petkevi\u010dait\u0117s-Bit\u0117s vie\u0161oji biblioteka","url":"https:\/\/www.pavb.lt\/en\/","logo":{"@type":"ImageObject","inLanguage":"en-US","@id":"https:\/\/www.pavb.lt\/en\/#\/schema\/logo\/image\/","url":"https:\/\/www.pavb.lt\/wp-content\/uploads\/2017\/11\/pavb-logo.png","contentUrl":"https:\/\/www.pavb.lt\/wp-content\/uploads\/2017\/11\/pavb-logo.png","width":512,"height":512,"caption":"Panev\u0117\u017eio apskrities Gabriel\u0117s Petkevi\u010dait\u0117s-Bit\u0117s vie\u0161oji biblioteka"},"image":{"@id":"https:\/\/www.pavb.lt\/en\/#\/schema\/logo\/image\/"}}]}},"jetpack_sharing_enabled":true,"_links":{"self":[{"href":"https:\/\/www.pavb.lt\/en\/wp-json\/wp\/v2\/pages\/1348","targetHints":{"allow":["GET"]}}],"collection":[{"href":"https:\/\/www.pavb.lt\/en\/wp-json\/wp\/v2\/pages"}],"about":[{"href":"https:\/\/www.pavb.lt\/en\/wp-json\/wp\/v2\/types\/page"}],"author":[{"embeddable":true,"href":"https:\/\/www.pavb.lt\/en\/wp-json\/wp\/v2\/users\/3"}],"replies":[{"embeddable":true,"href":"https:\/\/www.pavb.lt\/en\/wp-json\/wp\/v2\/comments?post=1348"}],"version-history":[{"count":0,"href":"https:\/\/www.pavb.lt\/en\/wp-json\/wp\/v2\/pages\/1348\/revisions"}],"up":[{"embeddable":true,"href":"https:\/\/www.pavb.lt\/en\/wp-json\/wp\/v2\/pages\/5647"}],"wp:attachment":[{"href":"https:\/\/www.pavb.lt\/en\/wp-json\/wp\/v2\/media?parent=1348"}],"curies":[{"name":"wp","href":"https:\/\/api.w.org\/{rel}","templated":true}]}}