{"id":1246,"date":"2019-02-06T13:56:40","date_gmt":"2019-02-06T11:56:40","guid":{"rendered":"https:\/\/www.pavb.lt\/?page_id=1246"},"modified":"2019-03-26T09:00:34","modified_gmt":"2019-03-26T07:00:34","slug":"open-access","status":"publish","type":"page","link":"https:\/\/www.pavb.lt\/en\/open-access\/","title":{"rendered":"Open Access"},"content":{"rendered":"\n<div class=\"wp-block-image\"><figure class=\"alignleft\"><a href=\"https:\/\/www.pavb.lt\/wp-content\/uploads\/2019\/02\/1200px-Open_Access_logo_PLoS_white.svg-2.jpg\"><img loading=\"lazy\" decoding=\"async\" width=\"100\" height=\"157\" data-attachment-id=\"1214\" data-permalink=\"https:\/\/www.pavb.lt\/en\/open-access\/1200px-open_access_logo_plos_white-svg-5-2\/\" data-orig-file=\"https:\/\/www.pavb.lt\/wp-content\/uploads\/2019\/02\/1200px-Open_Access_logo_PLoS_white.svg-2.jpg\" data-orig-size=\"100,157\" data-comments-opened=\"0\" data-image-meta=\"{&quot;aperture&quot;:&quot;0&quot;,&quot;credit&quot;:&quot;&quot;,&quot;camera&quot;:&quot;&quot;,&quot;caption&quot;:&quot;&quot;,&quot;created_timestamp&quot;:&quot;0&quot;,&quot;copyright&quot;:&quot;&quot;,&quot;focal_length&quot;:&quot;0&quot;,&quot;iso&quot;:&quot;0&quot;,&quot;shutter_speed&quot;:&quot;0&quot;,&quot;title&quot;:&quot;&quot;,&quot;orientation&quot;:&quot;0&quot;}\" data-image-title=\"1200px-Open_Access_logo_PLoS_white.svg\" data-image-description=\"\" data-image-caption=\"\" data-medium-file=\"https:\/\/www.pavb.lt\/wp-content\/uploads\/2019\/02\/1200px-Open_Access_logo_PLoS_white.svg-2.jpg\" data-large-file=\"https:\/\/www.pavb.lt\/wp-content\/uploads\/2019\/02\/1200px-Open_Access_logo_PLoS_white.svg-2.jpg\" src=\"https:\/\/www.pavb.lt\/wp-content\/uploads\/2019\/02\/1200px-Open_Access_logo_PLoS_white.svg-2.jpg\" alt=\"Open Access\" class=\"wp-image-1214\"\/><\/a><\/figure><\/div>\n\n\n\n<p>Open access\nis an extensive and free of charge source of research outputs, i.e. academic\njournal articles, conference papers, thesis, monographs, etc. It allows both\npublishing and accessing academic information.&nbsp;\n<\/p>\n\n\n\n<p>Open access\nis a way for researchers\u2019 work to be seen and referred to in further studies.\nPutting research outputs in public encourages academic discussions and thus\nincreases the quality of research.<\/p>\n\n\n\n<p>Users can\nfreely read, download, copy, spread, and refer to the information found in Open\nAccess archives. If you are a researcher or simply want to follow the research\ndevelopment in your area of interest, Open Access is the way to go. <\/p>\n","protected":false},"excerpt":{"rendered":"<p>Open access is an extensive and free of charge source of research outputs, i.e. academic journal articles, conference papers, thesis, monographs, etc. It allows both publishing and accessing academic information.&nbsp; Open access is a way for researchers\u2019 work to be seen and referred to in further studies. Putting research outputs in public encourages academic discussions&#8230;.. <a class=\"moretag\" href=\"https:\/\/www.pavb.lt\/en\/open-access\/\">Read More<\/a><\/p>\n","protected":false},"author":3,"featured_media":0,"parent":0,"menu_order":3,"comment_status":"closed","ping_status":"closed","template":"","meta":{"_acf_changed":false,"footnotes":""},"class_list":["post-1246","page","type-page","status-publish","hentry"],"acf":[],"yoast_head":"<!-- This site is optimized with the Yoast SEO plugin v27.3 - https:\/\/yoast.com\/product\/yoast-seo-wordpress\/ -->\n<title>Open Access - Panevezys County Gabriele Petkevicaite-Bite Public Library<\/title>\n<meta name=\"robots\" content=\"index, follow, max-snippet:-1, max-image-preview:large, max-video-preview:-1\" \/>\n<link rel=\"canonical\" href=\"https:\/\/www.pavb.lt\/en\/open-access\/\" \/>\n<meta property=\"og:locale\" content=\"en_US\" \/>\n<meta property=\"og:type\" content=\"article\" \/>\n<meta property=\"og:title\" content=\"Open Access - Panevezys County Gabriele Petkevicaite-Bite Public Library\" \/>\n<meta property=\"og:description\" content=\"Open access is an extensive and free of charge source of research outputs, i.e. academic journal articles, conference papers, thesis, monographs, etc. It allows both publishing and accessing academic information.&nbsp; Open access is a way for researchers\u2019 work to be seen and referred to in further studies. Putting research outputs in public encourages academic discussions..... Read More\" \/>\n<meta property=\"og:url\" content=\"https:\/\/www.pavb.lt\/en\/open-access\/\" \/>\n<meta property=\"og:site_name\" content=\"Panevezys County Gabriele Petkevicaite-Bite Public Library\" \/>\n<meta property=\"article:modified_time\" content=\"2019-03-26T07:00:34+00:00\" \/>\n<meta property=\"og:image\" content=\"https:\/\/www.pavb.lt\/wp-content\/uploads\/2019\/02\/1200px-Open_Access_logo_PLoS_white.svg-2.jpg\" \/>\n\t<meta property=\"og:image:width\" content=\"100\" \/>\n\t<meta property=\"og:image:height\" content=\"157\" \/>\n\t<meta property=\"og:image:type\" content=\"image\/jpeg\" \/>\n<meta name=\"twitter:card\" content=\"summary_large_image\" \/>\n<script type=\"application\/ld+json\" class=\"yoast-schema-graph\">{\"@context\":\"https:\\\/\\\/schema.org\",\"@graph\":[{\"@type\":\"WebPage\",\"@id\":\"https:\\\/\\\/www.pavb.lt\\\/en\\\/open-access\\\/\",\"url\":\"https:\\\/\\\/www.pavb.lt\\\/en\\\/open-access\\\/\",\"name\":\"Open Access - Panevezys County Gabriele Petkevicaite-Bite Public Library\",\"isPartOf\":{\"@id\":\"https:\\\/\\\/www.pavb.lt\\\/en\\\/#website\"},\"primaryImageOfPage\":{\"@id\":\"https:\\\/\\\/www.pavb.lt\\\/en\\\/open-access\\\/#primaryimage\"},\"image\":{\"@id\":\"https:\\\/\\\/www.pavb.lt\\\/en\\\/open-access\\\/#primaryimage\"},\"thumbnailUrl\":\"https:\\\/\\\/www.pavb.lt\\\/wp-content\\\/uploads\\\/2019\\\/02\\\/1200px-Open_Access_logo_PLoS_white.svg-2.jpg\",\"datePublished\":\"2019-02-06T11:56:40+00:00\",\"dateModified\":\"2019-03-26T07:00:34+00:00\",\"breadcrumb\":{\"@id\":\"https:\\\/\\\/www.pavb.lt\\\/en\\\/open-access\\\/#breadcrumb\"},\"inLanguage\":\"en-US\",\"potentialAction\":[{\"@type\":\"ReadAction\",\"target\":[\"https:\\\/\\\/www.pavb.lt\\\/en\\\/open-access\\\/\"]}]},{\"@type\":\"ImageObject\",\"inLanguage\":\"en-US\",\"@id\":\"https:\\\/\\\/www.pavb.lt\\\/en\\\/open-access\\\/#primaryimage\",\"url\":\"https:\\\/\\\/www.pavb.lt\\\/wp-content\\\/uploads\\\/2019\\\/02\\\/1200px-Open_Access_logo_PLoS_white.svg-2.jpg\",\"contentUrl\":\"https:\\\/\\\/www.pavb.lt\\\/wp-content\\\/uploads\\\/2019\\\/02\\\/1200px-Open_Access_logo_PLoS_white.svg-2.jpg\"},{\"@type\":\"BreadcrumbList\",\"@id\":\"https:\\\/\\\/www.pavb.lt\\\/en\\\/open-access\\\/#breadcrumb\",\"itemListElement\":[{\"@type\":\"ListItem\",\"position\":1,\"name\":\"Home\",\"item\":\"https:\\\/\\\/www.pavb.lt\\\/en\\\/\"},{\"@type\":\"ListItem\",\"position\":2,\"name\":\"Open Access\"}]},{\"@type\":\"WebSite\",\"@id\":\"https:\\\/\\\/www.pavb.lt\\\/en\\\/#website\",\"url\":\"https:\\\/\\\/www.pavb.lt\\\/en\\\/\",\"name\":\"Panevezys County Gabriele Petkevicaite-Bite Public Library\",\"description\":\"Here is your Library!\",\"publisher\":{\"@id\":\"https:\\\/\\\/www.pavb.lt\\\/en\\\/#organization\"},\"potentialAction\":[{\"@type\":\"SearchAction\",\"target\":{\"@type\":\"EntryPoint\",\"urlTemplate\":\"https:\\\/\\\/www.pavb.lt\\\/en\\\/?s={search_term_string}\"},\"query-input\":{\"@type\":\"PropertyValueSpecification\",\"valueRequired\":true,\"valueName\":\"search_term_string\"}}],\"inLanguage\":\"en-US\"},{\"@type\":\"Organization\",\"@id\":\"https:\\\/\\\/www.pavb.lt\\\/en\\\/#organization\",\"name\":\"Panev\u0117\u017eio apskrities Gabriel\u0117s Petkevi\u010dait\u0117s-Bit\u0117s vie\u0161oji biblioteka\",\"url\":\"https:\\\/\\\/www.pavb.lt\\\/en\\\/\",\"logo\":{\"@type\":\"ImageObject\",\"inLanguage\":\"en-US\",\"@id\":\"https:\\\/\\\/www.pavb.lt\\\/en\\\/#\\\/schema\\\/logo\\\/image\\\/\",\"url\":\"https:\\\/\\\/www.pavb.lt\\\/wp-content\\\/uploads\\\/2017\\\/11\\\/pavb-logo.png\",\"contentUrl\":\"https:\\\/\\\/www.pavb.lt\\\/wp-content\\\/uploads\\\/2017\\\/11\\\/pavb-logo.png\",\"width\":512,\"height\":512,\"caption\":\"Panev\u0117\u017eio apskrities Gabriel\u0117s Petkevi\u010dait\u0117s-Bit\u0117s vie\u0161oji biblioteka\"},\"image\":{\"@id\":\"https:\\\/\\\/www.pavb.lt\\\/en\\\/#\\\/schema\\\/logo\\\/image\\\/\"}}]}<\/script>\n<!-- \/ Yoast SEO plugin. -->","yoast_head_json":{"title":"Open Access - Panevezys County Gabriele Petkevicaite-Bite Public Library","robots":{"index":"index","follow":"follow","max-snippet":"max-snippet:-1","max-image-preview":"max-image-preview:large","max-video-preview":"max-video-preview:-1"},"canonical":"https:\/\/www.pavb.lt\/en\/open-access\/","og_locale":"en_US","og_type":"article","og_title":"Open Access - Panevezys County Gabriele Petkevicaite-Bite Public Library","og_description":"Open access is an extensive and free of charge source of research outputs, i.e. academic journal articles, conference papers, thesis, monographs, etc. It allows both publishing and accessing academic information.&nbsp; Open access is a way for researchers\u2019 work to be seen and referred to in further studies. Putting research outputs in public encourages academic discussions..... Read More","og_url":"https:\/\/www.pavb.lt\/en\/open-access\/","og_site_name":"Panevezys County Gabriele Petkevicaite-Bite Public Library","article_modified_time":"2019-03-26T07:00:34+00:00","og_image":[{"width":100,"height":157,"url":"https:\/\/www.pavb.lt\/wp-content\/uploads\/2019\/02\/1200px-Open_Access_logo_PLoS_white.svg-2.jpg","type":"image\/jpeg"}],"twitter_card":"summary_large_image","schema":{"@context":"https:\/\/schema.org","@graph":[{"@type":"WebPage","@id":"https:\/\/www.pavb.lt\/en\/open-access\/","url":"https:\/\/www.pavb.lt\/en\/open-access\/","name":"Open Access - Panevezys County Gabriele Petkevicaite-Bite Public Library","isPartOf":{"@id":"https:\/\/www.pavb.lt\/en\/#website"},"primaryImageOfPage":{"@id":"https:\/\/www.pavb.lt\/en\/open-access\/#primaryimage"},"image":{"@id":"https:\/\/www.pavb.lt\/en\/open-access\/#primaryimage"},"thumbnailUrl":"https:\/\/www.pavb.lt\/wp-content\/uploads\/2019\/02\/1200px-Open_Access_logo_PLoS_white.svg-2.jpg","datePublished":"2019-02-06T11:56:40+00:00","dateModified":"2019-03-26T07:00:34+00:00","breadcrumb":{"@id":"https:\/\/www.pavb.lt\/en\/open-access\/#breadcrumb"},"inLanguage":"en-US","potentialAction":[{"@type":"ReadAction","target":["https:\/\/www.pavb.lt\/en\/open-access\/"]}]},{"@type":"ImageObject","inLanguage":"en-US","@id":"https:\/\/www.pavb.lt\/en\/open-access\/#primaryimage","url":"https:\/\/www.pavb.lt\/wp-content\/uploads\/2019\/02\/1200px-Open_Access_logo_PLoS_white.svg-2.jpg","contentUrl":"https:\/\/www.pavb.lt\/wp-content\/uploads\/2019\/02\/1200px-Open_Access_logo_PLoS_white.svg-2.jpg"},{"@type":"BreadcrumbList","@id":"https:\/\/www.pavb.lt\/en\/open-access\/#breadcrumb","itemListElement":[{"@type":"ListItem","position":1,"name":"Home","item":"https:\/\/www.pavb.lt\/en\/"},{"@type":"ListItem","position":2,"name":"Open Access"}]},{"@type":"WebSite","@id":"https:\/\/www.pavb.lt\/en\/#website","url":"https:\/\/www.pavb.lt\/en\/","name":"Panevezys County Gabriele Petkevicaite-Bite Public Library","description":"Here is your Library!","publisher":{"@id":"https:\/\/www.pavb.lt\/en\/#organization"},"potentialAction":[{"@type":"SearchAction","target":{"@type":"EntryPoint","urlTemplate":"https:\/\/www.pavb.lt\/en\/?s={search_term_string}"},"query-input":{"@type":"PropertyValueSpecification","valueRequired":true,"valueName":"search_term_string"}}],"inLanguage":"en-US"},{"@type":"Organization","@id":"https:\/\/www.pavb.lt\/en\/#organization","name":"Panev\u0117\u017eio apskrities Gabriel\u0117s Petkevi\u010dait\u0117s-Bit\u0117s vie\u0161oji biblioteka","url":"https:\/\/www.pavb.lt\/en\/","logo":{"@type":"ImageObject","inLanguage":"en-US","@id":"https:\/\/www.pavb.lt\/en\/#\/schema\/logo\/image\/","url":"https:\/\/www.pavb.lt\/wp-content\/uploads\/2017\/11\/pavb-logo.png","contentUrl":"https:\/\/www.pavb.lt\/wp-content\/uploads\/2017\/11\/pavb-logo.png","width":512,"height":512,"caption":"Panev\u0117\u017eio apskrities Gabriel\u0117s Petkevi\u010dait\u0117s-Bit\u0117s vie\u0161oji biblioteka"},"image":{"@id":"https:\/\/www.pavb.lt\/en\/#\/schema\/logo\/image\/"}}]}},"jetpack_sharing_enabled":true,"_links":{"self":[{"href":"https:\/\/www.pavb.lt\/en\/wp-json\/wp\/v2\/pages\/1246","targetHints":{"allow":["GET"]}}],"collection":[{"href":"https:\/\/www.pavb.lt\/en\/wp-json\/wp\/v2\/pages"}],"about":[{"href":"https:\/\/www.pavb.lt\/en\/wp-json\/wp\/v2\/types\/page"}],"author":[{"embeddable":true,"href":"https:\/\/www.pavb.lt\/en\/wp-json\/wp\/v2\/users\/3"}],"replies":[{"embeddable":true,"href":"https:\/\/www.pavb.lt\/en\/wp-json\/wp\/v2\/comments?post=1246"}],"version-history":[{"count":0,"href":"https:\/\/www.pavb.lt\/en\/wp-json\/wp\/v2\/pages\/1246\/revisions"}],"wp:attachment":[{"href":"https:\/\/www.pavb.lt\/en\/wp-json\/wp\/v2\/media?parent=1246"}],"curies":[{"name":"wp","href":"https:\/\/api.w.org\/{rel}","templated":true}]}}